{"id":3498,"date":"2023-10-10T17:54:57","date_gmt":"2023-10-10T15:54:57","guid":{"rendered":"https:\/\/amatab.com\/?page_id=3498"},"modified":"2024-02-01T11:37:24","modified_gmt":"2024-02-01T10:37:24","slug":"materiel-anti-incendie","status":"publish","type":"page","link":"https:\/\/amatab.com\/fr\/services-petroliers\/materiel-anti-incendie\/","title":{"rendered":"Mat\u00e9riel anti-incendie"},"content":{"rendered":"\t\t<div data-elementor-type=\"wp-page\" data-elementor-id=\"3498\" class=\"elementor elementor-3498\" data-elementor-post-type=\"page\">\n\t\t\t\t\t\t<section class=\"elementor-section elementor-top-section elementor-element elementor-element-4581fc2 elementor-section-boxed elementor-section-height-default elementor-section-height-default\" data-id=\"4581fc2\" data-element_type=\"section\" data-e-type=\"section\">\n\t\t\t\t\t\t<div class=\"elementor-container elementor-column-gap-default\">\n\t\t\t\t\t<div class=\"elementor-column elementor-col-50 elementor-top-column elementor-element elementor-element-4f0c812\" data-id=\"4f0c812\" data-element_type=\"column\" data-e-type=\"column\">\n\t\t\t<div class=\"elementor-widget-wrap elementor-element-populated\">\n\t\t\t\t\t\t<section class=\"elementor-section elementor-inner-section elementor-element elementor-element-eb44f22 elementor-section-boxed elementor-section-height-default elementor-section-height-default\" data-id=\"eb44f22\" data-element_type=\"section\" data-e-type=\"section\">\n\t\t\t\t\t\t<div class=\"elementor-container elementor-column-gap-default\">\n\t\t\t\t\t<div class=\"elementor-column elementor-col-100 elementor-inner-column elementor-element elementor-element-8b6e25c\" data-id=\"8b6e25c\" data-element_type=\"column\" data-e-type=\"column\">\n\t\t\t<div class=\"elementor-widget-wrap elementor-element-populated\">\n\t\t\t\t\t\t<div class=\"elementor-element elementor-element-79a791b elementor-widget elementor-widget-text-editor\" data-id=\"79a791b\" data-element_type=\"widget\" data-e-type=\"widget\" data-widget_type=\"text-editor.default\">\n\t\t\t\t<div class=\"elementor-widget-container\">\n\t\t\t\t\t\t\t\t\t<p>Chez AMATAB &amp; CO, nous fournissons une gamme compl\u00e8te de mat\u00e9riel anti-incendie de haute qualit\u00e9 pour garantir la protection de vos \u00e9quipes et de vos installations :<\/p>\t\t\t\t\t\t\t\t<\/div>\n\t\t\t\t<\/div>\n\t\t\t\t<div class=\"elementor-element elementor-element-7b48a52 elementor-widget elementor-widget-image\" data-id=\"7b48a52\" data-element_type=\"widget\" data-e-type=\"widget\" data-widget_type=\"image.default\">\n\t\t\t\t<div class=\"elementor-widget-container\">\n\t\t\t\t\t\t\t\t\t\t\t\t\t\t\t<img fetchpriority=\"high\" decoding=\"async\" width=\"1024\" height=\"683\" src=\"https:\/\/amatab.com\/wp-content\/uploads\/2023\/11\/pompier-pret-pour-sa-mission-2-1024x683.jpg\" class=\"attachment-large size-large wp-image-11639\" alt=\"\" srcset=\"https:\/\/amatab.com\/wp-content\/uploads\/2023\/11\/pompier-pret-pour-sa-mission-2-1024x683.jpg 1024w, https:\/\/amatab.com\/wp-content\/uploads\/2023\/11\/pompier-pret-pour-sa-mission-2-300x200.jpg 300w, https:\/\/amatab.com\/wp-content\/uploads\/2023\/11\/pompier-pret-pour-sa-mission-2-768x512.jpg 768w, https:\/\/amatab.com\/wp-content\/uploads\/2023\/11\/pompier-pret-pour-sa-mission-2-1536x1024.jpg 1536w, https:\/\/amatab.com\/wp-content\/uploads\/2023\/11\/pompier-pret-pour-sa-mission-2-2048x1365.jpg 2048w, https:\/\/amatab.com\/wp-content\/uploads\/2023\/11\/pompier-pret-pour-sa-mission-2-1320x880.jpg 1320w, https:\/\/amatab.com\/wp-content\/uploads\/2023\/11\/pompier-pret-pour-sa-mission-2-600x400.jpg 600w\" sizes=\"(max-width: 1024px) 100vw, 1024px\" \/>\t\t\t\t\t\t\t\t\t\t\t\t\t\t\t<\/div>\n\t\t\t\t<\/div>\n\t\t\t\t\t<\/div>\n\t\t<\/div>\n\t\t\t\t\t<\/div>\n\t\t<\/section>\n\t\t\t\t<section class=\"elementor-section elementor-inner-section elementor-element elementor-element-0f470eb elementor-section-boxed elementor-section-height-default elementor-section-height-default\" data-id=\"0f470eb\" data-element_type=\"section\" data-e-type=\"section\">\n\t\t\t\t\t\t<div class=\"elementor-container elementor-column-gap-default\">\n\t\t\t\t\t<div class=\"elementor-column elementor-col-50 elementor-inner-column elementor-element elementor-element-4918fb4\" data-id=\"4918fb4\" data-element_type=\"column\" data-e-type=\"column\">\n\t\t\t<div class=\"elementor-widget-wrap elementor-element-populated\">\n\t\t\t\t\t\t<div class=\"elementor-element elementor-element-6098d4c elementor-widget elementor-widget-text-editor\" data-id=\"6098d4c\" data-element_type=\"widget\" data-e-type=\"widget\" data-widget_type=\"text-editor.default\">\n\t\t\t\t<div class=\"elementor-widget-container\">\n\t\t\t\t\t\t\t\t\t<p><span style=\"text-decoration: underline;\">Extincteurs<\/span> : <br \/>Nos extincteurs sont strat\u00e9giquement r\u00e9partis sur le site pour une accessibilit\u00e9 rapide en cas d&rsquo;incendie. Ils sont con\u00e7us pour \u00e9teindre diff\u00e9rents types de feux, y compris les feux de classe A, B et C. <\/p>\t\t\t\t\t\t\t\t<\/div>\n\t\t\t\t<\/div>\n\t\t\t\t<div class=\"elementor-element elementor-element-b8d885f elementor-widget elementor-widget-image\" data-id=\"b8d885f\" data-element_type=\"widget\" data-e-type=\"widget\" data-widget_type=\"image.default\">\n\t\t\t\t<div class=\"elementor-widget-container\">\n\t\t\t\t\t\t\t\t\t\t\t\t\t\t\t<img decoding=\"async\" width=\"1024\" height=\"637\" src=\"https:\/\/amatab.com\/wp-content\/uploads\/2023\/11\/gros-plan-extincteurs-rouges-1024x637.jpg\" class=\"attachment-large size-large wp-image-11630\" alt=\"\" srcset=\"https:\/\/amatab.com\/wp-content\/uploads\/2023\/11\/gros-plan-extincteurs-rouges-1024x637.jpg 1024w, https:\/\/amatab.com\/wp-content\/uploads\/2023\/11\/gros-plan-extincteurs-rouges-300x187.jpg 300w, https:\/\/amatab.com\/wp-content\/uploads\/2023\/11\/gros-plan-extincteurs-rouges-768x478.jpg 768w, https:\/\/amatab.com\/wp-content\/uploads\/2023\/11\/gros-plan-extincteurs-rouges-1536x956.jpg 1536w, https:\/\/amatab.com\/wp-content\/uploads\/2023\/11\/gros-plan-extincteurs-rouges-2048x1275.jpg 2048w, https:\/\/amatab.com\/wp-content\/uploads\/2023\/11\/gros-plan-extincteurs-rouges-1320x822.jpg 1320w, https:\/\/amatab.com\/wp-content\/uploads\/2023\/11\/gros-plan-extincteurs-rouges-600x373.jpg 600w\" sizes=\"(max-width: 1024px) 100vw, 1024px\" \/>\t\t\t\t\t\t\t\t\t\t\t\t\t\t\t<\/div>\n\t\t\t\t<\/div>\n\t\t\t\t<div class=\"elementor-element elementor-element-d90c55e elementor-widget elementor-widget-text-editor\" data-id=\"d90c55e\" data-element_type=\"widget\" data-e-type=\"widget\" data-widget_type=\"text-editor.default\">\n\t\t\t\t<div class=\"elementor-widget-container\">\n\t\t\t\t\t\t\t\t\t<p><span style=\"text-decoration: underline;\">Bouches d\u2019incendie<\/span> : <br \/>Les bouches d&rsquo;incendie soigneusement positionn\u00e9es garantissent un acc\u00e8s imm\u00e9diat \u00e0 une source d&rsquo;eau fiable en cas d&rsquo;urgence, assurant ainsi la s\u00e9curit\u00e9 des lieux et des \u00e9quipes.<\/p>\t\t\t\t\t\t\t\t<\/div>\n\t\t\t\t<\/div>\n\t\t\t\t<div class=\"elementor-element elementor-element-f98b726 elementor-widget elementor-widget-image\" data-id=\"f98b726\" data-element_type=\"widget\" data-e-type=\"widget\" data-widget_type=\"image.default\">\n\t\t\t\t<div class=\"elementor-widget-container\">\n\t\t\t\t\t\t\t\t\t\t\t\t\t\t\t<img decoding=\"async\" width=\"1024\" height=\"683\" src=\"https:\/\/amatab.com\/wp-content\/uploads\/2023\/11\/rouille-sprinklers-eau-1024x683.jpg\" class=\"attachment-large size-large wp-image-11644\" alt=\"\" srcset=\"https:\/\/amatab.com\/wp-content\/uploads\/2023\/11\/rouille-sprinklers-eau-1024x683.jpg 1024w, https:\/\/amatab.com\/wp-content\/uploads\/2023\/11\/rouille-sprinklers-eau-300x200.jpg 300w, https:\/\/amatab.com\/wp-content\/uploads\/2023\/11\/rouille-sprinklers-eau-768x512.jpg 768w, https:\/\/amatab.com\/wp-content\/uploads\/2023\/11\/rouille-sprinklers-eau-1536x1024.jpg 1536w, https:\/\/amatab.com\/wp-content\/uploads\/2023\/11\/rouille-sprinklers-eau-2048x1366.jpg 2048w, https:\/\/amatab.com\/wp-content\/uploads\/2023\/11\/rouille-sprinklers-eau-1320x880.jpg 1320w, https:\/\/amatab.com\/wp-content\/uploads\/2023\/11\/rouille-sprinklers-eau-600x400.jpg 600w\" sizes=\"(max-width: 1024px) 100vw, 1024px\" \/>\t\t\t\t\t\t\t\t\t\t\t\t\t\t\t<\/div>\n\t\t\t\t<\/div>\n\t\t\t\t\t<\/div>\n\t\t<\/div>\n\t\t\t\t<div class=\"elementor-column elementor-col-50 elementor-inner-column elementor-element elementor-element-e18824c\" data-id=\"e18824c\" data-element_type=\"column\" data-e-type=\"column\">\n\t\t\t<div class=\"elementor-widget-wrap elementor-element-populated\">\n\t\t\t\t\t\t<div class=\"elementor-element elementor-element-2c3e51d elementor-widget elementor-widget-text-editor\" data-id=\"2c3e51d\" data-element_type=\"widget\" data-e-type=\"widget\" data-widget_type=\"text-editor.default\">\n\t\t\t\t<div class=\"elementor-widget-container\">\n\t\t\t\t\t\t\t\t\t<p><span style=\"text-decoration: underline;\">Moniteurs et tuyaux d\u2019incendie<\/span> :<br \/>Nos moniteurs et tuyaux d&rsquo;incendie permettent de diriger efficacement le flux d&rsquo;eau vers les zones en danger. Ils sont con\u00e7us pour r\u00e9sister aux conditions rigoureuses et offrir un contr\u00f4le pr\u00e9cis.<\/p>\t\t\t\t\t\t\t\t<\/div>\n\t\t\t\t<\/div>\n\t\t\t\t<div class=\"elementor-element elementor-element-e1532ec elementor-widget elementor-widget-image\" data-id=\"e1532ec\" data-element_type=\"widget\" data-e-type=\"widget\" data-widget_type=\"image.default\">\n\t\t\t\t<div class=\"elementor-widget-container\">\n\t\t\t\t\t\t\t\t\t\t\t\t\t\t\t<img loading=\"lazy\" decoding=\"async\" width=\"1024\" height=\"642\" src=\"https:\/\/amatab.com\/wp-content\/uploads\/2023\/11\/pompiers-masculins-feminins-travaillant-ensemble-dans-costumes-casques-scaled-e1700489489109-1024x642.jpg\" class=\"attachment-large size-large wp-image-11634\" alt=\"\" srcset=\"https:\/\/amatab.com\/wp-content\/uploads\/2023\/11\/pompiers-masculins-feminins-travaillant-ensemble-dans-costumes-casques-scaled-e1700489489109-1024x642.jpg 1024w, https:\/\/amatab.com\/wp-content\/uploads\/2023\/11\/pompiers-masculins-feminins-travaillant-ensemble-dans-costumes-casques-scaled-e1700489489109-300x188.jpg 300w, https:\/\/amatab.com\/wp-content\/uploads\/2023\/11\/pompiers-masculins-feminins-travaillant-ensemble-dans-costumes-casques-scaled-e1700489489109-768x481.jpg 768w, https:\/\/amatab.com\/wp-content\/uploads\/2023\/11\/pompiers-masculins-feminins-travaillant-ensemble-dans-costumes-casques-scaled-e1700489489109-1536x962.jpg 1536w, https:\/\/amatab.com\/wp-content\/uploads\/2023\/11\/pompiers-masculins-feminins-travaillant-ensemble-dans-costumes-casques-scaled-e1700489489109-2048x1283.jpg 2048w, https:\/\/amatab.com\/wp-content\/uploads\/2023\/11\/pompiers-masculins-feminins-travaillant-ensemble-dans-costumes-casques-scaled-e1700489489109-1320x827.jpg 1320w, https:\/\/amatab.com\/wp-content\/uploads\/2023\/11\/pompiers-masculins-feminins-travaillant-ensemble-dans-costumes-casques-scaled-e1700489489109-600x376.jpg 600w\" sizes=\"(max-width: 1024px) 100vw, 1024px\" \/>\t\t\t\t\t\t\t\t\t\t\t\t\t\t\t<\/div>\n\t\t\t\t<\/div>\n\t\t\t\t<div class=\"elementor-element elementor-element-751912e elementor-widget elementor-widget-text-editor\" data-id=\"751912e\" data-element_type=\"widget\" data-e-type=\"widget\" data-widget_type=\"text-editor.default\">\n\t\t\t\t<div class=\"elementor-widget-container\">\n\t\t\t\t\t\t\t\t\t<p><span style=\"text-decoration: underline;\">Pompes \u00e0 incendie et gicleurs<\/span> : <br \/>Nos pompes \u00e0 incendie sont pr\u00eates \u00e0 \u00eatre activ\u00e9es pour alimenter en eau les gicleurs en cas d&rsquo;incendie. Les gicleurs se d\u00e9clenchent automatiquement et r\u00e9partissent de mani\u00e8re homog\u00e8ne l&rsquo;eau.<\/p>\t\t\t\t\t\t\t\t<\/div>\n\t\t\t\t<\/div>\n\t\t\t\t<div class=\"elementor-element elementor-element-6db7aa8 elementor-widget elementor-widget-image\" data-id=\"6db7aa8\" data-element_type=\"widget\" data-e-type=\"widget\" data-widget_type=\"image.default\">\n\t\t\t\t<div class=\"elementor-widget-container\">\n\t\t\t\t\t\t\t\t\t\t\t\t\t\t\t<img loading=\"lazy\" decoding=\"async\" width=\"1024\" height=\"683\" src=\"https:\/\/amatab.com\/wp-content\/uploads\/2023\/11\/tuyauterie-robinets-1024x683.jpg\" class=\"attachment-large size-large wp-image-11635\" alt=\"\" srcset=\"https:\/\/amatab.com\/wp-content\/uploads\/2023\/11\/tuyauterie-robinets-1024x683.jpg 1024w, https:\/\/amatab.com\/wp-content\/uploads\/2023\/11\/tuyauterie-robinets-300x200.jpg 300w, https:\/\/amatab.com\/wp-content\/uploads\/2023\/11\/tuyauterie-robinets-768x512.jpg 768w, https:\/\/amatab.com\/wp-content\/uploads\/2023\/11\/tuyauterie-robinets-1536x1024.jpg 1536w, https:\/\/amatab.com\/wp-content\/uploads\/2023\/11\/tuyauterie-robinets-2048x1365.jpg 2048w, https:\/\/amatab.com\/wp-content\/uploads\/2023\/11\/tuyauterie-robinets-1320x880.jpg 1320w, https:\/\/amatab.com\/wp-content\/uploads\/2023\/11\/tuyauterie-robinets-600x400.jpg 600w\" sizes=\"(max-width: 1024px) 100vw, 1024px\" \/>\t\t\t\t\t\t\t\t\t\t\t\t\t\t\t<\/div>\n\t\t\t\t<\/div>\n\t\t\t\t\t<\/div>\n\t\t<\/div>\n\t\t\t\t\t<\/div>\n\t\t<\/section>\n\t\t\t\t<section class=\"elementor-section elementor-inner-section elementor-element elementor-element-f6d0e98 elementor-section-boxed elementor-section-height-default elementor-section-height-default\" data-id=\"f6d0e98\" data-element_type=\"section\" data-e-type=\"section\">\n\t\t\t\t\t\t<div class=\"elementor-container elementor-column-gap-default\">\n\t\t\t\t\t<div class=\"elementor-column elementor-col-100 elementor-inner-column elementor-element elementor-element-b812e58\" data-id=\"b812e58\" data-element_type=\"column\" data-e-type=\"column\">\n\t\t\t<div class=\"elementor-widget-wrap elementor-element-populated\">\n\t\t\t\t\t\t<div class=\"elementor-element elementor-element-75aa689 elementor-widget elementor-widget-text-editor\" data-id=\"75aa689\" data-element_type=\"widget\" data-e-type=\"widget\" data-widget_type=\"text-editor.default\">\n\t\t\t\t<div class=\"elementor-widget-container\">\n\t\t\t\t\t\t\t\t\t<p><span style=\"font-weight: 400;\">Notre mat\u00e9riel anti-feu est constamment v\u00e9rifi\u00e9 et maintenu pour garantir son bon fonctionnement, offrant ainsi une protection efficace en cas de sinistre. Votre s\u00e9curit\u00e9 est notre priorit\u00e9 absolue.<\/span><\/p><p><br \/><br \/><\/p>\t\t\t\t\t\t\t\t<\/div>\n\t\t\t\t<\/div>\n\t\t\t\t\t<\/div>\n\t\t<\/div>\n\t\t\t\t\t<\/div>\n\t\t<\/section>\n\t\t\t\t\t<\/div>\n\t\t<\/div>\n\t\t\t\t<div class=\"elementor-column elementor-col-50 elementor-top-column elementor-element elementor-element-1d7c033\" data-id=\"1d7c033\" data-element_type=\"column\" data-e-type=\"column\">\n\t\t\t<div class=\"elementor-widget-wrap elementor-element-populated\">\n\t\t\t\t\t\t<div class=\"elementor-element elementor-element-7c13ae2 elementor-widget__width-initial elementor-widget elementor-widget-transx_links_list\" data-id=\"7c13ae2\" data-element_type=\"widget\" data-e-type=\"widget\" data-widget_type=\"transx_links_list.default\">\n\t\t\t\t<div class=\"elementor-widget-container\">\n\t\t\t\t\t\n        <div class=\"transx_links_list_widget\">\n            <div class=\"transx_links_list_wrapper transx_view_type_2\">\n                <h5 class=\"transx_links_list_title\">Autres services<\/h5>\n\n                                            <a class=\"transx_links_list_item\" href=\"https:\/\/amatab.com\/fr\/services-petroliers\/systemes-de-lutte-contre-les-incendies\/\" >\n                                <img decoding=\"async\" class=\"transx_img--bg\" src=\"http:\/\/amatab.com\/wp-content\/uploads\/2023\/11\/camion-pompiers-dans-garage-pret-pour-action-scaled.jpg\" alt=\"Background Image\" \/>\n                                <h6>Syst\u00e8mes de lutte contre les incendies<\/h6>\n                                <span class=\"transx_links_list_counter\">01<\/span>\n                            <\/a>\n                                                        <a class=\"transx_links_list_item\" href=\"https:\/\/amatab.com\/fr\/services-petroliers\/systemes-de-protection-dincendie-et-de-gaz\/\" >\n                                <img decoding=\"async\" class=\"transx_img--bg\" src=\"http:\/\/amatab.com\/wp-content\/uploads\/2023\/11\/pompier-essayant-contenir-incendie-foret-scaled.jpg\" alt=\"Background Image\" \/>\n                                <h6>Syst\u00e8mes de protection contre les incendies <\/h6>\n                                <span class=\"transx_links_list_counter\">02<\/span>\n                            <\/a>\n                                                            <\/div>\n        <\/div>\n\n        \t\t\t\t<\/div>\n\t\t\t\t<\/div>\n\t\t\t\t<div class=\"elementor-element elementor-element-429a045 elementor-widget elementor-widget-html\" data-id=\"429a045\" data-element_type=\"widget\" data-e-type=\"widget\" data-widget_type=\"html.default\">\n\t\t\t\t<div class=\"elementor-widget-container\">\n\t\t\t\t\t<div class=\"transx_contact-trigger transx_contact-trigger--style-2\">\n\t\n\n\t<h4 class=\"transx_contact-trigger__title\">Besoin d'une estimation de prix ?<\/h4>\n\n\t<p class=\"transx_contact-trigger__text\">Nous sommes l\u00e0 pour vous fournir rapidement des informations d\u00e9taill\u00e9es sur nos tarifs !<\/p>\n\n\t<a class=\"transx_button\" href=\"https:\/\/amatab.com\/fr\/services-petroliers\/materiel-anti-incendie\/obtenir-un-devis\/\">\n\t\t<span>OBTENIR UN DEVIS<\/span>\n\t\t<svg class=\"icon\">\n\t\t\t<svg viewbox=\"0 0 150 78.6\" xmlns=\"http:\/\/www.w3.org\/2000\/svg\"><path d=\"M0 31.5h150v12.7H0V31.5zM112.8-.1l30.9 31.5-8.8 9L104 8.9l8.8-9zm18.1 51l-18.4 18.8 8.9 9 18.4-18.8-8.9-9z\"\/><\/svg>\n\t\t<\/svg>\n\t<\/a>\n<\/div>\t\t\t\t<\/div>\n\t\t\t\t<\/div>\n\t\t\t\t\t<\/div>\n\t\t<\/div>\n\t\t\t\t\t<\/div>\n\t\t<\/section>\n\t\t\t\t<\/div>\n\t\t","protected":false},"excerpt":{"rendered":"<p>Chez AMATAB &amp; CO, nous fournissons une gamme compl\u00e8te de mat\u00e9riel anti-incendie de haute qualit\u00e9 pour garantir la protection de vos \u00e9quipes et de vos installations : Extincteurs : Nos extincteurs sont strat\u00e9giquement r\u00e9partis sur le site pour une accessibilit\u00e9 rapide en cas d&rsquo;incendie. Ils sont con\u00e7us pour \u00e9teindre diff\u00e9rents types de feux, y compris [&hellip;]<\/p>\n","protected":false},"author":5,"featured_media":0,"parent":3429,"menu_order":218,"comment_status":"closed","ping_status":"closed","template":"","meta":{"om_disable_all_campaigns":false,"_uf_show_specific_survey":0,"_uf_disable_surveys":false,"footnotes":""},"folder":[],"class_list":["post-3498","page","type-page","status-publish","hentry"],"aioseo_notices":[],"_links":{"self":[{"href":"https:\/\/amatab.com\/fr\/wp-json\/wp\/v2\/pages\/3498","targetHints":{"allow":["GET"]}}],"collection":[{"href":"https:\/\/amatab.com\/fr\/wp-json\/wp\/v2\/pages"}],"about":[{"href":"https:\/\/amatab.com\/fr\/wp-json\/wp\/v2\/types\/page"}],"author":[{"embeddable":true,"href":"https:\/\/amatab.com\/fr\/wp-json\/wp\/v2\/users\/5"}],"replies":[{"embeddable":true,"href":"https:\/\/amatab.com\/fr\/wp-json\/wp\/v2\/comments?post=3498"}],"version-history":[{"count":70,"href":"https:\/\/amatab.com\/fr\/wp-json\/wp\/v2\/pages\/3498\/revisions"}],"predecessor-version":[{"id":16119,"href":"https:\/\/amatab.com\/fr\/wp-json\/wp\/v2\/pages\/3498\/revisions\/16119"}],"up":[{"embeddable":true,"href":"https:\/\/amatab.com\/fr\/wp-json\/wp\/v2\/pages\/3429"}],"wp:attachment":[{"href":"https:\/\/amatab.com\/fr\/wp-json\/wp\/v2\/media?parent=3498"}],"wp:term":[{"taxonomy":"folder","embeddable":true,"href":"https:\/\/amatab.com\/fr\/wp-json\/wp\/v2\/folder?post=3498"}],"curies":[{"name":"wp","href":"https:\/\/api.w.org\/{rel}","templated":true}]}}