{"id":3601,"date":"2023-10-11T13:24:22","date_gmt":"2023-10-11T11:24:22","guid":{"rendered":"https:\/\/amatab.com\/?page_id=3601"},"modified":"2024-02-02T10:54:11","modified_gmt":"2024-02-02T09:54:11","slug":"entretien-des-equipements","status":"publish","type":"page","link":"https:\/\/amatab.com\/fr\/services-petroliers\/entretien-des-equipements\/","title":{"rendered":"Entretien des \u00e9quipements"},"content":{"rendered":"\t\t<div data-elementor-type=\"wp-page\" data-elementor-id=\"3601\" class=\"elementor elementor-3601\" data-elementor-post-type=\"page\">\n\t\t\t\t\t\t<section class=\"elementor-section elementor-top-section elementor-element elementor-element-dd24385 elementor-section-boxed elementor-section-height-default elementor-section-height-default\" data-id=\"dd24385\" data-element_type=\"section\" data-e-type=\"section\">\n\t\t\t\t\t\t<div class=\"elementor-container elementor-column-gap-default\">\n\t\t\t\t\t<div class=\"elementor-column elementor-col-50 elementor-top-column elementor-element elementor-element-77635f9\" data-id=\"77635f9\" data-element_type=\"column\" data-e-type=\"column\">\n\t\t\t<div class=\"elementor-widget-wrap elementor-element-populated\">\n\t\t\t\t\t\t<div class=\"elementor-element elementor-element-dc5024a elementor-widget elementor-widget-heading\" data-id=\"dc5024a\" data-element_type=\"widget\" data-e-type=\"widget\" data-widget_type=\"heading.default\">\n\t\t\t\t<div class=\"elementor-widget-container\">\n\t\t\t\t\t<h2 class=\"elementor-heading-title elementor-size-default\">Entretien des \u00e9quipements<\/h2>\t\t\t\t<\/div>\n\t\t\t\t<\/div>\n\t\t\t\t<section class=\"elementor-section elementor-inner-section elementor-element elementor-element-55c0c98 elementor-section-boxed elementor-section-height-default elementor-section-height-default\" data-id=\"55c0c98\" data-element_type=\"section\" data-e-type=\"section\">\n\t\t\t\t\t\t<div class=\"elementor-container elementor-column-gap-default\">\n\t\t\t\t\t<div class=\"elementor-column elementor-col-100 elementor-inner-column elementor-element elementor-element-4430475\" data-id=\"4430475\" data-element_type=\"column\" data-e-type=\"column\">\n\t\t\t<div class=\"elementor-widget-wrap elementor-element-populated\">\n\t\t\t\t\t\t<div class=\"elementor-element elementor-element-5ee660b elementor-widget elementor-widget-text-editor\" data-id=\"5ee660b\" data-element_type=\"widget\" data-e-type=\"widget\" data-widget_type=\"text-editor.default\">\n\t\t\t\t<div class=\"elementor-widget-container\">\n\t\t\t\t\t\t\t\t\t<p>Pour maintenir vos outils de travail en parfait \u00e9tat de fonctionnement, AMATAB &amp; CO vous propose une gamme compl\u00e8te de services d&rsquo;entretien r\u00e9pondant \u00e0 vos besoins sp\u00e9cifiques :<\/p>\t\t\t\t\t\t\t\t<\/div>\n\t\t\t\t<\/div>\n\t\t\t\t\t<\/div>\n\t\t<\/div>\n\t\t\t\t\t<\/div>\n\t\t<\/section>\n\t\t\t\t<div class=\"elementor-element elementor-element-9123ff6 elementor-widget elementor-widget-image\" data-id=\"9123ff6\" data-element_type=\"widget\" data-e-type=\"widget\" data-widget_type=\"image.default\">\n\t\t\t\t<div class=\"elementor-widget-container\">\n\t\t\t\t\t\t\t\t\t\t\t\t\t\t\t<img fetchpriority=\"high\" decoding=\"async\" width=\"1024\" height=\"638\" src=\"https:\/\/amatab.com\/wp-content\/uploads\/2023\/11\/operateurs-petroliers-parlant-au-champ-petrolifere-1024x638.jpg\" class=\"attachment-large size-large wp-image-11777\" alt=\"\" srcset=\"https:\/\/amatab.com\/wp-content\/uploads\/2023\/11\/operateurs-petroliers-parlant-au-champ-petrolifere-1024x638.jpg 1024w, https:\/\/amatab.com\/wp-content\/uploads\/2023\/11\/operateurs-petroliers-parlant-au-champ-petrolifere-300x187.jpg 300w, https:\/\/amatab.com\/wp-content\/uploads\/2023\/11\/operateurs-petroliers-parlant-au-champ-petrolifere-768x478.jpg 768w, https:\/\/amatab.com\/wp-content\/uploads\/2023\/11\/operateurs-petroliers-parlant-au-champ-petrolifere-1536x956.jpg 1536w, https:\/\/amatab.com\/wp-content\/uploads\/2023\/11\/operateurs-petroliers-parlant-au-champ-petrolifere-2048x1275.jpg 2048w, https:\/\/amatab.com\/wp-content\/uploads\/2023\/11\/operateurs-petroliers-parlant-au-champ-petrolifere-1320x822.jpg 1320w, https:\/\/amatab.com\/wp-content\/uploads\/2023\/11\/operateurs-petroliers-parlant-au-champ-petrolifere-600x374.jpg 600w\" sizes=\"(max-width: 1024px) 100vw, 1024px\" \/>\t\t\t\t\t\t\t\t\t\t\t\t\t\t\t<\/div>\n\t\t\t\t<\/div>\n\t\t\t\t<section class=\"elementor-section elementor-inner-section elementor-element elementor-element-76b99e3 elementor-section-boxed elementor-section-height-default elementor-section-height-default\" data-id=\"76b99e3\" data-element_type=\"section\" data-e-type=\"section\">\n\t\t\t\t\t\t<div class=\"elementor-container elementor-column-gap-default\">\n\t\t\t\t\t<div class=\"elementor-column elementor-col-50 elementor-inner-column elementor-element elementor-element-14ca98c\" data-id=\"14ca98c\" data-element_type=\"column\" data-e-type=\"column\">\n\t\t\t<div class=\"elementor-widget-wrap elementor-element-populated\">\n\t\t\t\t\t\t<div class=\"elementor-element elementor-element-247e524 elementor-widget elementor-widget-text-editor\" data-id=\"247e524\" data-element_type=\"widget\" data-e-type=\"widget\" data-widget_type=\"text-editor.default\">\n\t\t\t\t<div class=\"elementor-widget-container\">\n\t\t\t\t\t\t\t\t\t<p><span style=\"text-decoration: underline;\">Diagnostic<\/span> :<\/p>\t\t\t\t\t\t\t\t<\/div>\n\t\t\t\t<\/div>\n\t\t\t\t<div class=\"elementor-element elementor-element-d2209d7 elementor-widget elementor-widget-text-editor\" data-id=\"d2209d7\" data-element_type=\"widget\" data-e-type=\"widget\" data-widget_type=\"text-editor.default\">\n\t\t\t\t<div class=\"elementor-widget-container\">\n\t\t\t\t\t\t\t\t\t<p>Nos experts effectuent des diagnostics pr\u00e9cis pour identifier les probl\u00e8mes potentiels de vos \u00e9quipements, permettant ainsi des interventions cibl\u00e9es et efficaces.<\/p>\t\t\t\t\t\t\t\t<\/div>\n\t\t\t\t<\/div>\n\t\t\t\t<div class=\"elementor-element elementor-element-373b3a2 elementor-widget elementor-widget-image\" data-id=\"373b3a2\" data-element_type=\"widget\" data-e-type=\"widget\" data-widget_type=\"image.default\">\n\t\t\t\t<div class=\"elementor-widget-container\">\n\t\t\t\t\t\t\t\t\t\t\t\t\t\t\t<img decoding=\"async\" width=\"1024\" height=\"680\" src=\"https:\/\/amatab.com\/wp-content\/uploads\/2023\/11\/ingenieur-petrolier-inspectant-cric-pompe-dans-champ-petrolifere-1024x680.jpg\" class=\"attachment-large size-large wp-image-11782\" alt=\"\" srcset=\"https:\/\/amatab.com\/wp-content\/uploads\/2023\/11\/ingenieur-petrolier-inspectant-cric-pompe-dans-champ-petrolifere-1024x680.jpg 1024w, https:\/\/amatab.com\/wp-content\/uploads\/2023\/11\/ingenieur-petrolier-inspectant-cric-pompe-dans-champ-petrolifere-300x199.jpg 300w, https:\/\/amatab.com\/wp-content\/uploads\/2023\/11\/ingenieur-petrolier-inspectant-cric-pompe-dans-champ-petrolifere-768x510.jpg 768w, https:\/\/amatab.com\/wp-content\/uploads\/2023\/11\/ingenieur-petrolier-inspectant-cric-pompe-dans-champ-petrolifere-1536x1019.jpg 1536w, https:\/\/amatab.com\/wp-content\/uploads\/2023\/11\/ingenieur-petrolier-inspectant-cric-pompe-dans-champ-petrolifere-2048x1359.jpg 2048w, https:\/\/amatab.com\/wp-content\/uploads\/2023\/11\/ingenieur-petrolier-inspectant-cric-pompe-dans-champ-petrolifere-1320x876.jpg 1320w, https:\/\/amatab.com\/wp-content\/uploads\/2023\/11\/ingenieur-petrolier-inspectant-cric-pompe-dans-champ-petrolifere-600x398.jpg 600w\" sizes=\"(max-width: 1024px) 100vw, 1024px\" \/>\t\t\t\t\t\t\t\t\t\t\t\t\t\t\t<\/div>\n\t\t\t\t<\/div>\n\t\t\t\t<div class=\"elementor-element elementor-element-340432c elementor-widget elementor-widget-text-editor\" data-id=\"340432c\" data-element_type=\"widget\" data-e-type=\"widget\" data-widget_type=\"text-editor.default\">\n\t\t\t\t<div class=\"elementor-widget-container\">\n\t\t\t\t\t\t\t\t\t<p><span style=\"text-decoration: underline;\">R\u00e9paration<\/span> :<\/p>\t\t\t\t\t\t\t\t<\/div>\n\t\t\t\t<\/div>\n\t\t\t\t<div class=\"elementor-element elementor-element-ab6b7db elementor-widget elementor-widget-text-editor\" data-id=\"ab6b7db\" data-element_type=\"widget\" data-e-type=\"widget\" data-widget_type=\"text-editor.default\">\n\t\t\t\t<div class=\"elementor-widget-container\">\n\t\t\t\t\t\t\t\t\t<p>En cas de d\u00e9faillance ou de dommage, notre \u00e9quipe de techniciens qualifi\u00e9s est pr\u00eate \u00e0 effectuer des r\u00e9parations rapides, r\u00e9tablissant la pleine fonctionnalit\u00e9 de vos \u00e9quipements.<\/p>\t\t\t\t\t\t\t\t<\/div>\n\t\t\t\t<\/div>\n\t\t\t\t<div class=\"elementor-element elementor-element-ce6c28e elementor-widget elementor-widget-image\" data-id=\"ce6c28e\" data-element_type=\"widget\" data-e-type=\"widget\" data-widget_type=\"image.default\">\n\t\t\t\t<div class=\"elementor-widget-container\">\n\t\t\t\t\t\t\t\t\t\t\t\t\t\t\t<img decoding=\"async\" width=\"1024\" height=\"684\" src=\"https:\/\/amatab.com\/wp-content\/uploads\/2023\/11\/jeune-homme-huile-se-tenant-devant-cric-pompe-1024x684.jpg\" class=\"attachment-large size-large wp-image-11779\" alt=\"\" srcset=\"https:\/\/amatab.com\/wp-content\/uploads\/2023\/11\/jeune-homme-huile-se-tenant-devant-cric-pompe-1024x684.jpg 1024w, https:\/\/amatab.com\/wp-content\/uploads\/2023\/11\/jeune-homme-huile-se-tenant-devant-cric-pompe-300x200.jpg 300w, https:\/\/amatab.com\/wp-content\/uploads\/2023\/11\/jeune-homme-huile-se-tenant-devant-cric-pompe-768x513.jpg 768w, https:\/\/amatab.com\/wp-content\/uploads\/2023\/11\/jeune-homme-huile-se-tenant-devant-cric-pompe-1536x1025.jpg 1536w, https:\/\/amatab.com\/wp-content\/uploads\/2023\/11\/jeune-homme-huile-se-tenant-devant-cric-pompe-2048x1367.jpg 2048w, https:\/\/amatab.com\/wp-content\/uploads\/2023\/11\/jeune-homme-huile-se-tenant-devant-cric-pompe-1320x881.jpg 1320w, https:\/\/amatab.com\/wp-content\/uploads\/2023\/11\/jeune-homme-huile-se-tenant-devant-cric-pompe-600x401.jpg 600w\" sizes=\"(max-width: 1024px) 100vw, 1024px\" \/>\t\t\t\t\t\t\t\t\t\t\t\t\t\t\t<\/div>\n\t\t\t\t<\/div>\n\t\t\t\t\t<\/div>\n\t\t<\/div>\n\t\t\t\t<div class=\"elementor-column elementor-col-50 elementor-inner-column elementor-element elementor-element-8588921\" data-id=\"8588921\" data-element_type=\"column\" data-e-type=\"column\">\n\t\t\t<div class=\"elementor-widget-wrap elementor-element-populated\">\n\t\t\t\t\t\t<div class=\"elementor-element elementor-element-6b14452 elementor-widget elementor-widget-text-editor\" data-id=\"6b14452\" data-element_type=\"widget\" data-e-type=\"widget\" data-widget_type=\"text-editor.default\">\n\t\t\t\t<div class=\"elementor-widget-container\">\n\t\t\t\t\t\t\t\t\t<p><span style=\"text-decoration: underline;\">Entretien pr\u00e9ventif<\/span> :<\/p>\t\t\t\t\t\t\t\t<\/div>\n\t\t\t\t<\/div>\n\t\t\t\t<div class=\"elementor-element elementor-element-92e90e9 elementor-widget elementor-widget-text-editor\" data-id=\"92e90e9\" data-element_type=\"widget\" data-e-type=\"widget\" data-widget_type=\"text-editor.default\">\n\t\t\t\t<div class=\"elementor-widget-container\">\n\t\t\t\t\t\t\t\t\t<p>La maintenance r\u00e9guli\u00e8re est essentielle pour prolonger la dur\u00e9e de vie de vos \u00e9quipements. Nous offrons des services d&rsquo;entretien pr\u00e9ventif pour \u00e9viter les pannes et les interruptions inopportunes.<\/p>\t\t\t\t\t\t\t\t<\/div>\n\t\t\t\t<\/div>\n\t\t\t\t<div class=\"elementor-element elementor-element-7a854d5 elementor-widget elementor-widget-image\" data-id=\"7a854d5\" data-element_type=\"widget\" data-e-type=\"widget\" data-widget_type=\"image.default\">\n\t\t\t\t<div class=\"elementor-widget-container\">\n\t\t\t\t\t\t\t\t\t\t\t\t\t\t\t<img loading=\"lazy\" decoding=\"async\" width=\"1024\" height=\"684\" src=\"https:\/\/amatab.com\/wp-content\/uploads\/2023\/11\/ingenieur-petrolier-ordinateur-portable-debout-cote-plate-forme-petroliere-prenant-notes-son-ordinateur-1024x684.jpg\" class=\"attachment-large size-large wp-image-11781\" alt=\"\" srcset=\"https:\/\/amatab.com\/wp-content\/uploads\/2023\/11\/ingenieur-petrolier-ordinateur-portable-debout-cote-plate-forme-petroliere-prenant-notes-son-ordinateur-1024x684.jpg 1024w, https:\/\/amatab.com\/wp-content\/uploads\/2023\/11\/ingenieur-petrolier-ordinateur-portable-debout-cote-plate-forme-petroliere-prenant-notes-son-ordinateur-300x200.jpg 300w, https:\/\/amatab.com\/wp-content\/uploads\/2023\/11\/ingenieur-petrolier-ordinateur-portable-debout-cote-plate-forme-petroliere-prenant-notes-son-ordinateur-768x513.jpg 768w, https:\/\/amatab.com\/wp-content\/uploads\/2023\/11\/ingenieur-petrolier-ordinateur-portable-debout-cote-plate-forme-petroliere-prenant-notes-son-ordinateur-1536x1025.jpg 1536w, https:\/\/amatab.com\/wp-content\/uploads\/2023\/11\/ingenieur-petrolier-ordinateur-portable-debout-cote-plate-forme-petroliere-prenant-notes-son-ordinateur-2048x1367.jpg 2048w, https:\/\/amatab.com\/wp-content\/uploads\/2023\/11\/ingenieur-petrolier-ordinateur-portable-debout-cote-plate-forme-petroliere-prenant-notes-son-ordinateur-1320x881.jpg 1320w, https:\/\/amatab.com\/wp-content\/uploads\/2023\/11\/ingenieur-petrolier-ordinateur-portable-debout-cote-plate-forme-petroliere-prenant-notes-son-ordinateur-600x401.jpg 600w\" sizes=\"(max-width: 1024px) 100vw, 1024px\" \/>\t\t\t\t\t\t\t\t\t\t\t\t\t\t\t<\/div>\n\t\t\t\t<\/div>\n\t\t\t\t<div class=\"elementor-element elementor-element-ae362cd elementor-widget elementor-widget-text-editor\" data-id=\"ae362cd\" data-element_type=\"widget\" data-e-type=\"widget\" data-widget_type=\"text-editor.default\">\n\t\t\t\t<div class=\"elementor-widget-container\">\n\t\t\t\t\t\t\t\t\t<p><span style=\"text-decoration: underline;\">Renouvellement<\/span> :<\/p>\t\t\t\t\t\t\t\t<\/div>\n\t\t\t\t<\/div>\n\t\t\t\t<div class=\"elementor-element elementor-element-d9356a0 elementor-widget elementor-widget-text-editor\" data-id=\"d9356a0\" data-element_type=\"widget\" data-e-type=\"widget\" data-widget_type=\"text-editor.default\">\n\t\t\t\t<div class=\"elementor-widget-container\">\n\t\t\t\t\t\t\t\t\t<p>Quand vos \u00e9quipements arrivent en fin de vie, nous proposons des solutions de renouvellement, vous permettant de maintenir un parc d&rsquo;\u00e9quipements moderne et performant.<\/p>\t\t\t\t\t\t\t\t<\/div>\n\t\t\t\t<\/div>\n\t\t\t\t<div class=\"elementor-element elementor-element-8a4ecd1 elementor-widget elementor-widget-image\" data-id=\"8a4ecd1\" data-element_type=\"widget\" data-e-type=\"widget\" data-widget_type=\"image.default\">\n\t\t\t\t<div class=\"elementor-widget-container\">\n\t\t\t\t\t\t\t\t\t\t\t\t\t\t\t<img loading=\"lazy\" decoding=\"async\" width=\"1024\" height=\"692\" src=\"https:\/\/amatab.com\/wp-content\/uploads\/2023\/11\/travailleur-du-petrole-debout-dans-champ-petrolifere-cote-cric-pompe-gros-papier-1024x692.jpg\" class=\"attachment-large size-large wp-image-11780\" alt=\"\" srcset=\"https:\/\/amatab.com\/wp-content\/uploads\/2023\/11\/travailleur-du-petrole-debout-dans-champ-petrolifere-cote-cric-pompe-gros-papier-1024x692.jpg 1024w, https:\/\/amatab.com\/wp-content\/uploads\/2023\/11\/travailleur-du-petrole-debout-dans-champ-petrolifere-cote-cric-pompe-gros-papier-300x203.jpg 300w, https:\/\/amatab.com\/wp-content\/uploads\/2023\/11\/travailleur-du-petrole-debout-dans-champ-petrolifere-cote-cric-pompe-gros-papier-768x519.jpg 768w, https:\/\/amatab.com\/wp-content\/uploads\/2023\/11\/travailleur-du-petrole-debout-dans-champ-petrolifere-cote-cric-pompe-gros-papier-1536x1038.jpg 1536w, https:\/\/amatab.com\/wp-content\/uploads\/2023\/11\/travailleur-du-petrole-debout-dans-champ-petrolifere-cote-cric-pompe-gros-papier-2048x1384.jpg 2048w, https:\/\/amatab.com\/wp-content\/uploads\/2023\/11\/travailleur-du-petrole-debout-dans-champ-petrolifere-cote-cric-pompe-gros-papier-1320x892.jpg 1320w, https:\/\/amatab.com\/wp-content\/uploads\/2023\/11\/travailleur-du-petrole-debout-dans-champ-petrolifere-cote-cric-pompe-gros-papier-600x405.jpg 600w\" sizes=\"(max-width: 1024px) 100vw, 1024px\" \/>\t\t\t\t\t\t\t\t\t\t\t\t\t\t\t<\/div>\n\t\t\t\t<\/div>\n\t\t\t\t\t<\/div>\n\t\t<\/div>\n\t\t\t\t\t<\/div>\n\t\t<\/section>\n\t\t\t\t\t<\/div>\n\t\t<\/div>\n\t\t\t\t<div class=\"elementor-column elementor-col-50 elementor-top-column elementor-element elementor-element-6ec378f\" data-id=\"6ec378f\" data-element_type=\"column\" data-e-type=\"column\">\n\t\t\t<div class=\"elementor-widget-wrap elementor-element-populated\">\n\t\t\t\t\t\t<div class=\"elementor-element elementor-element-846dcb8 elementor-widget__width-initial elementor-widget elementor-widget-transx_links_list\" data-id=\"846dcb8\" data-element_type=\"widget\" data-e-type=\"widget\" data-widget_type=\"transx_links_list.default\">\n\t\t\t\t<div class=\"elementor-widget-container\">\n\t\t\t\t\t\n        <div class=\"transx_links_list_widget\">\n            <div class=\"transx_links_list_wrapper transx_view_type_2\">\n                <h5 class=\"transx_links_list_title\">Autres services<\/h5>\n\n                                            <a class=\"transx_links_list_item\" href=\"https:\/\/amatab.com\/fr\/location-des-equipements\" >\n                                <img decoding=\"async\" class=\"transx_img--bg\" src=\"http:\/\/amatab.com\/wp-content\/uploads\/2023\/11\/plate-forme-petroliere-creee-technologie-generative-ai-1-scaled.jpg\" alt=\"Background Image\" \/>\n                                <h6>Location des \u00e9quipements<\/h6>\n                                <span class=\"transx_links_list_counter\">01<\/span>\n                            <\/a>\n                                                            <\/div>\n        <\/div>\n\n        \t\t\t\t<\/div>\n\t\t\t\t<\/div>\n\t\t\t\t<div class=\"elementor-element elementor-element-b96b892 elementor-widget__width-initial elementor-widget elementor-widget-html\" data-id=\"b96b892\" data-element_type=\"widget\" data-e-type=\"widget\" data-widget_type=\"html.default\">\n\t\t\t\t<div class=\"elementor-widget-container\">\n\t\t\t\t\t<div class=\"transx_contact-trigger transx_contact-trigger--style-2\">\n\n\t<h4 class=\"transx_contact-trigger__title\">Besoin d'une estimation de prix ?<\/h4>\n\n\t<p class=\"transx_contact-trigger__text\">Nous sommes l\u00e0 pour vous fournir rapidement des informations d\u00e9taill\u00e9es sur nos tarifs !<\/p>\n\n\t<a class=\"transx_button\" href=\"https:\/\/amatab.com\/fr\/services-petroliers\/entretien-des-equipements\/obtenir-un-devis\/\">\n\t\t<span>OBTENIR UN DEVIS<\/span>\n\t\t<svg class=\"icon\">\n\t\t\t<svg viewbox=\"0 0 150 78.6\" xmlns=\"http:\/\/www.w3.org\/2000\/svg\"><path d=\"M0 31.5h150v12.7H0V31.5zM112.8-.1l30.9 31.5-8.8 9L104 8.9l8.8-9zm18.1 51l-18.4 18.8 8.9 9 18.4-18.8-8.9-9z\"\/><\/svg>\n\t\t<\/svg>\n\t<\/a>\n<\/div>\t\t\t\t<\/div>\n\t\t\t\t<\/div>\n\t\t\t\t\t<\/div>\n\t\t<\/div>\n\t\t\t\t\t<\/div>\n\t\t<\/section>\n\t\t\t\t<\/div>\n\t\t","protected":false},"excerpt":{"rendered":"<p>Entretien des \u00e9quipements Pour maintenir vos outils de travail en parfait \u00e9tat de fonctionnement, AMATAB &amp; CO vous propose une gamme compl\u00e8te de services d&rsquo;entretien r\u00e9pondant \u00e0 vos besoins sp\u00e9cifiques : Diagnostic : Nos experts effectuent des diagnostics pr\u00e9cis pour identifier les probl\u00e8mes potentiels de vos \u00e9quipements, permettant ainsi des interventions cibl\u00e9es et efficaces. R\u00e9paration [&hellip;]<\/p>\n","protected":false},"author":5,"featured_media":1275,"parent":3429,"menu_order":213,"comment_status":"closed","ping_status":"closed","template":"","meta":{"om_disable_all_campaigns":false,"_uf_show_specific_survey":0,"_uf_disable_surveys":false,"footnotes":""},"folder":[],"class_list":["post-3601","page","type-page","status-publish","has-post-thumbnail","hentry"],"aioseo_notices":[],"_links":{"self":[{"href":"https:\/\/amatab.com\/fr\/wp-json\/wp\/v2\/pages\/3601","targetHints":{"allow":["GET"]}}],"collection":[{"href":"https:\/\/amatab.com\/fr\/wp-json\/wp\/v2\/pages"}],"about":[{"href":"https:\/\/amatab.com\/fr\/wp-json\/wp\/v2\/types\/page"}],"author":[{"embeddable":true,"href":"https:\/\/amatab.com\/fr\/wp-json\/wp\/v2\/users\/5"}],"replies":[{"embeddable":true,"href":"https:\/\/amatab.com\/fr\/wp-json\/wp\/v2\/comments?post=3601"}],"version-history":[{"count":55,"href":"https:\/\/amatab.com\/fr\/wp-json\/wp\/v2\/pages\/3601\/revisions"}],"predecessor-version":[{"id":16131,"href":"https:\/\/amatab.com\/fr\/wp-json\/wp\/v2\/pages\/3601\/revisions\/16131"}],"up":[{"embeddable":true,"href":"https:\/\/amatab.com\/fr\/wp-json\/wp\/v2\/pages\/3429"}],"wp:featuredmedia":[{"embeddable":true,"href":"https:\/\/amatab.com\/fr\/wp-json\/wp\/v2\/media\/1275"}],"wp:attachment":[{"href":"https:\/\/amatab.com\/fr\/wp-json\/wp\/v2\/media?parent=3601"}],"wp:term":[{"taxonomy":"folder","embeddable":true,"href":"https:\/\/amatab.com\/fr\/wp-json\/wp\/v2\/folder?post=3601"}],"curies":[{"name":"wp","href":"https:\/\/api.w.org\/{rel}","templated":true}]}}