{"id":3873,"date":"2023-10-12T17:12:40","date_gmt":"2023-10-12T15:12:40","guid":{"rendered":"https:\/\/amatab.com\/?page_id=3873"},"modified":"2024-01-30T15:36:04","modified_gmt":"2024-01-30T14:36:04","slug":"securite-professionnelle-et-materiel-de-securite","status":"publish","type":"page","link":"https:\/\/amatab.com\/fr\/services-petroliers\/securite-professionnelle-et-materiel-de-securite\/","title":{"rendered":"S\u00e9curit\u00e9 professionnelle et mat\u00e9riel de s\u00e9curit\u00e9"},"content":{"rendered":"\t\t<div data-elementor-type=\"wp-page\" data-elementor-id=\"3873\" class=\"elementor elementor-3873\" data-elementor-post-type=\"page\">\n\t\t\t\t\t\t<section class=\"elementor-section elementor-top-section elementor-element elementor-element-5c4e76b elementor-section-boxed elementor-section-height-default elementor-section-height-default\" data-id=\"5c4e76b\" data-element_type=\"section\" data-e-type=\"section\">\n\t\t\t\t\t\t<div class=\"elementor-container elementor-column-gap-default\">\n\t\t\t\t\t<div class=\"elementor-column elementor-col-33 elementor-top-column elementor-element elementor-element-06addf5\" data-id=\"06addf5\" data-element_type=\"column\" data-e-type=\"column\">\n\t\t\t<div class=\"elementor-widget-wrap elementor-element-populated\">\n\t\t\t\t\t\t<div class=\"elementor-element elementor-element-636e8af elementor-widget elementor-widget-text-editor\" data-id=\"636e8af\" data-element_type=\"widget\" data-e-type=\"widget\" data-widget_type=\"text-editor.default\">\n\t\t\t\t<div class=\"elementor-widget-container\">\n\t\t\t\t\t\t\t\t\t<p>Nous sommes conscients des risques inh\u00e9rents \u00e0 l&rsquo;industrie p\u00e9troli\u00e8re, et notre objectif est de garantir la s\u00e9curit\u00e9 de chaque membre de votre \u00e9quipe sur le terrain.<\/p><p>Pour ce faire, nous mettons en place des syst\u00e8mes de surveillance vid\u00e9o pour surveiller les zones de travail \u00e0 distance et garantir la s\u00e9curit\u00e9 de l&rsquo;\u00e9quipe en temps r\u00e9el ainsi que des syst\u00e8mes de communication de pointe, garantissant que chaque membre reste connect\u00e9 en tout temps, facilitant ainsi la coordination et les r\u00e9ponses rapides en cas d&rsquo;urgence.<br \/><br \/>AMATAB &amp; CO pense de mani\u00e8re proactive \u00e0 la s\u00e9curit\u00e9 professionnelle sur le terrain et met en \u0153uvre les outils et techniques les plus avanc\u00e9s pour minimiser les risques et prot\u00e9ger votre personnel.<\/p>\t\t\t\t\t\t\t\t<\/div>\n\t\t\t\t<\/div>\n\t\t\t\t\t<\/div>\n\t\t<\/div>\n\t\t\t\t<div class=\"elementor-column elementor-col-33 elementor-top-column elementor-element elementor-element-bbc583a\" data-id=\"bbc583a\" data-element_type=\"column\" data-e-type=\"column\">\n\t\t\t<div class=\"elementor-widget-wrap elementor-element-populated\">\n\t\t\t\t\t\t<div class=\"elementor-element elementor-element-16d4b18 elementor-widget__width-initial elementor-widget elementor-widget-image\" data-id=\"16d4b18\" data-element_type=\"widget\" data-e-type=\"widget\" data-widget_type=\"image.default\">\n\t\t\t\t<div class=\"elementor-widget-container\">\n\t\t\t\t\t\t\t\t\t\t\t\t\t\t\t<img fetchpriority=\"high\" decoding=\"async\" width=\"768\" height=\"1152\" src=\"https:\/\/amatab.com\/wp-content\/uploads\/2023\/11\/vue-face-femme-portant-casque-768x1152.jpg\" class=\"attachment-medium_large size-medium_large wp-image-11450\" alt=\"\" srcset=\"https:\/\/amatab.com\/wp-content\/uploads\/2023\/11\/vue-face-femme-portant-casque-768x1152.jpg 768w, https:\/\/amatab.com\/wp-content\/uploads\/2023\/11\/vue-face-femme-portant-casque-200x300.jpg 200w, https:\/\/amatab.com\/wp-content\/uploads\/2023\/11\/vue-face-femme-portant-casque-683x1024.jpg 683w, https:\/\/amatab.com\/wp-content\/uploads\/2023\/11\/vue-face-femme-portant-casque-1024x1536.jpg 1024w, https:\/\/amatab.com\/wp-content\/uploads\/2023\/11\/vue-face-femme-portant-casque-1365x2048.jpg 1365w, https:\/\/amatab.com\/wp-content\/uploads\/2023\/11\/vue-face-femme-portant-casque-1320x1980.jpg 1320w, https:\/\/amatab.com\/wp-content\/uploads\/2023\/11\/vue-face-femme-portant-casque-600x900.jpg 600w, https:\/\/amatab.com\/wp-content\/uploads\/2023\/11\/vue-face-femme-portant-casque-scaled.jpg 1707w\" sizes=\"(max-width: 768px) 100vw, 768px\" \/>\t\t\t\t\t\t\t\t\t\t\t\t\t\t\t<\/div>\n\t\t\t\t<\/div>\n\t\t\t\t\t<\/div>\n\t\t<\/div>\n\t\t\t\t<div class=\"elementor-column elementor-col-33 elementor-top-column elementor-element elementor-element-a01b1c0\" data-id=\"a01b1c0\" data-element_type=\"column\" data-e-type=\"column\">\n\t\t\t<div class=\"elementor-widget-wrap elementor-element-populated\">\n\t\t\t\t\t\t<div class=\"elementor-element elementor-element-19ccab9 elementor-widget elementor-widget-transx_links_list\" data-id=\"19ccab9\" data-element_type=\"widget\" data-e-type=\"widget\" data-widget_type=\"transx_links_list.default\">\n\t\t\t\t<div class=\"elementor-widget-container\">\n\t\t\t\t\t\n        <div class=\"transx_links_list_widget\">\n            <div class=\"transx_links_list_wrapper transx_view_type_2\">\n                <h5 class=\"transx_links_list_title\">Autres services<\/h5>\n\n                                            <a class=\"transx_links_list_item\" href=\"https:\/\/amatab.com\/fr\/services-petroliers\/mesures-de-protection\/\" >\n                                <img decoding=\"async\" class=\"transx_img--bg\" src=\"http:\/\/amatab.com\/wp-content\/uploads\/2023\/10\/side-view-male-worker-with-protective-glasses-reflective-vest_23-2148773500.jpg\" alt=\"Background Image\" \/>\n                                <h6>Mesures de protection<\/h6>\n                                <span class=\"transx_links_list_counter\">01<\/span>\n                            <\/a>\n                                                        <a class=\"transx_links_list_item\" href=\"https:\/\/amatab.com\/fr\/services-petroliers\/services-medicaux-2\/\" >\n                                <img decoding=\"async\" class=\"transx_img--bg\" src=\"http:\/\/amatab.com\/wp-content\/uploads\/2023\/11\/medecin-posant-stethoscope-scaled.jpg\" alt=\"Background Image\" \/>\n                                <h6>Services medicaux<\/h6>\n                                <span class=\"transx_links_list_counter\">02<\/span>\n                            <\/a>\n                                                        <a class=\"transx_links_list_item\" href=\"https:\/\/amatab.com\/fr\/services-petroliers\/services-transport\/\" >\n                                <img decoding=\"async\" class=\"transx_img--bg\" src=\"http:\/\/amatab.com\/wp-content\/uploads\/2023\/11\/conductrice-professionnelle-au-travail-scaled.jpg\" alt=\"Background Image\" \/>\n                                <h6>Services de transport<\/h6>\n                                <span class=\"transx_links_list_counter\">03<\/span>\n                            <\/a>\n                                                        <a class=\"transx_links_list_item\" href=\"https:\/\/amatab.com\/fr\/services-petroliers\/approvisionnement-et-nettoyage\/\" >\n                                <img decoding=\"async\" class=\"transx_img--bg\" src=\"http:\/\/amatab.com\/wp-content\/uploads\/2023\/10\/male-workers-dressing-protective-shower-detoxification-suit-clean-up-after-sealing-leaking-container-from-corrosive-toxic_478515-9388.jpg\" alt=\"Background Image\" \/>\n                                <h6>Approvisionnement et nettoyage<\/h6>\n                                <span class=\"transx_links_list_counter\">04<\/span>\n                            <\/a>\n                                                            <\/div>\n        <\/div>\n\n        \t\t\t\t<\/div>\n\t\t\t\t<\/div>\n\t\t\t\t<div class=\"elementor-element elementor-element-97071e5 elementor-widget elementor-widget-html\" data-id=\"97071e5\" data-element_type=\"widget\" data-e-type=\"widget\" data-widget_type=\"html.default\">\n\t\t\t\t<div class=\"elementor-widget-container\">\n\t\t\t\t\t<div class=\"transx_contact-trigger transx_contact-trigger--style-2\">\n\n\n\t<h4 class=\"transx_contact-trigger__title\">Besoin d'une estimation de prix ?<\/h4>\n\n\t<p class=\"transx_contact-trigger__text\">Nous sommes l\u00e0 pour vous fournir rapidement des informations d\u00e9taill\u00e9es sur nos tarifs !<\/p>\n\n\t<a class=\"transx_button\" href=\"https:\/\/amatab.com\/fr\/services-petroliers\/securite-professionnelle-et-materiel-de-securite\/obtenir-un-devis\/\">\n\t\t<span>OBTENIR UN DEVIS<\/span>\n\t\t<svg class=\"icon\">\n\t\t\t<svg viewbox=\"0 0 150 78.6\" xmlns=\"http:\/\/www.w3.org\/2000\/svg\"><path d=\"M0 31.5h150v12.7H0V31.5zM112.8-.1l30.9 31.5-8.8 9L104 8.9l8.8-9zm18.1 51l-18.4 18.8 8.9 9 18.4-18.8-8.9-9z\"\/><\/svg>\n\t\t<\/svg>\n\t<\/a>\n<\/div>\t\t\t\t<\/div>\n\t\t\t\t<\/div>\n\t\t\t\t\t<\/div>\n\t\t<\/div>\n\t\t\t\t\t<\/div>\n\t\t<\/section>\n\t\t\t\t<\/div>\n\t\t","protected":false},"excerpt":{"rendered":"<p>Nous sommes conscients des risques inh\u00e9rents \u00e0 l&rsquo;industrie p\u00e9troli\u00e8re, et notre objectif est de garantir la s\u00e9curit\u00e9 de chaque membre de votre \u00e9quipe sur le terrain. Pour ce faire, nous mettons en place des syst\u00e8mes de surveillance vid\u00e9o pour surveiller les zones de travail \u00e0 distance et garantir la s\u00e9curit\u00e9 de l&rsquo;\u00e9quipe en temps r\u00e9el [&hellip;]<\/p>\n","protected":false},"author":5,"featured_media":1275,"parent":3429,"menu_order":47,"comment_status":"closed","ping_status":"closed","template":"","meta":{"om_disable_all_campaigns":false,"_uf_show_specific_survey":0,"_uf_disable_surveys":false,"footnotes":""},"folder":[],"class_list":["post-3873","page","type-page","status-publish","has-post-thumbnail","hentry"],"aioseo_notices":[],"_links":{"self":[{"href":"https:\/\/amatab.com\/fr\/wp-json\/wp\/v2\/pages\/3873","targetHints":{"allow":["GET"]}}],"collection":[{"href":"https:\/\/amatab.com\/fr\/wp-json\/wp\/v2\/pages"}],"about":[{"href":"https:\/\/amatab.com\/fr\/wp-json\/wp\/v2\/types\/page"}],"author":[{"embeddable":true,"href":"https:\/\/amatab.com\/fr\/wp-json\/wp\/v2\/users\/5"}],"replies":[{"embeddable":true,"href":"https:\/\/amatab.com\/fr\/wp-json\/wp\/v2\/comments?post=3873"}],"version-history":[{"count":72,"href":"https:\/\/amatab.com\/fr\/wp-json\/wp\/v2\/pages\/3873\/revisions"}],"predecessor-version":[{"id":16110,"href":"https:\/\/amatab.com\/fr\/wp-json\/wp\/v2\/pages\/3873\/revisions\/16110"}],"up":[{"embeddable":true,"href":"https:\/\/amatab.com\/fr\/wp-json\/wp\/v2\/pages\/3429"}],"wp:featuredmedia":[{"embeddable":true,"href":"https:\/\/amatab.com\/fr\/wp-json\/wp\/v2\/media\/1275"}],"wp:attachment":[{"href":"https:\/\/amatab.com\/fr\/wp-json\/wp\/v2\/media?parent=3873"}],"wp:term":[{"taxonomy":"folder","embeddable":true,"href":"https:\/\/amatab.com\/fr\/wp-json\/wp\/v2\/folder?post=3873"}],"curies":[{"name":"wp","href":"https:\/\/api.w.org\/{rel}","templated":true}]}}