{"id":3957,"date":"2023-10-13T10:49:11","date_gmt":"2023-10-13T08:49:11","guid":{"rendered":"https:\/\/amatab.com\/?page_id=3957"},"modified":"2024-02-05T11:29:47","modified_gmt":"2024-02-05T10:29:47","slug":"documentation","status":"publish","type":"page","link":"https:\/\/amatab.com\/fr\/entreprises-petrolieres\/documentation\/","title":{"rendered":"Documentation"},"content":{"rendered":"\t\t<div data-elementor-type=\"wp-page\" data-elementor-id=\"3957\" class=\"elementor elementor-3957\" data-elementor-post-type=\"page\">\n\t\t\t\t\t\t<section class=\"elementor-section elementor-top-section elementor-element elementor-element-d74be0c elementor-section-boxed elementor-section-height-default elementor-section-height-default\" data-id=\"d74be0c\" data-element_type=\"section\" data-e-type=\"section\">\n\t\t\t\t\t\t<div class=\"elementor-container elementor-column-gap-default\">\n\t\t\t\t\t<div class=\"elementor-column elementor-col-33 elementor-top-column elementor-element elementor-element-0406876\" data-id=\"0406876\" data-element_type=\"column\" data-e-type=\"column\">\n\t\t\t<div class=\"elementor-widget-wrap elementor-element-populated\">\n\t\t\t\t\t\t<div class=\"elementor-element elementor-element-cdc9044 elementor-widget elementor-widget-text-editor\" data-id=\"cdc9044\" data-element_type=\"widget\" data-e-type=\"widget\" data-widget_type=\"text-editor.default\">\n\t\t\t\t<div class=\"elementor-widget-container\">\n\t\t\t\t\t\t\t\t\t<p>La cr\u00e9ation et la gestion d&rsquo;une entreprise p\u00e9troli\u00e8re exigent une documentation compl\u00e8te et pr\u00e9cise pour assurer la conformit\u00e9 l\u00e9gale et op\u00e9rationnelle. AMATAB &amp; CO, prend en charge cette t\u00e2che pour vous simplifier le processus.<\/p><p>Nous travaillons en \u00e9troite collaboration avec vous pour pr\u00e9parer tous les documents n\u00e9cessaires \u00e0 la cr\u00e9ation de votre entreprise p\u00e9troli\u00e8re. Cela comprend la r\u00e9daction des statuts, les autorisations gouvernementales, les licences et toutes les autres formalit\u00e9s administratives requises. Nous veillons \u00e0 ce que chaque document soit correctement compl\u00e9t\u00e9 et conforme aux r\u00e9glementations en vigueur.<\/p>\t\t\t\t\t\t\t\t<\/div>\n\t\t\t\t<\/div>\n\t\t\t\t<div class=\"elementor-element elementor-element-ecc8f19 elementor-widget__width-initial elementor-hidden-desktop elementor-hidden-tablet elementor-widget elementor-widget-image\" data-id=\"ecc8f19\" data-element_type=\"widget\" data-e-type=\"widget\" data-widget_type=\"image.default\">\n\t\t\t\t<div class=\"elementor-widget-container\">\n\t\t\t\t\t\t\t\t\t\t\t\t\t\t\t<img fetchpriority=\"high\" decoding=\"async\" width=\"683\" height=\"1024\" src=\"https:\/\/amatab.com\/wp-content\/uploads\/2023\/11\/reliure-anneaux-utilisee-pour-documents-stockes-683x1024.jpg\" class=\"attachment-large size-large wp-image-12115\" alt=\"\" srcset=\"https:\/\/amatab.com\/wp-content\/uploads\/2023\/11\/reliure-anneaux-utilisee-pour-documents-stockes-683x1024.jpg 683w, https:\/\/amatab.com\/wp-content\/uploads\/2023\/11\/reliure-anneaux-utilisee-pour-documents-stockes-200x300.jpg 200w, https:\/\/amatab.com\/wp-content\/uploads\/2023\/11\/reliure-anneaux-utilisee-pour-documents-stockes-768x1151.jpg 768w, https:\/\/amatab.com\/wp-content\/uploads\/2023\/11\/reliure-anneaux-utilisee-pour-documents-stockes-1025x1536.jpg 1025w, https:\/\/amatab.com\/wp-content\/uploads\/2023\/11\/reliure-anneaux-utilisee-pour-documents-stockes-1367x2048.jpg 1367w, https:\/\/amatab.com\/wp-content\/uploads\/2023\/11\/reliure-anneaux-utilisee-pour-documents-stockes-1320x1978.jpg 1320w, https:\/\/amatab.com\/wp-content\/uploads\/2023\/11\/reliure-anneaux-utilisee-pour-documents-stockes-600x899.jpg 600w, https:\/\/amatab.com\/wp-content\/uploads\/2023\/11\/reliure-anneaux-utilisee-pour-documents-stockes-scaled.jpg 1708w\" sizes=\"(max-width: 683px) 100vw, 683px\" \/>\t\t\t\t\t\t\t\t\t\t\t\t\t\t\t<\/div>\n\t\t\t\t<\/div>\n\t\t\t\t<div class=\"elementor-element elementor-element-beed7b9 elementor-widget__width-initial elementor-widget elementor-widget-text-editor\" data-id=\"beed7b9\" data-element_type=\"widget\" data-e-type=\"widget\" data-widget_type=\"text-editor.default\">\n\t\t\t\t<div class=\"elementor-widget-container\">\n\t\t\t\t\t\t\t\t\t<p>En outre, notre \u00e9quipe d&rsquo;experts est \u00e0 votre disposition pour vous aider \u00e0 organiser, g\u00e9rer et stocker tous les documents essentiels de votre entreprise, entre autres les contrats avec des partenaires et des fournisseurs, les donn\u00e9es g\u00e9ospatiales\u2026. Nous utilisons des syst\u00e8mes de gestion de documents de pointe pour assurer la s\u00e9curit\u00e9, la tra\u00e7abilit\u00e9 et l&rsquo;accessibilit\u00e9 de vos informations.<\/p><p>Gr\u00e2ce \u00e0 notre expertise, vous pouvez avoir l&rsquo;assurance que tous les aspects l\u00e9gaux et administratifs de votre entreprise seront g\u00e9r\u00e9s de mani\u00e8re professionnelle et efficiente.<\/p>\t\t\t\t\t\t\t\t<\/div>\n\t\t\t\t<\/div>\n\t\t\t\t\t<\/div>\n\t\t<\/div>\n\t\t\t\t<div class=\"elementor-column elementor-col-33 elementor-top-column elementor-element elementor-element-622f1de\" data-id=\"622f1de\" data-element_type=\"column\" data-e-type=\"column\">\n\t\t\t<div class=\"elementor-widget-wrap elementor-element-populated\">\n\t\t\t\t\t\t<div class=\"elementor-element elementor-element-8214a3e elementor-widget__width-initial elementor-hidden-mobile elementor-widget elementor-widget-image\" data-id=\"8214a3e\" data-element_type=\"widget\" data-e-type=\"widget\" data-widget_type=\"image.default\">\n\t\t\t\t<div class=\"elementor-widget-container\">\n\t\t\t\t\t\t\t\t\t\t\t\t\t\t\t<img fetchpriority=\"high\" decoding=\"async\" width=\"683\" height=\"1024\" src=\"https:\/\/amatab.com\/wp-content\/uploads\/2023\/11\/reliure-anneaux-utilisee-pour-documents-stockes-683x1024.jpg\" class=\"attachment-large size-large wp-image-12115\" alt=\"\" srcset=\"https:\/\/amatab.com\/wp-content\/uploads\/2023\/11\/reliure-anneaux-utilisee-pour-documents-stockes-683x1024.jpg 683w, https:\/\/amatab.com\/wp-content\/uploads\/2023\/11\/reliure-anneaux-utilisee-pour-documents-stockes-200x300.jpg 200w, https:\/\/amatab.com\/wp-content\/uploads\/2023\/11\/reliure-anneaux-utilisee-pour-documents-stockes-768x1151.jpg 768w, https:\/\/amatab.com\/wp-content\/uploads\/2023\/11\/reliure-anneaux-utilisee-pour-documents-stockes-1025x1536.jpg 1025w, https:\/\/amatab.com\/wp-content\/uploads\/2023\/11\/reliure-anneaux-utilisee-pour-documents-stockes-1367x2048.jpg 1367w, https:\/\/amatab.com\/wp-content\/uploads\/2023\/11\/reliure-anneaux-utilisee-pour-documents-stockes-1320x1978.jpg 1320w, https:\/\/amatab.com\/wp-content\/uploads\/2023\/11\/reliure-anneaux-utilisee-pour-documents-stockes-600x899.jpg 600w, https:\/\/amatab.com\/wp-content\/uploads\/2023\/11\/reliure-anneaux-utilisee-pour-documents-stockes-scaled.jpg 1708w\" sizes=\"(max-width: 683px) 100vw, 683px\" \/>\t\t\t\t\t\t\t\t\t\t\t\t\t\t\t<\/div>\n\t\t\t\t<\/div>\n\t\t\t\t\t<\/div>\n\t\t<\/div>\n\t\t\t\t<div class=\"elementor-column elementor-col-33 elementor-top-column elementor-element elementor-element-64f7cad\" data-id=\"64f7cad\" data-element_type=\"column\" data-e-type=\"column\">\n\t\t\t<div class=\"elementor-widget-wrap elementor-element-populated\">\n\t\t\t\t\t\t<div class=\"elementor-element elementor-element-32c380f elementor-widget elementor-widget-transx_links_list\" data-id=\"32c380f\" data-element_type=\"widget\" data-e-type=\"widget\" data-widget_type=\"transx_links_list.default\">\n\t\t\t\t<div class=\"elementor-widget-container\">\n\t\t\t\t\t\n        <div class=\"transx_links_list_widget\">\n            <div class=\"transx_links_list_wrapper transx_view_type_2\">\n                <h5 class=\"transx_links_list_title\">Autres services<\/h5>\n\n                                            <a class=\"transx_links_list_item\" href=\"https:\/\/amatab.com\/fr\/entreprises-petrolieres\/creation-de-lentreprise\/\" >\n                                <img decoding=\"async\" class=\"transx_img--bg\" src=\"http:\/\/amatab.com\/wp-content\/uploads\/2023\/11\/formalites-administratives-paperasserie-ecriture-scaled.jpg\" alt=\"Background Image\" \/>\n                                <h6>Cr\u00e9ation de l\u2019entreprise<\/h6>\n                                <span class=\"transx_links_list_counter\">01<\/span>\n                            <\/a>\n                                                        <a class=\"transx_links_list_item\" href=\"https:\/\/amatab.com\/fr\/entreprises-petrolieres\/conseils-financiers\/\" >\n                                <img decoding=\"async\" class=\"transx_img--bg\" src=\"http:\/\/amatab.com\/wp-content\/uploads\/2023\/11\/homme-affaires-calcul-nombres-finances-scaled.jpg\" alt=\"Background Image\" \/>\n                                <h6>Conseils financiers <\/h6>\n                                <span class=\"transx_links_list_counter\">02<\/span>\n                            <\/a>\n                                                            <\/div>\n        <\/div>\n\n        \t\t\t\t<\/div>\n\t\t\t\t<\/div>\n\t\t\t\t<div class=\"elementor-element elementor-element-635a921 elementor-widget elementor-widget-html\" data-id=\"635a921\" data-element_type=\"widget\" data-e-type=\"widget\" data-widget_type=\"html.default\">\n\t\t\t\t<div class=\"elementor-widget-container\">\n\t\t\t\t\t<div class=\"transx_contact-trigger transx_contact-trigger--style-2\">\n\n\n\t<h4 class=\"transx_contact-trigger__title\">Besoin d'une estimation de prix ?<\/h4>\n\n\t<p class=\"transx_contact-trigger__text\">Nous sommes l\u00e0 pour vous fournir rapidement des informations d\u00e9taill\u00e9es sur nos tarifs !<\/p>\n\n\t<a class=\"transx_button\" href=\"https:\/\/amatab.com\/fr\/entreprises-petrolieres\/documentation\/obtenir-un-devis\/\">\n\t\t<span>OBTENIR UN DEVIS<\/span>\n\t\t<svg class=\"icon\">\n\t\t\t<svg viewbox=\"0 0 150 78.6\" xmlns=\"http:\/\/www.w3.org\/2000\/svg\"><path d=\"M0 31.5h150v12.7H0V31.5zM112.8-.1l30.9 31.5-8.8 9L104 8.9l8.8-9zm18.1 51l-18.4 18.8 8.9 9 18.4-18.8-8.9-9z\"\/><\/svg>\n\t\t<\/svg>\n\t<\/a>\n<\/div>\t\t\t\t<\/div>\n\t\t\t\t<\/div>\n\t\t\t\t\t<\/div>\n\t\t<\/div>\n\t\t\t\t\t<\/div>\n\t\t<\/section>\n\t\t\t\t<\/div>\n\t\t","protected":false},"excerpt":{"rendered":"<p>La cr\u00e9ation et la gestion d&rsquo;une entreprise p\u00e9troli\u00e8re exigent une documentation compl\u00e8te et pr\u00e9cise pour assurer la conformit\u00e9 l\u00e9gale et op\u00e9rationnelle. AMATAB &amp; CO, prend en charge cette t\u00e2che pour vous simplifier le processus. Nous travaillons en \u00e9troite collaboration avec vous pour pr\u00e9parer tous les documents n\u00e9cessaires \u00e0 la cr\u00e9ation de votre entreprise p\u00e9troli\u00e8re. Cela [&hellip;]<\/p>\n","protected":false},"author":5,"featured_media":772,"parent":3833,"menu_order":40,"comment_status":"closed","ping_status":"closed","template":"","meta":{"om_disable_all_campaigns":false,"_uf_show_specific_survey":0,"_uf_disable_surveys":false,"footnotes":""},"folder":[],"class_list":["post-3957","page","type-page","status-publish","has-post-thumbnail","hentry"],"aioseo_notices":[],"_links":{"self":[{"href":"https:\/\/amatab.com\/fr\/wp-json\/wp\/v2\/pages\/3957","targetHints":{"allow":["GET"]}}],"collection":[{"href":"https:\/\/amatab.com\/fr\/wp-json\/wp\/v2\/pages"}],"about":[{"href":"https:\/\/amatab.com\/fr\/wp-json\/wp\/v2\/types\/page"}],"author":[{"embeddable":true,"href":"https:\/\/amatab.com\/fr\/wp-json\/wp\/v2\/users\/5"}],"replies":[{"embeddable":true,"href":"https:\/\/amatab.com\/fr\/wp-json\/wp\/v2\/comments?post=3957"}],"version-history":[{"count":49,"href":"https:\/\/amatab.com\/fr\/wp-json\/wp\/v2\/pages\/3957\/revisions"}],"predecessor-version":[{"id":16154,"href":"https:\/\/amatab.com\/fr\/wp-json\/wp\/v2\/pages\/3957\/revisions\/16154"}],"up":[{"embeddable":true,"href":"https:\/\/amatab.com\/fr\/wp-json\/wp\/v2\/pages\/3833"}],"wp:featuredmedia":[{"embeddable":true,"href":"https:\/\/amatab.com\/fr\/wp-json\/wp\/v2\/media\/772"}],"wp:attachment":[{"href":"https:\/\/amatab.com\/fr\/wp-json\/wp\/v2\/media?parent=3957"}],"wp:term":[{"taxonomy":"folder","embeddable":true,"href":"https:\/\/amatab.com\/fr\/wp-json\/wp\/v2\/folder?post=3957"}],"curies":[{"name":"wp","href":"https:\/\/api.w.org\/{rel}","templated":true}]}}