{"id":5200,"date":"2023-10-20T10:59:10","date_gmt":"2023-10-20T08:59:10","guid":{"rendered":"https:\/\/amatab.com\/?page_id=5200"},"modified":"2024-01-20T10:06:29","modified_gmt":"2024-01-20T09:06:29","slug":"produits-pharmaceutiques","status":"publish","type":"page","link":"https:\/\/amatab.com\/fr\/import-export\/produits-pharmaceutiques\/","title":{"rendered":"Produits pharmaceutiques"},"content":{"rendered":"\t\t<div data-elementor-type=\"wp-page\" data-elementor-id=\"5200\" class=\"elementor elementor-5200\" data-elementor-post-type=\"page\">\n\t\t\t\t\t\t<section class=\"elementor-section elementor-top-section elementor-element elementor-element-9d0c91f elementor-section-boxed elementor-section-height-default elementor-section-height-default\" data-id=\"9d0c91f\" data-element_type=\"section\" data-e-type=\"section\">\n\t\t\t\t\t\t<div class=\"elementor-container elementor-column-gap-default\">\n\t\t\t\t\t<div class=\"elementor-column elementor-col-33 elementor-top-column elementor-element elementor-element-9629738\" data-id=\"9629738\" data-element_type=\"column\" data-e-type=\"column\">\n\t\t\t<div class=\"elementor-widget-wrap elementor-element-populated\">\n\t\t\t\t\t\t<div class=\"elementor-element elementor-element-4cb9128 elementor-widget elementor-widget-text-editor\" data-id=\"4cb9128\" data-element_type=\"widget\" data-e-type=\"widget\" data-widget_type=\"text-editor.default\">\n\t\t\t\t<div class=\"elementor-widget-container\">\n\t\t\t\t\t\t\t\t\t<p><span style=\"color: #696e76;\"><span style=\"font-family: Arial, serif;\">La pr\u00e9servation de vies repose sur la livraison fiable de produits de sant\u00e9. Gr\u00e2ce \u00e0 notre vaste exp\u00e9rience en logistique pharmaceutique, nous nous engageons \u00e0 garantir que vos produits sensibles atteignent leur destination en toute s\u00e9curit\u00e9.<\/span><\/span><\/p><p><span style=\"color: #696e76;\"><span style=\"font-family: Arial, serif;\">Notre service complet englobe la pr\u00e9paration individuelle des produits pour l&rsquo;exp\u00e9dition, une surveillance rigoureuse et le maintien de la cha\u00eene du froid, l&rsquo;offre de solutions d&#8217;emballage \u00e0 temp\u00e9rature contr\u00f4l\u00e9e, et bien entendu, la livraison \u00e0 l&rsquo;heure convenue. Nous nous portons garants de l&rsquo;int\u00e9grit\u00e9 des produits pharmaceutiques gr\u00e2ce \u00e0 une manipulation sp\u00e9cifique et \u00e0 une surveillance attentive, des processus de travail bien d\u00e9finis, et une \u00e9quipe qualifi\u00e9e \u00e0 votre disposition 24h \/24.<\/span><\/span><\/p>\t\t\t\t\t\t\t\t<\/div>\n\t\t\t\t<\/div>\n\t\t\t\t\t<\/div>\n\t\t<\/div>\n\t\t\t\t<div class=\"elementor-column elementor-col-33 elementor-top-column elementor-element elementor-element-6615977\" data-id=\"6615977\" data-element_type=\"column\" data-e-type=\"column\">\n\t\t\t<div class=\"elementor-widget-wrap elementor-element-populated\">\n\t\t\t\t\t\t<div class=\"elementor-element elementor-element-0dcc224 elementor-widget elementor-widget-image\" data-id=\"0dcc224\" data-element_type=\"widget\" data-e-type=\"widget\" data-widget_type=\"image.default\">\n\t\t\t\t<div class=\"elementor-widget-container\">\n\t\t\t\t\t\t\t\t\t\t\t\t\t\t\t<img fetchpriority=\"high\" decoding=\"async\" width=\"768\" height=\"1152\" src=\"https:\/\/amatab.com\/wp-content\/uploads\/2023\/11\/femme-malade-ayant-maladie-saisonniere-maison-assise-dans-couverture-canape-jeune-adulte-prenant-medicaments-768x1152.jpg\" class=\"attachment-medium_large size-medium_large wp-image-8143\" alt=\"\" srcset=\"https:\/\/amatab.com\/wp-content\/uploads\/2023\/11\/femme-malade-ayant-maladie-saisonniere-maison-assise-dans-couverture-canape-jeune-adulte-prenant-medicaments-768x1152.jpg 768w, https:\/\/amatab.com\/wp-content\/uploads\/2023\/11\/femme-malade-ayant-maladie-saisonniere-maison-assise-dans-couverture-canape-jeune-adulte-prenant-medicaments-200x300.jpg 200w, https:\/\/amatab.com\/wp-content\/uploads\/2023\/11\/femme-malade-ayant-maladie-saisonniere-maison-assise-dans-couverture-canape-jeune-adulte-prenant-medicaments-683x1024.jpg 683w, https:\/\/amatab.com\/wp-content\/uploads\/2023\/11\/femme-malade-ayant-maladie-saisonniere-maison-assise-dans-couverture-canape-jeune-adulte-prenant-medicaments-1024x1536.jpg 1024w, https:\/\/amatab.com\/wp-content\/uploads\/2023\/11\/femme-malade-ayant-maladie-saisonniere-maison-assise-dans-couverture-canape-jeune-adulte-prenant-medicaments-1365x2048.jpg 1365w, https:\/\/amatab.com\/wp-content\/uploads\/2023\/11\/femme-malade-ayant-maladie-saisonniere-maison-assise-dans-couverture-canape-jeune-adulte-prenant-medicaments-1320x1980.jpg 1320w, https:\/\/amatab.com\/wp-content\/uploads\/2023\/11\/femme-malade-ayant-maladie-saisonniere-maison-assise-dans-couverture-canape-jeune-adulte-prenant-medicaments-600x900.jpg 600w, https:\/\/amatab.com\/wp-content\/uploads\/2023\/11\/femme-malade-ayant-maladie-saisonniere-maison-assise-dans-couverture-canape-jeune-adulte-prenant-medicaments-scaled.jpg 1707w\" sizes=\"(max-width: 768px) 100vw, 768px\" \/>\t\t\t\t\t\t\t\t\t\t\t\t\t\t\t<\/div>\n\t\t\t\t<\/div>\n\t\t\t\t\t<\/div>\n\t\t<\/div>\n\t\t\t\t<div class=\"elementor-column elementor-col-33 elementor-top-column elementor-element elementor-element-63ee024\" data-id=\"63ee024\" data-element_type=\"column\" data-e-type=\"column\">\n\t\t\t<div class=\"elementor-widget-wrap elementor-element-populated\">\n\t\t\t\t\t\t<div class=\"elementor-element elementor-element-5a7e53f elementor-widget elementor-widget-transx_links_list\" data-id=\"5a7e53f\" data-element_type=\"widget\" data-e-type=\"widget\" data-widget_type=\"transx_links_list.default\">\n\t\t\t\t<div class=\"elementor-widget-container\">\n\t\t\t\t\t\n        <div class=\"transx_links_list_widget\">\n            <div class=\"transx_links_list_wrapper transx_view_type_2\">\n                <h5 class=\"transx_links_list_title\">Autres Services<\/h5>\n\n                                            <a class=\"transx_links_list_item\" href=\"https:\/\/amatab.com\/fr\/import-export\/produits-alimentaires\/\" >\n                                <img decoding=\"async\" class=\"transx_img--bg\" src=\"http:\/\/amatab.com\/wp-content\/uploads\/2023\/09\/bc428d205e241161c07ff3e2d0fc2022.jpg\" alt=\"Background Image\" \/>\n                                <h6>Produits alimentaires<\/h6>\n                                <span class=\"transx_links_list_counter\">01<\/span>\n                            <\/a>\n                                                        <a class=\"transx_links_list_item\" href=\"https:\/\/amatab.com\/fr\/import-export\/marchandises-dangereuses\/\" >\n                                <img decoding=\"async\" class=\"transx_img--bg\" src=\"http:\/\/amatab.com\/wp-content\/uploads\/2023\/09\/istockphoto-172374670-612x612-1.jpg\" alt=\"Background Image\" \/>\n                                <h6>Produits dangereux<\/h6>\n                                <span class=\"transx_links_list_counter\">02<\/span>\n                            <\/a>\n                                                            <\/div>\n        <\/div>\n\n        \t\t\t\t<\/div>\n\t\t\t\t<\/div>\n\t\t\t\t<div class=\"elementor-element elementor-element-b7d8831 elementor-widget__width-initial elementor-widget elementor-widget-html\" data-id=\"b7d8831\" data-element_type=\"widget\" data-e-type=\"widget\" data-widget_type=\"html.default\">\n\t\t\t\t<div class=\"elementor-widget-container\">\n\t\t\t\t\t<div class=\"transx_contact-trigger transx_contact-trigger--style-2\">\n\n\n\t<h4 class=\"transx_contact-trigger__title\">Besoin d'une estimation de prix ?<\/h4>\n\n\t<p class=\"transx_contact-trigger__text\">Nous sommes l\u00e0 pour vous fournir rapidement des informations d\u00e9taill\u00e9es sur nos tarifs !<\/p>\n\n\t<a class=\"transx_button\" href=\"https:\/\/amatab.com\/fr\/import-export\/produits-pharmaceutiques\/obtenir-un-devis\/\">\n\t\t<span>OBTENIR UN DEVIS<\/span>\n\t\t<svg class=\"icon\">\n\t\t\t<svg viewbox=\"0 0 150 78.6\" xmlns=\"http:\/\/www.w3.org\/2000\/svg\"><path d=\"M0 31.5h150v12.7H0V31.5zM112.8-.1l30.9 31.5-8.8 9L104 8.9l8.8-9zm18.1 51l-18.4 18.8 8.9 9 18.4-18.8-8.9-9z\"\/><\/svg>\n\t\t<\/svg>\n\t<\/a>\n<\/div>\t\t\t\t<\/div>\n\t\t\t\t<\/div>\n\t\t\t\t\t<\/div>\n\t\t<\/div>\n\t\t\t\t\t<\/div>\n\t\t<\/section>\n\t\t\t\t<\/div>\n\t\t","protected":false},"excerpt":{"rendered":"<p>La pr\u00e9servation de vies repose sur la livraison fiable de produits de sant\u00e9. Gr\u00e2ce \u00e0 notre vaste exp\u00e9rience en logistique pharmaceutique, nous nous engageons \u00e0 garantir que vos produits sensibles atteignent leur destination en toute s\u00e9curit\u00e9. Notre service complet englobe la pr\u00e9paration individuelle des produits pour l&rsquo;exp\u00e9dition, une surveillance rigoureuse et le maintien de la [&hellip;]<\/p>\n","protected":false},"author":5,"featured_media":1275,"parent":2476,"menu_order":70,"comment_status":"closed","ping_status":"closed","template":"","meta":{"om_disable_all_campaigns":false,"_uf_show_specific_survey":0,"_uf_disable_surveys":false,"footnotes":""},"folder":[],"class_list":["post-5200","page","type-page","status-publish","has-post-thumbnail","hentry"],"aioseo_notices":[],"_links":{"self":[{"href":"https:\/\/amatab.com\/fr\/wp-json\/wp\/v2\/pages\/5200","targetHints":{"allow":["GET"]}}],"collection":[{"href":"https:\/\/amatab.com\/fr\/wp-json\/wp\/v2\/pages"}],"about":[{"href":"https:\/\/amatab.com\/fr\/wp-json\/wp\/v2\/types\/page"}],"author":[{"embeddable":true,"href":"https:\/\/amatab.com\/fr\/wp-json\/wp\/v2\/users\/5"}],"replies":[{"embeddable":true,"href":"https:\/\/amatab.com\/fr\/wp-json\/wp\/v2\/comments?post=5200"}],"version-history":[{"count":61,"href":"https:\/\/amatab.com\/fr\/wp-json\/wp\/v2\/pages\/5200\/revisions"}],"predecessor-version":[{"id":16065,"href":"https:\/\/amatab.com\/fr\/wp-json\/wp\/v2\/pages\/5200\/revisions\/16065"}],"up":[{"embeddable":true,"href":"https:\/\/amatab.com\/fr\/wp-json\/wp\/v2\/pages\/2476"}],"wp:featuredmedia":[{"embeddable":true,"href":"https:\/\/amatab.com\/fr\/wp-json\/wp\/v2\/media\/1275"}],"wp:attachment":[{"href":"https:\/\/amatab.com\/fr\/wp-json\/wp\/v2\/media?parent=5200"}],"wp:term":[{"taxonomy":"folder","embeddable":true,"href":"https:\/\/amatab.com\/fr\/wp-json\/wp\/v2\/folder?post=5200"}],"curies":[{"name":"wp","href":"https:\/\/api.w.org\/{rel}","templated":true}]}}