{"id":5378,"date":"2023-10-23T16:19:14","date_gmt":"2023-10-23T14:19:14","guid":{"rendered":"https:\/\/amatab.com\/?page_id=5378"},"modified":"2024-02-08T11:33:10","modified_gmt":"2024-02-08T10:33:10","slug":"percage","status":"publish","type":"page","link":"https:\/\/amatab.com\/fr\/services-geophysiques\/percage\/","title":{"rendered":"Per\u00e7age"},"content":{"rendered":"\t\t<div data-elementor-type=\"wp-page\" data-elementor-id=\"5378\" class=\"elementor elementor-5378\" data-elementor-post-type=\"page\">\n\t\t\t\t\t\t<section class=\"elementor-section elementor-top-section elementor-element elementor-element-167c3b8 elementor-section-boxed elementor-section-height-default elementor-section-height-default\" data-id=\"167c3b8\" data-element_type=\"section\" data-e-type=\"section\">\n\t\t\t\t\t\t<div class=\"elementor-container elementor-column-gap-default\">\n\t\t\t\t\t<div class=\"elementor-column elementor-col-50 elementor-top-column elementor-element elementor-element-67192d8\" data-id=\"67192d8\" data-element_type=\"column\" data-e-type=\"column\">\n\t\t\t<div class=\"elementor-widget-wrap elementor-element-populated\">\n\t\t\t\t\t\t<div class=\"elementor-element elementor-element-2513e72 elementor-widget-mobile__width-initial elementor-widget elementor-widget-text-editor\" data-id=\"2513e72\" data-element_type=\"widget\" data-e-type=\"widget\" data-widget_type=\"text-editor.default\">\n\t\t\t\t<div class=\"elementor-widget-container\">\n\t\t\t\t\t\t\t\t\t<p>Le per\u00e7age est un processus d&rsquo;enl\u00e8vement de mati\u00e8re consistant \u00e0 cr\u00e9er un trou cylindrique ou une ouverture dans un mat\u00e9riau solide en utilisant un outil de per\u00e7age, g\u00e9n\u00e9ralement une perceuse \u00e9lectrique, une perceuse \u00e0 main ou une machine de forage sp\u00e9cialis\u00e9e.<\/p>\n<p>Le per\u00e7age peut \u00eatre effectu\u00e9 sur divers mat\u00e9riaux, y compris le bois, le m\u00e9tal, le plastique, la pierre, la c\u00e9ramique, le verre et d&rsquo;autres mat\u00e9riaux.<\/p>\t\t\t\t\t\t\t\t<\/div>\n\t\t\t\t<\/div>\n\t\t\t\t<section class=\"elementor-section elementor-inner-section elementor-element elementor-element-00ab6f3 elementor-section-boxed elementor-section-height-default elementor-section-height-default\" data-id=\"00ab6f3\" data-element_type=\"section\" data-e-type=\"section\">\n\t\t\t\t\t\t<div class=\"elementor-container elementor-column-gap-default\">\n\t\t\t\t\t<div class=\"elementor-column elementor-col-100 elementor-inner-column elementor-element elementor-element-fc555f2\" data-id=\"fc555f2\" data-element_type=\"column\" data-e-type=\"column\">\n\t\t\t<div class=\"elementor-widget-wrap elementor-element-populated\">\n\t\t\t\t\t\t<div class=\"elementor-element elementor-element-b600bd2 elementor-widget__width-initial elementor-widget-mobile__width-initial elementor-widget elementor-widget-image\" data-id=\"b600bd2\" data-element_type=\"widget\" data-e-type=\"widget\" data-widget_type=\"image.default\">\n\t\t\t\t<div class=\"elementor-widget-container\">\n\t\t\t\t\t\t\t\t\t\t\t\t\t\t\t<img fetchpriority=\"high\" decoding=\"async\" width=\"1024\" height=\"683\" src=\"https:\/\/amatab.com\/wp-content\/uploads\/2023\/11\/travailleur-derriere-vetu-vetements-travail-observant-excavatrices-chantier-ai-generative-1024x683.jpg\" class=\"attachment-large size-large wp-image-11291\" alt=\"\" srcset=\"https:\/\/amatab.com\/wp-content\/uploads\/2023\/11\/travailleur-derriere-vetu-vetements-travail-observant-excavatrices-chantier-ai-generative-1024x683.jpg 1024w, https:\/\/amatab.com\/wp-content\/uploads\/2023\/11\/travailleur-derriere-vetu-vetements-travail-observant-excavatrices-chantier-ai-generative-300x200.jpg 300w, https:\/\/amatab.com\/wp-content\/uploads\/2023\/11\/travailleur-derriere-vetu-vetements-travail-observant-excavatrices-chantier-ai-generative-768x512.jpg 768w, https:\/\/amatab.com\/wp-content\/uploads\/2023\/11\/travailleur-derriere-vetu-vetements-travail-observant-excavatrices-chantier-ai-generative-1536x1024.jpg 1536w, https:\/\/amatab.com\/wp-content\/uploads\/2023\/11\/travailleur-derriere-vetu-vetements-travail-observant-excavatrices-chantier-ai-generative-2048x1365.jpg 2048w, https:\/\/amatab.com\/wp-content\/uploads\/2023\/11\/travailleur-derriere-vetu-vetements-travail-observant-excavatrices-chantier-ai-generative-1320x880.jpg 1320w, https:\/\/amatab.com\/wp-content\/uploads\/2023\/11\/travailleur-derriere-vetu-vetements-travail-observant-excavatrices-chantier-ai-generative-600x400.jpg 600w\" sizes=\"(max-width: 1024px) 100vw, 1024px\" \/>\t\t\t\t\t\t\t\t\t\t\t\t\t\t\t<\/div>\n\t\t\t\t<\/div>\n\t\t\t\t\t<\/div>\n\t\t<\/div>\n\t\t\t\t\t<\/div>\n\t\t<\/section>\n\t\t\t\t\t<\/div>\n\t\t<\/div>\n\t\t\t\t<div class=\"elementor-column elementor-col-50 elementor-top-column elementor-element elementor-element-ed08235 elementor-hidden-mobile\" data-id=\"ed08235\" data-element_type=\"column\" data-e-type=\"column\">\n\t\t\t<div class=\"elementor-widget-wrap elementor-element-populated\">\n\t\t\t\t\t\t<div class=\"elementor-element elementor-element-684d5ad elementor-widget elementor-widget-transx_links_list\" data-id=\"684d5ad\" data-element_type=\"widget\" data-e-type=\"widget\" data-widget_type=\"transx_links_list.default\">\n\t\t\t\t<div class=\"elementor-widget-container\">\n\t\t\t\t\t\n        <div class=\"transx_links_list_widget\">\n            <div class=\"transx_links_list_wrapper transx_view_type_2\">\n                <h5 class=\"transx_links_list_title\">Autres services<\/h5>\n\n                                            <a class=\"transx_links_list_item\" href=\"https:\/\/amatab.com\/fr\/services-geophysiques\/echantillonnage\/\" >\n                                <img decoding=\"async\" class=\"transx_img--bg\" src=\"http:\/\/amatab.com\/wp-content\/uploads\/2023\/10\/person-working-building-construction-scaled.jpg\" alt=\"Background Image\" \/>\n                                <h6>Echantillonnage<\/h6>\n                                <span class=\"transx_links_list_counter\">01<\/span>\n                            <\/a>\n                                                        <a class=\"transx_links_list_item\" href=\"https:\/\/amatab.com\/fr\/services-geophysiques\/evaluation-de-proprietes-du-terrain\/\" >\n                                <img decoding=\"async\" class=\"transx_img--bg\" src=\"http:\/\/amatab.com\/wp-content\/uploads\/2023\/10\/signing-document-scaled.jpg\" alt=\"Background Image\" \/>\n                                <h6>Evaluation de propri\u00e9t\u00e9s du terrain <\/h6>\n                                <span class=\"transx_links_list_counter\">02<\/span>\n                            <\/a>\n                                                        <a class=\"transx_links_list_item\" href=\"https:\/\/amatab.com\/fr\/services-geophysiques\/programme-dexploration-geo\/\" >\n                                <img decoding=\"async\" class=\"transx_img--bg\" src=\"http:\/\/amatab.com\/wp-content\/uploads\/2023\/11\/ingenieur-petrolier-utilisant-ordinateur-portable-dans-champ-petrolifere-scaled.jpg\" alt=\"Background Image\" \/>\n                                <h6>Programme d\u2019exploration<\/h6>\n                                <span class=\"transx_links_list_counter\">03<\/span>\n                            <\/a>\n                                                            <\/div>\n        <\/div>\n\n        \t\t\t\t<\/div>\n\t\t\t\t<\/div>\n\t\t\t\t<div class=\"elementor-element elementor-element-e62e98c elementor-widget elementor-widget-html\" data-id=\"e62e98c\" data-element_type=\"widget\" data-e-type=\"widget\" data-widget_type=\"html.default\">\n\t\t\t\t<div class=\"elementor-widget-container\">\n\t\t\t\t\t<div class=\"transx_contact-trigger transx_contact-trigger--style-2\">\n\n\t<h4 class=\"transx_contact-trigger__title\">Besoin d'une estimation de prix ?<\/h4>\n\n\t<p class=\"transx_contact-trigger__text\">Nous sommes l\u00e0 pour vous fournir rapidement des informations d\u00e9taill\u00e9es sur nos tarifs !<\/p>\n\n\t<a class=\"transx_button\" href=\"https:\/\/amatab.com\/fr\/services-geophysiques\/percage\/obtenir-un-devis\/\">\n\t\t<span>OBTENIR UN DEVIS<\/span>\n\t\t<svg class=\"icon\">\n\t\t\t<svg viewbox=\"0 0 150 78.6\" xmlns=\"http:\/\/www.w3.org\/2000\/svg\"><path d=\"M0 31.5h150v12.7H0V31.5zM112.8-.1l30.9 31.5-8.8 9L104 8.9l8.8-9zm18.1 51l-18.4 18.8 8.9 9 18.4-18.8-8.9-9z\"\/><\/svg>\n\t\t<\/svg>\n\t<\/a>\n<\/div>\t\t\t\t<\/div>\n\t\t\t\t<\/div>\n\t\t\t\t\t<\/div>\n\t\t<\/div>\n\t\t\t\t\t<\/div>\n\t\t<\/section>\n\t\t\t\t<section class=\"elementor-section elementor-top-section elementor-element elementor-element-7c3c19b elementor-section-boxed elementor-section-height-default elementor-section-height-default\" data-id=\"7c3c19b\" data-element_type=\"section\" data-e-type=\"section\">\n\t\t\t\t\t\t<div class=\"elementor-container elementor-column-gap-default\">\n\t\t\t\t\t<div class=\"elementor-column elementor-col-100 elementor-top-column elementor-element elementor-element-d06b4b2\" data-id=\"d06b4b2\" data-element_type=\"column\" data-e-type=\"column\">\n\t\t\t<div class=\"elementor-widget-wrap elementor-element-populated\">\n\t\t\t\t\t\t\t<\/div>\n\t\t<\/div>\n\t\t\t\t\t<\/div>\n\t\t<\/section>\n\t\t\t\t<section class=\"elementor-section elementor-top-section elementor-element elementor-element-ec4d110 elementor-section-boxed elementor-section-height-default elementor-section-height-default\" data-id=\"ec4d110\" data-element_type=\"section\" data-e-type=\"section\">\n\t\t\t\t\t\t<div class=\"elementor-container elementor-column-gap-default\">\n\t\t\t\t\t<div class=\"elementor-column elementor-col-100 elementor-top-column elementor-element elementor-element-41c8270\" data-id=\"41c8270\" data-element_type=\"column\" data-e-type=\"column\">\n\t\t\t<div class=\"elementor-widget-wrap elementor-element-populated\">\n\t\t\t\t\t\t<div class=\"elementor-element elementor-element-8dd8664 elementor-widget elementor-widget-heading\" data-id=\"8dd8664\" data-element_type=\"widget\" data-e-type=\"widget\" data-widget_type=\"heading.default\">\n\t\t\t\t<div class=\"elementor-widget-container\">\n\t\t\t\t\t<h4 class=\"elementor-heading-title elementor-size-default\"><a href=\"http:\/\/t\"><br><br>\nTypes de per\u00e7age <\/a><\/h4>\t\t\t\t<\/div>\n\t\t\t\t<\/div>\n\t\t\t\t<div class=\"elementor-element elementor-element-bebe24e elementor-widget__width-initial elementor-widget-mobile__width-initial elementor-widget elementor-widget-text-editor\" data-id=\"bebe24e\" data-element_type=\"widget\" data-e-type=\"widget\" data-widget_type=\"text-editor.default\">\n\t\t\t\t<div class=\"elementor-widget-container\">\n\t\t\t\t\t\t\t\t\t<p>Il existe plusieurs types de per\u00e7age en fonction des besoins sp\u00e9cifiques et du mat\u00e9riau \u00e0 perce.<\/p><p>Voici les types de per\u00e7age les plus courants chez AMATAB &amp; CO :<\/p><p>&#8211; <span style=\"text-decoration: underline;\">Per\u00e7age Standard<\/span>: C&rsquo;est le type de per\u00e7age de base, o\u00f9 un foret est utilis\u00e9 pour cr\u00e9er un trou cylindrique dans un mat\u00e9riau solide.<\/p><p>&#8211; <span style=\"text-decoration: underline;\">Per\u00e7age de Pr\u00e9cision<\/span> : Ce type de per\u00e7age est g\u00e9n\u00e9ralement utilis\u00e9 pour des applications exigeant une grande pr\u00e9cision.<\/p><p>&#8211; <span style=\"color: var( --e-global-color-text ); letter-spacing: 0px; text-decoration-line: underline;\">Per\u00e7age \u00e0 M\u00e9taux <\/span><span style=\"color: var( --e-global-color-text ); letter-spacing: 0px;\">: Les forets \u00e0 m\u00e9taux sont con\u00e7us pour percer des m\u00e9taux. Ils ont des pointes en carbure de tungst\u00e8ne.<\/span><\/p><p>&#8211; <span style=\"text-decoration: underline;\">Per\u00e7age \u00e0 Percussion<\/span> : Cette m\u00e9thode est utilis\u00e9e pour percer des mat\u00e9riaux durs tels que le b\u00e9ton ou la ma\u00e7onnerie.\u00a0<span style=\"color: var( --e-global-color-text ); letter-spacing: 0px;\"><br \/><\/span><\/p>\t\t\t\t\t\t\t\t<\/div>\n\t\t\t\t<\/div>\n\t\t\t\t\t<\/div>\n\t\t<\/div>\n\t\t\t\t\t<\/div>\n\t\t<\/section>\n\t\t\t\t<section class=\"elementor-section elementor-top-section elementor-element elementor-element-c767e50 elementor-section-boxed elementor-section-height-default elementor-section-height-default\" data-id=\"c767e50\" data-element_type=\"section\" data-e-type=\"section\">\n\t\t\t\t\t\t<div class=\"elementor-container elementor-column-gap-default\">\n\t\t\t\t\t<div class=\"elementor-column elementor-col-100 elementor-top-column elementor-element elementor-element-4cab285\" data-id=\"4cab285\" data-element_type=\"column\" data-e-type=\"column\">\n\t\t\t<div class=\"elementor-widget-wrap elementor-element-populated\">\n\t\t\t\t\t\t<div class=\"elementor-element elementor-element-fc91db9 elementor-widget__width-initial elementor-widget-mobile__width-initial elementor-widget elementor-widget-image\" data-id=\"fc91db9\" data-element_type=\"widget\" data-e-type=\"widget\" data-widget_type=\"image.default\">\n\t\t\t\t<div class=\"elementor-widget-container\">\n\t\t\t\t\t\t\t\t\t\t\t\t\t\t\t<img decoding=\"async\" width=\"1024\" height=\"598\" src=\"https:\/\/amatab.com\/wp-content\/uploads\/2023\/11\/2101.i105.019_isometric-driller-engineer-horizontal-illustration-1024x598.jpg\" class=\"attachment-large size-large wp-image-11273\" alt=\"\" srcset=\"https:\/\/amatab.com\/wp-content\/uploads\/2023\/11\/2101.i105.019_isometric-driller-engineer-horizontal-illustration-1024x598.jpg 1024w, https:\/\/amatab.com\/wp-content\/uploads\/2023\/11\/2101.i105.019_isometric-driller-engineer-horizontal-illustration-300x175.jpg 300w, https:\/\/amatab.com\/wp-content\/uploads\/2023\/11\/2101.i105.019_isometric-driller-engineer-horizontal-illustration-768x449.jpg 768w, https:\/\/amatab.com\/wp-content\/uploads\/2023\/11\/2101.i105.019_isometric-driller-engineer-horizontal-illustration-1536x898.jpg 1536w, https:\/\/amatab.com\/wp-content\/uploads\/2023\/11\/2101.i105.019_isometric-driller-engineer-horizontal-illustration-2048x1197.jpg 2048w, https:\/\/amatab.com\/wp-content\/uploads\/2023\/11\/2101.i105.019_isometric-driller-engineer-horizontal-illustration-1320x771.jpg 1320w, https:\/\/amatab.com\/wp-content\/uploads\/2023\/11\/2101.i105.019_isometric-driller-engineer-horizontal-illustration-600x351.jpg 600w\" sizes=\"(max-width: 1024px) 100vw, 1024px\" \/>\t\t\t\t\t\t\t\t\t\t\t\t\t\t\t<\/div>\n\t\t\t\t<\/div>\n\t\t\t\t\t<\/div>\n\t\t<\/div>\n\t\t\t\t\t<\/div>\n\t\t<\/section>\n\t\t\t\t<section class=\"elementor-section elementor-top-section elementor-element elementor-element-b9246eb elementor-section-boxed elementor-section-height-default elementor-section-height-default\" data-id=\"b9246eb\" data-element_type=\"section\" data-e-type=\"section\">\n\t\t\t\t\t\t<div class=\"elementor-container elementor-column-gap-default\">\n\t\t\t\t\t<div class=\"elementor-column elementor-col-100 elementor-top-column elementor-element elementor-element-c4864a4\" data-id=\"c4864a4\" data-element_type=\"column\" data-e-type=\"column\">\n\t\t\t<div class=\"elementor-widget-wrap elementor-element-populated\">\n\t\t\t\t\t\t<div class=\"elementor-element elementor-element-197a845 elementor-widget__width-initial elementor-widget-mobile__width-initial elementor-widget elementor-widget-text-editor\" data-id=\"197a845\" data-element_type=\"widget\" data-e-type=\"widget\" data-widget_type=\"text-editor.default\">\n\t\t\t\t<div class=\"elementor-widget-container\">\n\t\t\t\t\t\t\t\t\t<p><\/p>\n<h4><strong>Le processus<\/strong><b> de per\u00e7age<br><\/b><\/h4>\n<p><span style=\"color: #414a53;\"><b><br><\/b><\/span><span style=\"letter-spacing: 0px;\"><span style=\"color: #414a53;\">&#8211;&nbsp;<\/span><\/span><u style=\"color: var( --e-global-color-text ); letter-spacing: 0px;\">Pr\u00e9paration<\/u><span style=\"color: var( --e-global-color-text ); letter-spacing: 0px;\"> : S\u00e9lection du bon type de foret en fonction de deux \u00e9l\u00e9ments : le mat\u00e9riau \u00e0 percer et la taille du trou souhait\u00e9.<\/span><\/p>\n<p>&#8211; <u>Fixation du Mat\u00e9riau<\/u> : Le mat\u00e9riau \u00e0 percer est fix\u00e9 solidement pour \u00e9viter tout mouvement pendant le processus de per\u00e7age.<\/p>\n<p>&#8211; <u>Marquage<\/u> : L&#8217;emplacement du trou est marqu\u00e9 sur le mat\u00e9riau avec un crayon ou un poin\u00e7on pour assurer la pr\u00e9cision de l&#8217;emplacement.<\/p>\n<p>&#8211; <u>Forage<\/u> : L&rsquo;outil de per\u00e7age est utilis\u00e9 pour cr\u00e9er le trou en retirant progressivement des copeaux de mati\u00e8re du mat\u00e9riau.&nbsp;<\/p>\n<p>&#8211; <u>Nettoyage<\/u> : Une fois le per\u00e7age termin\u00e9, les copeaux de mati\u00e8re sont \u00e9limin\u00e9s du trou \u00e0 l&rsquo;aide d&rsquo;une brosse ou d&rsquo;un souffleur \u00e9lectrique.<\/p>\t\t\t\t\t\t\t\t<\/div>\n\t\t\t\t<\/div>\n\t\t\t\t\t<\/div>\n\t\t<\/div>\n\t\t\t\t\t<\/div>\n\t\t<\/section>\n\t\t\t\t<section class=\"elementor-section elementor-top-section elementor-element elementor-element-58bcb3f elementor-section-boxed elementor-section-height-default elementor-section-height-default\" data-id=\"58bcb3f\" data-element_type=\"section\" data-e-type=\"section\">\n\t\t\t\t\t\t<div class=\"elementor-container elementor-column-gap-default\">\n\t\t\t\t\t<div class=\"elementor-column elementor-col-100 elementor-top-column elementor-element elementor-element-45245dc elementor-hidden-tablet elementor-hidden-desktop\" data-id=\"45245dc\" data-element_type=\"column\" data-e-type=\"column\">\n\t\t\t<div class=\"elementor-widget-wrap elementor-element-populated\">\n\t\t\t\t\t\t<div class=\"elementor-element elementor-element-ee9968a elementor-widget elementor-widget-transx_links_list\" data-id=\"ee9968a\" data-element_type=\"widget\" data-e-type=\"widget\" data-widget_type=\"transx_links_list.default\">\n\t\t\t\t<div class=\"elementor-widget-container\">\n\t\t\t\t\t\n        <div class=\"transx_links_list_widget\">\n            <div class=\"transx_links_list_wrapper transx_view_type_2\">\n                <h5 class=\"transx_links_list_title\">Autres services<\/h5>\n\n                                            <a class=\"transx_links_list_item\" href=\"https:\/\/amatab.com\/fr\/services-geophysiques\/echantillonnage\/\" >\n                                <img decoding=\"async\" class=\"transx_img--bg\" src=\"http:\/\/amatab.com\/wp-content\/uploads\/2023\/10\/person-working-building-construction-scaled.jpg\" alt=\"Background Image\" \/>\n                                <h6>Echantillonnage<\/h6>\n                                <span class=\"transx_links_list_counter\">01<\/span>\n                            <\/a>\n                                                        <a class=\"transx_links_list_item\" href=\"https:\/\/amatab.com\/fr\/services-geophysiques\/evaluation-de-proprietes-du-terrain\/\" >\n                                <img decoding=\"async\" class=\"transx_img--bg\" src=\"http:\/\/amatab.com\/wp-content\/uploads\/2023\/10\/signing-document-scaled.jpg\" alt=\"Background Image\" \/>\n                                <h6>Evaluation de propri\u00e9t\u00e9s du terrain <\/h6>\n                                <span class=\"transx_links_list_counter\">02<\/span>\n                            <\/a>\n                                                        <a class=\"transx_links_list_item\" href=\"https:\/\/amatab.com\/fr\/services-geophysiques\/programme-dexploration-geo\/\" >\n                                <img decoding=\"async\" class=\"transx_img--bg\" src=\"http:\/\/amatab.com\/wp-content\/uploads\/2023\/11\/ingenieur-petrolier-utilisant-ordinateur-portable-dans-champ-petrolifere-scaled.jpg\" alt=\"Background Image\" \/>\n                                <h6>Programme d\u2019exploration<\/h6>\n                                <span class=\"transx_links_list_counter\">03<\/span>\n                            <\/a>\n                                                            <\/div>\n        <\/div>\n\n        \t\t\t\t<\/div>\n\t\t\t\t<\/div>\n\t\t\t\t<div class=\"elementor-element elementor-element-91daba7 elementor-widget elementor-widget-html\" data-id=\"91daba7\" data-element_type=\"widget\" data-e-type=\"widget\" data-widget_type=\"html.default\">\n\t\t\t\t<div class=\"elementor-widget-container\">\n\t\t\t\t\t<div class=\"transx_contact-trigger transx_contact-trigger--style-2\">\n\t<img decoding=\"async\" class=\"transx_contact-trigger__img\" src=\"https:\/\/demo.artureanec.com\/themes\/transx\/wp-content\/uploads\/2021\/04\/contact_background.png\" alt=\"img\" \/>\n\n\t<h4 class=\"transx_contact-trigger__title\">Besoin d'une estimation de prix ?<\/h4>\n\n\t<p class=\"transx_contact-trigger__text\">Nous sommes l\u00e0 pour vous fournir rapidement des informations d\u00e9taill\u00e9es sur nos tarifs !<\/p>\n\n\t<a class=\"transx_button\" href=\"https:\/\/amatab.com\/fr\/services-geophysiques\/percage\/obtenir-un-devis\/\">\n\t\t<span>OBTENIR UN DEVIS<\/span>\n\t\t<svg class=\"icon\">\n\t\t\t<svg viewbox=\"0 0 150 78.6\" xmlns=\"http:\/\/www.w3.org\/2000\/svg\"><path d=\"M0 31.5h150v12.7H0V31.5zM112.8-.1l30.9 31.5-8.8 9L104 8.9l8.8-9zm18.1 51l-18.4 18.8 8.9 9 18.4-18.8-8.9-9z\"\/><\/svg>\n\t\t<\/svg>\n\t<\/a>\n<\/div>\t\t\t\t<\/div>\n\t\t\t\t<\/div>\n\t\t\t\t\t<\/div>\n\t\t<\/div>\n\t\t\t\t\t<\/div>\n\t\t<\/section>\n\t\t\t\t<\/div>\n\t\t","protected":false},"excerpt":{"rendered":"<p>Le per\u00e7age est un processus d&rsquo;enl\u00e8vement de mati\u00e8re consistant \u00e0 cr\u00e9er un trou cylindrique ou une ouverture dans un mat\u00e9riau solide en utilisant un outil de per\u00e7age, g\u00e9n\u00e9ralement une perceuse \u00e9lectrique, une perceuse \u00e0 main ou une machine de forage sp\u00e9cialis\u00e9e. Ce processus est couramment utilis\u00e9 dans une vari\u00e9t\u00e9 d&rsquo;applications industrielles et artisanales. Le per\u00e7age [&hellip;]<\/p>\n","protected":false},"author":5,"featured_media":1275,"parent":2998,"menu_order":64,"comment_status":"closed","ping_status":"closed","template":"","meta":{"om_disable_all_campaigns":false,"_uf_show_specific_survey":0,"_uf_disable_surveys":false,"footnotes":""},"folder":[],"class_list":["post-5378","page","type-page","status-publish","has-post-thumbnail","hentry"],"aioseo_notices":[],"_links":{"self":[{"href":"https:\/\/amatab.com\/fr\/wp-json\/wp\/v2\/pages\/5378","targetHints":{"allow":["GET"]}}],"collection":[{"href":"https:\/\/amatab.com\/fr\/wp-json\/wp\/v2\/pages"}],"about":[{"href":"https:\/\/amatab.com\/fr\/wp-json\/wp\/v2\/types\/page"}],"author":[{"embeddable":true,"href":"https:\/\/amatab.com\/fr\/wp-json\/wp\/v2\/users\/5"}],"replies":[{"embeddable":true,"href":"https:\/\/amatab.com\/fr\/wp-json\/wp\/v2\/comments?post=5378"}],"version-history":[{"count":95,"href":"https:\/\/amatab.com\/fr\/wp-json\/wp\/v2\/pages\/5378\/revisions"}],"predecessor-version":[{"id":16753,"href":"https:\/\/amatab.com\/fr\/wp-json\/wp\/v2\/pages\/5378\/revisions\/16753"}],"up":[{"embeddable":true,"href":"https:\/\/amatab.com\/fr\/wp-json\/wp\/v2\/pages\/2998"}],"wp:featuredmedia":[{"embeddable":true,"href":"https:\/\/amatab.com\/fr\/wp-json\/wp\/v2\/media\/1275"}],"wp:attachment":[{"href":"https:\/\/amatab.com\/fr\/wp-json\/wp\/v2\/media?parent=5378"}],"wp:term":[{"taxonomy":"folder","embeddable":true,"href":"https:\/\/amatab.com\/fr\/wp-json\/wp\/v2\/folder?post=5378"}],"curies":[{"name":"wp","href":"https:\/\/api.w.org\/{rel}","templated":true}]}}