{"id":6125,"date":"2023-10-27T12:10:28","date_gmt":"2023-10-27T10:10:28","guid":{"rendered":"https:\/\/amatab.com\/?page_id=6125"},"modified":"2024-02-03T09:29:56","modified_gmt":"2024-02-03T08:29:56","slug":"services-douaniers","status":"publish","type":"page","link":"https:\/\/amatab.com\/fr\/services-petroliers\/services-douaniers\/","title":{"rendered":"Services douaniers"},"content":{"rendered":"\t\t<div data-elementor-type=\"wp-page\" data-elementor-id=\"6125\" class=\"elementor elementor-6125\" data-elementor-post-type=\"page\">\n\t\t\t\t\t\t<section class=\"elementor-section elementor-top-section elementor-element elementor-element-fa718d9 elementor-section-boxed elementor-section-height-default elementor-section-height-default\" data-id=\"fa718d9\" data-element_type=\"section\" data-e-type=\"section\">\n\t\t\t\t\t\t<div class=\"elementor-container elementor-column-gap-default\">\n\t\t\t\t\t<div class=\"elementor-column elementor-col-33 elementor-top-column elementor-element elementor-element-741c10d\" data-id=\"741c10d\" data-element_type=\"column\" data-e-type=\"column\">\n\t\t\t<div class=\"elementor-widget-wrap elementor-element-populated\">\n\t\t\t\t\t\t<div class=\"elementor-element elementor-element-8a7e70e elementor-widget elementor-widget-text-editor\" data-id=\"8a7e70e\" data-element_type=\"widget\" data-e-type=\"widget\" data-widget_type=\"text-editor.default\">\n\t\t\t\t<div class=\"elementor-widget-container\">\n\t\t\t\t\t\t\t\t\t<p>Chez AMATAB &amp; CO, notre engagement envers la simplification des proc\u00e9dures douani\u00e8res est bien plus qu&rsquo;une simple promesse. Nous croyons fermement en la gestion douani\u00e8re pr\u00e9cise et efficace, qui commence par une prise en charge compl\u00e8te de toutes les formalit\u00e9s, depuis les d\u00e9clarations d&rsquo;importation jusqu&rsquo;aux autorisations d&rsquo;exportation et bien au-del\u00e0. Notre \u00e9quipe s&rsquo;assure que chaque document n\u00e9cessaire est pr\u00e9par\u00e9 avec une pr\u00e9cision minutieuse, \u00e9liminant ainsi les risques de retards ou d&rsquo;erreurs.<\/p>\t\t\t\t\t\t\t\t<\/div>\n\t\t\t\t<\/div>\n\t\t\t\t<div class=\"elementor-element elementor-element-3ee71b1 elementor-widget__width-initial elementor-hidden-desktop elementor-hidden-tablet elementor-widget elementor-widget-image\" data-id=\"3ee71b1\" data-element_type=\"widget\" data-e-type=\"widget\" data-widget_type=\"image.default\">\n\t\t\t\t<div class=\"elementor-widget-container\">\n\t\t\t\t\t\t\t\t\t\t\t\t\t\t\t<img decoding=\"async\" src=\"https:\/\/amatab.com\/wp-content\/uploads\/2023\/11\/istockphoto-163250380-2048x2048-aHpa_uftz-transformed-1320x1979.jpeg\" title=\"istockphoto-163250380-2048&#215;2048-aHpa_uftz-transformed\" alt=\"istockphoto-163250380-2048x2048-aHpa_uftz-transformed\" loading=\"lazy\" \/>\t\t\t\t\t\t\t\t\t\t\t\t\t\t\t<\/div>\n\t\t\t\t<\/div>\n\t\t\t\t<div class=\"elementor-element elementor-element-d04af91 elementor-widget__width-initial elementor-widget elementor-widget-text-editor\" data-id=\"d04af91\" data-element_type=\"widget\" data-e-type=\"widget\" data-widget_type=\"text-editor.default\">\n\t\t\t\t<div class=\"elementor-widget-container\">\n\t\t\t\t\t\t\t\t\t<p>La conformit\u00e9 totale est notre priorit\u00e9 absolue. Nous travaillons en \u00e9troite collaboration avec nos clients pour garantir que leurs op\u00e9rations respectent pleinement les r\u00e9glementations douani\u00e8res internationales. Cette conformit\u00e9 est essentielle pour \u00e9viter des sanctions potentielles et assurer le bon d\u00e9roulement de votre projet p\u00e9trolier.<\/p><p>Enfin, notre expertise en gestion douani\u00e8re facilite le mouvement des biens \u00e0 travers les fronti\u00e8res internationales. Nous mettons un fort accent sur la facilitation du mouvement transfrontalier, permettant ainsi \u00e0 vos \u00e9quipements, produits p\u00e9troliers et marchandises de traverser les pays en toute fluidit\u00e9.<\/p>\t\t\t\t\t\t\t\t<\/div>\n\t\t\t\t<\/div>\n\t\t\t\t\t<\/div>\n\t\t<\/div>\n\t\t\t\t<div class=\"elementor-column elementor-col-33 elementor-top-column elementor-element elementor-element-1c3e3f6\" data-id=\"1c3e3f6\" data-element_type=\"column\" data-e-type=\"column\">\n\t\t\t<div class=\"elementor-widget-wrap elementor-element-populated\">\n\t\t\t\t\t\t<div class=\"elementor-element elementor-element-ee6fd0d elementor-widget__width-initial elementor-hidden-mobile elementor-widget elementor-widget-image\" data-id=\"ee6fd0d\" data-element_type=\"widget\" data-e-type=\"widget\" data-widget_type=\"image.default\">\n\t\t\t\t<div class=\"elementor-widget-container\">\n\t\t\t\t\t\t\t\t\t\t\t\t\t\t\t<img decoding=\"async\" src=\"https:\/\/amatab.com\/wp-content\/uploads\/2023\/11\/istockphoto-163250380-2048x2048-aHpa_uftz-transformed-1320x1979.jpeg\" title=\"istockphoto-163250380-2048&#215;2048-aHpa_uftz-transformed\" alt=\"istockphoto-163250380-2048x2048-aHpa_uftz-transformed\" loading=\"lazy\" \/>\t\t\t\t\t\t\t\t\t\t\t\t\t\t\t<\/div>\n\t\t\t\t<\/div>\n\t\t\t\t\t<\/div>\n\t\t<\/div>\n\t\t\t\t<div class=\"elementor-column elementor-col-33 elementor-top-column elementor-element elementor-element-37e21d4\" data-id=\"37e21d4\" data-element_type=\"column\" data-e-type=\"column\">\n\t\t\t<div class=\"elementor-widget-wrap elementor-element-populated\">\n\t\t\t\t\t\t<div class=\"elementor-element elementor-element-04bb952 elementor-widget elementor-widget-html\" data-id=\"04bb952\" data-element_type=\"widget\" data-e-type=\"widget\" data-widget_type=\"html.default\">\n\t\t\t\t<div class=\"elementor-widget-container\">\n\t\t\t\t\t<div class=\"transx_contact-trigger transx_contact-trigger--style-2\">\n\n\n\t<h4 class=\"transx_contact-trigger__title\">Besoin d'une estimation de prix ?<\/h4>\n\n\t<p class=\"transx_contact-trigger__text\">Nous sommes l\u00e0 pour vous fournir rapidement des informations d\u00e9taill\u00e9es sur nos tarifs !<\/p>\n\n\t<a class=\"transx_button\" href=\"https:\/\/amatab.com\/fr\/services-petroliers\/services-douaniers\/obtenir-un-devis\/\">\n\t\t<span>OBTENIR UN DEVIS<\/span>\n\t\t<svg class=\"icon\">\n\t\t\t<svg viewbox=\"0 0 150 78.6\" xmlns=\"http:\/\/www.w3.org\/2000\/svg\"><path d=\"M0 31.5h150v12.7H0V31.5zM112.8-.1l30.9 31.5-8.8 9L104 8.9l8.8-9zm18.1 51l-18.4 18.8 8.9 9 18.4-18.8-8.9-9z\"\/><\/svg>\n\t\t<\/svg>\n\t<\/a>\n<\/div>\t\t\t\t<\/div>\n\t\t\t\t<\/div>\n\t\t\t\t\t<\/div>\n\t\t<\/div>\n\t\t\t\t\t<\/div>\n\t\t<\/section>\n\t\t\t\t<\/div>\n\t\t","protected":false},"excerpt":{"rendered":"<p>Chez AMATAB &amp; CO, notre engagement envers la simplification des proc\u00e9dures douani\u00e8res est bien plus qu&rsquo;une simple promesse. Nous croyons fermement en la gestion douani\u00e8re pr\u00e9cise et efficace, qui commence par une prise en charge compl\u00e8te de toutes les formalit\u00e9s, depuis les d\u00e9clarations d&rsquo;importation jusqu&rsquo;aux autorisations d&rsquo;exportation et bien au-del\u00e0. Notre \u00e9quipe s&rsquo;assure que chaque [&hellip;]<\/p>\n","protected":false},"author":5,"featured_media":0,"parent":3429,"menu_order":62,"comment_status":"closed","ping_status":"closed","template":"","meta":{"om_disable_all_campaigns":false,"_uf_show_specific_survey":0,"_uf_disable_surveys":false,"footnotes":""},"folder":[],"class_list":["post-6125","page","type-page","status-publish","hentry"],"aioseo_notices":[],"_links":{"self":[{"href":"https:\/\/amatab.com\/fr\/wp-json\/wp\/v2\/pages\/6125","targetHints":{"allow":["GET"]}}],"collection":[{"href":"https:\/\/amatab.com\/fr\/wp-json\/wp\/v2\/pages"}],"about":[{"href":"https:\/\/amatab.com\/fr\/wp-json\/wp\/v2\/types\/page"}],"author":[{"embeddable":true,"href":"https:\/\/amatab.com\/fr\/wp-json\/wp\/v2\/users\/5"}],"replies":[{"embeddable":true,"href":"https:\/\/amatab.com\/fr\/wp-json\/wp\/v2\/comments?post=6125"}],"version-history":[{"count":52,"href":"https:\/\/amatab.com\/fr\/wp-json\/wp\/v2\/pages\/6125\/revisions"}],"predecessor-version":[{"id":16134,"href":"https:\/\/amatab.com\/fr\/wp-json\/wp\/v2\/pages\/6125\/revisions\/16134"}],"up":[{"embeddable":true,"href":"https:\/\/amatab.com\/fr\/wp-json\/wp\/v2\/pages\/3429"}],"wp:attachment":[{"href":"https:\/\/amatab.com\/fr\/wp-json\/wp\/v2\/media?parent=6125"}],"wp:term":[{"taxonomy":"folder","embeddable":true,"href":"https:\/\/amatab.com\/fr\/wp-json\/wp\/v2\/folder?post=6125"}],"curies":[{"name":"wp","href":"https:\/\/api.w.org\/{rel}","templated":true}]}}