{"id":6408,"date":"2023-10-30T15:04:39","date_gmt":"2023-10-30T14:04:39","guid":{"rendered":"https:\/\/amatab.com\/?page_id=6408"},"modified":"2024-01-22T16:00:28","modified_gmt":"2024-01-22T15:00:28","slug":"services-de-transport","status":"publish","type":"page","link":"https:\/\/amatab.com\/fr\/armateur\/services-de-transport\/","title":{"rendered":"Services de transport"},"content":{"rendered":"\t\t<div data-elementor-type=\"wp-page\" data-elementor-id=\"6408\" class=\"elementor elementor-6408\" data-elementor-post-type=\"page\">\n\t\t\t\t\t\t<section class=\"elementor-section elementor-top-section elementor-element elementor-element-3f41af5 elementor-section-boxed elementor-section-height-default elementor-section-height-default\" data-id=\"3f41af5\" data-element_type=\"section\" data-e-type=\"section\">\n\t\t\t\t\t\t<div class=\"elementor-container elementor-column-gap-default\">\n\t\t\t\t\t<div class=\"elementor-column elementor-col-50 elementor-top-column elementor-element elementor-element-4ee472d\" data-id=\"4ee472d\" data-element_type=\"column\" data-e-type=\"column\">\n\t\t\t<div class=\"elementor-widget-wrap elementor-element-populated\">\n\t\t\t\t\t\t<section class=\"elementor-section elementor-inner-section elementor-element elementor-element-8dc5a30 elementor-section-boxed elementor-section-height-default elementor-section-height-default\" data-id=\"8dc5a30\" data-element_type=\"section\" data-e-type=\"section\">\n\t\t\t\t\t\t<div class=\"elementor-container elementor-column-gap-default\">\n\t\t\t\t\t<div class=\"elementor-column elementor-col-100 elementor-inner-column elementor-element elementor-element-57b6077\" data-id=\"57b6077\" data-element_type=\"column\" data-e-type=\"column\">\n\t\t\t<div class=\"elementor-widget-wrap elementor-element-populated\">\n\t\t\t\t\t\t<div class=\"elementor-element elementor-element-506293b elementor-widget elementor-widget-text-editor\" data-id=\"506293b\" data-element_type=\"widget\" data-e-type=\"widget\" data-widget_type=\"text-editor.default\">\n\t\t\t\t<div class=\"elementor-widget-container\">\n\t\t\t\t\t\t\t\t\t<p>Chez Amatab &amp; Co, nous comprenons l&rsquo;importance de la mobilit\u00e9 de votre \u00e9quipage, que ce soit pour rejoindre le navire ou pour des d\u00e9placements \u00e0 bord. C&rsquo;est pourquoi nous avons mis en place un syst\u00e8me de transport complet pour r\u00e9pondre \u00e0 tous les besoins.<\/p>\t\t\t\t\t\t\t\t<\/div>\n\t\t\t\t<\/div>\n\t\t\t\t\t<\/div>\n\t\t<\/div>\n\t\t\t\t\t<\/div>\n\t\t<\/section>\n\t\t\t\t<section class=\"elementor-section elementor-inner-section elementor-element elementor-element-6a08508 elementor-section-boxed elementor-section-height-default elementor-section-height-default\" data-id=\"6a08508\" data-element_type=\"section\" data-e-type=\"section\">\n\t\t\t\t\t\t<div class=\"elementor-container elementor-column-gap-default\">\n\t\t\t\t\t<div class=\"elementor-column elementor-col-100 elementor-inner-column elementor-element elementor-element-97054ee\" data-id=\"97054ee\" data-element_type=\"column\" data-e-type=\"column\">\n\t\t\t<div class=\"elementor-widget-wrap elementor-element-populated\">\n\t\t\t\t\t\t<div class=\"elementor-element elementor-element-62b038a elementor-widget elementor-widget-image\" data-id=\"62b038a\" data-element_type=\"widget\" data-e-type=\"widget\" data-widget_type=\"image.default\">\n\t\t\t\t<div class=\"elementor-widget-container\">\n\t\t\t\t\t\t\t\t\t\t\t\t\t\t\t<img fetchpriority=\"high\" decoding=\"async\" width=\"1024\" height=\"585\" src=\"https:\/\/amatab.com\/wp-content\/uploads\/2023\/11\/yacht-luxe-navigue-vers-coucher-du-soleil-eau-generee-par-ia-1024x585.jpg\" class=\"attachment-large size-large wp-image-9823\" alt=\"\" srcset=\"https:\/\/amatab.com\/wp-content\/uploads\/2023\/11\/yacht-luxe-navigue-vers-coucher-du-soleil-eau-generee-par-ia-1024x585.jpg 1024w, https:\/\/amatab.com\/wp-content\/uploads\/2023\/11\/yacht-luxe-navigue-vers-coucher-du-soleil-eau-generee-par-ia-300x171.jpg 300w, https:\/\/amatab.com\/wp-content\/uploads\/2023\/11\/yacht-luxe-navigue-vers-coucher-du-soleil-eau-generee-par-ia-768x439.jpg 768w, https:\/\/amatab.com\/wp-content\/uploads\/2023\/11\/yacht-luxe-navigue-vers-coucher-du-soleil-eau-generee-par-ia-1536x878.jpg 1536w, https:\/\/amatab.com\/wp-content\/uploads\/2023\/11\/yacht-luxe-navigue-vers-coucher-du-soleil-eau-generee-par-ia-2048x1170.jpg 2048w, https:\/\/amatab.com\/wp-content\/uploads\/2023\/11\/yacht-luxe-navigue-vers-coucher-du-soleil-eau-generee-par-ia-1320x754.jpg 1320w, https:\/\/amatab.com\/wp-content\/uploads\/2023\/11\/yacht-luxe-navigue-vers-coucher-du-soleil-eau-generee-par-ia-600x343.jpg 600w\" sizes=\"(max-width: 1024px) 100vw, 1024px\" \/>\t\t\t\t\t\t\t\t\t\t\t\t\t\t\t<\/div>\n\t\t\t\t<\/div>\n\t\t\t\t\t<\/div>\n\t\t<\/div>\n\t\t\t\t\t<\/div>\n\t\t<\/section>\n\t\t\t\t<section class=\"elementor-section elementor-inner-section elementor-element elementor-element-1c30825 elementor-section-boxed elementor-section-height-default elementor-section-height-default\" data-id=\"1c30825\" data-element_type=\"section\" data-e-type=\"section\">\n\t\t\t\t\t\t<div class=\"elementor-container elementor-column-gap-default\">\n\t\t\t\t\t<div class=\"elementor-column elementor-col-50 elementor-inner-column elementor-element elementor-element-e6230bb\" data-id=\"e6230bb\" data-element_type=\"column\" data-e-type=\"column\">\n\t\t\t<div class=\"elementor-widget-wrap elementor-element-populated\">\n\t\t\t\t\t\t<div class=\"elementor-element elementor-element-1c3e82b elementor-widget elementor-widget-text-editor\" data-id=\"1c3e82b\" data-element_type=\"widget\" data-e-type=\"widget\" data-widget_type=\"text-editor.default\">\n\t\t\t\t<div class=\"elementor-widget-container\">\n\t\t\t\t\t\t\t\t\t<p><span style=\"text-decoration: underline;\">Transport Onshore<\/span> : Nous organisons des transferts depuis les ports jusqu&rsquo;au navire, garantissant que votre \u00e9quipage puisse rejoindre le bateau en toute simplicit\u00e9 et en temps voulu. Nos v\u00e9hicules s\u00e9curis\u00e9s assurent un voyage sans encombre depuis le point de d\u00e9part jusqu&rsquo;au port.<\/p>\t\t\t\t\t\t\t\t<\/div>\n\t\t\t\t<\/div>\n\t\t\t\t<div class=\"elementor-element elementor-element-1f8e19f elementor-widget__width-initial elementor-widget elementor-widget-image\" data-id=\"1f8e19f\" data-element_type=\"widget\" data-e-type=\"widget\" data-widget_type=\"image.default\">\n\t\t\t\t<div class=\"elementor-widget-container\">\n\t\t\t\t\t\t\t\t\t\t\t\t\t\t\t<img decoding=\"async\" width=\"300\" height=\"200\" src=\"https:\/\/amatab.com\/wp-content\/uploads\/2023\/11\/7827301-300x200.jpg\" class=\"attachment-medium size-medium wp-image-10828\" alt=\"\" srcset=\"https:\/\/amatab.com\/wp-content\/uploads\/2023\/11\/7827301-300x200.jpg 300w, https:\/\/amatab.com\/wp-content\/uploads\/2023\/11\/7827301-1024x683.jpg 1024w, https:\/\/amatab.com\/wp-content\/uploads\/2023\/11\/7827301-768x512.jpg 768w, https:\/\/amatab.com\/wp-content\/uploads\/2023\/11\/7827301-1536x1024.jpg 1536w, https:\/\/amatab.com\/wp-content\/uploads\/2023\/11\/7827301-2048x1365.jpg 2048w, https:\/\/amatab.com\/wp-content\/uploads\/2023\/11\/7827301-1320x880.jpg 1320w, https:\/\/amatab.com\/wp-content\/uploads\/2023\/11\/7827301-600x400.jpg 600w\" sizes=\"(max-width: 300px) 100vw, 300px\" \/>\t\t\t\t\t\t\t\t\t\t\t\t\t\t\t<\/div>\n\t\t\t\t<\/div>\n\t\t\t\t\t<\/div>\n\t\t<\/div>\n\t\t\t\t<div class=\"elementor-column elementor-col-50 elementor-inner-column elementor-element elementor-element-08a1856\" data-id=\"08a1856\" data-element_type=\"column\" data-e-type=\"column\">\n\t\t\t<div class=\"elementor-widget-wrap elementor-element-populated\">\n\t\t\t\t\t\t<div class=\"elementor-element elementor-element-4a59c15 elementor-widget elementor-widget-text-editor\" data-id=\"4a59c15\" data-element_type=\"widget\" data-e-type=\"widget\" data-widget_type=\"text-editor.default\">\n\t\t\t\t<div class=\"elementor-widget-container\">\n\t\t\t\t\t\t\t\t\t<p><span style=\"text-decoration: underline;\">Transport Offshore<\/span> : Pour les d\u00e9placements plus proches du navire, nous mettons \u00e0 disposition des petits bateaux rapides et fiables. Ces embarcations offrent un acc\u00e8s direct au navire, facilitant les d\u00e9placements \u00e0 bord sans tracas ni retard.<\/p>\t\t\t\t\t\t\t\t<\/div>\n\t\t\t\t<\/div>\n\t\t\t\t<div class=\"elementor-element elementor-element-5b5df74 elementor-widget__width-initial elementor-widget elementor-widget-image\" data-id=\"5b5df74\" data-element_type=\"widget\" data-e-type=\"widget\" data-widget_type=\"image.default\">\n\t\t\t\t<div class=\"elementor-widget-container\">\n\t\t\t\t\t\t\t\t\t\t\t\t\t\t\t<img decoding=\"async\" width=\"1024\" height=\"1024\" src=\"https:\/\/amatab.com\/wp-content\/uploads\/2023\/11\/7958657-1024x1024.jpg\" class=\"attachment-large size-large wp-image-10829\" alt=\"\" srcset=\"https:\/\/amatab.com\/wp-content\/uploads\/2023\/11\/7958657-1024x1024.jpg 1024w, https:\/\/amatab.com\/wp-content\/uploads\/2023\/11\/7958657-300x300.jpg 300w, https:\/\/amatab.com\/wp-content\/uploads\/2023\/11\/7958657-150x150.jpg 150w, https:\/\/amatab.com\/wp-content\/uploads\/2023\/11\/7958657-768x768.jpg 768w, https:\/\/amatab.com\/wp-content\/uploads\/2023\/11\/7958657-1536x1536.jpg 1536w, https:\/\/amatab.com\/wp-content\/uploads\/2023\/11\/7958657-1320x1320.jpg 1320w, https:\/\/amatab.com\/wp-content\/uploads\/2023\/11\/7958657-600x600.jpg 600w, https:\/\/amatab.com\/wp-content\/uploads\/2023\/11\/7958657-100x100.jpg 100w, https:\/\/amatab.com\/wp-content\/uploads\/2023\/11\/7958657.jpg 2000w\" sizes=\"(max-width: 1024px) 100vw, 1024px\" \/>\t\t\t\t\t\t\t\t\t\t\t\t\t\t\t<\/div>\n\t\t\t\t<\/div>\n\t\t\t\t\t<\/div>\n\t\t<\/div>\n\t\t\t\t\t<\/div>\n\t\t<\/section>\n\t\t\t\t<section class=\"elementor-section elementor-inner-section elementor-element elementor-element-9ebf47b elementor-section-boxed elementor-section-height-default elementor-section-height-default\" data-id=\"9ebf47b\" data-element_type=\"section\" data-e-type=\"section\">\n\t\t\t\t\t\t<div class=\"elementor-container elementor-column-gap-default\">\n\t\t\t\t\t<div class=\"elementor-column elementor-col-100 elementor-inner-column elementor-element elementor-element-78d86f0\" data-id=\"78d86f0\" data-element_type=\"column\" data-e-type=\"column\">\n\t\t\t<div class=\"elementor-widget-wrap elementor-element-populated\">\n\t\t\t\t\t\t<div class=\"elementor-element elementor-element-496905f elementor-widget elementor-widget-text-editor\" data-id=\"496905f\" data-element_type=\"widget\" data-e-type=\"widget\" data-widget_type=\"text-editor.default\">\n\t\t\t\t<div class=\"elementor-widget-container\">\n\t\t\t\t\t\t\t\t\t<p>Notre \u00e9quipe exp\u00e9riment\u00e9e g\u00e8re l&rsquo;ensemble de la logistique, de la coordination des horaires \u00e0 la r\u00e9servation des v\u00e9hicules et des embarcations, pour garantir que le transport se d\u00e9roule en toute fluidit\u00e9. Nous nous engageons \u00e0 faire en sorte que votre \u00e9quipage arrive \u00e0 destination en toute s\u00e9curit\u00e9 et en toute commodit\u00e9, que ce soit pour rejoindre le navire ou pour effectuer des d\u00e9placements \u00e0 bord.<\/p>\t\t\t\t\t\t\t\t<\/div>\n\t\t\t\t<\/div>\n\t\t\t\t\t<\/div>\n\t\t<\/div>\n\t\t\t\t\t<\/div>\n\t\t<\/section>\n\t\t\t\t\t<\/div>\n\t\t<\/div>\n\t\t\t\t<div class=\"elementor-column elementor-col-50 elementor-top-column elementor-element elementor-element-9b888da\" data-id=\"9b888da\" data-element_type=\"column\" data-e-type=\"column\">\n\t\t\t<div class=\"elementor-widget-wrap elementor-element-populated\">\n\t\t\t\t\t\t<div class=\"elementor-element elementor-element-55751b4 elementor-widget__width-initial elementor-widget elementor-widget-transx_links_list\" data-id=\"55751b4\" data-element_type=\"widget\" data-e-type=\"widget\" data-widget_type=\"transx_links_list.default\">\n\t\t\t\t<div class=\"elementor-widget-container\">\n\t\t\t\t\t\n        <div class=\"transx_links_list_widget\">\n            <div class=\"transx_links_list_wrapper transx_view_type_2\">\n                <h5 class=\"transx_links_list_title\">Autres Services<\/h5>\n\n                                            <a class=\"transx_links_list_item\" href=\"https:\/\/amatab.com\/fr\/armateur\/approvisionnement-alimentaire\/\" >\n                                <img decoding=\"async\" class=\"transx_img--bg\" src=\"http:\/\/amatab.com\/wp-content\/uploads\/2023\/11\/collection-allergenes-alimentaires-courants-pour-personnes-scaled.jpg\" alt=\"Background Image\" \/>\n                                <h6>Approvisionnement alimentaire<\/h6>\n                                <span class=\"transx_links_list_counter\">01<\/span>\n                            <\/a>\n                                                        <a class=\"transx_links_list_item\" href=\"https:\/\/amatab.com\/fr\/services-petroliers\/services-medicaux-2\/\" >\n                                <img decoding=\"async\" class=\"transx_img--bg\" src=\"http:\/\/amatab.com\/wp-content\/uploads\/2023\/11\/jeune-beau-medecin-dans-peignoir-medical-stethoscope-scaled.jpg\" alt=\"Background Image\" \/>\n                                <h6>Services m\u00e9dicaux<\/h6>\n                                <span class=\"transx_links_list_counter\">02<\/span>\n                            <\/a>\n                                                        <a class=\"transx_links_list_item\" href=\"https:\/\/amatab.com\/fr\/armateur\/services-hoteliers\/\" >\n                                <img decoding=\"async\" class=\"transx_img--bg\" src=\"http:\/\/amatab.com\/wp-content\/uploads\/2023\/11\/jeune-femme-chambre-hotel-debout-tenant-serviettes-propres-fraiches-scaled.jpg\" alt=\"Background Image\" \/>\n                                <h6>Services h\u00f4teliers<\/h6>\n                                <span class=\"transx_links_list_counter\">03<\/span>\n                            <\/a>\n                                                        <a class=\"transx_links_list_item\" href=\"https:\/\/amatab.com\/fr\/armateur\/protection-des-equipes-2\/\" >\n                                <img decoding=\"async\" class=\"transx_img--bg\" src=\"http:\/\/amatab.com\/wp-content\/uploads\/2023\/11\/heartbeat-healthcare-life-health-cardiogram-concept-scaled.jpg\" alt=\"Background Image\" \/>\n                                <h6>Protection des \u00e9quipes<\/h6>\n                                <span class=\"transx_links_list_counter\">04<\/span>\n                            <\/a>\n                                                            <\/div>\n        <\/div>\n\n        \t\t\t\t<\/div>\n\t\t\t\t<\/div>\n\t\t\t\t<div class=\"elementor-element elementor-element-d727243 elementor-widget__width-initial elementor-widget elementor-widget-html\" data-id=\"d727243\" data-element_type=\"widget\" data-e-type=\"widget\" data-widget_type=\"html.default\">\n\t\t\t\t<div class=\"elementor-widget-container\">\n\t\t\t\t\t<div class=\"transx_contact-trigger transx_contact-trigger--style-2\">\n\t\n\n\t<h4 class=\"transx_contact-trigger__title\">Besoin d'une estimation de prix ?<\/h4>\n\n\t<p class=\"transx_contact-trigger__text\">Nous sommes l\u00e0 pour vous fournir rapidement des informations d\u00e9taill\u00e9es sur nos tarifs !<\/p>\n\n\t<a class=\"transx_button\" href=\"https:\/\/amatab.com\/fr\/armateur\/services-de-transport\/obtenir-un-devis\/\">\n\t\t<span>OBTENIR UN DEVIS<\/span>\n\t\t<svg class=\"icon\">\n\t\t\t<svg viewbox=\"0 0 150 78.6\" xmlns=\"http:\/\/www.w3.org\/2000\/svg\"><path d=\"M0 31.5h150v12.7H0V31.5zM112.8-.1l30.9 31.5-8.8 9L104 8.9l8.8-9zm18.1 51l-18.4 18.8 8.9 9 18.4-18.8-8.9-9z\"\/><\/svg>\n\t\t<\/svg>\n\t<\/a>\n<\/div>\t\t\t\t<\/div>\n\t\t\t\t<\/div>\n\t\t\t\t\t<\/div>\n\t\t<\/div>\n\t\t\t\t\t<\/div>\n\t\t<\/section>\n\t\t\t\t<\/div>\n\t\t","protected":false},"excerpt":{"rendered":"<p>Chez Amatab &amp; Co, nous comprenons l&rsquo;importance de la mobilit\u00e9 de votre \u00e9quipage, que ce soit pour rejoindre le navire ou pour des d\u00e9placements \u00e0 bord. C&rsquo;est pourquoi nous avons mis en place un syst\u00e8me de transport complet pour r\u00e9pondre \u00e0 tous les besoins. Transport Onshore : Nous organisons des transferts depuis les ports jusqu&rsquo;au [&hellip;]<\/p>\n","protected":false},"author":5,"featured_media":1275,"parent":2572,"menu_order":59,"comment_status":"closed","ping_status":"closed","template":"","meta":{"om_disable_all_campaigns":false,"_uf_show_specific_survey":0,"_uf_disable_surveys":false,"footnotes":""},"folder":[],"class_list":["post-6408","page","type-page","status-publish","has-post-thumbnail","hentry"],"aioseo_notices":[],"_links":{"self":[{"href":"https:\/\/amatab.com\/fr\/wp-json\/wp\/v2\/pages\/6408","targetHints":{"allow":["GET"]}}],"collection":[{"href":"https:\/\/amatab.com\/fr\/wp-json\/wp\/v2\/pages"}],"about":[{"href":"https:\/\/amatab.com\/fr\/wp-json\/wp\/v2\/types\/page"}],"author":[{"embeddable":true,"href":"https:\/\/amatab.com\/fr\/wp-json\/wp\/v2\/users\/5"}],"replies":[{"embeddable":true,"href":"https:\/\/amatab.com\/fr\/wp-json\/wp\/v2\/comments?post=6408"}],"version-history":[{"count":110,"href":"https:\/\/amatab.com\/fr\/wp-json\/wp\/v2\/pages\/6408\/revisions"}],"predecessor-version":[{"id":16243,"href":"https:\/\/amatab.com\/fr\/wp-json\/wp\/v2\/pages\/6408\/revisions\/16243"}],"up":[{"embeddable":true,"href":"https:\/\/amatab.com\/fr\/wp-json\/wp\/v2\/pages\/2572"}],"wp:featuredmedia":[{"embeddable":true,"href":"https:\/\/amatab.com\/fr\/wp-json\/wp\/v2\/media\/1275"}],"wp:attachment":[{"href":"https:\/\/amatab.com\/fr\/wp-json\/wp\/v2\/media?parent=6408"}],"wp:term":[{"taxonomy":"folder","embeddable":true,"href":"https:\/\/amatab.com\/fr\/wp-json\/wp\/v2\/folder?post=6408"}],"curies":[{"name":"wp","href":"https:\/\/api.w.org\/{rel}","templated":true}]}}