{"id":6442,"date":"2023-10-31T11:19:09","date_gmt":"2023-10-31T10:19:09","guid":{"rendered":"https:\/\/amatab.com\/?page_id=6442"},"modified":"2024-01-22T16:53:27","modified_gmt":"2024-01-22T15:53:27","slug":"reparation-des-citernes-et-navires","status":"publish","type":"page","link":"https:\/\/amatab.com\/fr\/armateur\/reparation-des-citernes-et-navires\/","title":{"rendered":"R\u00e9paration des citernes et navires"},"content":{"rendered":"\t\t<div data-elementor-type=\"wp-page\" data-elementor-id=\"6442\" class=\"elementor elementor-6442\" data-elementor-post-type=\"page\">\n\t\t\t\t\t\t<section class=\"elementor-section elementor-top-section elementor-element elementor-element-9b1fe11 elementor-section-boxed elementor-section-height-default elementor-section-height-default\" data-id=\"9b1fe11\" data-element_type=\"section\" data-e-type=\"section\">\n\t\t\t\t\t\t<div class=\"elementor-container elementor-column-gap-default\">\n\t\t\t\t\t<div class=\"elementor-column elementor-col-50 elementor-top-column elementor-element elementor-element-1df420d\" data-id=\"1df420d\" data-element_type=\"column\" data-e-type=\"column\">\n\t\t\t<div class=\"elementor-widget-wrap elementor-element-populated\">\n\t\t\t\t\t\t<div class=\"elementor-element elementor-element-3fb7442 elementor-widget elementor-widget-text-editor\" data-id=\"3fb7442\" data-element_type=\"widget\" data-e-type=\"widget\" data-widget_type=\"text-editor.default\">\n\t\t\t\t<div class=\"elementor-widget-container\">\n\t\t\t\t\t\t\t\t\t<p>Chez Amatab &amp; Co, nous sommes fiers de notre r\u00e9putation en tant que prestataire de services de r\u00e9paration des navires de premier plan, offrant un ensemble complet de solutions pour entretenir et r\u00e9parer votre flotte maritime.<br \/><br \/>Cette mission exige un haut niveau d&rsquo;expertise technique, une pr\u00e9cision m\u00e9ticuleuse et un d\u00e9vouement sans faille pour garantir que chaque navire reste en parfait \u00e9tat de fonctionnement.<br \/><br \/>Nous mettons \u00e0 votre disposition des \u00e9quipes d\u2019ing\u00e9nieurs hautement qualifi\u00e9s dans leurs domaines pour vous assurer les services suivants :<\/p>\t\t\t\t\t\t\t\t<\/div>\n\t\t\t\t<\/div>\n\t\t\t\t<div class=\"elementor-element elementor-element-bf75f91 elementor-widget elementor-widget-image\" data-id=\"bf75f91\" data-element_type=\"widget\" data-e-type=\"widget\" data-widget_type=\"image.default\">\n\t\t\t\t<div class=\"elementor-widget-container\">\n\t\t\t\t\t\t\t\t\t\t\t\t\t\t\t<img fetchpriority=\"high\" decoding=\"async\" width=\"1024\" height=\"683\" src=\"https:\/\/amatab.com\/wp-content\/uploads\/2023\/11\/travailleur-diligent-se-concentre-moteur-du-jet-il-porte-casque-uniforme-1024x683.jpg\" class=\"attachment-large size-large wp-image-10761\" alt=\"\" srcset=\"https:\/\/amatab.com\/wp-content\/uploads\/2023\/11\/travailleur-diligent-se-concentre-moteur-du-jet-il-porte-casque-uniforme-1024x683.jpg 1024w, https:\/\/amatab.com\/wp-content\/uploads\/2023\/11\/travailleur-diligent-se-concentre-moteur-du-jet-il-porte-casque-uniforme-300x200.jpg 300w, https:\/\/amatab.com\/wp-content\/uploads\/2023\/11\/travailleur-diligent-se-concentre-moteur-du-jet-il-porte-casque-uniforme-768x512.jpg 768w, https:\/\/amatab.com\/wp-content\/uploads\/2023\/11\/travailleur-diligent-se-concentre-moteur-du-jet-il-porte-casque-uniforme-1536x1024.jpg 1536w, https:\/\/amatab.com\/wp-content\/uploads\/2023\/11\/travailleur-diligent-se-concentre-moteur-du-jet-il-porte-casque-uniforme-2048x1365.jpg 2048w, https:\/\/amatab.com\/wp-content\/uploads\/2023\/11\/travailleur-diligent-se-concentre-moteur-du-jet-il-porte-casque-uniforme-1320x880.jpg 1320w, https:\/\/amatab.com\/wp-content\/uploads\/2023\/11\/travailleur-diligent-se-concentre-moteur-du-jet-il-porte-casque-uniforme-600x400.jpg 600w\" sizes=\"(max-width: 1024px) 100vw, 1024px\" \/>\t\t\t\t\t\t\t\t\t\t\t\t\t\t\t<\/div>\n\t\t\t\t<\/div>\n\t\t\t\t<section class=\"elementor-section elementor-inner-section elementor-element elementor-element-838f25e elementor-section-boxed elementor-section-height-default elementor-section-height-default\" data-id=\"838f25e\" data-element_type=\"section\" data-e-type=\"section\">\n\t\t\t\t\t\t<div class=\"elementor-container elementor-column-gap-default\">\n\t\t\t\t\t<div class=\"elementor-column elementor-col-33 elementor-inner-column elementor-element elementor-element-a9dbf04\" data-id=\"a9dbf04\" data-element_type=\"column\" data-e-type=\"column\">\n\t\t\t<div class=\"elementor-widget-wrap elementor-element-populated\">\n\t\t\t\t\t\t<div class=\"elementor-element elementor-element-73fadc2 elementor-widget elementor-widget-text-editor\" data-id=\"73fadc2\" data-element_type=\"widget\" data-e-type=\"widget\" data-widget_type=\"text-editor.default\">\n\t\t\t\t<div class=\"elementor-widget-container\">\n\t\t\t\t\t\t\t\t\t<p><span style=\"text-decoration: underline;\">R\u00e9paration des citernes<\/span> : Nous sommes experts dans l&rsquo;inspection, l&rsquo;entretien et la r\u00e9paration des citernes de stockage, garantissant en toute s\u00e9curit\u00e9 une vari\u00e9t\u00e9 de marchandises liquides.<\/p>\t\t\t\t\t\t\t\t<\/div>\n\t\t\t\t<\/div>\n\t\t\t\t<div class=\"elementor-element elementor-element-d9ae135 elementor-widget elementor-widget-image\" data-id=\"d9ae135\" data-element_type=\"widget\" data-e-type=\"widget\" data-widget_type=\"image.default\">\n\t\t\t\t<div class=\"elementor-widget-container\">\n\t\t\t\t\t\t\t\t\t\t\t\t\t\t\t<img decoding=\"async\" width=\"1024\" height=\"683\" src=\"https:\/\/amatab.com\/wp-content\/uploads\/2023\/11\/portrait-young-worker-hard-hat-large-metalworking-plant-1024x683.jpg\" class=\"attachment-large size-large wp-image-6712\" alt=\"\" srcset=\"https:\/\/amatab.com\/wp-content\/uploads\/2023\/11\/portrait-young-worker-hard-hat-large-metalworking-plant-1024x683.jpg 1024w, https:\/\/amatab.com\/wp-content\/uploads\/2023\/11\/portrait-young-worker-hard-hat-large-metalworking-plant-300x200.jpg 300w, https:\/\/amatab.com\/wp-content\/uploads\/2023\/11\/portrait-young-worker-hard-hat-large-metalworking-plant-768x513.jpg 768w, https:\/\/amatab.com\/wp-content\/uploads\/2023\/11\/portrait-young-worker-hard-hat-large-metalworking-plant-1536x1025.jpg 1536w, https:\/\/amatab.com\/wp-content\/uploads\/2023\/11\/portrait-young-worker-hard-hat-large-metalworking-plant-2048x1367.jpg 2048w, https:\/\/amatab.com\/wp-content\/uploads\/2023\/11\/portrait-young-worker-hard-hat-large-metalworking-plant-1320x881.jpg 1320w, https:\/\/amatab.com\/wp-content\/uploads\/2023\/11\/portrait-young-worker-hard-hat-large-metalworking-plant-600x400.jpg 600w\" sizes=\"(max-width: 1024px) 100vw, 1024px\" \/>\t\t\t\t\t\t\t\t\t\t\t\t\t\t\t<\/div>\n\t\t\t\t<\/div>\n\t\t\t\t\t<\/div>\n\t\t<\/div>\n\t\t\t\t<div class=\"elementor-column elementor-col-33 elementor-inner-column elementor-element elementor-element-1ee341d\" data-id=\"1ee341d\" data-element_type=\"column\" data-e-type=\"column\">\n\t\t\t<div class=\"elementor-widget-wrap elementor-element-populated\">\n\t\t\t\t\t\t<div class=\"elementor-element elementor-element-cee936d elementor-widget elementor-widget-text-editor\" data-id=\"cee936d\" data-element_type=\"widget\" data-e-type=\"widget\" data-widget_type=\"text-editor.default\">\n\t\t\t\t<div class=\"elementor-widget-container\">\n\t\t\t\t\t\t\t\t\t<p><span style=\"text-decoration: underline;\">R\u00e9paration des moteurs<\/span> : Nous proposons des services d&rsquo;entretien et de r\u00e9paration des moteurs pour garantir une performance optimale, une efficacit\u00e9 \u00e9nerg\u00e9tique et la fiabilit\u00e9 de la propulsion.<\/p>\t\t\t\t\t\t\t\t<\/div>\n\t\t\t\t<\/div>\n\t\t\t\t<div class=\"elementor-element elementor-element-5e24110 elementor-widget elementor-widget-image\" data-id=\"5e24110\" data-element_type=\"widget\" data-e-type=\"widget\" data-widget_type=\"image.default\">\n\t\t\t\t<div class=\"elementor-widget-container\">\n\t\t\t\t\t\t\t\t\t\t\t\t\t\t\t<img decoding=\"async\" width=\"1024\" height=\"683\" src=\"https:\/\/amatab.com\/wp-content\/uploads\/2023\/11\/combine-machine-service-1024x683.jpg\" class=\"attachment-large size-large wp-image-6711\" alt=\"\" srcset=\"https:\/\/amatab.com\/wp-content\/uploads\/2023\/11\/combine-machine-service-1024x683.jpg 1024w, https:\/\/amatab.com\/wp-content\/uploads\/2023\/11\/combine-machine-service-300x200.jpg 300w, https:\/\/amatab.com\/wp-content\/uploads\/2023\/11\/combine-machine-service-768x513.jpg 768w, https:\/\/amatab.com\/wp-content\/uploads\/2023\/11\/combine-machine-service-1536x1025.jpg 1536w, https:\/\/amatab.com\/wp-content\/uploads\/2023\/11\/combine-machine-service-2048x1367.jpg 2048w, https:\/\/amatab.com\/wp-content\/uploads\/2023\/11\/combine-machine-service-1320x881.jpg 1320w, https:\/\/amatab.com\/wp-content\/uploads\/2023\/11\/combine-machine-service-600x400.jpg 600w\" sizes=\"(max-width: 1024px) 100vw, 1024px\" \/>\t\t\t\t\t\t\t\t\t\t\t\t\t\t\t<\/div>\n\t\t\t\t<\/div>\n\t\t\t\t\t<\/div>\n\t\t<\/div>\n\t\t\t\t<div class=\"elementor-column elementor-col-33 elementor-inner-column elementor-element elementor-element-2943928\" data-id=\"2943928\" data-element_type=\"column\" data-e-type=\"column\">\n\t\t\t<div class=\"elementor-widget-wrap elementor-element-populated\">\n\t\t\t\t\t\t<div class=\"elementor-element elementor-element-1dbcd9e elementor-widget elementor-widget-text-editor\" data-id=\"1dbcd9e\" data-element_type=\"widget\" data-e-type=\"widget\" data-widget_type=\"text-editor.default\">\n\t\t\t\t<div class=\"elementor-widget-container\">\n\t\t\t\t\t\t\t\t\t<p><span style=\"text-decoration: underline;\">R\u00e9paration de la Coque<\/span> : Nous nous assurons que chaque navire reste \u00e9tanche, r\u00e9sistant \u00e0 la corrosion et pr\u00eat \u00e0 affronter les mers efficacement et en toute s\u00e9curit\u00e9.\u00a0<\/p>\t\t\t\t\t\t\t\t<\/div>\n\t\t\t\t<\/div>\n\t\t\t\t<div class=\"elementor-element elementor-element-600e4eb elementor-widget elementor-widget-image\" data-id=\"600e4eb\" data-element_type=\"widget\" data-e-type=\"widget\" data-widget_type=\"image.default\">\n\t\t\t\t<div class=\"elementor-widget-container\">\n\t\t\t\t\t\t\t\t\t\t\t\t\t\t\t<img loading=\"lazy\" decoding=\"async\" width=\"1024\" height=\"676\" src=\"https:\/\/amatab.com\/wp-content\/uploads\/2023\/11\/pp-e1698834121667-1024x676.jpg\" class=\"attachment-large size-large wp-image-6710\" alt=\"\" srcset=\"https:\/\/amatab.com\/wp-content\/uploads\/2023\/11\/pp-e1698834121667-1024x676.jpg 1024w, https:\/\/amatab.com\/wp-content\/uploads\/2023\/11\/pp-e1698834121667-300x198.jpg 300w, https:\/\/amatab.com\/wp-content\/uploads\/2023\/11\/pp-e1698834121667-768x507.jpg 768w, https:\/\/amatab.com\/wp-content\/uploads\/2023\/11\/pp-e1698834121667-1536x1014.jpg 1536w, https:\/\/amatab.com\/wp-content\/uploads\/2023\/11\/pp-e1698834121667-1320x871.jpg 1320w, https:\/\/amatab.com\/wp-content\/uploads\/2023\/11\/pp-e1698834121667-600x396.jpg 600w, https:\/\/amatab.com\/wp-content\/uploads\/2023\/11\/pp-e1698834121667.jpg 1618w\" sizes=\"(max-width: 1024px) 100vw, 1024px\" \/>\t\t\t\t\t\t\t\t\t\t\t\t\t\t\t<\/div>\n\t\t\t\t<\/div>\n\t\t\t\t\t<\/div>\n\t\t<\/div>\n\t\t\t\t\t<\/div>\n\t\t<\/section>\n\t\t\t\t<section class=\"elementor-section elementor-inner-section elementor-element elementor-element-601f2da elementor-section-boxed elementor-section-height-default elementor-section-height-default\" data-id=\"601f2da\" data-element_type=\"section\" data-e-type=\"section\">\n\t\t\t\t\t\t<div class=\"elementor-container elementor-column-gap-default\">\n\t\t\t\t\t<div class=\"elementor-column elementor-col-33 elementor-inner-column elementor-element elementor-element-eb92779\" data-id=\"eb92779\" data-element_type=\"column\" data-e-type=\"column\">\n\t\t\t<div class=\"elementor-widget-wrap elementor-element-populated\">\n\t\t\t\t\t\t<div class=\"elementor-element elementor-element-6b13a40 elementor-widget elementor-widget-text-editor\" data-id=\"6b13a40\" data-element_type=\"widget\" data-e-type=\"widget\" data-widget_type=\"text-editor.default\">\n\t\t\t\t<div class=\"elementor-widget-container\">\n\t\t\t\t\t\t\t\t\t<p><span style=\"text-decoration: underline;\">R\u00e9parations structurales<\/span> : En cas de dommages structurels, nous intervenons rapidement pour restaurer l&rsquo;int\u00e9grit\u00e9 du navire et pr\u00e9venir toute d\u00e9t\u00e9rioration ult\u00e9rieure.<\/p>\t\t\t\t\t\t\t\t<\/div>\n\t\t\t\t<\/div>\n\t\t\t\t<div class=\"elementor-element elementor-element-751ec58 elementor-widget elementor-widget-spacer\" data-id=\"751ec58\" data-element_type=\"widget\" data-e-type=\"widget\" data-widget_type=\"spacer.default\">\n\t\t\t\t<div class=\"elementor-widget-container\">\n\t\t\t\t\t\t\t<div class=\"elementor-spacer\">\n\t\t\t<div class=\"elementor-spacer-inner\"><\/div>\n\t\t<\/div>\n\t\t\t\t\t\t<\/div>\n\t\t\t\t<\/div>\n\t\t\t\t<div class=\"elementor-element elementor-element-2879af8 elementor-widget elementor-widget-image\" data-id=\"2879af8\" data-element_type=\"widget\" data-e-type=\"widget\" data-widget_type=\"image.default\">\n\t\t\t\t<div class=\"elementor-widget-container\">\n\t\t\t\t\t\t\t\t\t\t\t\t\t\t\t<img loading=\"lazy\" decoding=\"async\" width=\"996\" height=\"590\" src=\"https:\/\/amatab.com\/wp-content\/uploads\/2023\/10\/engineer-asian-worker-work-container-terminal-port_493806-16180.jpg\" class=\"attachment-large size-large wp-image-4957\" alt=\"\" srcset=\"https:\/\/amatab.com\/wp-content\/uploads\/2023\/10\/engineer-asian-worker-work-container-terminal-port_493806-16180.jpg 996w, https:\/\/amatab.com\/wp-content\/uploads\/2023\/10\/engineer-asian-worker-work-container-terminal-port_493806-16180-300x178.jpg 300w, https:\/\/amatab.com\/wp-content\/uploads\/2023\/10\/engineer-asian-worker-work-container-terminal-port_493806-16180-768x455.jpg 768w, https:\/\/amatab.com\/wp-content\/uploads\/2023\/10\/engineer-asian-worker-work-container-terminal-port_493806-16180-600x355.jpg 600w\" sizes=\"(max-width: 996px) 100vw, 996px\" \/>\t\t\t\t\t\t\t\t\t\t\t\t\t\t\t<\/div>\n\t\t\t\t<\/div>\n\t\t\t\t\t<\/div>\n\t\t<\/div>\n\t\t\t\t<div class=\"elementor-column elementor-col-33 elementor-inner-column elementor-element elementor-element-9f13978\" data-id=\"9f13978\" data-element_type=\"column\" data-e-type=\"column\">\n\t\t\t<div class=\"elementor-widget-wrap elementor-element-populated\">\n\t\t\t\t\t\t<div class=\"elementor-element elementor-element-2c586b0 elementor-widget elementor-widget-text-editor\" data-id=\"2c586b0\" data-element_type=\"widget\" data-e-type=\"widget\" data-widget_type=\"text-editor.default\">\n\t\t\t\t<div class=\"elementor-widget-container\">\n\t\t\t\t\t\t\t\t\t<p><span style=\"text-decoration: underline;\">R\u00e9paration des syst\u00e8mes de navigation et des \u00e9quipements<\/span> : Nous nous engageons \u00e0 maintenir les syst\u00e8mes de navigation et l&rsquo;\u00e9quipement \u00e0 bord en parfait \u00e9tat de fonctionnement.<\/p><p>\u00a0<\/p>\t\t\t\t\t\t\t\t<\/div>\n\t\t\t\t<\/div>\n\t\t\t\t<div class=\"elementor-element elementor-element-f2afe48 elementor-widget elementor-widget-image\" data-id=\"f2afe48\" data-element_type=\"widget\" data-e-type=\"widget\" data-widget_type=\"image.default\">\n\t\t\t\t<div class=\"elementor-widget-container\">\n\t\t\t\t\t\t\t\t\t\t\t\t\t\t\t<img loading=\"lazy\" decoding=\"async\" width=\"1024\" height=\"655\" src=\"https:\/\/amatab.com\/wp-content\/uploads\/2023\/11\/auto-mechanic-looking-selection-spanners-scaled-e1700214306427-1024x655.jpg\" class=\"attachment-large size-large wp-image-6713\" alt=\"\" srcset=\"https:\/\/amatab.com\/wp-content\/uploads\/2023\/11\/auto-mechanic-looking-selection-spanners-scaled-e1700214306427-1024x655.jpg 1024w, https:\/\/amatab.com\/wp-content\/uploads\/2023\/11\/auto-mechanic-looking-selection-spanners-scaled-e1700214306427-300x192.jpg 300w, https:\/\/amatab.com\/wp-content\/uploads\/2023\/11\/auto-mechanic-looking-selection-spanners-scaled-e1700214306427-768x491.jpg 768w, https:\/\/amatab.com\/wp-content\/uploads\/2023\/11\/auto-mechanic-looking-selection-spanners-scaled-e1700214306427-1536x982.jpg 1536w, https:\/\/amatab.com\/wp-content\/uploads\/2023\/11\/auto-mechanic-looking-selection-spanners-scaled-e1700214306427-2048x1310.jpg 2048w, https:\/\/amatab.com\/wp-content\/uploads\/2023\/11\/auto-mechanic-looking-selection-spanners-scaled-e1700214306427-1320x844.jpg 1320w, https:\/\/amatab.com\/wp-content\/uploads\/2023\/11\/auto-mechanic-looking-selection-spanners-scaled-e1700214306427-600x384.jpg 600w\" sizes=\"(max-width: 1024px) 100vw, 1024px\" \/>\t\t\t\t\t\t\t\t\t\t\t\t\t\t\t<\/div>\n\t\t\t\t<\/div>\n\t\t\t\t\t<\/div>\n\t\t<\/div>\n\t\t\t\t<div class=\"elementor-column elementor-col-33 elementor-inner-column elementor-element elementor-element-d25c741\" data-id=\"d25c741\" data-element_type=\"column\" data-e-type=\"column\">\n\t\t\t<div class=\"elementor-widget-wrap elementor-element-populated\">\n\t\t\t\t\t\t<div class=\"elementor-element elementor-element-de550e0 elementor-widget elementor-widget-text-editor\" data-id=\"de550e0\" data-element_type=\"widget\" data-e-type=\"widget\" data-widget_type=\"text-editor.default\">\n\t\t\t\t<div class=\"elementor-widget-container\">\n\t\t\t\t\t\t\t\t\t<p><span style=\"text-decoration: underline;\">R\u00e9parations d&rsquo;Urgence<\/span> : Nous sommes disponibles 24 heures sur 24, 7 jours sur 7, pour des r\u00e9parations d&rsquo;urgence, garantissant que votre navire reprend la mer dans les plus brefs d\u00e9lais.<\/p><div><span style=\"color: var( --e-global-color-text ); letter-spacing: 0px;\">\u00a0<\/span><\/div>\t\t\t\t\t\t\t\t<\/div>\n\t\t\t\t<\/div>\n\t\t\t\t<div class=\"elementor-element elementor-element-559d245 elementor-widget elementor-widget-spacer\" data-id=\"559d245\" data-element_type=\"widget\" data-e-type=\"widget\" data-widget_type=\"spacer.default\">\n\t\t\t\t<div class=\"elementor-widget-container\">\n\t\t\t\t\t\t\t<div class=\"elementor-spacer\">\n\t\t\t<div class=\"elementor-spacer-inner\"><\/div>\n\t\t<\/div>\n\t\t\t\t\t\t<\/div>\n\t\t\t\t<\/div>\n\t\t\t\t<div class=\"elementor-element elementor-element-b09e97b elementor-widget elementor-widget-image\" data-id=\"b09e97b\" data-element_type=\"widget\" data-e-type=\"widget\" data-widget_type=\"image.default\">\n\t\t\t\t<div class=\"elementor-widget-container\">\n\t\t\t\t\t\t\t\t\t\t\t\t\t\t\t<img loading=\"lazy\" decoding=\"async\" width=\"1024\" height=\"616\" src=\"https:\/\/amatab.com\/wp-content\/uploads\/2023\/11\/plumber-holding-clock-scaled-e1700214545425-1024x616.jpg\" class=\"attachment-large size-large wp-image-6714\" alt=\"\" srcset=\"https:\/\/amatab.com\/wp-content\/uploads\/2023\/11\/plumber-holding-clock-scaled-e1700214545425-1024x616.jpg 1024w, https:\/\/amatab.com\/wp-content\/uploads\/2023\/11\/plumber-holding-clock-scaled-e1700214545425-300x180.jpg 300w, https:\/\/amatab.com\/wp-content\/uploads\/2023\/11\/plumber-holding-clock-scaled-e1700214545425-768x462.jpg 768w, https:\/\/amatab.com\/wp-content\/uploads\/2023\/11\/plumber-holding-clock-scaled-e1700214545425-1536x924.jpg 1536w, https:\/\/amatab.com\/wp-content\/uploads\/2023\/11\/plumber-holding-clock-scaled-e1700214545425-2048x1232.jpg 2048w, https:\/\/amatab.com\/wp-content\/uploads\/2023\/11\/plumber-holding-clock-scaled-e1700214545425-1320x794.jpg 1320w, https:\/\/amatab.com\/wp-content\/uploads\/2023\/11\/plumber-holding-clock-scaled-e1700214545425-600x361.jpg 600w\" sizes=\"(max-width: 1024px) 100vw, 1024px\" \/>\t\t\t\t\t\t\t\t\t\t\t\t\t\t\t<\/div>\n\t\t\t\t<\/div>\n\t\t\t\t\t<\/div>\n\t\t<\/div>\n\t\t\t\t\t<\/div>\n\t\t<\/section>\n\t\t\t\t\t<\/div>\n\t\t<\/div>\n\t\t\t\t<div class=\"elementor-column elementor-col-50 elementor-top-column elementor-element elementor-element-665cad6\" data-id=\"665cad6\" data-element_type=\"column\" data-e-type=\"column\">\n\t\t\t<div class=\"elementor-widget-wrap elementor-element-populated\">\n\t\t\t\t\t\t<div class=\"elementor-element elementor-element-7e28aa0 elementor-widget elementor-widget-transx_links_list\" data-id=\"7e28aa0\" data-element_type=\"widget\" data-e-type=\"widget\" data-widget_type=\"transx_links_list.default\">\n\t\t\t\t<div class=\"elementor-widget-container\">\n\t\t\t\t\t\n        <div class=\"transx_links_list_widget\">\n            <div class=\"transx_links_list_wrapper transx_view_type_2\">\n                <h5 class=\"transx_links_list_title\">Autres Services<\/h5>\n\n                                            <a class=\"transx_links_list_item\" href=\"https:\/\/amatab.com\/fr\/armateur\/maintenance-des-navires\/\" >\n                                <img decoding=\"async\" class=\"transx_img--bg\" src=\"http:\/\/amatab.com\/wp-content\/uploads\/2023\/11\/combinez-service-machine-mecanicien-reparant-moteur-exterieur-scaled.jpg\" alt=\"Background Image\" \/>\n                                <h6>Maintenance des navires<\/h6>\n                                <span class=\"transx_links_list_counter\">01<\/span>\n                            <\/a>\n                                                        <a class=\"transx_links_list_item\" href=\"https:\/\/amatab.com\/fr\/armateur\/pieces-de-rechange\/%20\" >\n                                <img decoding=\"async\" class=\"transx_img--bg\" src=\"http:\/\/amatab.com\/wp-content\/uploads\/2023\/11\/close-up-engrenages-fer-scaled.jpg\" alt=\"Background Image\" \/>\n                                <h6>Pi\u00e8ces de rechange<\/h6>\n                                <span class=\"transx_links_list_counter\">02<\/span>\n                            <\/a>\n                                                        <a class=\"transx_links_list_item\" href=\"https:\/\/amatab.com\/fr\/armateur\/suivi-performance\/\" >\n                                <img decoding=\"async\" class=\"transx_img--bg\" src=\"http:\/\/amatab.com\/wp-content\/uploads\/2023\/11\/soleil-brille-roue-bois-tenue-par-homme-scaled.jpg\" alt=\"Background Image\" \/>\n                                <h6>Suivi performance<\/h6>\n                                <span class=\"transx_links_list_counter\">03<\/span>\n                            <\/a>\n                                                        <a class=\"transx_links_list_item\" href=\"https:\/\/amatab.com\/fr\/armateur\/solution-radar-naval\/\" >\n                                <img decoding=\"async\" class=\"transx_img--bg\" src=\"http:\/\/amatab.com\/wp-content\/uploads\/2023\/11\/cockpit-avion-commande-vol-panneau-commande-tableau-bord-pour-navigation-accelerateur-du-moteur-compas-radar-cabine-avion-pare-brise-boutons-poignee-fermer-1-scaled.jpg\" alt=\"Background Image\" \/>\n                                <h6>Solution radar naval<\/h6>\n                                <span class=\"transx_links_list_counter\">04<\/span>\n                            <\/a>\n                                                            <\/div>\n        <\/div>\n\n        \t\t\t\t<\/div>\n\t\t\t\t<\/div>\n\t\t\t\t<div class=\"elementor-element elementor-element-bcf8534 elementor-widget__width-initial elementor-widget elementor-widget-html\" data-id=\"bcf8534\" data-element_type=\"widget\" data-e-type=\"widget\" data-widget_type=\"html.default\">\n\t\t\t\t<div class=\"elementor-widget-container\">\n\t\t\t\t\t<div class=\"transx_contact-trigger transx_contact-trigger--style-2\">\n\n\t<h4 class=\"transx_contact-trigger__title\">Besoin d'une estimation de prix ?<\/h4>\n\n\t<p class=\"transx_contact-trigger__text\">Nous sommes l\u00e0 pour vous fournir rapidement des informations d\u00e9taill\u00e9es sur nos tarifs !<\/p>\n\n\t<a class=\"transx_button\" href=\"https:\/\/amatab.com\/fr\/armateur\/reparation-des-citernes-et-navires\/obtenir-un-devis\/\">\n\t\t<span>OBTENIR UN DEVIS<\/span>\n\t\t<svg class=\"icon\">\n\t\t\t<svg viewbox=\"0 0 150 78.6\" xmlns=\"http:\/\/www.w3.org\/2000\/svg\"><path d=\"M0 31.5h150v12.7H0V31.5zM112.8-.1l30.9 31.5-8.8 9L104 8.9l8.8-9zm18.1 51l-18.4 18.8 8.9 9 18.4-18.8-8.9-9z\"\/><\/svg>\n\t\t<\/svg>\n\t<\/a>\n<\/div>\t\t\t\t<\/div>\n\t\t\t\t<\/div>\n\t\t\t\t\t<\/div>\n\t\t<\/div>\n\t\t\t\t\t<\/div>\n\t\t<\/section>\n\t\t\t\t<\/div>\n\t\t","protected":false},"excerpt":{"rendered":"<p>Chez Amatab &amp; Co, nous sommes fiers de notre r\u00e9putation en tant que prestataire de services de r\u00e9paration des navires de premier plan, offrant un ensemble complet de solutions pour entretenir et r\u00e9parer votre flotte maritime. Cette mission exige un haut niveau d&rsquo;expertise technique, une pr\u00e9cision m\u00e9ticuleuse et un d\u00e9vouement sans faille pour garantir que [&hellip;]<\/p>\n","protected":false},"author":5,"featured_media":1275,"parent":2572,"menu_order":57,"comment_status":"closed","ping_status":"closed","template":"","meta":{"om_disable_all_campaigns":false,"_uf_show_specific_survey":0,"_uf_disable_surveys":false,"footnotes":""},"folder":[],"class_list":["post-6442","page","type-page","status-publish","has-post-thumbnail","hentry"],"aioseo_notices":[],"_links":{"self":[{"href":"https:\/\/amatab.com\/fr\/wp-json\/wp\/v2\/pages\/6442","targetHints":{"allow":["GET"]}}],"collection":[{"href":"https:\/\/amatab.com\/fr\/wp-json\/wp\/v2\/pages"}],"about":[{"href":"https:\/\/amatab.com\/fr\/wp-json\/wp\/v2\/types\/page"}],"author":[{"embeddable":true,"href":"https:\/\/amatab.com\/fr\/wp-json\/wp\/v2\/users\/5"}],"replies":[{"embeddable":true,"href":"https:\/\/amatab.com\/fr\/wp-json\/wp\/v2\/comments?post=6442"}],"version-history":[{"count":73,"href":"https:\/\/amatab.com\/fr\/wp-json\/wp\/v2\/pages\/6442\/revisions"}],"predecessor-version":[{"id":16246,"href":"https:\/\/amatab.com\/fr\/wp-json\/wp\/v2\/pages\/6442\/revisions\/16246"}],"up":[{"embeddable":true,"href":"https:\/\/amatab.com\/fr\/wp-json\/wp\/v2\/pages\/2572"}],"wp:featuredmedia":[{"embeddable":true,"href":"https:\/\/amatab.com\/fr\/wp-json\/wp\/v2\/media\/1275"}],"wp:attachment":[{"href":"https:\/\/amatab.com\/fr\/wp-json\/wp\/v2\/media?parent=6442"}],"wp:term":[{"taxonomy":"folder","embeddable":true,"href":"https:\/\/amatab.com\/fr\/wp-json\/wp\/v2\/folder?post=6442"}],"curies":[{"name":"wp","href":"https:\/\/api.w.org\/{rel}","templated":true}]}}