{"id":6446,"date":"2023-10-31T11:20:20","date_gmt":"2023-10-31T10:20:20","guid":{"rendered":"https:\/\/amatab.com\/?page_id=6446"},"modified":"2024-01-25T10:09:40","modified_gmt":"2024-01-25T09:09:40","slug":"pieces-de-rechange","status":"publish","type":"page","link":"https:\/\/amatab.com\/fr\/armateur\/pieces-de-rechange\/","title":{"rendered":"Pi\u00e8ces de rechange"},"content":{"rendered":"\t\t<div data-elementor-type=\"wp-page\" data-elementor-id=\"6446\" class=\"elementor elementor-6446\" data-elementor-post-type=\"page\">\n\t\t\t\t\t\t<section class=\"elementor-section elementor-top-section elementor-element elementor-element-6be7959 elementor-section-boxed elementor-section-height-default elementor-section-height-default\" data-id=\"6be7959\" data-element_type=\"section\" data-e-type=\"section\">\n\t\t\t\t\t\t<div class=\"elementor-container elementor-column-gap-default\">\n\t\t\t\t\t<div class=\"elementor-column elementor-col-50 elementor-top-column elementor-element elementor-element-9705814\" data-id=\"9705814\" data-element_type=\"column\" data-e-type=\"column\">\n\t\t\t<div class=\"elementor-widget-wrap elementor-element-populated\">\n\t\t\t\t\t\t<section class=\"elementor-section elementor-inner-section elementor-element elementor-element-af57d8d elementor-section-boxed elementor-section-height-default elementor-section-height-default\" data-id=\"af57d8d\" data-element_type=\"section\" data-e-type=\"section\">\n\t\t\t\t\t\t<div class=\"elementor-container elementor-column-gap-default\">\n\t\t\t\t\t<div class=\"elementor-column elementor-col-50 elementor-inner-column elementor-element elementor-element-cedae25\" data-id=\"cedae25\" data-element_type=\"column\" data-e-type=\"column\">\n\t\t\t<div class=\"elementor-widget-wrap elementor-element-populated\">\n\t\t\t\t\t\t<div class=\"elementor-element elementor-element-756706a elementor-widget__width-initial elementor-widget elementor-widget-text-editor\" data-id=\"756706a\" data-element_type=\"widget\" data-e-type=\"widget\" data-widget_type=\"text-editor.default\">\n\t\t\t\t<div class=\"elementor-widget-container\">\n\t\t\t\t\t\t\t\t\t<p>La disponibilit\u00e9 rapide de pi\u00e8ces de rechange de qualit\u00e9 est essentielle pour assurer la continuit\u00e9 op\u00e9rationnelle de votre navire. Chez Amatab &amp; Co, nous appr\u00e9hendons pleinement l&rsquo;urgence de l&rsquo;approvisionnement en pi\u00e8ces de rechange fiables. Nous nous distinguons par notre capacit\u00e9 \u00e0 les fournir rapidement, minimisant ainsi les temps d&rsquo;immobilisation de vos \u00e9quipements.<\/p><p>\u00a0<\/p>\t\t\t\t\t\t\t\t<\/div>\n\t\t\t\t<\/div>\n\t\t\t\t\t<\/div>\n\t\t<\/div>\n\t\t\t\t<div class=\"elementor-column elementor-col-50 elementor-inner-column elementor-element elementor-element-ffd5a29\" data-id=\"ffd5a29\" data-element_type=\"column\" data-e-type=\"column\">\n\t\t\t<div class=\"elementor-widget-wrap elementor-element-populated\">\n\t\t\t\t\t\t<div class=\"elementor-element elementor-element-89bb4fa elementor-widget__width-initial elementor-widget elementor-widget-image\" data-id=\"89bb4fa\" data-element_type=\"widget\" data-e-type=\"widget\" data-widget_type=\"image.default\">\n\t\t\t\t<div class=\"elementor-widget-container\">\n\t\t\t\t\t\t\t\t\t\t\t\t\t\t\t<img fetchpriority=\"high\" decoding=\"async\" width=\"200\" height=\"300\" src=\"https:\/\/amatab.com\/wp-content\/uploads\/2023\/11\/tools-materials-sanitary-works-200x300.jpg\" class=\"attachment-medium size-medium wp-image-6702\" alt=\"\" srcset=\"https:\/\/amatab.com\/wp-content\/uploads\/2023\/11\/tools-materials-sanitary-works-200x300.jpg 200w, https:\/\/amatab.com\/wp-content\/uploads\/2023\/11\/tools-materials-sanitary-works-683x1024.jpg 683w, https:\/\/amatab.com\/wp-content\/uploads\/2023\/11\/tools-materials-sanitary-works-768x1152.jpg 768w, https:\/\/amatab.com\/wp-content\/uploads\/2023\/11\/tools-materials-sanitary-works-1024x1536.jpg 1024w, https:\/\/amatab.com\/wp-content\/uploads\/2023\/11\/tools-materials-sanitary-works-1365x2048.jpg 1365w, https:\/\/amatab.com\/wp-content\/uploads\/2023\/11\/tools-materials-sanitary-works-1320x1980.jpg 1320w, https:\/\/amatab.com\/wp-content\/uploads\/2023\/11\/tools-materials-sanitary-works-600x900.jpg 600w, https:\/\/amatab.com\/wp-content\/uploads\/2023\/11\/tools-materials-sanitary-works-scaled.jpg 1707w\" sizes=\"(max-width: 200px) 100vw, 200px\" \/>\t\t\t\t\t\t\t\t\t\t\t\t\t\t\t<\/div>\n\t\t\t\t<\/div>\n\t\t\t\t\t<\/div>\n\t\t<\/div>\n\t\t\t\t\t<\/div>\n\t\t<\/section>\n\t\t\t\t<section class=\"elementor-section elementor-inner-section elementor-element elementor-element-cbbe057 elementor-section-boxed elementor-section-height-default elementor-section-height-default\" data-id=\"cbbe057\" data-element_type=\"section\" data-e-type=\"section\">\n\t\t\t\t\t\t<div class=\"elementor-container elementor-column-gap-default\">\n\t\t\t\t\t<div class=\"elementor-column elementor-col-50 elementor-inner-column elementor-element elementor-element-240a7ab\" data-id=\"240a7ab\" data-element_type=\"column\" data-e-type=\"column\">\n\t\t\t<div class=\"elementor-widget-wrap elementor-element-populated\">\n\t\t\t\t\t\t<div class=\"elementor-element elementor-element-8e22115 elementor-widget__width-initial elementor-hidden-mobile elementor-widget elementor-widget-image\" data-id=\"8e22115\" data-element_type=\"widget\" data-e-type=\"widget\" data-widget_type=\"image.default\">\n\t\t\t\t<div class=\"elementor-widget-container\">\n\t\t\t\t\t\t\t\t\t\t\t\t\t\t\t<img decoding=\"async\" width=\"1024\" height=\"682\" src=\"https:\/\/amatab.com\/wp-content\/uploads\/2023\/11\/combine-machine-service-mechanic-repairing-motor-outdoors-1-1024x682.jpg\" class=\"attachment-large size-large wp-image-6705\" alt=\"\" srcset=\"https:\/\/amatab.com\/wp-content\/uploads\/2023\/11\/combine-machine-service-mechanic-repairing-motor-outdoors-1-1024x682.jpg 1024w, https:\/\/amatab.com\/wp-content\/uploads\/2023\/11\/combine-machine-service-mechanic-repairing-motor-outdoors-1-300x200.jpg 300w, https:\/\/amatab.com\/wp-content\/uploads\/2023\/11\/combine-machine-service-mechanic-repairing-motor-outdoors-1-768x511.jpg 768w, https:\/\/amatab.com\/wp-content\/uploads\/2023\/11\/combine-machine-service-mechanic-repairing-motor-outdoors-1-1536x1023.jpg 1536w, https:\/\/amatab.com\/wp-content\/uploads\/2023\/11\/combine-machine-service-mechanic-repairing-motor-outdoors-1-2048x1364.jpg 2048w, https:\/\/amatab.com\/wp-content\/uploads\/2023\/11\/combine-machine-service-mechanic-repairing-motor-outdoors-1-1320x879.jpg 1320w, https:\/\/amatab.com\/wp-content\/uploads\/2023\/11\/combine-machine-service-mechanic-repairing-motor-outdoors-1-600x400.jpg 600w\" sizes=\"(max-width: 1024px) 100vw, 1024px\" \/>\t\t\t\t\t\t\t\t\t\t\t\t\t\t\t<\/div>\n\t\t\t\t<\/div>\n\t\t\t\t\t<\/div>\n\t\t<\/div>\n\t\t\t\t<div class=\"elementor-column elementor-col-50 elementor-inner-column elementor-element elementor-element-97a8b15\" data-id=\"97a8b15\" data-element_type=\"column\" data-e-type=\"column\">\n\t\t\t<div class=\"elementor-widget-wrap elementor-element-populated\">\n\t\t\t\t\t\t<div class=\"elementor-element elementor-element-efaa2b5 elementor-widget elementor-widget-text-editor\" data-id=\"efaa2b5\" data-element_type=\"widget\" data-e-type=\"widget\" data-widget_type=\"text-editor.default\">\n\t\t\t\t<div class=\"elementor-widget-container\">\n\t\t\t\t\t\t\t\t\t<p><br \/>Notre service d&rsquo;approvisionnement en pi\u00e8ces de rechange est minutieusement con\u00e7u pour r\u00e9pondre \u00e0 vos besoins sp\u00e9cifiques. Que ce soit pour des moteurs, des syst\u00e8mes de navigation, des \u00e9quipements de s\u00e9curit\u00e9 ou d&rsquo;autres composants essentiels, nous entretenons des partenariats avec des fournisseurs de confiance pour garantir l&rsquo;acc\u00e8s imm\u00e9diat \u00e0 une vaste gamme de pi\u00e8ces de rechange de qualit\u00e9 sup\u00e9rieure.<\/p>\t\t\t\t\t\t\t\t<\/div>\n\t\t\t\t<\/div>\n\t\t\t\t\t<\/div>\n\t\t<\/div>\n\t\t\t\t\t<\/div>\n\t\t<\/section>\n\t\t\t\t<section class=\"elementor-section elementor-inner-section elementor-element elementor-element-40d6390 elementor-section-boxed elementor-section-height-default elementor-section-height-default\" data-id=\"40d6390\" data-element_type=\"section\" data-e-type=\"section\">\n\t\t\t\t\t\t<div class=\"elementor-container elementor-column-gap-default\">\n\t\t\t\t\t<div class=\"elementor-column elementor-col-100 elementor-inner-column elementor-element elementor-element-57b05c0\" data-id=\"57b05c0\" data-element_type=\"column\" data-e-type=\"column\">\n\t\t\t<div class=\"elementor-widget-wrap elementor-element-populated\">\n\t\t\t\t\t\t<div class=\"elementor-element elementor-element-8862d81 elementor-widget__width-initial elementor-hidden-desktop elementor-hidden-tablet elementor-widget elementor-widget-image\" data-id=\"8862d81\" data-element_type=\"widget\" data-e-type=\"widget\" data-widget_type=\"image.default\">\n\t\t\t\t<div class=\"elementor-widget-container\">\n\t\t\t\t\t\t\t\t\t\t\t\t\t\t\t<img decoding=\"async\" width=\"1024\" height=\"682\" src=\"https:\/\/amatab.com\/wp-content\/uploads\/2023\/11\/combine-machine-service-mechanic-repairing-motor-outdoors-1-1024x682.jpg\" class=\"attachment-large size-large wp-image-6705\" alt=\"\" srcset=\"https:\/\/amatab.com\/wp-content\/uploads\/2023\/11\/combine-machine-service-mechanic-repairing-motor-outdoors-1-1024x682.jpg 1024w, https:\/\/amatab.com\/wp-content\/uploads\/2023\/11\/combine-machine-service-mechanic-repairing-motor-outdoors-1-300x200.jpg 300w, https:\/\/amatab.com\/wp-content\/uploads\/2023\/11\/combine-machine-service-mechanic-repairing-motor-outdoors-1-768x511.jpg 768w, https:\/\/amatab.com\/wp-content\/uploads\/2023\/11\/combine-machine-service-mechanic-repairing-motor-outdoors-1-1536x1023.jpg 1536w, https:\/\/amatab.com\/wp-content\/uploads\/2023\/11\/combine-machine-service-mechanic-repairing-motor-outdoors-1-2048x1364.jpg 2048w, https:\/\/amatab.com\/wp-content\/uploads\/2023\/11\/combine-machine-service-mechanic-repairing-motor-outdoors-1-1320x879.jpg 1320w, https:\/\/amatab.com\/wp-content\/uploads\/2023\/11\/combine-machine-service-mechanic-repairing-motor-outdoors-1-600x400.jpg 600w\" sizes=\"(max-width: 1024px) 100vw, 1024px\" \/>\t\t\t\t\t\t\t\t\t\t\t\t\t\t\t<\/div>\n\t\t\t\t<\/div>\n\t\t\t\t<div class=\"elementor-element elementor-element-7b34c69 elementor-widget elementor-widget-text-editor\" data-id=\"7b34c69\" data-element_type=\"widget\" data-e-type=\"widget\" data-widget_type=\"text-editor.default\">\n\t\t\t\t<div class=\"elementor-widget-container\">\n\t\t\t\t\t\t\t\t\t<p>\u00a0<\/p><p>Notre \u00e9quipe d&rsquo;experts techniques se tient \u00e0 vos c\u00f4t\u00e9s pour vous guider dans le choix des pi\u00e8ces les mieux adapt\u00e9es \u00e0 vos exigences. Nous mettons un point d&rsquo;honneur \u00e0 les fournir en totale conformit\u00e9 avec les normes de l&rsquo;industrie, assurant ainsi la performance et la s\u00e9curit\u00e9 de votre navire.<\/p>\t\t\t\t\t\t\t\t<\/div>\n\t\t\t\t<\/div>\n\t\t\t\t\t<\/div>\n\t\t<\/div>\n\t\t\t\t\t<\/div>\n\t\t<\/section>\n\t\t\t\t\t<\/div>\n\t\t<\/div>\n\t\t\t\t<div class=\"elementor-column elementor-col-50 elementor-top-column elementor-element elementor-element-5ed5b7e\" data-id=\"5ed5b7e\" data-element_type=\"column\" data-e-type=\"column\">\n\t\t\t<div class=\"elementor-widget-wrap elementor-element-populated\">\n\t\t\t\t\t\t<div class=\"elementor-element elementor-element-29830b7 elementor-widget elementor-widget-transx_links_list\" data-id=\"29830b7\" data-element_type=\"widget\" data-e-type=\"widget\" data-widget_type=\"transx_links_list.default\">\n\t\t\t\t<div class=\"elementor-widget-container\">\n\t\t\t\t\t\n        <div class=\"transx_links_list_widget\">\n            <div class=\"transx_links_list_wrapper transx_view_type_2\">\n                <h5 class=\"transx_links_list_title\">Autres Services<\/h5>\n\n                                            <a class=\"transx_links_list_item\" href=\"https:\/\/amatab.com\/fr\/armateur\/maintenance-des-navires\/\" >\n                                <img decoding=\"async\" class=\"transx_img--bg\" src=\"http:\/\/amatab.com\/wp-content\/uploads\/2023\/11\/combinez-service-machine-mecanicien-reparant-moteur-exterieur-scaled.jpg\" alt=\"Background Image\" \/>\n                                <h6>Maintenance des navires<\/h6>\n                                <span class=\"transx_links_list_counter\">01<\/span>\n                            <\/a>\n                                                        <a class=\"transx_links_list_item\" href=\"https:\/\/amatab.com\/fr\/armateur\/reparation-des-citernes-et-navires\/\" >\n                                <img decoding=\"async\" class=\"transx_img--bg\" src=\"http:\/\/amatab.com\/wp-content\/uploads\/2023\/11\/specialiste-mecanique-barbu-tatoue-brutal-repare-moteur-voiture-qui-est-souleve-ascenseur-hydraulique-dans-garage-station-service-scaled.jpg\" alt=\"Background Image\" \/>\n                                <h6>R\u00e9paration des citernes et navires<\/h6>\n                                <span class=\"transx_links_list_counter\">02<\/span>\n                            <\/a>\n                                                        <a class=\"transx_links_list_item\" href=\"https:\/\/amatab.com\/fr\/armateur\/suivi-performance\/\" >\n                                <img decoding=\"async\" class=\"transx_img--bg\" src=\"http:\/\/amatab.com\/wp-content\/uploads\/2023\/11\/soleil-brille-roue-bois-tenue-par-homme-scaled.jpg\" alt=\"Background Image\" \/>\n                                <h6>Suivi performance<\/h6>\n                                <span class=\"transx_links_list_counter\">03<\/span>\n                            <\/a>\n                                                        <a class=\"transx_links_list_item\" href=\"https:\/\/amatab.com\/fr\/armateur\/solution-radar-naval\/\" >\n                                <img decoding=\"async\" class=\"transx_img--bg\" src=\"http:\/\/amatab.com\/wp-content\/uploads\/2023\/11\/cockpit-avion-commande-vol-panneau-commande-tableau-bord-pour-navigation-accelerateur-du-moteur-compas-radar-cabine-avion-pare-brise-boutons-poignee-fermer-1-scaled.jpg\" alt=\"Background Image\" \/>\n                                <h6>Solution radar naval<\/h6>\n                                <span class=\"transx_links_list_counter\">04<\/span>\n                            <\/a>\n                                                            <\/div>\n        <\/div>\n\n        \t\t\t\t<\/div>\n\t\t\t\t<\/div>\n\t\t\t\t<div class=\"elementor-element elementor-element-44571c6 elementor-widget__width-initial elementor-widget elementor-widget-html\" data-id=\"44571c6\" data-element_type=\"widget\" data-e-type=\"widget\" data-widget_type=\"html.default\">\n\t\t\t\t<div class=\"elementor-widget-container\">\n\t\t\t\t\t<div class=\"transx_contact-trigger transx_contact-trigger--style-2\">\n\t\n\t<h4 class=\"transx_contact-trigger__title\">Besoin d'une estimation de prix ?<\/h4>\n\n\t<p class=\"transx_contact-trigger__text\">Nous sommes l\u00e0 pour vous fournir rapidement des informations d\u00e9taill\u00e9es sur nos tarifs !<\/p>\n\n\t<a class=\"transx_button\" href=\"https:\/\/amatab.com\/fr\/armateur\/pieces-de-rechange\/obtenir-un-devis\/\">\n\t\t<span>OBTENIR UN DEVIS<\/span>\n\t\t<svg class=\"icon\">\n\t\t\t<svg viewbox=\"0 0 150 78.6\" xmlns=\"http:\/\/www.w3.org\/2000\/svg\"><path d=\"M0 31.5h150v12.7H0V31.5zM112.8-.1l30.9 31.5-8.8 9L104 8.9l8.8-9zm18.1 51l-18.4 18.8 8.9 9 18.4-18.8-8.9-9z\"\/><\/svg>\n\t\t<\/svg>\n\t<\/a>\n<\/div>\t\t\t\t<\/div>\n\t\t\t\t<\/div>\n\t\t\t\t\t<\/div>\n\t\t<\/div>\n\t\t\t\t\t<\/div>\n\t\t<\/section>\n\t\t\t\t<section class=\"elementor-section elementor-top-section elementor-element elementor-element-d9757ad elementor-section-boxed elementor-section-height-default elementor-section-height-default\" data-id=\"d9757ad\" data-element_type=\"section\" data-e-type=\"section\">\n\t\t\t\t\t\t<div class=\"elementor-container elementor-column-gap-default\">\n\t\t\t\t\t<div class=\"elementor-column elementor-col-50 elementor-top-column elementor-element elementor-element-1ba1ff3\" data-id=\"1ba1ff3\" data-element_type=\"column\" data-e-type=\"column\">\n\t\t\t<div class=\"elementor-widget-wrap\">\n\t\t\t\t\t\t\t<\/div>\n\t\t<\/div>\n\t\t\t\t<div class=\"elementor-column elementor-col-50 elementor-top-column elementor-element elementor-element-038e4c5\" data-id=\"038e4c5\" data-element_type=\"column\" data-e-type=\"column\">\n\t\t\t<div class=\"elementor-widget-wrap\">\n\t\t\t\t\t\t\t<\/div>\n\t\t<\/div>\n\t\t\t\t\t<\/div>\n\t\t<\/section>\n\t\t\t\t<section class=\"elementor-section elementor-top-section elementor-element elementor-element-9bd256d elementor-section-boxed elementor-section-height-default elementor-section-height-default\" data-id=\"9bd256d\" data-element_type=\"section\" data-e-type=\"section\">\n\t\t\t\t\t\t<div class=\"elementor-container elementor-column-gap-default\">\n\t\t\t\t\t<div class=\"elementor-column elementor-col-100 elementor-top-column elementor-element elementor-element-a3905c9\" data-id=\"a3905c9\" data-element_type=\"column\" data-e-type=\"column\">\n\t\t\t<div class=\"elementor-widget-wrap\">\n\t\t\t\t\t\t\t<\/div>\n\t\t<\/div>\n\t\t\t\t\t<\/div>\n\t\t<\/section>\n\t\t\t\t<\/div>\n\t\t","protected":false},"excerpt":{"rendered":"<p>La disponibilit\u00e9 rapide de pi\u00e8ces de rechange de qualit\u00e9 est essentielle pour assurer la continuit\u00e9 op\u00e9rationnelle de votre navire. Chez Amatab &amp; Co, nous appr\u00e9hendons pleinement l&rsquo;urgence de l&rsquo;approvisionnement en pi\u00e8ces de rechange fiables. Nous nous distinguons par notre capacit\u00e9 \u00e0 les fournir rapidement, minimisant ainsi les temps d&rsquo;immobilisation de vos \u00e9quipements. \u00a0 Notre service [&hellip;]<\/p>\n","protected":false},"author":5,"featured_media":1275,"parent":2572,"menu_order":39,"comment_status":"closed","ping_status":"closed","template":"","meta":{"om_disable_all_campaigns":false,"_uf_show_specific_survey":0,"_uf_disable_surveys":false,"footnotes":""},"folder":[],"class_list":["post-6446","page","type-page","status-publish","has-post-thumbnail","hentry"],"aioseo_notices":[],"_links":{"self":[{"href":"https:\/\/amatab.com\/fr\/wp-json\/wp\/v2\/pages\/6446","targetHints":{"allow":["GET"]}}],"collection":[{"href":"https:\/\/amatab.com\/fr\/wp-json\/wp\/v2\/pages"}],"about":[{"href":"https:\/\/amatab.com\/fr\/wp-json\/wp\/v2\/types\/page"}],"author":[{"embeddable":true,"href":"https:\/\/amatab.com\/fr\/wp-json\/wp\/v2\/users\/5"}],"replies":[{"embeddable":true,"href":"https:\/\/amatab.com\/fr\/wp-json\/wp\/v2\/comments?post=6446"}],"version-history":[{"count":52,"href":"https:\/\/amatab.com\/fr\/wp-json\/wp\/v2\/pages\/6446\/revisions"}],"predecessor-version":[{"id":16252,"href":"https:\/\/amatab.com\/fr\/wp-json\/wp\/v2\/pages\/6446\/revisions\/16252"}],"up":[{"embeddable":true,"href":"https:\/\/amatab.com\/fr\/wp-json\/wp\/v2\/pages\/2572"}],"wp:featuredmedia":[{"embeddable":true,"href":"https:\/\/amatab.com\/fr\/wp-json\/wp\/v2\/media\/1275"}],"wp:attachment":[{"href":"https:\/\/amatab.com\/fr\/wp-json\/wp\/v2\/media?parent=6446"}],"wp:term":[{"taxonomy":"folder","embeddable":true,"href":"https:\/\/amatab.com\/fr\/wp-json\/wp\/v2\/folder?post=6446"}],"curies":[{"name":"wp","href":"https:\/\/api.w.org\/{rel}","templated":true}]}}