{"id":6450,"date":"2023-10-31T11:21:32","date_gmt":"2023-10-31T10:21:32","guid":{"rendered":"https:\/\/amatab.com\/?page_id=6450"},"modified":"2024-01-25T10:27:01","modified_gmt":"2024-01-25T09:27:01","slug":"suivi-performance","status":"publish","type":"page","link":"https:\/\/amatab.com\/fr\/armateur\/suivi-performance\/","title":{"rendered":"Suivi performance"},"content":{"rendered":"\t\t<div data-elementor-type=\"wp-page\" data-elementor-id=\"6450\" class=\"elementor elementor-6450\" data-elementor-post-type=\"page\">\n\t\t\t\t\t\t<section class=\"elementor-section elementor-top-section elementor-element elementor-element-5d7c2f8 elementor-section-boxed elementor-section-height-default elementor-section-height-default\" data-id=\"5d7c2f8\" data-element_type=\"section\" data-e-type=\"section\">\n\t\t\t\t\t\t<div class=\"elementor-container elementor-column-gap-default\">\n\t\t\t\t\t<div class=\"elementor-column elementor-col-50 elementor-top-column elementor-element elementor-element-c310a31\" data-id=\"c310a31\" data-element_type=\"column\" data-e-type=\"column\">\n\t\t\t<div class=\"elementor-widget-wrap elementor-element-populated\">\n\t\t\t\t\t\t<div class=\"elementor-element elementor-element-23f42c3 elementor-widget elementor-widget-text-editor\" data-id=\"23f42c3\" data-element_type=\"widget\" data-e-type=\"widget\" data-widget_type=\"text-editor.default\">\n\t\t\t\t<div class=\"elementor-widget-container\">\n\t\t\t\t\t\t\t\t\t<p>Pour optimiser l&rsquo;efficacit\u00e9 de votre navire, nous mettons \u00e0 votre disposition une solution de suivi de performance avanc\u00e9e, capable de collecter et d&rsquo;analyser en temps r\u00e9el une multitude de donn\u00e9es cruciales. Ces informations s&rsquo;av\u00e8rent essentielles pour am\u00e9liorer de mani\u00e8re intelligente les performances op\u00e9rationnelles de votre flotte.<\/p>\t\t\t\t\t\t\t\t<\/div>\n\t\t\t\t<\/div>\n\t\t\t\t<div class=\"elementor-element elementor-element-d21bbb6 elementor-widget elementor-widget-image\" data-id=\"d21bbb6\" data-element_type=\"widget\" data-e-type=\"widget\" data-widget_type=\"image.default\">\n\t\t\t\t<div class=\"elementor-widget-container\">\n\t\t\t\t\t\t\t\t\t\t\t\t\t\t\t<img fetchpriority=\"high\" decoding=\"async\" width=\"1024\" height=\"787\" src=\"https:\/\/amatab.com\/wp-content\/uploads\/2023\/11\/travailleurs-construction-coup-moyen-tablette-1024x787.jpg\" class=\"attachment-large size-large wp-image-10918\" alt=\"\" srcset=\"https:\/\/amatab.com\/wp-content\/uploads\/2023\/11\/travailleurs-construction-coup-moyen-tablette-1024x787.jpg 1024w, https:\/\/amatab.com\/wp-content\/uploads\/2023\/11\/travailleurs-construction-coup-moyen-tablette-300x231.jpg 300w, https:\/\/amatab.com\/wp-content\/uploads\/2023\/11\/travailleurs-construction-coup-moyen-tablette-768x590.jpg 768w, https:\/\/amatab.com\/wp-content\/uploads\/2023\/11\/travailleurs-construction-coup-moyen-tablette-1536x1180.jpg 1536w, https:\/\/amatab.com\/wp-content\/uploads\/2023\/11\/travailleurs-construction-coup-moyen-tablette-2048x1574.jpg 2048w, https:\/\/amatab.com\/wp-content\/uploads\/2023\/11\/travailleurs-construction-coup-moyen-tablette-1320x1014.jpg 1320w, https:\/\/amatab.com\/wp-content\/uploads\/2023\/11\/travailleurs-construction-coup-moyen-tablette-600x461.jpg 600w\" sizes=\"(max-width: 1024px) 100vw, 1024px\" \/>\t\t\t\t\t\t\t\t\t\t\t\t\t\t\t<\/div>\n\t\t\t\t<\/div>\n\t\t\t\t<section class=\"elementor-section elementor-inner-section elementor-element elementor-element-58b7b15 elementor-section-boxed elementor-section-height-default elementor-section-height-default\" data-id=\"58b7b15\" data-element_type=\"section\" data-e-type=\"section\">\n\t\t\t\t\t\t<div class=\"elementor-container elementor-column-gap-default\">\n\t\t\t\t\t<div class=\"elementor-column elementor-col-50 elementor-inner-column elementor-element elementor-element-ac0fab3\" data-id=\"ac0fab3\" data-element_type=\"column\" data-e-type=\"column\">\n\t\t\t<div class=\"elementor-widget-wrap elementor-element-populated\">\n\t\t\t\t\t\t<div class=\"elementor-element elementor-element-0b7a4c1 elementor-widget elementor-widget-text-editor\" data-id=\"0b7a4c1\" data-element_type=\"widget\" data-e-type=\"widget\" data-widget_type=\"text-editor.default\">\n\t\t\t\t<div class=\"elementor-widget-container\">\n\t\t\t\t\t\t\t\t\t<p>Nous faisons usage de technologies de pointe, notamment des capteurs et des syst\u00e8mes de surveillance \u00e0 distance, afin de rassembler en temps r\u00e9el une vaste gamme de donn\u00e9es. Cela inclut la consommation de carburant, les \u00e9missions, la vitesse, la maintenance pr\u00e9ventive, la m\u00e9t\u00e9o, ainsi que d&rsquo;autres param\u00e8tres essentiels.<\/p>\t\t\t\t\t\t\t\t<\/div>\n\t\t\t\t<\/div>\n\t\t\t\t<div class=\"elementor-element elementor-element-cdfd8b5 elementor-widget elementor-widget-text-editor\" data-id=\"cdfd8b5\" data-element_type=\"widget\" data-e-type=\"widget\" data-widget_type=\"text-editor.default\">\n\t\t\t\t<div class=\"elementor-widget-container\">\n\t\t\t\t\t\t\t\t\t<p>Les donn\u00e9es ainsi obtenues sont ensuite minutieusement analys\u00e9es par nos experts en performance, qui identifient les domaines d&rsquo;am\u00e9lioration potentiels. Suite \u00e0 cette analyse des informations recueillies, nous sommes en mesure de vous recommander des ajustements dans la navigation, l&rsquo;entretien et l&rsquo;utilisation des \u00e9quipements pour maximiser l&rsquo;efficacit\u00e9 tout en r\u00e9duisant les co\u00fbts.<\/p>\t\t\t\t\t\t\t\t<\/div>\n\t\t\t\t<\/div>\n\t\t\t\t\t<\/div>\n\t\t<\/div>\n\t\t\t\t<div class=\"elementor-column elementor-col-50 elementor-inner-column elementor-element elementor-element-535cf33\" data-id=\"535cf33\" data-element_type=\"column\" data-e-type=\"column\">\n\t\t\t<div class=\"elementor-widget-wrap elementor-element-populated\">\n\t\t\t\t\t\t<div class=\"elementor-element elementor-element-ffdb7d5 elementor-widget__width-initial elementor-widget elementor-widget-image\" data-id=\"ffdb7d5\" data-element_type=\"widget\" data-e-type=\"widget\" data-widget_type=\"image.default\">\n\t\t\t\t<div class=\"elementor-widget-container\">\n\t\t\t\t\t\t\t\t\t\t\t\t\t\t\t<img decoding=\"async\" width=\"768\" height=\"432\" src=\"https:\/\/amatab.com\/wp-content\/uploads\/2023\/11\/homme-entrepot-travaillant-ordinateur-portable-768x432.jpg\" class=\"attachment-medium_large size-medium_large wp-image-10919\" alt=\"\" srcset=\"https:\/\/amatab.com\/wp-content\/uploads\/2023\/11\/homme-entrepot-travaillant-ordinateur-portable-768x432.jpg 768w, https:\/\/amatab.com\/wp-content\/uploads\/2023\/11\/homme-entrepot-travaillant-ordinateur-portable-300x169.jpg 300w, https:\/\/amatab.com\/wp-content\/uploads\/2023\/11\/homme-entrepot-travaillant-ordinateur-portable-1024x576.jpg 1024w, https:\/\/amatab.com\/wp-content\/uploads\/2023\/11\/homme-entrepot-travaillant-ordinateur-portable-1536x864.jpg 1536w, https:\/\/amatab.com\/wp-content\/uploads\/2023\/11\/homme-entrepot-travaillant-ordinateur-portable-2048x1152.jpg 2048w, https:\/\/amatab.com\/wp-content\/uploads\/2023\/11\/homme-entrepot-travaillant-ordinateur-portable-1320x742.jpg 1320w, https:\/\/amatab.com\/wp-content\/uploads\/2023\/11\/homme-entrepot-travaillant-ordinateur-portable-600x337.jpg 600w\" sizes=\"(max-width: 768px) 100vw, 768px\" \/>\t\t\t\t\t\t\t\t\t\t\t\t\t\t\t<\/div>\n\t\t\t\t<\/div>\n\t\t\t\t\t<\/div>\n\t\t<\/div>\n\t\t\t\t\t<\/div>\n\t\t<\/section>\n\t\t\t\t<section class=\"elementor-section elementor-inner-section elementor-element elementor-element-d87a2cb elementor-section-boxed elementor-section-height-default elementor-section-height-default\" data-id=\"d87a2cb\" data-element_type=\"section\" data-e-type=\"section\">\n\t\t\t\t\t\t<div class=\"elementor-container elementor-column-gap-default\">\n\t\t\t\t\t<div class=\"elementor-column elementor-col-100 elementor-inner-column elementor-element elementor-element-6a7ad10\" data-id=\"6a7ad10\" data-element_type=\"column\" data-e-type=\"column\">\n\t\t\t<div class=\"elementor-widget-wrap elementor-element-populated\">\n\t\t\t\t\t\t<div class=\"elementor-element elementor-element-d61f09c elementor-widget elementor-widget-text-editor\" data-id=\"d61f09c\" data-element_type=\"widget\" data-e-type=\"widget\" data-widget_type=\"text-editor.default\">\n\t\t\t\t<div class=\"elementor-widget-container\">\n\t\t\t\t\t\t\t\t\t<p>De surcro\u00eet, notre service de suivi de performance assure une r\u00e9activit\u00e9 optimale face aux situations impr\u00e9vues. En surveillant en permanence les performances de votre navire, nous pouvons anticiper les probl\u00e8mes potentiels et mettre en place des actions correctives pour \u00e9viter les interruptions co\u00fbteuses.<\/p>\t\t\t\t\t\t\t\t<\/div>\n\t\t\t\t<\/div>\n\t\t\t\t\t<\/div>\n\t\t<\/div>\n\t\t\t\t\t<\/div>\n\t\t<\/section>\n\t\t\t\t\t<\/div>\n\t\t<\/div>\n\t\t\t\t<div class=\"elementor-column elementor-col-50 elementor-top-column elementor-element elementor-element-bf4c79d\" data-id=\"bf4c79d\" data-element_type=\"column\" data-e-type=\"column\">\n\t\t\t<div class=\"elementor-widget-wrap elementor-element-populated\">\n\t\t\t\t\t\t<div class=\"elementor-element elementor-element-0d243e1 elementor-widget elementor-widget-transx_links_list\" data-id=\"0d243e1\" data-element_type=\"widget\" data-e-type=\"widget\" data-widget_type=\"transx_links_list.default\">\n\t\t\t\t<div class=\"elementor-widget-container\">\n\t\t\t\t\t\n        <div class=\"transx_links_list_widget\">\n            <div class=\"transx_links_list_wrapper transx_view_type_2\">\n                <h5 class=\"transx_links_list_title\">Autres Services<\/h5>\n\n                                            <a class=\"transx_links_list_item\" href=\"https:\/\/amatab.com\/fr\/armateur\/reparation-des-citernes-et-navires\/\" >\n                                <img decoding=\"async\" class=\"transx_img--bg\" src=\"http:\/\/amatab.com\/wp-content\/uploads\/2023\/11\/specialiste-mecanique-barbu-tatoue-brutal-repare-moteur-voiture-qui-est-souleve-ascenseur-hydraulique-dans-garage-station-service-scaled.jpg\" alt=\"Background Image\" \/>\n                                <h6>R\u00e9paration des citernes et navires<\/h6>\n                                <span class=\"transx_links_list_counter\">01<\/span>\n                            <\/a>\n                                                        <a class=\"transx_links_list_item\" href=\"https:\/\/amatab.com\/fr\/armateur\/pieces-de-rechange\/%20\" >\n                                <img decoding=\"async\" class=\"transx_img--bg\" src=\"http:\/\/amatab.com\/wp-content\/uploads\/2023\/11\/close-up-engrenages-fer-scaled.jpg\" alt=\"Background Image\" \/>\n                                <h6>Pi\u00e8ces de rechange<\/h6>\n                                <span class=\"transx_links_list_counter\">02<\/span>\n                            <\/a>\n                                                        <a class=\"transx_links_list_item\" href=\"https:\/\/amatab.com\/fr\/armateur\/maintenance-des-navires\/\" >\n                                <img decoding=\"async\" class=\"transx_img--bg\" src=\"http:\/\/amatab.com\/wp-content\/uploads\/2023\/11\/combinez-service-machine-mecanicien-reparant-moteur-exterieur-scaled.jpg\" alt=\"Background Image\" \/>\n                                <h6>Maintenance des navires<\/h6>\n                                <span class=\"transx_links_list_counter\">03<\/span>\n                            <\/a>\n                                                        <a class=\"transx_links_list_item\" href=\"https:\/\/amatab.com\/fr\/armateur\/solution-radar-naval\/\" >\n                                <img decoding=\"async\" class=\"transx_img--bg\" src=\"http:\/\/amatab.com\/wp-content\/uploads\/2023\/11\/cockpit-avion-commande-vol-panneau-commande-tableau-bord-pour-navigation-accelerateur-du-moteur-compas-radar-cabine-avion-pare-brise-boutons-poignee-fermer-1-scaled.jpg\" alt=\"Background Image\" \/>\n                                <h6>Solution radar naval<\/h6>\n                                <span class=\"transx_links_list_counter\">04<\/span>\n                            <\/a>\n                                                            <\/div>\n        <\/div>\n\n        \t\t\t\t<\/div>\n\t\t\t\t<\/div>\n\t\t\t\t<div class=\"elementor-element elementor-element-6ccc9fb elementor-widget__width-initial elementor-widget elementor-widget-html\" data-id=\"6ccc9fb\" data-element_type=\"widget\" data-e-type=\"widget\" data-widget_type=\"html.default\">\n\t\t\t\t<div class=\"elementor-widget-container\">\n\t\t\t\t\t<div class=\"transx_contact-trigger transx_contact-trigger--style-2\">\n\t\n\n\t<h4 class=\"transx_contact-trigger__title\">Besoin d'une estimation de prix ?<\/h4>\n\n\t<p class=\"transx_contact-trigger__text\">Nous sommes l\u00e0 pour vous fournir rapidement des informations d\u00e9taill\u00e9es sur nos tarifs !<\/p>\n\n\t<a class=\"transx_button\" href=\"https:\/\/amatab.com\/fr\/armateur\/suivi-performance\/obtenir-un-devis\/\">\n\t\t<span>OBTENIR UN DEVIS<\/span>\n\t\t<svg class=\"icon\">\n\t\t\t<svg viewbox=\"0 0 150 78.6\" xmlns=\"http:\/\/www.w3.org\/2000\/svg\"><path d=\"M0 31.5h150v12.7H0V31.5zM112.8-.1l30.9 31.5-8.8 9L104 8.9l8.8-9zm18.1 51l-18.4 18.8 8.9 9 18.4-18.8-8.9-9z\"\/><\/svg>\n\t\t<\/svg>\n\t<\/a>\n<\/div>\t\t\t\t<\/div>\n\t\t\t\t<\/div>\n\t\t\t\t\t<\/div>\n\t\t<\/div>\n\t\t\t\t\t<\/div>\n\t\t<\/section>\n\t\t\t\t<\/div>\n\t\t","protected":false},"excerpt":{"rendered":"<p>Pour optimiser l&rsquo;efficacit\u00e9 de votre navire, nous mettons \u00e0 votre disposition une solution de suivi de performance avanc\u00e9e, capable de collecter et d&rsquo;analyser en temps r\u00e9el une multitude de donn\u00e9es cruciales. Ces informations s&rsquo;av\u00e8rent essentielles pour am\u00e9liorer de mani\u00e8re intelligente les performances op\u00e9rationnelles de votre flotte. Nous faisons usage de technologies de pointe, notamment des [&hellip;]<\/p>\n","protected":false},"author":5,"featured_media":1275,"parent":2572,"menu_order":38,"comment_status":"closed","ping_status":"closed","template":"","meta":{"om_disable_all_campaigns":false,"_uf_show_specific_survey":0,"_uf_disable_surveys":false,"footnotes":""},"folder":[],"class_list":["post-6450","page","type-page","status-publish","has-post-thumbnail","hentry"],"aioseo_notices":[],"_links":{"self":[{"href":"https:\/\/amatab.com\/fr\/wp-json\/wp\/v2\/pages\/6450","targetHints":{"allow":["GET"]}}],"collection":[{"href":"https:\/\/amatab.com\/fr\/wp-json\/wp\/v2\/pages"}],"about":[{"href":"https:\/\/amatab.com\/fr\/wp-json\/wp\/v2\/types\/page"}],"author":[{"embeddable":true,"href":"https:\/\/amatab.com\/fr\/wp-json\/wp\/v2\/users\/5"}],"replies":[{"embeddable":true,"href":"https:\/\/amatab.com\/fr\/wp-json\/wp\/v2\/comments?post=6450"}],"version-history":[{"count":61,"href":"https:\/\/amatab.com\/fr\/wp-json\/wp\/v2\/pages\/6450\/revisions"}],"predecessor-version":[{"id":16255,"href":"https:\/\/amatab.com\/fr\/wp-json\/wp\/v2\/pages\/6450\/revisions\/16255"}],"up":[{"embeddable":true,"href":"https:\/\/amatab.com\/fr\/wp-json\/wp\/v2\/pages\/2572"}],"wp:featuredmedia":[{"embeddable":true,"href":"https:\/\/amatab.com\/fr\/wp-json\/wp\/v2\/media\/1275"}],"wp:attachment":[{"href":"https:\/\/amatab.com\/fr\/wp-json\/wp\/v2\/media?parent=6450"}],"wp:term":[{"taxonomy":"folder","embeddable":true,"href":"https:\/\/amatab.com\/fr\/wp-json\/wp\/v2\/folder?post=6450"}],"curies":[{"name":"wp","href":"https:\/\/api.w.org\/{rel}","templated":true}]}}