{"id":6461,"date":"2023-10-31T11:26:42","date_gmt":"2023-10-31T10:26:42","guid":{"rendered":"https:\/\/amatab.com\/?page_id=6461"},"modified":"2024-02-21T09:03:14","modified_gmt":"2024-02-21T08:03:14","slug":"consulting","status":"publish","type":"page","link":"https:\/\/amatab.com\/fr\/armateur\/consulting\/","title":{"rendered":"Consulting"},"content":{"rendered":"\t\t<div data-elementor-type=\"wp-page\" data-elementor-id=\"6461\" class=\"elementor elementor-6461\" data-elementor-post-type=\"page\">\n\t\t\t\t\t\t<section class=\"elementor-section elementor-top-section elementor-element elementor-element-50e9f46 elementor-section-boxed elementor-section-height-default elementor-section-height-default\" data-id=\"50e9f46\" data-element_type=\"section\" data-e-type=\"section\">\n\t\t\t\t\t\t<div class=\"elementor-container elementor-column-gap-default\">\n\t\t\t\t\t<div class=\"elementor-column elementor-col-33 elementor-top-column elementor-element elementor-element-d87418e\" data-id=\"d87418e\" data-element_type=\"column\" data-e-type=\"column\">\n\t\t\t<div class=\"elementor-widget-wrap elementor-element-populated\">\n\t\t\t\t\t\t<div class=\"elementor-element elementor-element-2a2d0dd elementor-widget elementor-widget-text-editor\" data-id=\"2a2d0dd\" data-element_type=\"widget\" data-e-type=\"widget\" data-widget_type=\"text-editor.default\">\n\t\t\t\t<div class=\"elementor-widget-container\">\n\t\t\t\t\t\t\t\t\t<p>Chez AMATAB &amp; CO, nous mettons \u00e0 votre disposition notre expertise pour vous orienter vers le succ\u00e8s. Nos consultants hautement qualifi\u00e9s sont pr\u00eats \u00e0 intervenir dans les moindres d\u00e9tails pour vous guider efficacement dans la gestion de votre navire.<\/p><p>Notre approche commence par une \u00e9valuation minutieuse de vos besoins et de vos op\u00e9rations existantes. Nous analysons les donn\u00e9es op\u00e9rationnelles, les performances de votre navire, ainsi que les syst\u00e8mes de gestion en place. En \u00e9troite collaboration avec vous, nous concevons des strat\u00e9gies sur mesure pour atteindre vos objectifs.<\/p>\t\t\t\t\t\t\t\t<\/div>\n\t\t\t\t<\/div>\n\t\t\t\t<div class=\"elementor-element elementor-element-ab59b51 elementor-widget__width-initial elementor-hidden-desktop elementor-hidden-tablet elementor-widget elementor-widget-image\" data-id=\"ab59b51\" data-element_type=\"widget\" data-e-type=\"widget\" data-widget_type=\"image.default\">\n\t\t\t\t<div class=\"elementor-widget-container\">\n\t\t\t\t\t\t\t\t\t\t\t\t\t\t\t<img decoding=\"async\" src=\"https:\/\/amatab.com\/wp-content\/uploads\/2023\/11\/gros-plan-personnes-travaillant-au-bureau-1-1320x1978.jpg\" title=\"Two men analyzing some documents\" alt=\"Two men analyzing some documents\" loading=\"lazy\" \/>\t\t\t\t\t\t\t\t\t\t\t\t\t\t\t<\/div>\n\t\t\t\t<\/div>\n\t\t\t\t<div class=\"elementor-element elementor-element-9e710df elementor-widget elementor-widget-text-editor\" data-id=\"9e710df\" data-element_type=\"widget\" data-e-type=\"widget\" data-widget_type=\"text-editor.default\">\n\t\t\t\t<div class=\"elementor-widget-container\">\n\t\t\t\t\t\t\t\t\t<p>Que ce soit en mati\u00e8re d&rsquo;entretien pr\u00e9ventif, de r\u00e9parations n\u00e9cessaires ou de mises \u00e0 niveau technologiques, nos conseils visent \u00e0 optimiser les performances de votre flotte. De plus, nous sommes en mesure de vous aider \u00e0 \u00e9laborer des itin\u00e9raires plus efficients, \u00e0 r\u00e9duire la consommation de carburant et \u00e0 minimiser les \u00e9missions. Et si l&rsquo;efficacit\u00e9 de votre \u00e9quipage et la s\u00e9curit\u00e9 de vos op\u00e9rations sont vos priorit\u00e9s, notre service de consulting est la cl\u00e9 de votre succ\u00e8s.<\/p><p>Vous pouvez compter sur notre expertise pour atteindre vos objectifs op\u00e9rationnels, am\u00e9liorer la rentabilit\u00e9 et garantir un fonctionnement fluide de votre flotte.<\/p>\t\t\t\t\t\t\t\t<\/div>\n\t\t\t\t<\/div>\n\t\t\t\t\t<\/div>\n\t\t<\/div>\n\t\t\t\t<div class=\"elementor-column elementor-col-33 elementor-top-column elementor-element elementor-element-fd76c6f\" data-id=\"fd76c6f\" data-element_type=\"column\" data-e-type=\"column\">\n\t\t\t<div class=\"elementor-widget-wrap elementor-element-populated\">\n\t\t\t\t\t\t<div class=\"elementor-element elementor-element-70bf360 elementor-widget__width-initial elementor-hidden-mobile elementor-widget elementor-widget-image\" data-id=\"70bf360\" data-element_type=\"widget\" data-e-type=\"widget\" data-widget_type=\"image.default\">\n\t\t\t\t<div class=\"elementor-widget-container\">\n\t\t\t\t\t\t\t\t\t\t\t\t\t\t\t<img decoding=\"async\" src=\"https:\/\/amatab.com\/wp-content\/uploads\/2023\/11\/gros-plan-personnes-travaillant-au-bureau-1-1320x1978.jpg\" title=\"Two men analyzing some documents\" alt=\"Two men analyzing some documents\" loading=\"lazy\" \/>\t\t\t\t\t\t\t\t\t\t\t\t\t\t\t<\/div>\n\t\t\t\t<\/div>\n\t\t\t\t\t<\/div>\n\t\t<\/div>\n\t\t\t\t<div class=\"elementor-column elementor-col-33 elementor-top-column elementor-element elementor-element-3336abf\" data-id=\"3336abf\" data-element_type=\"column\" data-e-type=\"column\">\n\t\t\t<div class=\"elementor-widget-wrap elementor-element-populated\">\n\t\t\t\t\t\t<div class=\"elementor-element elementor-element-a6accee elementor-widget elementor-widget-html\" data-id=\"a6accee\" data-element_type=\"widget\" data-e-type=\"widget\" data-widget_type=\"html.default\">\n\t\t\t\t<div class=\"elementor-widget-container\">\n\t\t\t\t\t<div class=\"transx_contact-trigger transx_contact-trigger--style-2\">\n\n\n\t<h4 class=\"transx_contact-trigger__title\">Besoin d'une estimation de prix ?<\/h4>\n\n\t<p class=\"transx_contact-trigger__text\">Nous sommes l\u00e0 pour vous fournir rapidement des informations d\u00e9taill\u00e9es sur nos tarifs !<\/p>\n\n\t<a class=\"transx_button\" href=\"https:\/\/amatab.com\/fr\/armateur\/consulting\/obtenir-un-devis\/\">\n\t\t<span>OBTENIR UN DEVIS<\/span>\n\t\t<svg class=\"icon\">\n\t\t\t<svg viewbox=\"0 0 150 78.6\" xmlns=\"http:\/\/www.w3.org\/2000\/svg\"><path d=\"M0 31.5h150v12.7H0V31.5zM112.8-.1l30.9 31.5-8.8 9L104 8.9l8.8-9zm18.1 51l-18.4 18.8 8.9 9 18.4-18.8-8.9-9z\"\/><\/svg>\n\t\t<\/svg>\n\t<\/a>\n<\/div>\t\t\t\t<\/div>\n\t\t\t\t<\/div>\n\t\t\t\t\t<\/div>\n\t\t<\/div>\n\t\t\t\t\t<\/div>\n\t\t<\/section>\n\t\t\t\t<section class=\"elementor-section elementor-top-section elementor-element elementor-element-c0c3135 elementor-section-boxed elementor-section-height-default elementor-section-height-default\" data-id=\"c0c3135\" data-element_type=\"section\" data-e-type=\"section\">\n\t\t\t\t\t\t<div class=\"elementor-container elementor-column-gap-default\">\n\t\t\t\t\t<div class=\"elementor-column elementor-col-100 elementor-top-column elementor-element elementor-element-fbfd662\" data-id=\"fbfd662\" data-element_type=\"column\" data-e-type=\"column\">\n\t\t\t<div class=\"elementor-widget-wrap elementor-element-populated\">\n\t\t\t\t\t\t\t<\/div>\n\t\t<\/div>\n\t\t\t\t\t<\/div>\n\t\t<\/section>\n\t\t\t\t<\/div>\n\t\t","protected":false},"excerpt":{"rendered":"<p>Chez AMATAB &amp; CO, nous mettons \u00e0 votre disposition notre expertise pour vous orienter vers le succ\u00e8s. Nos consultants hautement qualifi\u00e9s sont pr\u00eats \u00e0 intervenir dans les moindres d\u00e9tails pour vous guider efficacement dans la gestion de votre navire. Notre approche commence par une \u00e9valuation minutieuse de vos besoins et de vos op\u00e9rations existantes. Nous [&hellip;]<\/p>\n","protected":false},"author":5,"featured_media":1275,"parent":2572,"menu_order":19,"comment_status":"closed","ping_status":"closed","template":"","meta":{"om_disable_all_campaigns":false,"_uf_show_specific_survey":0,"_uf_disable_surveys":false,"footnotes":""},"folder":[],"class_list":["post-6461","page","type-page","status-publish","has-post-thumbnail","hentry"],"aioseo_notices":[],"_links":{"self":[{"href":"https:\/\/amatab.com\/fr\/wp-json\/wp\/v2\/pages\/6461","targetHints":{"allow":["GET"]}}],"collection":[{"href":"https:\/\/amatab.com\/fr\/wp-json\/wp\/v2\/pages"}],"about":[{"href":"https:\/\/amatab.com\/fr\/wp-json\/wp\/v2\/types\/page"}],"author":[{"embeddable":true,"href":"https:\/\/amatab.com\/fr\/wp-json\/wp\/v2\/users\/5"}],"replies":[{"embeddable":true,"href":"https:\/\/amatab.com\/fr\/wp-json\/wp\/v2\/comments?post=6461"}],"version-history":[{"count":51,"href":"https:\/\/amatab.com\/fr\/wp-json\/wp\/v2\/pages\/6461\/revisions"}],"predecessor-version":[{"id":16101,"href":"https:\/\/amatab.com\/fr\/wp-json\/wp\/v2\/pages\/6461\/revisions\/16101"}],"up":[{"embeddable":true,"href":"https:\/\/amatab.com\/fr\/wp-json\/wp\/v2\/pages\/2572"}],"wp:featuredmedia":[{"embeddable":true,"href":"https:\/\/amatab.com\/fr\/wp-json\/wp\/v2\/media\/1275"}],"wp:attachment":[{"href":"https:\/\/amatab.com\/fr\/wp-json\/wp\/v2\/media?parent=6461"}],"wp:term":[{"taxonomy":"folder","embeddable":true,"href":"https:\/\/amatab.com\/fr\/wp-json\/wp\/v2\/folder?post=6461"}],"curies":[{"name":"wp","href":"https:\/\/api.w.org\/{rel}","templated":true}]}}