{"id":6478,"date":"2023-10-31T11:43:46","date_gmt":"2023-10-31T10:43:46","guid":{"rendered":"https:\/\/amatab.com\/?page_id=6478"},"modified":"2024-01-22T15:51:56","modified_gmt":"2024-01-22T14:51:56","slug":"protection-des-equipes-2","status":"publish","type":"page","link":"https:\/\/amatab.com\/fr\/armateur\/protection-des-equipes-2\/","title":{"rendered":"Protection des \u00e9quipes"},"content":{"rendered":"\t\t<div data-elementor-type=\"wp-page\" data-elementor-id=\"6478\" class=\"elementor elementor-6478\" data-elementor-post-type=\"page\">\n\t\t\t\t\t\t<section class=\"elementor-section elementor-top-section elementor-element elementor-element-e64e780 elementor-section-boxed elementor-section-height-default elementor-section-height-default\" data-id=\"e64e780\" data-element_type=\"section\" data-e-type=\"section\">\n\t\t\t\t\t\t<div class=\"elementor-container elementor-column-gap-default\">\n\t\t\t\t\t<div class=\"elementor-column elementor-col-50 elementor-top-column elementor-element elementor-element-d8cf3ac\" data-id=\"d8cf3ac\" data-element_type=\"column\" data-e-type=\"column\">\n\t\t\t<div class=\"elementor-widget-wrap elementor-element-populated\">\n\t\t\t\t\t\t<div class=\"elementor-element elementor-element-4197256 elementor-widget elementor-widget-text-editor\" data-id=\"4197256\" data-element_type=\"widget\" data-e-type=\"widget\" data-widget_type=\"text-editor.default\">\n\t\t\t\t<div class=\"elementor-widget-container\">\n\t\t\t\t\t\t\t\t\t<p>Parce que la s\u00e9curit\u00e9 de votre \u00e9quipage est notre priorit\u00e9 absolue, l\u2019\u00e9quipe AMATAB &amp; CO met en place une s\u00e9rie de mesures de protection pour faire face aux conditions les plus exigeantes en mer et garantir que chaque membre de l&rsquo;\u00e9quipage puisse accomplir son travail en toute confiance. Nos services incluent :<\/p>\t\t\t\t\t\t\t\t<\/div>\n\t\t\t\t<\/div>\n\t\t\t\t<div class=\"elementor-element elementor-element-126689a elementor-widget elementor-widget-image\" data-id=\"126689a\" data-element_type=\"widget\" data-e-type=\"widget\" data-widget_type=\"image.default\">\n\t\t\t\t<div class=\"elementor-widget-container\">\n\t\t\t\t\t\t\t\t\t\t\t\t\t\t\t<img fetchpriority=\"high\" decoding=\"async\" width=\"1024\" height=\"682\" src=\"https:\/\/amatab.com\/wp-content\/uploads\/2023\/11\/heartbeat-healthcare-life-health-cardiogram-concept-1024x682.jpg\" class=\"attachment-large size-large wp-image-6652\" alt=\"\" srcset=\"https:\/\/amatab.com\/wp-content\/uploads\/2023\/11\/heartbeat-healthcare-life-health-cardiogram-concept-1024x682.jpg 1024w, https:\/\/amatab.com\/wp-content\/uploads\/2023\/11\/heartbeat-healthcare-life-health-cardiogram-concept-300x200.jpg 300w, https:\/\/amatab.com\/wp-content\/uploads\/2023\/11\/heartbeat-healthcare-life-health-cardiogram-concept-768x512.jpg 768w, https:\/\/amatab.com\/wp-content\/uploads\/2023\/11\/heartbeat-healthcare-life-health-cardiogram-concept-1536x1023.jpg 1536w, https:\/\/amatab.com\/wp-content\/uploads\/2023\/11\/heartbeat-healthcare-life-health-cardiogram-concept-2048x1364.jpg 2048w, https:\/\/amatab.com\/wp-content\/uploads\/2023\/11\/heartbeat-healthcare-life-health-cardiogram-concept-1320x879.jpg 1320w, https:\/\/amatab.com\/wp-content\/uploads\/2023\/11\/heartbeat-healthcare-life-health-cardiogram-concept-600x400.jpg 600w\" sizes=\"(max-width: 1024px) 100vw, 1024px\" \/>\t\t\t\t\t\t\t\t\t\t\t\t\t\t\t<\/div>\n\t\t\t\t<\/div>\n\t\t\t\t<section class=\"elementor-section elementor-inner-section elementor-element elementor-element-9951b71 elementor-section-boxed elementor-section-height-default elementor-section-height-default\" data-id=\"9951b71\" data-element_type=\"section\" data-e-type=\"section\">\n\t\t\t\t\t\t<div class=\"elementor-container elementor-column-gap-default\">\n\t\t\t\t\t<div class=\"elementor-column elementor-col-33 elementor-inner-column elementor-element elementor-element-19515b0\" data-id=\"19515b0\" data-element_type=\"column\" data-e-type=\"column\">\n\t\t\t<div class=\"elementor-widget-wrap elementor-element-populated\">\n\t\t\t\t\t\t<div class=\"elementor-element elementor-element-8ca76c8 elementor-widget__width-initial elementor-widget elementor-widget-text-editor\" data-id=\"8ca76c8\" data-element_type=\"widget\" data-e-type=\"widget\" data-widget_type=\"text-editor.default\">\n\t\t\t\t<div class=\"elementor-widget-container\">\n\t\t\t\t\t\t\t\t\t<p><span style=\"text-decoration: underline;\">\u00c9quipements de s\u00e9curit\u00e9 de pointe<\/span> : Chaque navire que nous \u00e9quipons est dot\u00e9 des derniers \u00e9quipements de s\u00e9curit\u00e9, y compris des gilets et des radeaux de sauvetage, des extincteurs, des \u00e9quipements de lutte contre l&rsquo;incendie, et bien plus encore. Ces \u00e9quipements sont r\u00e9guli\u00e8rement inspect\u00e9s et entretenus pour garantir leur efficacit\u00e9.<\/p>\t\t\t\t\t\t\t\t<\/div>\n\t\t\t\t<\/div>\n\t\t\t\t<div class=\"elementor-element elementor-element-1ffef42 elementor-widget__width-initial elementor-widget elementor-widget-image\" data-id=\"1ffef42\" data-element_type=\"widget\" data-e-type=\"widget\" data-widget_type=\"image.default\">\n\t\t\t\t<div class=\"elementor-widget-container\">\n\t\t\t\t\t\t\t\t\t\t\t\t\t\t\t<img decoding=\"async\" width=\"254\" height=\"300\" src=\"https:\/\/amatab.com\/wp-content\/uploads\/2023\/11\/krgk_w0nu_220416-254x300.jpg\" class=\"attachment-medium size-medium wp-image-10663\" alt=\"\" srcset=\"https:\/\/amatab.com\/wp-content\/uploads\/2023\/11\/krgk_w0nu_220416-254x300.jpg 254w, https:\/\/amatab.com\/wp-content\/uploads\/2023\/11\/krgk_w0nu_220416-866x1024.jpg 866w, https:\/\/amatab.com\/wp-content\/uploads\/2023\/11\/krgk_w0nu_220416-768x909.jpg 768w, https:\/\/amatab.com\/wp-content\/uploads\/2023\/11\/krgk_w0nu_220416-1298x1536.jpg 1298w, https:\/\/amatab.com\/wp-content\/uploads\/2023\/11\/krgk_w0nu_220416-1731x2048.jpg 1731w, https:\/\/amatab.com\/wp-content\/uploads\/2023\/11\/krgk_w0nu_220416-1320x1562.jpg 1320w, https:\/\/amatab.com\/wp-content\/uploads\/2023\/11\/krgk_w0nu_220416-600x710.jpg 600w\" sizes=\"(max-width: 254px) 100vw, 254px\" \/>\t\t\t\t\t\t\t\t\t\t\t\t\t\t\t<\/div>\n\t\t\t\t<\/div>\n\t\t\t\t\t<\/div>\n\t\t<\/div>\n\t\t\t\t<div class=\"elementor-column elementor-col-33 elementor-inner-column elementor-element elementor-element-dd990a1\" data-id=\"dd990a1\" data-element_type=\"column\" data-e-type=\"column\">\n\t\t\t<div class=\"elementor-widget-wrap elementor-element-populated\">\n\t\t\t\t\t\t<div class=\"elementor-element elementor-element-5924f83 elementor-widget__width-initial elementor-widget elementor-widget-text-editor\" data-id=\"5924f83\" data-element_type=\"widget\" data-e-type=\"widget\" data-widget_type=\"text-editor.default\">\n\t\t\t\t<div class=\"elementor-widget-container\">\n\t\t\t\t\t\t\t\t\t<p><span style=\"text-decoration: underline;\">Mesures de pr\u00e9vention des risques<\/span>: Nous travaillons en \u00e9troite collaboration avec les armateurs pour \u00e9laborer des plans de pr\u00e9vention des risques sp\u00e9cifiques \u00e0 chaque mission. Cela inclut l&rsquo;analyse des itin\u00e9raires, la surveillance des conditions m\u00e9t\u00e9orologiques, et la mise en place de proc\u00e9dures pour minimiser les risques potentiels.<\/p>\t\t\t\t\t\t\t\t<\/div>\n\t\t\t\t<\/div>\n\t\t\t\t<div class=\"elementor-element elementor-element-83e5d4e elementor-widget elementor-widget-spacer\" data-id=\"83e5d4e\" data-element_type=\"widget\" data-e-type=\"widget\" data-widget_type=\"spacer.default\">\n\t\t\t\t<div class=\"elementor-widget-container\">\n\t\t\t\t\t\t\t<div class=\"elementor-spacer\">\n\t\t\t<div class=\"elementor-spacer-inner\"><\/div>\n\t\t<\/div>\n\t\t\t\t\t\t<\/div>\n\t\t\t\t<\/div>\n\t\t\t\t<div class=\"elementor-element elementor-element-bdae124 elementor-widget__width-initial elementor-widget elementor-widget-image\" data-id=\"bdae124\" data-element_type=\"widget\" data-e-type=\"widget\" data-widget_type=\"image.default\">\n\t\t\t\t<div class=\"elementor-widget-container\">\n\t\t\t\t\t\t\t\t\t\t\t\t\t\t\t<img decoding=\"async\" width=\"1024\" height=\"683\" src=\"https:\/\/amatab.com\/wp-content\/uploads\/2023\/11\/8459752-1024x683.jpg\" class=\"attachment-large size-large wp-image-10664\" alt=\"\" srcset=\"https:\/\/amatab.com\/wp-content\/uploads\/2023\/11\/8459752-1024x683.jpg 1024w, https:\/\/amatab.com\/wp-content\/uploads\/2023\/11\/8459752-300x200.jpg 300w, https:\/\/amatab.com\/wp-content\/uploads\/2023\/11\/8459752-768x512.jpg 768w, https:\/\/amatab.com\/wp-content\/uploads\/2023\/11\/8459752-1536x1024.jpg 1536w, https:\/\/amatab.com\/wp-content\/uploads\/2023\/11\/8459752-2048x1365.jpg 2048w, https:\/\/amatab.com\/wp-content\/uploads\/2023\/11\/8459752-1320x880.jpg 1320w, https:\/\/amatab.com\/wp-content\/uploads\/2023\/11\/8459752-600x400.jpg 600w\" sizes=\"(max-width: 1024px) 100vw, 1024px\" \/>\t\t\t\t\t\t\t\t\t\t\t\t\t\t\t<\/div>\n\t\t\t\t<\/div>\n\t\t\t\t\t<\/div>\n\t\t<\/div>\n\t\t\t\t<div class=\"elementor-column elementor-col-33 elementor-inner-column elementor-element elementor-element-67ab49e\" data-id=\"67ab49e\" data-element_type=\"column\" data-e-type=\"column\">\n\t\t\t<div class=\"elementor-widget-wrap elementor-element-populated\">\n\t\t\t\t\t\t<div class=\"elementor-element elementor-element-1c08179 elementor-widget__width-initial elementor-widget elementor-widget-text-editor\" data-id=\"1c08179\" data-element_type=\"widget\" data-e-type=\"widget\" data-widget_type=\"text-editor.default\">\n\t\t\t\t<div class=\"elementor-widget-container\">\n\t\t\t\t\t\t\t\t\t<p><span style=\"text-decoration: underline;\">Conformit\u00e9 aux normes internationales<\/span> : Notre agence maritime se conforme rigoureusement aux normes internationales en mati\u00e8re de s\u00e9curit\u00e9 maritime. Nous veillons \u00e0 ce que chaque navire respecte les r\u00e9glementations et les normes les plus strictes, garantissant ainsi la s\u00e9curit\u00e9 de l&rsquo;\u00e9quipage \u00e0 chaque instant.<\/p>\t\t\t\t\t\t\t\t<\/div>\n\t\t\t\t<\/div>\n\t\t\t\t<div class=\"elementor-element elementor-element-af05f57 elementor-widget__width-initial elementor-widget elementor-widget-image\" data-id=\"af05f57\" data-element_type=\"widget\" data-e-type=\"widget\" data-widget_type=\"image.default\">\n\t\t\t\t<div class=\"elementor-widget-container\">\n\t\t\t\t\t\t\t\t\t\t\t\t\t\t\t<img loading=\"lazy\" decoding=\"async\" width=\"1024\" height=\"1024\" src=\"https:\/\/amatab.com\/wp-content\/uploads\/2023\/11\/594-1024x1024.jpg\" class=\"attachment-large size-large wp-image-10666\" alt=\"\" srcset=\"https:\/\/amatab.com\/wp-content\/uploads\/2023\/11\/594-1024x1024.jpg 1024w, https:\/\/amatab.com\/wp-content\/uploads\/2023\/11\/594-300x300.jpg 300w, https:\/\/amatab.com\/wp-content\/uploads\/2023\/11\/594-150x150.jpg 150w, https:\/\/amatab.com\/wp-content\/uploads\/2023\/11\/594-768x768.jpg 768w, https:\/\/amatab.com\/wp-content\/uploads\/2023\/11\/594-1536x1536.jpg 1536w, https:\/\/amatab.com\/wp-content\/uploads\/2023\/11\/594-1320x1320.jpg 1320w, https:\/\/amatab.com\/wp-content\/uploads\/2023\/11\/594-600x600.jpg 600w, https:\/\/amatab.com\/wp-content\/uploads\/2023\/11\/594-100x100.jpg 100w, https:\/\/amatab.com\/wp-content\/uploads\/2023\/11\/594.jpg 2000w\" sizes=\"(max-width: 1024px) 100vw, 1024px\" \/>\t\t\t\t\t\t\t\t\t\t\t\t\t\t\t<\/div>\n\t\t\t\t<\/div>\n\t\t\t\t\t<\/div>\n\t\t<\/div>\n\t\t\t\t\t<\/div>\n\t\t<\/section>\n\t\t\t\t\t<\/div>\n\t\t<\/div>\n\t\t\t\t<div class=\"elementor-column elementor-col-50 elementor-top-column elementor-element elementor-element-57b3946\" data-id=\"57b3946\" data-element_type=\"column\" data-e-type=\"column\">\n\t\t\t<div class=\"elementor-widget-wrap elementor-element-populated\">\n\t\t\t\t\t\t<div class=\"elementor-element elementor-element-092ce67 elementor-widget__width-initial elementor-widget elementor-widget-transx_links_list\" data-id=\"092ce67\" data-element_type=\"widget\" data-e-type=\"widget\" data-widget_type=\"transx_links_list.default\">\n\t\t\t\t<div class=\"elementor-widget-container\">\n\t\t\t\t\t\n        <div class=\"transx_links_list_widget\">\n            <div class=\"transx_links_list_wrapper transx_view_type_2\">\n                <h5 class=\"transx_links_list_title\">Autres Services<\/h5>\n\n                                            <a class=\"transx_links_list_item\" href=\"https:\/\/amatab.com\/fr\/armateur\/services-medicaux\/\" >\n                                <img decoding=\"async\" class=\"transx_img--bg\" src=\"http:\/\/amatab.com\/wp-content\/uploads\/2023\/11\/jeune-beau-medecin-dans-peignoir-medical-stethoscope-scaled.jpg\" alt=\"Background Image\" \/>\n                                <h6>Services m\u00e9dicaux<\/h6>\n                                <span class=\"transx_links_list_counter\">01<\/span>\n                            <\/a>\n                                                        <a class=\"transx_links_list_item\" href=\"https:\/\/amatab.com\/fr\/armateur\/services-hoteliers\/\" >\n                                <img decoding=\"async\" class=\"transx_img--bg\" src=\"http:\/\/amatab.com\/wp-content\/uploads\/2023\/11\/jeune-femme-chambre-hotel-debout-tenant-serviettes-propres-fraiches-scaled.jpg\" alt=\"Background Image\" \/>\n                                <h6>Services h\u00f4teliers<\/h6>\n                                <span class=\"transx_links_list_counter\">02<\/span>\n                            <\/a>\n                                                        <a class=\"transx_links_list_item\" href=\"https:\/\/amatab.com\/fr\/armateur\/approvisionnement-alimentaire\/\" >\n                                <img decoding=\"async\" class=\"transx_img--bg\" src=\"http:\/\/amatab.com\/wp-content\/uploads\/2023\/11\/collection-allergenes-alimentaires-courants-pour-personnes-scaled.jpg\" alt=\"Background Image\" \/>\n                                <h6>Approvisionnement alimentaire<\/h6>\n                                <span class=\"transx_links_list_counter\">03<\/span>\n                            <\/a>\n                                                        <a class=\"transx_links_list_item\" href=\"https:\/\/amatab.com\/fr\/armateur\/services-de-transport\/\" >\n                                <img decoding=\"async\" class=\"transx_img--bg\" src=\"http:\/\/amatab.com\/wp-content\/uploads\/2023\/11\/yacht-luxe-navigue-vers-coucher-du-soleil-eau-generee-par-ia-scaled.jpg\" alt=\"Background Image\" \/>\n                                <h6>Services de transport<\/h6>\n                                <span class=\"transx_links_list_counter\">04<\/span>\n                            <\/a>\n                                                            <\/div>\n        <\/div>\n\n        \t\t\t\t<\/div>\n\t\t\t\t<\/div>\n\t\t\t\t<div class=\"elementor-element elementor-element-e99abf6 elementor-widget__width-initial elementor-widget elementor-widget-html\" data-id=\"e99abf6\" data-element_type=\"widget\" data-e-type=\"widget\" data-widget_type=\"html.default\">\n\t\t\t\t<div class=\"elementor-widget-container\">\n\t\t\t\t\t<div class=\"transx_contact-trigger transx_contact-trigger--style-2\">\n\t\n\n\t<h4 class=\"transx_contact-trigger__title\">Besoin d'une estimation de prix ?<\/h4>\n\n\t<p class=\"transx_contact-trigger__text\">Nous sommes l\u00e0 pour vous fournir rapidement des informations d\u00e9taill\u00e9es sur nos tarifs !<\/p>\n\n\t<a class=\"transx_button\" href=\"https:\/\/amatab.com\/fr\/armateur\/protection-des-equipes-2\/obtenir-un-devis\/\">\n\t\t<span>OBTENIR UN DEVIS<\/span>\n\t\t<svg class=\"icon\">\n\t\t\t<svg viewbox=\"0 0 150 78.6\" xmlns=\"http:\/\/www.w3.org\/2000\/svg\"><path d=\"M0 31.5h150v12.7H0V31.5zM112.8-.1l30.9 31.5-8.8 9L104 8.9l8.8-9zm18.1 51l-18.4 18.8 8.9 9 18.4-18.8-8.9-9z\"\/><\/svg>\n\t\t<\/svg>\n\t<\/a>\n<\/div>\t\t\t\t<\/div>\n\t\t\t\t<\/div>\n\t\t\t\t\t<\/div>\n\t\t<\/div>\n\t\t\t\t\t<\/div>\n\t\t<\/section>\n\t\t\t\t<\/div>\n\t\t","protected":false},"excerpt":{"rendered":"<p>Parce que la s\u00e9curit\u00e9 de votre \u00e9quipage est notre priorit\u00e9 absolue, l\u2019\u00e9quipe AMATAB &amp; CO met en place une s\u00e9rie de mesures de protection pour faire face aux conditions les plus exigeantes en mer et garantir que chaque membre de l&rsquo;\u00e9quipage puisse accomplir son travail en toute confiance. Nos services incluent : \u00c9quipements de s\u00e9curit\u00e9 [&hellip;]<\/p>\n","protected":false},"author":5,"featured_media":1275,"parent":2572,"menu_order":18,"comment_status":"closed","ping_status":"closed","template":"","meta":{"om_disable_all_campaigns":false,"_uf_show_specific_survey":0,"_uf_disable_surveys":false,"footnotes":""},"folder":[],"class_list":["post-6478","page","type-page","status-publish","has-post-thumbnail","hentry"],"aioseo_notices":[],"_links":{"self":[{"href":"https:\/\/amatab.com\/fr\/wp-json\/wp\/v2\/pages\/6478","targetHints":{"allow":["GET"]}}],"collection":[{"href":"https:\/\/amatab.com\/fr\/wp-json\/wp\/v2\/pages"}],"about":[{"href":"https:\/\/amatab.com\/fr\/wp-json\/wp\/v2\/types\/page"}],"author":[{"embeddable":true,"href":"https:\/\/amatab.com\/fr\/wp-json\/wp\/v2\/users\/5"}],"replies":[{"embeddable":true,"href":"https:\/\/amatab.com\/fr\/wp-json\/wp\/v2\/comments?post=6478"}],"version-history":[{"count":94,"href":"https:\/\/amatab.com\/fr\/wp-json\/wp\/v2\/pages\/6478\/revisions"}],"predecessor-version":[{"id":16240,"href":"https:\/\/amatab.com\/fr\/wp-json\/wp\/v2\/pages\/6478\/revisions\/16240"}],"up":[{"embeddable":true,"href":"https:\/\/amatab.com\/fr\/wp-json\/wp\/v2\/pages\/2572"}],"wp:featuredmedia":[{"embeddable":true,"href":"https:\/\/amatab.com\/fr\/wp-json\/wp\/v2\/media\/1275"}],"wp:attachment":[{"href":"https:\/\/amatab.com\/fr\/wp-json\/wp\/v2\/media?parent=6478"}],"wp:term":[{"taxonomy":"folder","embeddable":true,"href":"https:\/\/amatab.com\/fr\/wp-json\/wp\/v2\/folder?post=6478"}],"curies":[{"name":"wp","href":"https:\/\/api.w.org\/{rel}","templated":true}]}}