{"id":6493,"date":"2023-10-31T11:49:41","date_gmt":"2023-10-31T10:49:41","guid":{"rendered":"https:\/\/amatab.com\/?page_id=6493"},"modified":"2024-01-25T12:11:52","modified_gmt":"2024-01-25T11:11:52","slug":"assurance-des-equipes","status":"publish","type":"page","link":"https:\/\/amatab.com\/fr\/armateur\/assurance-des-equipes\/","title":{"rendered":"Assurance des \u00e9quipes"},"content":{"rendered":"\t\t<div data-elementor-type=\"wp-page\" data-elementor-id=\"6493\" class=\"elementor elementor-6493\" data-elementor-post-type=\"page\">\n\t\t\t\t\t\t<section class=\"elementor-section elementor-top-section elementor-element elementor-element-1c3b96a elementor-section-boxed elementor-section-height-default elementor-section-height-default\" data-id=\"1c3b96a\" data-element_type=\"section\" data-e-type=\"section\">\n\t\t\t\t\t\t<div class=\"elementor-container elementor-column-gap-default\">\n\t\t\t\t\t<div class=\"elementor-column elementor-col-33 elementor-top-column elementor-element elementor-element-2f74cff\" data-id=\"2f74cff\" data-element_type=\"column\" data-e-type=\"column\">\n\t\t\t<div class=\"elementor-widget-wrap elementor-element-populated\">\n\t\t\t\t\t\t<div class=\"elementor-element elementor-element-e6077d0 elementor-widget elementor-widget-text-editor\" data-id=\"e6077d0\" data-element_type=\"widget\" data-e-type=\"widget\" data-widget_type=\"text-editor.default\">\n\t\t\t\t<div class=\"elementor-widget-container\">\n\t\t\t\t\t\t\t\t\t<p>La s\u00e9curit\u00e9 et le bien-\u00eatre de l&rsquo;\u00e9quipage sont d&rsquo;une importance capitale pour le bon fonctionnement d&rsquo;un navire. Chez AMATAB &amp; CO, nous offrons des solutions d&rsquo;assurance sp\u00e9cialement con\u00e7ues pour prot\u00e9ger les membres de l&rsquo;\u00e9quipage, et pour garantir leur s\u00e9curit\u00e9.<\/p>\t\t\t\t\t\t\t\t<\/div>\n\t\t\t\t<\/div>\n\t\t\t\t<div class=\"elementor-element elementor-element-0461c89 elementor-widget elementor-widget-text-editor\" data-id=\"0461c89\" data-element_type=\"widget\" data-e-type=\"widget\" data-widget_type=\"text-editor.default\">\n\t\t\t\t<div class=\"elementor-widget-container\">\n\t\t\t\t\t\t\t\t\t<p>Il est question d&rsquo;une couverture compl\u00e8te, allant des soins m\u00e9dicaux aux couvertures en cas d&rsquo;accidents du travail, en passant par la protection en mati\u00e8re de responsabilit\u00e9 civile. Chaque plan d&rsquo;assurance est m\u00e9ticuleusement \u00e9labor\u00e9 pour s&rsquo;aligner sur les besoins sp\u00e9cifiques de votre \u00e9quipage et des op\u00e9rations maritimes que vous entreprenez.<\/p>\t\t\t\t\t\t\t\t<\/div>\n\t\t\t\t<\/div>\n\t\t\t\t\t<\/div>\n\t\t<\/div>\n\t\t\t\t<div class=\"elementor-column elementor-col-33 elementor-top-column elementor-element elementor-element-ed3d33d\" data-id=\"ed3d33d\" data-element_type=\"column\" data-e-type=\"column\">\n\t\t\t<div class=\"elementor-widget-wrap elementor-element-populated\">\n\t\t\t\t\t\t<div class=\"elementor-element elementor-element-39c8f42 elementor-widget__width-initial elementor-widget elementor-widget-image\" data-id=\"39c8f42\" data-element_type=\"widget\" data-e-type=\"widget\" data-widget_type=\"image.default\">\n\t\t\t\t<div class=\"elementor-widget-container\">\n\t\t\t\t\t\t\t\t\t\t\t\t\t\t\t<img fetchpriority=\"high\" decoding=\"async\" width=\"768\" height=\"1152\" src=\"https:\/\/amatab.com\/wp-content\/uploads\/2023\/11\/agent-assurance-communiquant-clients-seniors-tout-montrant-quelque-chose-pave-tactile-lors-reunion-au-bureau-768x1152.jpg\" class=\"attachment-medium_large size-medium_large wp-image-10893\" alt=\"\" srcset=\"https:\/\/amatab.com\/wp-content\/uploads\/2023\/11\/agent-assurance-communiquant-clients-seniors-tout-montrant-quelque-chose-pave-tactile-lors-reunion-au-bureau-768x1152.jpg 768w, https:\/\/amatab.com\/wp-content\/uploads\/2023\/11\/agent-assurance-communiquant-clients-seniors-tout-montrant-quelque-chose-pave-tactile-lors-reunion-au-bureau-200x300.jpg 200w, https:\/\/amatab.com\/wp-content\/uploads\/2023\/11\/agent-assurance-communiquant-clients-seniors-tout-montrant-quelque-chose-pave-tactile-lors-reunion-au-bureau-683x1024.jpg 683w, https:\/\/amatab.com\/wp-content\/uploads\/2023\/11\/agent-assurance-communiquant-clients-seniors-tout-montrant-quelque-chose-pave-tactile-lors-reunion-au-bureau-1024x1536.jpg 1024w, https:\/\/amatab.com\/wp-content\/uploads\/2023\/11\/agent-assurance-communiquant-clients-seniors-tout-montrant-quelque-chose-pave-tactile-lors-reunion-au-bureau-1365x2048.jpg 1365w, https:\/\/amatab.com\/wp-content\/uploads\/2023\/11\/agent-assurance-communiquant-clients-seniors-tout-montrant-quelque-chose-pave-tactile-lors-reunion-au-bureau-1320x1980.jpg 1320w, https:\/\/amatab.com\/wp-content\/uploads\/2023\/11\/agent-assurance-communiquant-clients-seniors-tout-montrant-quelque-chose-pave-tactile-lors-reunion-au-bureau-600x900.jpg 600w, https:\/\/amatab.com\/wp-content\/uploads\/2023\/11\/agent-assurance-communiquant-clients-seniors-tout-montrant-quelque-chose-pave-tactile-lors-reunion-au-bureau-scaled.jpg 1707w\" sizes=\"(max-width: 768px) 100vw, 768px\" \/>\t\t\t\t\t\t\t\t\t\t\t\t\t\t\t<\/div>\n\t\t\t\t<\/div>\n\t\t\t\t\t<\/div>\n\t\t<\/div>\n\t\t\t\t<div class=\"elementor-column elementor-col-33 elementor-top-column elementor-element elementor-element-a7b253e\" data-id=\"a7b253e\" data-element_type=\"column\" data-e-type=\"column\">\n\t\t\t<div class=\"elementor-widget-wrap elementor-element-populated\">\n\t\t\t\t\t\t<div class=\"elementor-element elementor-element-ccddf9f elementor-widget elementor-widget-transx_links_list\" data-id=\"ccddf9f\" data-element_type=\"widget\" data-e-type=\"widget\" data-widget_type=\"transx_links_list.default\">\n\t\t\t\t<div class=\"elementor-widget-container\">\n\t\t\t\t\t\n        <div class=\"transx_links_list_widget\">\n            <div class=\"transx_links_list_wrapper transx_view_type_2\">\n                <h5 class=\"transx_links_list_title\">Autres Services<\/h5>\n\n                                            <a class=\"transx_links_list_item\" href=\"https:\/\/amatab.com\/fr\/armateur\/solutions-dassurance\/\" >\n                                <img decoding=\"async\" class=\"transx_img--bg\" src=\"http:\/\/amatab.com\/wp-content\/uploads\/2023\/10\/i-am-glad-that-we-managed-reach-agreement-scaled.jpg\" alt=\"Background Image\" \/>\n                                <h6>Solutions d\u2019assurance<\/h6>\n                                <span class=\"transx_links_list_counter\">01<\/span>\n                            <\/a>\n                                                        <a class=\"transx_links_list_item\" href=\"https:\/\/amatab.com\/fr\/armateur\/gestion-des-risques\/\" >\n                                <img decoding=\"async\" class=\"transx_img--bg\" src=\"http:\/\/amatab.com\/wp-content\/uploads\/2023\/10\/graph-business-financial-investment-risk-word-scaled.jpg\" alt=\"Background Image\" \/>\n                                <h6>Gestion des risques<\/h6>\n                                <span class=\"transx_links_list_counter\">02<\/span>\n                            <\/a>\n                                                            <\/div>\n        <\/div>\n\n        \t\t\t\t<\/div>\n\t\t\t\t<\/div>\n\t\t\t\t<div class=\"elementor-element elementor-element-2baa586 elementor-widget__width-initial elementor-widget elementor-widget-html\" data-id=\"2baa586\" data-element_type=\"widget\" data-e-type=\"widget\" data-widget_type=\"html.default\">\n\t\t\t\t<div class=\"elementor-widget-container\">\n\t\t\t\t\t<div class=\"transx_contact-trigger transx_contact-trigger--style-2\">\n\t\n\t<h4 class=\"transx_contact-trigger__title\">Besoin d'une estimation de prix ?<\/h4>\n\n\t<p class=\"transx_contact-trigger__text\">Nous sommes l\u00e0 pour vous fournir rapidement des informations d\u00e9taill\u00e9es sur nos tarifs !<\/p>\n\n\t<a class=\"transx_button\" href=\"https:\/\/amatab.com\/fr\/armateur\/assurance-des-equipes\/obtenir-un-devis\/\">\n\t\t<span>OBTENIR UN DEVIS<\/span>\n\t\t<svg class=\"icon\">\n\t\t\t<svg viewbox=\"0 0 150 78.6\" xmlns=\"http:\/\/www.w3.org\/2000\/svg\"><path d=\"M0 31.5h150v12.7H0V31.5zM112.8-.1l30.9 31.5-8.8 9L104 8.9l8.8-9zm18.1 51l-18.4 18.8 8.9 9 18.4-18.8-8.9-9z\"\/><\/svg>\n\t\t<\/svg>\n\t<\/a>\n<\/div>\t\t\t\t<\/div>\n\t\t\t\t<\/div>\n\t\t\t\t\t<\/div>\n\t\t<\/div>\n\t\t\t\t\t<\/div>\n\t\t<\/section>\n\t\t\t\t<\/div>\n\t\t","protected":false},"excerpt":{"rendered":"<p>La s\u00e9curit\u00e9 et le bien-\u00eatre de l&rsquo;\u00e9quipage sont d&rsquo;une importance capitale pour le bon fonctionnement d&rsquo;un navire. Chez AMATAB &amp; CO, nous offrons des solutions d&rsquo;assurance sp\u00e9cialement con\u00e7ues pour prot\u00e9ger les membres de l&rsquo;\u00e9quipage, et pour garantir leur s\u00e9curit\u00e9. Il est question d&rsquo;une couverture compl\u00e8te, allant des soins m\u00e9dicaux aux couvertures en cas d&rsquo;accidents du [&hellip;]<\/p>\n","protected":false},"author":5,"featured_media":1275,"parent":2572,"menu_order":15,"comment_status":"closed","ping_status":"closed","template":"","meta":{"om_disable_all_campaigns":false,"_uf_show_specific_survey":0,"_uf_disable_surveys":false,"footnotes":""},"folder":[],"class_list":["post-6493","page","type-page","status-publish","has-post-thumbnail","hentry"],"aioseo_notices":[],"_links":{"self":[{"href":"https:\/\/amatab.com\/fr\/wp-json\/wp\/v2\/pages\/6493","targetHints":{"allow":["GET"]}}],"collection":[{"href":"https:\/\/amatab.com\/fr\/wp-json\/wp\/v2\/pages"}],"about":[{"href":"https:\/\/amatab.com\/fr\/wp-json\/wp\/v2\/types\/page"}],"author":[{"embeddable":true,"href":"https:\/\/amatab.com\/fr\/wp-json\/wp\/v2\/users\/5"}],"replies":[{"embeddable":true,"href":"https:\/\/amatab.com\/fr\/wp-json\/wp\/v2\/comments?post=6493"}],"version-history":[{"count":37,"href":"https:\/\/amatab.com\/fr\/wp-json\/wp\/v2\/pages\/6493\/revisions"}],"predecessor-version":[{"id":16098,"href":"https:\/\/amatab.com\/fr\/wp-json\/wp\/v2\/pages\/6493\/revisions\/16098"}],"up":[{"embeddable":true,"href":"https:\/\/amatab.com\/fr\/wp-json\/wp\/v2\/pages\/2572"}],"wp:featuredmedia":[{"embeddable":true,"href":"https:\/\/amatab.com\/fr\/wp-json\/wp\/v2\/media\/1275"}],"wp:attachment":[{"href":"https:\/\/amatab.com\/fr\/wp-json\/wp\/v2\/media?parent=6493"}],"wp:term":[{"taxonomy":"folder","embeddable":true,"href":"https:\/\/amatab.com\/fr\/wp-json\/wp\/v2\/folder?post=6493"}],"curies":[{"name":"wp","href":"https:\/\/api.w.org\/{rel}","templated":true}]}}