{"id":6507,"date":"2023-10-31T12:21:38","date_gmt":"2023-10-31T11:21:38","guid":{"rendered":"https:\/\/amatab.com\/?page_id=6507"},"modified":"2024-01-22T11:31:07","modified_gmt":"2024-01-22T10:31:07","slug":"carburants-et-lubrifiants","status":"publish","type":"page","link":"https:\/\/amatab.com\/fr\/armateur\/carburants-et-lubrifiants\/","title":{"rendered":"Carburants et lubrifiants"},"content":{"rendered":"\t\t<div data-elementor-type=\"wp-page\" data-elementor-id=\"6507\" class=\"elementor elementor-6507\" data-elementor-post-type=\"page\">\n\t\t\t\t\t\t<section class=\"elementor-section elementor-top-section elementor-element elementor-element-0e40a69 elementor-section-boxed elementor-section-height-default elementor-section-height-default\" data-id=\"0e40a69\" data-element_type=\"section\" data-e-type=\"section\">\n\t\t\t\t\t\t<div class=\"elementor-container elementor-column-gap-default\">\n\t\t\t\t\t<div class=\"elementor-column elementor-col-50 elementor-top-column elementor-element elementor-element-66b8362\" data-id=\"66b8362\" data-element_type=\"column\" data-e-type=\"column\">\n\t\t\t<div class=\"elementor-widget-wrap elementor-element-populated\">\n\t\t\t\t\t\t<section class=\"elementor-section elementor-inner-section elementor-element elementor-element-6c8a33b elementor-section-boxed elementor-section-height-default elementor-section-height-default\" data-id=\"6c8a33b\" data-element_type=\"section\" data-e-type=\"section\">\n\t\t\t\t\t\t<div class=\"elementor-container elementor-column-gap-default\">\n\t\t\t\t\t<div class=\"elementor-column elementor-col-50 elementor-inner-column elementor-element elementor-element-55b3a9c\" data-id=\"55b3a9c\" data-element_type=\"column\" data-e-type=\"column\">\n\t\t\t<div class=\"elementor-widget-wrap elementor-element-populated\">\n\t\t\t\t\t\t<div class=\"elementor-element elementor-element-ff33cb7 elementor-widget elementor-widget-text-editor\" data-id=\"ff33cb7\" data-element_type=\"widget\" data-e-type=\"widget\" data-widget_type=\"text-editor.default\">\n\t\t\t\t<div class=\"elementor-widget-container\">\n\t\t\t\t\t\t\t\t\t<p>Parmi les facteurs essentiels qui contribuent au succ\u00e8s de votre navire, c\u2019est le choix du carburant et des lubrifiants ad\u00e9quats. Ces deux \u00e9l\u00e9ments jouent un r\u00f4le cl\u00e9 dans l\u2019optimisation de la performance de votre flotte.<\/p>\t\t\t\t\t\t\t\t<\/div>\n\t\t\t\t<\/div>\n\t\t\t\t\t<\/div>\n\t\t<\/div>\n\t\t\t\t<div class=\"elementor-column elementor-col-50 elementor-inner-column elementor-element elementor-element-eae81c7\" data-id=\"eae81c7\" data-element_type=\"column\" data-e-type=\"column\">\n\t\t\t<div class=\"elementor-widget-wrap elementor-element-populated\">\n\t\t\t\t\t\t<div class=\"elementor-element elementor-element-c877d28 elementor-widget elementor-widget-image\" data-id=\"c877d28\" data-element_type=\"widget\" data-e-type=\"widget\" data-widget_type=\"image.default\">\n\t\t\t\t<div class=\"elementor-widget-container\">\n\t\t\t\t\t\t\t\t\t\t\t\t\t\t\t<img fetchpriority=\"high\" decoding=\"async\" width=\"1024\" height=\"683\" src=\"https:\/\/amatab.com\/wp-content\/uploads\/2023\/11\/grand-navire-transport-charge-conteneurs-marchandises-pleine-mer-ai-generative-1024x683.jpg\" class=\"attachment-large size-large wp-image-10167\" alt=\"\" srcset=\"https:\/\/amatab.com\/wp-content\/uploads\/2023\/11\/grand-navire-transport-charge-conteneurs-marchandises-pleine-mer-ai-generative-1024x683.jpg 1024w, https:\/\/amatab.com\/wp-content\/uploads\/2023\/11\/grand-navire-transport-charge-conteneurs-marchandises-pleine-mer-ai-generative-300x200.jpg 300w, https:\/\/amatab.com\/wp-content\/uploads\/2023\/11\/grand-navire-transport-charge-conteneurs-marchandises-pleine-mer-ai-generative-768x512.jpg 768w, https:\/\/amatab.com\/wp-content\/uploads\/2023\/11\/grand-navire-transport-charge-conteneurs-marchandises-pleine-mer-ai-generative-1536x1024.jpg 1536w, https:\/\/amatab.com\/wp-content\/uploads\/2023\/11\/grand-navire-transport-charge-conteneurs-marchandises-pleine-mer-ai-generative-2048x1365.jpg 2048w, https:\/\/amatab.com\/wp-content\/uploads\/2023\/11\/grand-navire-transport-charge-conteneurs-marchandises-pleine-mer-ai-generative-1320x880.jpg 1320w, https:\/\/amatab.com\/wp-content\/uploads\/2023\/11\/grand-navire-transport-charge-conteneurs-marchandises-pleine-mer-ai-generative-600x400.jpg 600w, https:\/\/amatab.com\/wp-content\/uploads\/2023\/11\/grand-navire-transport-charge-conteneurs-marchandises-pleine-mer-ai-generative-scaled-320x213.jpg 320w, https:\/\/amatab.com\/wp-content\/uploads\/2023\/11\/grand-navire-transport-charge-conteneurs-marchandises-pleine-mer-ai-generative-scaled-640x427.jpg 640w\" sizes=\"(max-width: 1024px) 100vw, 1024px\" \/>\t\t\t\t\t\t\t\t\t\t\t\t\t\t\t<\/div>\n\t\t\t\t<\/div>\n\t\t\t\t\t<\/div>\n\t\t<\/div>\n\t\t\t\t\t<\/div>\n\t\t<\/section>\n\t\t\t\t<section class=\"elementor-section elementor-inner-section elementor-element elementor-element-ee8677f elementor-section-boxed elementor-section-height-default elementor-section-height-default\" data-id=\"ee8677f\" data-element_type=\"section\" data-e-type=\"section\">\n\t\t\t\t\t\t<div class=\"elementor-container elementor-column-gap-default\">\n\t\t\t\t\t<div class=\"elementor-column elementor-col-50 elementor-inner-column elementor-element elementor-element-ad2ab4a\" data-id=\"ad2ab4a\" data-element_type=\"column\" data-e-type=\"column\">\n\t\t\t<div class=\"elementor-widget-wrap elementor-element-populated\">\n\t\t\t\t\t\t<div class=\"elementor-element elementor-element-3b56e83 elementor-hidden-mobile elementor-widget elementor-widget-image\" data-id=\"3b56e83\" data-element_type=\"widget\" data-e-type=\"widget\" data-widget_type=\"image.default\">\n\t\t\t\t<div class=\"elementor-widget-container\">\n\t\t\t\t\t\t\t\t\t\t\t\t\t\t\t<img decoding=\"async\" width=\"1024\" height=\"585\" src=\"https:\/\/amatab.com\/wp-content\/uploads\/2023\/10\/droplet-falls-reflecting-wave-patterns-water-generated-by-ai-1024x585.jpg\" class=\"attachment-large size-large wp-image-6552\" alt=\"\" srcset=\"https:\/\/amatab.com\/wp-content\/uploads\/2023\/10\/droplet-falls-reflecting-wave-patterns-water-generated-by-ai-1024x585.jpg 1024w, https:\/\/amatab.com\/wp-content\/uploads\/2023\/10\/droplet-falls-reflecting-wave-patterns-water-generated-by-ai-300x171.jpg 300w, https:\/\/amatab.com\/wp-content\/uploads\/2023\/10\/droplet-falls-reflecting-wave-patterns-water-generated-by-ai-768x439.jpg 768w, https:\/\/amatab.com\/wp-content\/uploads\/2023\/10\/droplet-falls-reflecting-wave-patterns-water-generated-by-ai-1536x878.jpg 1536w, https:\/\/amatab.com\/wp-content\/uploads\/2023\/10\/droplet-falls-reflecting-wave-patterns-water-generated-by-ai-2048x1170.jpg 2048w, https:\/\/amatab.com\/wp-content\/uploads\/2023\/10\/droplet-falls-reflecting-wave-patterns-water-generated-by-ai-1320x754.jpg 1320w, https:\/\/amatab.com\/wp-content\/uploads\/2023\/10\/droplet-falls-reflecting-wave-patterns-water-generated-by-ai-600x343.jpg 600w\" sizes=\"(max-width: 1024px) 100vw, 1024px\" \/>\t\t\t\t\t\t\t\t\t\t\t\t\t\t\t<\/div>\n\t\t\t\t<\/div>\n\t\t\t\t\t<\/div>\n\t\t<\/div>\n\t\t\t\t<div class=\"elementor-column elementor-col-50 elementor-inner-column elementor-element elementor-element-0919c8a\" data-id=\"0919c8a\" data-element_type=\"column\" data-e-type=\"column\">\n\t\t\t<div class=\"elementor-widget-wrap elementor-element-populated\">\n\t\t\t\t\t\t<div class=\"elementor-element elementor-element-32d2d34 elementor-widget elementor-widget-text-editor\" data-id=\"32d2d34\" data-element_type=\"widget\" data-e-type=\"widget\" data-widget_type=\"text-editor.default\">\n\t\t\t\t<div class=\"elementor-widget-container\">\n\t\t\t\t\t\t\t\t\t<p>Le choix du bon carburant et des lubrifiants appropri\u00e9s peut sembler complexe. C&rsquo;est pourquoi notre \u00e9quipe d&rsquo;experts est l\u00e0 pour vous conseiller. Nous poss\u00e9dons une connaissance approfondie des besoins sp\u00e9cifiques de la navigation maritime et pouvons vous aider \u00e0 s\u00e9lectionner les produits qui optimisent la performance de votre flotte. Que vous cherchiez \u00e0 r\u00e9duire la consommation de carburant, \u00e0 prolonger la dur\u00e9e de vie de vos \u00e9quipements, ou \u00e0 maximiser la fiabilit\u00e9 de vos moteurs, nous sommes l\u00e0 pour vous guider.<\/p>\t\t\t\t\t\t\t\t<\/div>\n\t\t\t\t<\/div>\n\t\t\t\t<div class=\"elementor-element elementor-element-239f95c elementor-hidden-desktop elementor-hidden-tablet elementor-widget elementor-widget-image\" data-id=\"239f95c\" data-element_type=\"widget\" data-e-type=\"widget\" data-widget_type=\"image.default\">\n\t\t\t\t<div class=\"elementor-widget-container\">\n\t\t\t\t\t\t\t\t\t\t\t\t\t\t\t<img decoding=\"async\" width=\"1024\" height=\"585\" src=\"https:\/\/amatab.com\/wp-content\/uploads\/2023\/10\/droplet-falls-reflecting-wave-patterns-water-generated-by-ai-1024x585.jpg\" class=\"attachment-large size-large wp-image-6552\" alt=\"\" srcset=\"https:\/\/amatab.com\/wp-content\/uploads\/2023\/10\/droplet-falls-reflecting-wave-patterns-water-generated-by-ai-1024x585.jpg 1024w, https:\/\/amatab.com\/wp-content\/uploads\/2023\/10\/droplet-falls-reflecting-wave-patterns-water-generated-by-ai-300x171.jpg 300w, https:\/\/amatab.com\/wp-content\/uploads\/2023\/10\/droplet-falls-reflecting-wave-patterns-water-generated-by-ai-768x439.jpg 768w, https:\/\/amatab.com\/wp-content\/uploads\/2023\/10\/droplet-falls-reflecting-wave-patterns-water-generated-by-ai-1536x878.jpg 1536w, https:\/\/amatab.com\/wp-content\/uploads\/2023\/10\/droplet-falls-reflecting-wave-patterns-water-generated-by-ai-2048x1170.jpg 2048w, https:\/\/amatab.com\/wp-content\/uploads\/2023\/10\/droplet-falls-reflecting-wave-patterns-water-generated-by-ai-1320x754.jpg 1320w, https:\/\/amatab.com\/wp-content\/uploads\/2023\/10\/droplet-falls-reflecting-wave-patterns-water-generated-by-ai-600x343.jpg 600w\" sizes=\"(max-width: 1024px) 100vw, 1024px\" \/>\t\t\t\t\t\t\t\t\t\t\t\t\t\t\t<\/div>\n\t\t\t\t<\/div>\n\t\t\t\t\t<\/div>\n\t\t<\/div>\n\t\t\t\t\t<\/div>\n\t\t<\/section>\n\t\t\t\t<section class=\"elementor-section elementor-inner-section elementor-element elementor-element-1cd6e97 elementor-section-boxed elementor-section-height-default elementor-section-height-default\" data-id=\"1cd6e97\" data-element_type=\"section\" data-e-type=\"section\">\n\t\t\t\t\t\t<div class=\"elementor-container elementor-column-gap-default\">\n\t\t\t\t\t<div class=\"elementor-column elementor-col-50 elementor-inner-column elementor-element elementor-element-9233241\" data-id=\"9233241\" data-element_type=\"column\" data-e-type=\"column\">\n\t\t\t<div class=\"elementor-widget-wrap elementor-element-populated\">\n\t\t\t\t\t\t<div class=\"elementor-element elementor-element-5c1f882 elementor-widget elementor-widget-text-editor\" data-id=\"5c1f882\" data-element_type=\"widget\" data-e-type=\"widget\" data-widget_type=\"text-editor.default\">\n\t\t\t\t<div class=\"elementor-widget-container\">\n\t\t\t\t\t\t\t\t\t<p>Chez AMATAB &amp; Co, nous vous procurons un carburant de qualit\u00e9 sup\u00e9rieure pour maximiser le rendement \u00e9nerg\u00e9tique de votre navire tout en minimisant les \u00e9missions nocives. <br \/>Il est \u00e9galement primordial de bien choisir les lubrifiants pour assurer le bon fonctionnement de vos moteurs et \u00e9quipements m\u00e9caniques. Nos lubrifiants de pointe sont formul\u00e9s pour r\u00e9duire la friction et minimiser l&rsquo;usure que ce soit pour les moteurs principaux, les g\u00e9n\u00e9rateurs, les treuils ou pour d&rsquo;autres syst\u00e8mes.<\/p><p>\u00a0<\/p>\t\t\t\t\t\t\t\t<\/div>\n\t\t\t\t<\/div>\n\t\t\t\t\t<\/div>\n\t\t<\/div>\n\t\t\t\t<div class=\"elementor-column elementor-col-50 elementor-inner-column elementor-element elementor-element-47d807b\" data-id=\"47d807b\" data-element_type=\"column\" data-e-type=\"column\">\n\t\t\t<div class=\"elementor-widget-wrap elementor-element-populated\">\n\t\t\t\t\t\t<div class=\"elementor-element elementor-element-0a1f5d0 elementor-widget elementor-widget-image\" data-id=\"0a1f5d0\" data-element_type=\"widget\" data-e-type=\"widget\" data-widget_type=\"image.default\">\n\t\t\t\t<div class=\"elementor-widget-container\">\n\t\t\t\t\t\t\t\t\t\t\t\t\t\t\t<img decoding=\"async\" width=\"1024\" height=\"683\" src=\"https:\/\/amatab.com\/wp-content\/uploads\/2023\/11\/belle-photo-trace-mousse-bateau-moteur-dans-mer-1024x683.jpg\" class=\"attachment-large size-large wp-image-10188\" alt=\"\" srcset=\"https:\/\/amatab.com\/wp-content\/uploads\/2023\/11\/belle-photo-trace-mousse-bateau-moteur-dans-mer-1024x683.jpg 1024w, https:\/\/amatab.com\/wp-content\/uploads\/2023\/11\/belle-photo-trace-mousse-bateau-moteur-dans-mer-300x200.jpg 300w, https:\/\/amatab.com\/wp-content\/uploads\/2023\/11\/belle-photo-trace-mousse-bateau-moteur-dans-mer-768x512.jpg 768w, https:\/\/amatab.com\/wp-content\/uploads\/2023\/11\/belle-photo-trace-mousse-bateau-moteur-dans-mer-1536x1024.jpg 1536w, https:\/\/amatab.com\/wp-content\/uploads\/2023\/11\/belle-photo-trace-mousse-bateau-moteur-dans-mer-2048x1365.jpg 2048w, https:\/\/amatab.com\/wp-content\/uploads\/2023\/11\/belle-photo-trace-mousse-bateau-moteur-dans-mer-1320x880.jpg 1320w, https:\/\/amatab.com\/wp-content\/uploads\/2023\/11\/belle-photo-trace-mousse-bateau-moteur-dans-mer-600x400.jpg 600w\" sizes=\"(max-width: 1024px) 100vw, 1024px\" \/>\t\t\t\t\t\t\t\t\t\t\t\t\t\t\t<\/div>\n\t\t\t\t<\/div>\n\t\t\t\t\t<\/div>\n\t\t<\/div>\n\t\t\t\t\t<\/div>\n\t\t<\/section>\n\t\t\t\t\t<\/div>\n\t\t<\/div>\n\t\t\t\t<div class=\"elementor-column elementor-col-50 elementor-top-column elementor-element elementor-element-8c0752b elementor-hidden-mobile\" data-id=\"8c0752b\" data-element_type=\"column\" data-e-type=\"column\">\n\t\t\t<div class=\"elementor-widget-wrap elementor-element-populated\">\n\t\t\t\t\t\t<div class=\"elementor-element elementor-element-09907f4 elementor-widget__width-initial elementor-widget elementor-widget-transx_links_list\" data-id=\"09907f4\" data-element_type=\"widget\" data-e-type=\"widget\" data-widget_type=\"transx_links_list.default\">\n\t\t\t\t<div class=\"elementor-widget-container\">\n\t\t\t\t\t\n        <div class=\"transx_links_list_widget\">\n            <div class=\"transx_links_list_wrapper transx_view_type_2\">\n                <h5 class=\"transx_links_list_title\">Autres Services<\/h5>\n\n                                            <a class=\"transx_links_list_item\" href=\"https:\/\/amatab.com\/fr\/armateur\/solutions-de-nettoyage\/\" >\n                                <img decoding=\"async\" class=\"transx_img--bg\" src=\"http:\/\/amatab.com\/wp-content\/uploads\/2023\/10\/professional-sailor-yachtsman-tights-tensions-cable-wire-rope-mechanical-winch-sailboat-yacht-1-scaled.jpg\" alt=\"Background Image\" \/>\n                                <h6>Solutions de nettoyage <\/h6>\n                                <span class=\"transx_links_list_counter\">01<\/span>\n                            <\/a>\n                                                        <a class=\"transx_links_list_item\" href=\"https:\/\/amatab.com\/fr\/armateur\/equipement-du-navire\/\" >\n                                <img decoding=\"async\" class=\"transx_img--bg\" src=\"http:\/\/amatab.com\/wp-content\/uploads\/2023\/10\/aerial-shot-big-military-ships-harbor-during-winter-scaled.jpg\" alt=\"Background Image\" \/>\n                                <h6>\u00c9quipement du navire<\/h6>\n                                <span class=\"transx_links_list_counter\">02<\/span>\n                            <\/a>\n                                                        <a class=\"transx_links_list_item\" href=\"https:\/\/amatab.com\/fr\/armateur\/ancrage-et-cordage\/\" >\n                                <img decoding=\"async\" class=\"transx_img--bg\" src=\"http:\/\/amatab.com\/wp-content\/uploads\/2023\/10\/professional-sailor-yachtsman-tights-tensions-cable-wire-rope-mechanical-winch-sailboat-yacht-scaled.jpg\" alt=\"Background Image\" \/>\n                                <h6>Ancrage et cordage<\/h6>\n                                <span class=\"transx_links_list_counter\">03<\/span>\n                            <\/a>\n                                                        <a class=\"transx_links_list_item\" href=\"https:\/\/amatab.com\/fr\/armateur\/services-de-courtage\/\" >\n                                <img decoding=\"async\" class=\"transx_img--bg\" src=\"http:\/\/amatab.com\/wp-content\/uploads\/2023\/11\/grand-navire-transport-conteneurs-marchandises-pleine-mer-ai-generative-scaled.jpg\" alt=\"Background Image\" \/>\n                                <h6>Services de courtage<\/h6>\n                                <span class=\"transx_links_list_counter\">04<\/span>\n                            <\/a>\n                                                            <\/div>\n        <\/div>\n\n        \t\t\t\t<\/div>\n\t\t\t\t<\/div>\n\t\t\t\t<div class=\"elementor-element elementor-element-0595e19 elementor-widget__width-initial elementor-widget elementor-widget-html\" data-id=\"0595e19\" data-element_type=\"widget\" data-e-type=\"widget\" data-widget_type=\"html.default\">\n\t\t\t\t<div class=\"elementor-widget-container\">\n\t\t\t\t\t<div class=\"transx_contact-trigger transx_contact-trigger--style-2\">\n\t\n\n\t<h4 class=\"transx_contact-trigger__title\">Besoin d'une estimation de prix ?<\/h4>\n\n\t<p class=\"transx_contact-trigger__text\">Nous sommes l\u00e0 pour vous fournir rapidement des informations d\u00e9taill\u00e9es sur nos tarifs !<\/p>\n\n\t<a class=\"transx_button\" href=\"https:\/\/amatab.com\/fr\/armateur\/carburants-et-lubrifiants\/obtenir-un-devis\/\">\n\t\t<span>OBTENIR UN DEVIS<\/span>\n\t\t<svg class=\"icon\">\n\t\t\t<svg viewbox=\"0 0 150 78.6\" xmlns=\"http:\/\/www.w3.org\/2000\/svg\"><path d=\"M0 31.5h150v12.7H0V31.5zM112.8-.1l30.9 31.5-8.8 9L104 8.9l8.8-9zm18.1 51l-18.4 18.8 8.9 9 18.4-18.8-8.9-9z\"\/><\/svg>\n\t\t<\/svg>\n\t<\/a>\n<\/div>\t\t\t\t<\/div>\n\t\t\t\t<\/div>\n\t\t\t\t\t<\/div>\n\t\t<\/div>\n\t\t\t\t\t<\/div>\n\t\t<\/section>\n\t\t\t\t<section class=\"elementor-section elementor-top-section elementor-element elementor-element-c2bb12b elementor-section-boxed elementor-section-height-default elementor-section-height-default\" data-id=\"c2bb12b\" data-element_type=\"section\" data-e-type=\"section\">\n\t\t\t\t\t\t<div class=\"elementor-container elementor-column-gap-default\">\n\t\t\t\t\t<div class=\"elementor-column elementor-col-100 elementor-top-column elementor-element elementor-element-b3e69fe\" data-id=\"b3e69fe\" data-element_type=\"column\" data-e-type=\"column\">\n\t\t\t<div class=\"elementor-widget-wrap elementor-element-populated\">\n\t\t\t\t\t\t<div class=\"elementor-element elementor-element-f94c019 elementor-widget elementor-widget-text-editor\" data-id=\"f94c019\" data-element_type=\"widget\" data-e-type=\"widget\" data-widget_type=\"text-editor.default\">\n\t\t\t\t<div class=\"elementor-widget-container\">\n\t\t\t\t\t\t\t\t\t<p>Finalement, nous vous rappelons notre engagement envers l\u2019environnement qui nous pousse \u00e0 choisir les carburants et lubrifiants qui respectent les normes environnementales les plus strictes, contribuant ainsi \u00e0 la protection des \u00e9cosyst\u00e8mes marins.<\/p>\t\t\t\t\t\t\t\t<\/div>\n\t\t\t\t<\/div>\n\t\t\t\t\t<\/div>\n\t\t<\/div>\n\t\t\t\t\t<\/div>\n\t\t<\/section>\n\t\t\t\t<section class=\"elementor-section elementor-top-section elementor-element elementor-element-de3c6fa elementor-section-boxed elementor-section-height-default elementor-section-height-default\" data-id=\"de3c6fa\" data-element_type=\"section\" data-e-type=\"section\">\n\t\t\t\t\t\t<div class=\"elementor-container elementor-column-gap-default\">\n\t\t\t\t\t<div class=\"elementor-column elementor-col-100 elementor-top-column elementor-element elementor-element-cd2eaef elementor-hidden-desktop elementor-hidden-tablet\" data-id=\"cd2eaef\" data-element_type=\"column\" data-e-type=\"column\">\n\t\t\t<div class=\"elementor-widget-wrap elementor-element-populated\">\n\t\t\t\t\t\t<div class=\"elementor-element elementor-element-4ccac7d elementor-widget__width-initial elementor-widget elementor-widget-transx_links_list\" data-id=\"4ccac7d\" data-element_type=\"widget\" data-e-type=\"widget\" data-widget_type=\"transx_links_list.default\">\n\t\t\t\t<div class=\"elementor-widget-container\">\n\t\t\t\t\t\n        <div class=\"transx_links_list_widget\">\n            <div class=\"transx_links_list_wrapper transx_view_type_2\">\n                <h5 class=\"transx_links_list_title\">Autres Services<\/h5>\n\n                                            <a class=\"transx_links_list_item\" href=\"https:\/\/amatab.com\/fr\/armateur\/solutions-de-nettoyage\/\" >\n                                <img decoding=\"async\" class=\"transx_img--bg\" src=\"http:\/\/amatab.com\/wp-content\/uploads\/2023\/10\/professional-sailor-yachtsman-tights-tensions-cable-wire-rope-mechanical-winch-sailboat-yacht-1-scaled.jpg\" alt=\"Background Image\" \/>\n                                <h6>Solutions de nettoyage <\/h6>\n                                <span class=\"transx_links_list_counter\">01<\/span>\n                            <\/a>\n                                                        <a class=\"transx_links_list_item\" href=\"https:\/\/amatab.com\/fr\/armateur\/equipement-du-navire\/\" >\n                                <img decoding=\"async\" class=\"transx_img--bg\" src=\"http:\/\/amatab.com\/wp-content\/uploads\/2023\/10\/aerial-shot-big-military-ships-harbor-during-winter-scaled.jpg\" alt=\"Background Image\" \/>\n                                <h6>\u00c9quipement du navire<\/h6>\n                                <span class=\"transx_links_list_counter\">02<\/span>\n                            <\/a>\n                                                        <a class=\"transx_links_list_item\" href=\"https:\/\/amatab.com\/fr\/armateur\/ancrage-et-cordage\/\" >\n                                <img decoding=\"async\" class=\"transx_img--bg\" src=\"http:\/\/amatab.com\/wp-content\/uploads\/2023\/10\/professional-sailor-yachtsman-tights-tensions-cable-wire-rope-mechanical-winch-sailboat-yacht-scaled.jpg\" alt=\"Background Image\" \/>\n                                <h6>Ancrage et cordage<\/h6>\n                                <span class=\"transx_links_list_counter\">03<\/span>\n                            <\/a>\n                                                        <a class=\"transx_links_list_item\" href=\"https:\/\/amatab.com\/fr\/armateur\/services-de-courtage\/\" >\n                                <img decoding=\"async\" class=\"transx_img--bg\" src=\"http:\/\/amatab.com\/wp-content\/uploads\/2023\/11\/grand-navire-transport-conteneurs-marchandises-pleine-mer-ai-generative-scaled.jpg\" alt=\"Background Image\" \/>\n                                <h6>Services de courtage<\/h6>\n                                <span class=\"transx_links_list_counter\">04<\/span>\n                            <\/a>\n                                                            <\/div>\n        <\/div>\n\n        \t\t\t\t<\/div>\n\t\t\t\t<\/div>\n\t\t\t\t<div class=\"elementor-element elementor-element-6a35a1d elementor-widget__width-initial elementor-widget elementor-widget-html\" data-id=\"6a35a1d\" data-element_type=\"widget\" data-e-type=\"widget\" data-widget_type=\"html.default\">\n\t\t\t\t<div class=\"elementor-widget-container\">\n\t\t\t\t\t<div class=\"transx_contact-trigger transx_contact-trigger--style-2\">\n\t<img decoding=\"async\" class=\"transx_contact-trigger__img\" src=\"https:\/\/demo.artureanec.com\/themes\/transx\/wp-content\/uploads\/2021\/04\/contact_background.png\" alt=\"img\" \/>\n\n\t<h4 class=\"transx_contact-trigger__title\">Besoin d'une estimation de prix ?<\/h4>\n\n\t<p class=\"transx_contact-trigger__text\">Nous sommes l\u00e0 pour vous fournir rapidement des informations d\u00e9taill\u00e9es sur nos tarifs !<\/p>\n\n\t<a class=\"transx_button\" href=\"https:\/\/amatab.com\/fr\/armateur\/carburants-et-lubrifiants\/obtenir-un-devis\/\">\n\t\t<span>OBTENIR UN DEVIS<\/span>\n\t\t<svg class=\"icon\">\n\t\t\t<svg viewbox=\"0 0 150 78.6\" xmlns=\"http:\/\/www.w3.org\/2000\/svg\"><path d=\"M0 31.5h150v12.7H0V31.5zM112.8-.1l30.9 31.5-8.8 9L104 8.9l8.8-9zm18.1 51l-18.4 18.8 8.9 9 18.4-18.8-8.9-9z\"\/><\/svg>\n\t\t<\/svg>\n\t<\/a>\n<\/div>\t\t\t\t<\/div>\n\t\t\t\t<\/div>\n\t\t\t\t\t<\/div>\n\t\t<\/div>\n\t\t\t\t\t<\/div>\n\t\t<\/section>\n\t\t\t\t<\/div>\n\t\t","protected":false},"excerpt":{"rendered":"<p>Parmi les facteurs essentiels qui contribuent au succ\u00e8s de votre navire, c\u2019est le choix du carburant et des lubrifiants ad\u00e9quats. Ces deux \u00e9l\u00e9ments jouent un r\u00f4le cl\u00e9 dans l\u2019optimisation de la performance de votre flotte. Le choix du bon carburant et des lubrifiants appropri\u00e9s peut sembler complexe. C&rsquo;est pourquoi notre \u00e9quipe d&rsquo;experts est l\u00e0 pour [&hellip;]<\/p>\n","protected":false},"author":5,"featured_media":1275,"parent":2572,"menu_order":14,"comment_status":"closed","ping_status":"closed","template":"","meta":{"om_disable_all_campaigns":false,"_uf_show_specific_survey":0,"_uf_disable_surveys":false,"footnotes":""},"folder":[],"class_list":["post-6507","page","type-page","status-publish","has-post-thumbnail","hentry"],"aioseo_notices":[],"_links":{"self":[{"href":"https:\/\/amatab.com\/fr\/wp-json\/wp\/v2\/pages\/6507","targetHints":{"allow":["GET"]}}],"collection":[{"href":"https:\/\/amatab.com\/fr\/wp-json\/wp\/v2\/pages"}],"about":[{"href":"https:\/\/amatab.com\/fr\/wp-json\/wp\/v2\/types\/page"}],"author":[{"embeddable":true,"href":"https:\/\/amatab.com\/fr\/wp-json\/wp\/v2\/users\/5"}],"replies":[{"embeddable":true,"href":"https:\/\/amatab.com\/fr\/wp-json\/wp\/v2\/comments?post=6507"}],"version-history":[{"count":100,"href":"https:\/\/amatab.com\/fr\/wp-json\/wp\/v2\/pages\/6507\/revisions"}],"predecessor-version":[{"id":16083,"href":"https:\/\/amatab.com\/fr\/wp-json\/wp\/v2\/pages\/6507\/revisions\/16083"}],"up":[{"embeddable":true,"href":"https:\/\/amatab.com\/fr\/wp-json\/wp\/v2\/pages\/2572"}],"wp:featuredmedia":[{"embeddable":true,"href":"https:\/\/amatab.com\/fr\/wp-json\/wp\/v2\/media\/1275"}],"wp:attachment":[{"href":"https:\/\/amatab.com\/fr\/wp-json\/wp\/v2\/media?parent=6507"}],"wp:term":[{"taxonomy":"folder","embeddable":true,"href":"https:\/\/amatab.com\/fr\/wp-json\/wp\/v2\/folder?post=6507"}],"curies":[{"name":"wp","href":"https:\/\/api.w.org\/{rel}","templated":true}]}}