{"id":6514,"date":"2023-10-31T12:27:11","date_gmt":"2023-10-31T11:27:11","guid":{"rendered":"https:\/\/amatab.com\/?page_id=6514"},"modified":"2024-01-22T11:55:34","modified_gmt":"2024-01-22T10:55:34","slug":"services-de-courtage","status":"publish","type":"page","link":"https:\/\/amatab.com\/fr\/armateur\/services-de-courtage\/","title":{"rendered":"Services de courtage"},"content":{"rendered":"\t\t<div data-elementor-type=\"wp-page\" data-elementor-id=\"6514\" class=\"elementor elementor-6514\" data-elementor-post-type=\"page\">\n\t\t\t\t\t\t<section class=\"elementor-section elementor-top-section elementor-element elementor-element-adc2552 elementor-section-boxed elementor-section-height-default elementor-section-height-default\" data-id=\"adc2552\" data-element_type=\"section\" data-e-type=\"section\">\n\t\t\t\t\t\t<div class=\"elementor-container elementor-column-gap-default\">\n\t\t\t\t\t<div class=\"elementor-column elementor-col-33 elementor-top-column elementor-element elementor-element-07a880b\" data-id=\"07a880b\" data-element_type=\"column\" data-e-type=\"column\">\n\t\t\t<div class=\"elementor-widget-wrap elementor-element-populated\">\n\t\t\t\t\t\t<div class=\"elementor-element elementor-element-166e0ad elementor-widget elementor-widget-text-editor\" data-id=\"166e0ad\" data-element_type=\"widget\" data-e-type=\"widget\" data-widget_type=\"text-editor.default\">\n\t\t\t\t<div class=\"elementor-widget-container\">\n\t\t\t\t\t\t\t\t\t<p>Notre \u00e9quipe d&rsquo;experts poss\u00e8de une connaissance approfondie de l&rsquo;industrie maritime, ce qui nous permet de vous offrir des services de courtage de pointe, que vous soyez armateur, affr\u00e9teur ou propri\u00e9taire de cargaisons.<\/p>\t\t\t\t\t\t\t\t<\/div>\n\t\t\t\t<\/div>\n\t\t\t\t<div class=\"elementor-element elementor-element-fafe666 elementor-widget elementor-widget-text-editor\" data-id=\"fafe666\" data-element_type=\"widget\" data-e-type=\"widget\" data-widget_type=\"text-editor.default\">\n\t\t\t\t<div class=\"elementor-widget-container\">\n\t\t\t\t\t\t\t\t\t<p>Nous offrons une gamme compl\u00e8te de services de courtage, couvrant tous les aspects du secteur maritime. Que ce soit pour la location de navires, la n\u00e9gociation de contrats d&rsquo;affr\u00e8tement, la gestion de cargaisons ou d&rsquo;autres besoins sp\u00e9cifiques, nous sommes l\u00e0 pour vous fournir des solutions sur mesure. Notre vaste r\u00e9seau de partenaires et d&rsquo;acteurs de l&rsquo;industrie nous permet de trouver les meilleures opportunit\u00e9s pour vous.<\/p>\t\t\t\t\t\t\t\t<\/div>\n\t\t\t\t<\/div>\n\t\t\t\t<div class=\"elementor-element elementor-element-0e36657 elementor-widget elementor-widget-text-editor\" data-id=\"0e36657\" data-element_type=\"widget\" data-e-type=\"widget\" data-widget_type=\"text-editor.default\">\n\t\t\t\t<div class=\"elementor-widget-container\">\n\t\t\t\t\t\t\t\t\t<p>Notre \u00e9quipe d&rsquo;experts sera \u00e0 vos c\u00f4t\u00e9s pour vous conseiller et vous guider \u00e0 chaque \u00e9tape du processus de courtage. Nous vous aidons \u00e9galement \u00e0 prendre des d\u00e9cisions \u00e9clair\u00e9es, \u00e0 maximiser votre rentabilit\u00e9 et \u00e0 minimiser les risques.<\/p>\t\t\t\t\t\t\t\t<\/div>\n\t\t\t\t<\/div>\n\t\t\t\t\t<\/div>\n\t\t<\/div>\n\t\t\t\t<div class=\"elementor-column elementor-col-33 elementor-top-column elementor-element elementor-element-766d4a4\" data-id=\"766d4a4\" data-element_type=\"column\" data-e-type=\"column\">\n\t\t\t<div class=\"elementor-widget-wrap elementor-element-populated\">\n\t\t\t\t\t\t<div class=\"elementor-element elementor-element-8f43398 elementor-widget elementor-widget-image\" data-id=\"8f43398\" data-element_type=\"widget\" data-e-type=\"widget\" data-widget_type=\"image.default\">\n\t\t\t\t<div class=\"elementor-widget-container\">\n\t\t\t\t\t\t\t\t\t\t\t\t\t\t\t<img fetchpriority=\"high\" decoding=\"async\" width=\"767\" height=\"1024\" src=\"https:\/\/amatab.com\/wp-content\/uploads\/2023\/11\/vue-aerienne-ferry-767x1024.jpg\" class=\"attachment-large size-large wp-image-9701\" alt=\"\" srcset=\"https:\/\/amatab.com\/wp-content\/uploads\/2023\/11\/vue-aerienne-ferry-767x1024.jpg 767w, https:\/\/amatab.com\/wp-content\/uploads\/2023\/11\/vue-aerienne-ferry-225x300.jpg 225w, https:\/\/amatab.com\/wp-content\/uploads\/2023\/11\/vue-aerienne-ferry-768x1025.jpg 768w, https:\/\/amatab.com\/wp-content\/uploads\/2023\/11\/vue-aerienne-ferry-1151x1536.jpg 1151w, https:\/\/amatab.com\/wp-content\/uploads\/2023\/11\/vue-aerienne-ferry-1535x2048.jpg 1535w, https:\/\/amatab.com\/wp-content\/uploads\/2023\/11\/vue-aerienne-ferry-1320x1761.jpg 1320w, https:\/\/amatab.com\/wp-content\/uploads\/2023\/11\/vue-aerienne-ferry-600x801.jpg 600w, https:\/\/amatab.com\/wp-content\/uploads\/2023\/11\/vue-aerienne-ferry-scaled.jpg 1919w\" sizes=\"(max-width: 767px) 100vw, 767px\" \/>\t\t\t\t\t\t\t\t\t\t\t\t\t\t\t<\/div>\n\t\t\t\t<\/div>\n\t\t\t\t\t<\/div>\n\t\t<\/div>\n\t\t\t\t<div class=\"elementor-column elementor-col-33 elementor-top-column elementor-element elementor-element-a3698ac\" data-id=\"a3698ac\" data-element_type=\"column\" data-e-type=\"column\">\n\t\t\t<div class=\"elementor-widget-wrap elementor-element-populated\">\n\t\t\t\t\t\t<div class=\"elementor-element elementor-element-915bc43 elementor-widget__width-initial elementor-widget elementor-widget-transx_links_list\" data-id=\"915bc43\" data-element_type=\"widget\" data-e-type=\"widget\" data-widget_type=\"transx_links_list.default\">\n\t\t\t\t<div class=\"elementor-widget-container\">\n\t\t\t\t\t\n        <div class=\"transx_links_list_widget\">\n            <div class=\"transx_links_list_wrapper transx_view_type_2\">\n                <h5 class=\"transx_links_list_title\">Autres Services<\/h5>\n\n                                            <a class=\"transx_links_list_item\" href=\"https:\/\/amatab.com\/fr\/equipement-du-navire\/\" >\n                                <img decoding=\"async\" class=\"transx_img--bg\" src=\"http:\/\/amatab.com\/wp-content\/uploads\/2023\/10\/aerial-shot-big-military-ships-harbor-during-winter-scaled.jpg\" alt=\"Background Image\" \/>\n                                <h6>\u00c9quipement du navire<\/h6>\n                                <span class=\"transx_links_list_counter\">01<\/span>\n                            <\/a>\n                                                        <a class=\"transx_links_list_item\" href=\"https:\/\/amatab.com\/fr\/solutions-de-nettoyage\/\" >\n                                <img decoding=\"async\" class=\"transx_img--bg\" src=\"http:\/\/amatab.com\/wp-content\/uploads\/2023\/10\/professional-sailor-yachtsman-tights-tensions-cable-wire-rope-mechanical-winch-sailboat-yacht-1-scaled.jpg\" alt=\"Background Image\" \/>\n                                <h6>Solutions de nettoyage <\/h6>\n                                <span class=\"transx_links_list_counter\">02<\/span>\n                            <\/a>\n                                                        <a class=\"transx_links_list_item\" href=\"https:\/\/amatab.com\/fr\/armateur\/ancrage-et-cordage\/\" >\n                                <img decoding=\"async\" class=\"transx_img--bg\" src=\"http:\/\/amatab.com\/wp-content\/uploads\/2023\/10\/professional-sailor-yachtsman-tights-tensions-cable-wire-rope-mechanical-winch-sailboat-yacht-scaled.jpg\" alt=\"Background Image\" \/>\n                                <h6>Ancrage et cordage<\/h6>\n                                <span class=\"transx_links_list_counter\">03<\/span>\n                            <\/a>\n                                                        <a class=\"transx_links_list_item\" href=\"https:\/\/amatab.com\/fr\/carburants-et-lubrifiants\/\" >\n                                <img decoding=\"async\" class=\"transx_img--bg\" src=\"http:\/\/amatab.com\/wp-content\/uploads\/2023\/11\/navire-porte-conteneurs-scaled.jpg\" alt=\"Background Image\" \/>\n                                <h6>Carburants et lubrifiants<\/h6>\n                                <span class=\"transx_links_list_counter\">04<\/span>\n                            <\/a>\n                                                            <\/div>\n        <\/div>\n\n        \t\t\t\t<\/div>\n\t\t\t\t<\/div>\n\t\t\t\t<div class=\"elementor-element elementor-element-ddafe3d elementor-widget__width-initial elementor-widget elementor-widget-html\" data-id=\"ddafe3d\" data-element_type=\"widget\" data-e-type=\"widget\" data-widget_type=\"html.default\">\n\t\t\t\t<div class=\"elementor-widget-container\">\n\t\t\t\t\t<div class=\"transx_contact-trigger transx_contact-trigger--style-2\">\n\t\n\t<h4 class=\"transx_contact-trigger__title\">Besoin d'une estimation de prix ?<\/h4>\n\n\t<p class=\"transx_contact-trigger__text\">Nous sommes l\u00e0 pour vous fournir rapidement des informations d\u00e9taill\u00e9es sur nos tarifs !<\/p>\n\n\t<a class=\"transx_button\" href=\"https:\/\/amatab.com\/fr\/armateur\/services-de-courtage\/obtenir-un-devis\/\">\n\t\t<span>OBTENIR UN DEVIS<\/span>\n\t\t<svg class=\"icon\">\n\t\t\t<svg viewbox=\"0 0 150 78.6\" xmlns=\"http:\/\/www.w3.org\/2000\/svg\"><path d=\"M0 31.5h150v12.7H0V31.5zM112.8-.1l30.9 31.5-8.8 9L104 8.9l8.8-9zm18.1 51l-18.4 18.8 8.9 9 18.4-18.8-8.9-9z\"\/><\/svg>\n\t\t<\/svg>\n\t<\/a>\n<\/div>\t\t\t\t<\/div>\n\t\t\t\t<\/div>\n\t\t\t\t\t<\/div>\n\t\t<\/div>\n\t\t\t\t\t<\/div>\n\t\t<\/section>\n\t\t\t\t<\/div>\n\t\t","protected":false},"excerpt":{"rendered":"<p>Notre \u00e9quipe d&rsquo;experts poss\u00e8de une connaissance approfondie de l&rsquo;industrie maritime, ce qui nous permet de vous offrir des services de courtage de pointe, que vous soyez armateur, affr\u00e9teur ou propri\u00e9taire de cargaisons. Nous offrons une gamme compl\u00e8te de services de courtage, couvrant tous les aspects du secteur maritime. Que ce soit pour la location de [&hellip;]<\/p>\n","protected":false},"author":5,"featured_media":1275,"parent":2572,"menu_order":13,"comment_status":"closed","ping_status":"closed","template":"","meta":{"om_disable_all_campaigns":false,"_uf_show_specific_survey":0,"_uf_disable_surveys":false,"footnotes":""},"folder":[],"class_list":["post-6514","page","type-page","status-publish","has-post-thumbnail","hentry"],"aioseo_notices":[],"_links":{"self":[{"href":"https:\/\/amatab.com\/fr\/wp-json\/wp\/v2\/pages\/6514","targetHints":{"allow":["GET"]}}],"collection":[{"href":"https:\/\/amatab.com\/fr\/wp-json\/wp\/v2\/pages"}],"about":[{"href":"https:\/\/amatab.com\/fr\/wp-json\/wp\/v2\/types\/page"}],"author":[{"embeddable":true,"href":"https:\/\/amatab.com\/fr\/wp-json\/wp\/v2\/users\/5"}],"replies":[{"embeddable":true,"href":"https:\/\/amatab.com\/fr\/wp-json\/wp\/v2\/comments?post=6514"}],"version-history":[{"count":42,"href":"https:\/\/amatab.com\/fr\/wp-json\/wp\/v2\/pages\/6514\/revisions"}],"predecessor-version":[{"id":16086,"href":"https:\/\/amatab.com\/fr\/wp-json\/wp\/v2\/pages\/6514\/revisions\/16086"}],"up":[{"embeddable":true,"href":"https:\/\/amatab.com\/fr\/wp-json\/wp\/v2\/pages\/2572"}],"wp:featuredmedia":[{"embeddable":true,"href":"https:\/\/amatab.com\/fr\/wp-json\/wp\/v2\/media\/1275"}],"wp:attachment":[{"href":"https:\/\/amatab.com\/fr\/wp-json\/wp\/v2\/media?parent=6514"}],"wp:term":[{"taxonomy":"folder","embeddable":true,"href":"https:\/\/amatab.com\/fr\/wp-json\/wp\/v2\/folder?post=6514"}],"curies":[{"name":"wp","href":"https:\/\/api.w.org\/{rel}","templated":true}]}}