{"id":6837,"date":"2023-11-01T15:39:55","date_gmt":"2023-11-01T14:39:55","guid":{"rendered":"https:\/\/amatab.com\/?page_id=6837"},"modified":"2024-02-08T12:03:35","modified_gmt":"2024-02-08T11:03:35","slug":"programme-dexploration-geo","status":"publish","type":"page","link":"https:\/\/amatab.com\/fr\/services-geophysiques\/programme-dexploration-geo\/","title":{"rendered":"Programme d\u2019exploration"},"content":{"rendered":"\t\t<div data-elementor-type=\"wp-page\" data-elementor-id=\"6837\" class=\"elementor elementor-6837\" data-elementor-post-type=\"page\">\n\t\t\t\t\t\t<section class=\"elementor-section elementor-top-section elementor-element elementor-element-5105de7 elementor-section-boxed elementor-section-height-default elementor-section-height-default\" data-id=\"5105de7\" data-element_type=\"section\" data-e-type=\"section\">\n\t\t\t\t\t\t<div class=\"elementor-container elementor-column-gap-default\">\n\t\t\t\t\t<div class=\"elementor-column elementor-col-33 elementor-top-column elementor-element elementor-element-a9f3845\" data-id=\"a9f3845\" data-element_type=\"column\" data-e-type=\"column\">\n\t\t\t<div class=\"elementor-widget-wrap elementor-element-populated\">\n\t\t\t\t\t\t<div class=\"elementor-element elementor-element-f0d4f4f elementor-widget__width-initial elementor-widget elementor-widget-text-editor\" data-id=\"f0d4f4f\" data-element_type=\"widget\" data-e-type=\"widget\" data-widget_type=\"text-editor.default\">\n\t\t\t\t<div class=\"elementor-widget-container\">\n\t\t\t\t\t\t\t\t\t<p>AMATAB &amp; CO propose des programmes d&rsquo;exploration personnalis\u00e9s pour r\u00e9pondre aux besoins sp\u00e9cifiques de chaque projet. Notre approche int\u00e8gre des techniques g\u00e9ophysiques avanc\u00e9es, telles que la prospection sismique et l&rsquo;\u00e9lectromagn\u00e9tisme, pour fournir des informations pr\u00e9cises et efficaces. Notre \u00e9quipe d&rsquo;experts assure une ex\u00e9cution minutieuse de chaque programme, garantissant des r\u00e9sultats fiables gr\u00e2ce aux derni\u00e8res technologies.<\/p><p><br><\/p>\t\t\t\t\t\t\t\t<\/div>\n\t\t\t\t<\/div>\n\t\t\t\t<div class=\"elementor-element elementor-element-ca1103c elementor-widget__width-initial elementor-widget elementor-widget-image\" data-id=\"ca1103c\" data-element_type=\"widget\" data-e-type=\"widget\" data-widget_type=\"image.default\">\n\t\t\t\t<div class=\"elementor-widget-container\">\n\t\t\t\t\t\t\t\t\t\t\t\t\t\t\t<img fetchpriority=\"high\" decoding=\"async\" width=\"1024\" height=\"683\" src=\"https:\/\/amatab.com\/wp-content\/uploads\/2023\/11\/reforestation-done-by-voluntary-group-1024x683.jpg\" class=\"attachment-large size-large wp-image-6895\" alt=\"\" srcset=\"https:\/\/amatab.com\/wp-content\/uploads\/2023\/11\/reforestation-done-by-voluntary-group-1024x683.jpg 1024w, https:\/\/amatab.com\/wp-content\/uploads\/2023\/11\/reforestation-done-by-voluntary-group-300x200.jpg 300w, https:\/\/amatab.com\/wp-content\/uploads\/2023\/11\/reforestation-done-by-voluntary-group-768x512.jpg 768w, https:\/\/amatab.com\/wp-content\/uploads\/2023\/11\/reforestation-done-by-voluntary-group-1536x1024.jpg 1536w, https:\/\/amatab.com\/wp-content\/uploads\/2023\/11\/reforestation-done-by-voluntary-group-2048x1365.jpg 2048w, https:\/\/amatab.com\/wp-content\/uploads\/2023\/11\/reforestation-done-by-voluntary-group-1320x880.jpg 1320w, https:\/\/amatab.com\/wp-content\/uploads\/2023\/11\/reforestation-done-by-voluntary-group-600x400.jpg 600w\" sizes=\"(max-width: 1024px) 100vw, 1024px\" \/>\t\t\t\t\t\t\t\t\t\t\t\t\t\t\t<\/div>\n\t\t\t\t<\/div>\n\t\t\t\t\t<\/div>\n\t\t<\/div>\n\t\t\t\t<div class=\"elementor-column elementor-col-33 elementor-top-column elementor-element elementor-element-23a8c5a\" data-id=\"23a8c5a\" data-element_type=\"column\" data-e-type=\"column\">\n\t\t\t<div class=\"elementor-widget-wrap\">\n\t\t\t\t\t\t\t<\/div>\n\t\t<\/div>\n\t\t\t\t<div class=\"elementor-column elementor-col-33 elementor-top-column elementor-element elementor-element-efe92ad\" data-id=\"efe92ad\" data-element_type=\"column\" data-e-type=\"column\">\n\t\t\t<div class=\"elementor-widget-wrap elementor-element-populated\">\n\t\t\t\t\t\t<div class=\"elementor-element elementor-element-ee256e0 elementor-widget elementor-widget-transx_links_list\" data-id=\"ee256e0\" data-element_type=\"widget\" data-e-type=\"widget\" data-widget_type=\"transx_links_list.default\">\n\t\t\t\t<div class=\"elementor-widget-container\">\n\t\t\t\t\t\n        <div class=\"transx_links_list_widget\">\n            <div class=\"transx_links_list_wrapper transx_view_type_2\">\n                <h5 class=\"transx_links_list_title\">Autres services<\/h5>\n\n                                            <a class=\"transx_links_list_item\" href=\"https:\/\/amatab.com\/fr\/services-geophysiques\/echantillonnage\/\" >\n                                <img decoding=\"async\" class=\"transx_img--bg\" src=\"http:\/\/amatab.com\/wp-content\/uploads\/2023\/10\/person-working-building-construction-scaled.jpg\" alt=\"Background Image\" \/>\n                                <h6>Echantillonnage<\/h6>\n                                <span class=\"transx_links_list_counter\">01<\/span>\n                            <\/a>\n                                                        <a class=\"transx_links_list_item\" href=\"https:\/\/amatab.com\/fr\/services-geophysiques\/percage\/\" >\n                                <img decoding=\"async\" class=\"transx_img--bg\" src=\"http:\/\/amatab.com\/wp-content\/uploads\/2023\/10\/workers-standing-checking-beside-working-oil-pumps-scaled.jpg\" alt=\"Background Image\" \/>\n                                <h6>Per\u00e7age<\/h6>\n                                <span class=\"transx_links_list_counter\">02<\/span>\n                            <\/a>\n                                                        <a class=\"transx_links_list_item\" href=\"https:\/\/amatab.com\/fr\/services-geophysiques\/evaluation-de-proprietes-du-terrain\/\" >\n                                <img decoding=\"async\" class=\"transx_img--bg\" src=\"http:\/\/amatab.com\/wp-content\/uploads\/2023\/10\/signing-document-scaled.jpg\" alt=\"Background Image\" \/>\n                                <h6>Evaluation de propri\u00e9t\u00e9s du terrain<\/h6>\n                                <span class=\"transx_links_list_counter\">03<\/span>\n                            <\/a>\n                                                            <\/div>\n        <\/div>\n\n        \t\t\t\t<\/div>\n\t\t\t\t<\/div>\n\t\t\t\t<div class=\"elementor-element elementor-element-0324040 elementor-widget elementor-widget-html\" data-id=\"0324040\" data-element_type=\"widget\" data-e-type=\"widget\" data-widget_type=\"html.default\">\n\t\t\t\t<div class=\"elementor-widget-container\">\n\t\t\t\t\t<div class=\"transx_contact-trigger transx_contact-trigger--style-2\">\n\n\n\t<h4 class=\"transx_contact-trigger__title\">Besoin d'une estimation de prix ?<\/h4>\n\n\t<p class=\"transx_contact-trigger__text\">Nous sommes l\u00e0 pour vous fournir rapidement des informations d\u00e9taill\u00e9es sur nos tarifs !<\/p>\n\n\t<a class=\"transx_button\" href=\"https:\/\/amatab.com\/fr\/services-geophysiques\/programme-dexploration-geo\/obtenir-un-devis\/\">\n\t\t<span>OBTENIR UN DEVIS<\/span>\n\t\t<svg class=\"icon\">\n\t\t\t<svg viewbox=\"0 0 150 78.6\" xmlns=\"http:\/\/www.w3.org\/2000\/svg\"><path d=\"M0 31.5h150v12.7H0V31.5zM112.8-.1l30.9 31.5-8.8 9L104 8.9l8.8-9zm18.1 51l-18.4 18.8 8.9 9 18.4-18.8-8.9-9z\"\/><\/svg>\n\t\t<\/svg>\n\t<\/a>\n<\/div>\t\t\t\t<\/div>\n\t\t\t\t<\/div>\n\t\t\t\t\t<\/div>\n\t\t<\/div>\n\t\t\t\t\t<\/div>\n\t\t<\/section>\n\t\t\t\t<\/div>\n\t\t","protected":false},"excerpt":{"rendered":"<p>AMATAB &amp; CO propose des programmes d&rsquo;exploration personnalis\u00e9s pour r\u00e9pondre aux besoins sp\u00e9cifiques de chaque projet. Notre approche int\u00e8gre des techniques g\u00e9ophysiques avanc\u00e9es, telles que la prospection sismique et l&rsquo;\u00e9lectromagn\u00e9tisme, pour fournir des informations pr\u00e9cises et efficaces. Notre \u00e9quipe d&rsquo;experts assure une ex\u00e9cution minutieuse de chaque programme, garantissant des r\u00e9sultats fiables gr\u00e2ce aux derni\u00e8res technologies. [&hellip;]<\/p>\n","protected":false},"author":5,"featured_media":1275,"parent":2998,"menu_order":11,"comment_status":"closed","ping_status":"closed","template":"","meta":{"om_disable_all_campaigns":false,"_uf_show_specific_survey":0,"_uf_disable_surveys":false,"footnotes":""},"folder":[],"class_list":["post-6837","page","type-page","status-publish","has-post-thumbnail","hentry"],"aioseo_notices":[],"_links":{"self":[{"href":"https:\/\/amatab.com\/fr\/wp-json\/wp\/v2\/pages\/6837","targetHints":{"allow":["GET"]}}],"collection":[{"href":"https:\/\/amatab.com\/fr\/wp-json\/wp\/v2\/pages"}],"about":[{"href":"https:\/\/amatab.com\/fr\/wp-json\/wp\/v2\/types\/page"}],"author":[{"embeddable":true,"href":"https:\/\/amatab.com\/fr\/wp-json\/wp\/v2\/users\/5"}],"replies":[{"embeddable":true,"href":"https:\/\/amatab.com\/fr\/wp-json\/wp\/v2\/comments?post=6837"}],"version-history":[{"count":34,"href":"https:\/\/amatab.com\/fr\/wp-json\/wp\/v2\/pages\/6837\/revisions"}],"predecessor-version":[{"id":16183,"href":"https:\/\/amatab.com\/fr\/wp-json\/wp\/v2\/pages\/6837\/revisions\/16183"}],"up":[{"embeddable":true,"href":"https:\/\/amatab.com\/fr\/wp-json\/wp\/v2\/pages\/2998"}],"wp:featuredmedia":[{"embeddable":true,"href":"https:\/\/amatab.com\/fr\/wp-json\/wp\/v2\/media\/1275"}],"wp:attachment":[{"href":"https:\/\/amatab.com\/fr\/wp-json\/wp\/v2\/media?parent=6837"}],"wp:term":[{"taxonomy":"folder","embeddable":true,"href":"https:\/\/amatab.com\/fr\/wp-json\/wp\/v2\/folder?post=6837"}],"curies":[{"name":"wp","href":"https:\/\/api.w.org\/{rel}","templated":true}]}}