{"id":6854,"date":"2023-11-01T15:55:03","date_gmt":"2023-11-01T14:55:03","guid":{"rendered":"https:\/\/amatab.com\/?page_id=6854"},"modified":"2024-02-09T09:23:18","modified_gmt":"2024-02-09T08:23:18","slug":"consulting","status":"publish","type":"page","link":"https:\/\/amatab.com\/fr\/services-geophysiques\/consulting\/","title":{"rendered":"Consulting"},"content":{"rendered":"\t\t<div data-elementor-type=\"wp-page\" data-elementor-id=\"6854\" class=\"elementor elementor-6854\" data-elementor-post-type=\"page\">\n\t\t\t\t\t\t<section class=\"elementor-section elementor-top-section elementor-element elementor-element-40d445b elementor-section-boxed elementor-section-height-default elementor-section-height-default\" data-id=\"40d445b\" data-element_type=\"section\" data-e-type=\"section\">\n\t\t\t\t\t\t<div class=\"elementor-container elementor-column-gap-default\">\n\t\t\t\t\t<div class=\"elementor-column elementor-col-50 elementor-top-column elementor-element elementor-element-30adae7\" data-id=\"30adae7\" data-element_type=\"column\" data-e-type=\"column\">\n\t\t\t<div class=\"elementor-widget-wrap elementor-element-populated\">\n\t\t\t\t\t\t<div class=\"elementor-element elementor-element-da6f873 elementor-widget elementor-widget-text-editor\" data-id=\"da6f873\" data-element_type=\"widget\" data-e-type=\"widget\" data-widget_type=\"text-editor.default\">\n\t\t\t\t<div class=\"elementor-widget-container\">\n\t\t\t\t\t\t\t\t\t<p>Notre \u00e9quipe qualifi\u00e9e est d\u00e9termin\u00e9e \u00e0 vous donner les bons conseils et \u00e0 vous accompagner tout au long de votre parcours vers la r\u00e9ussite de vos projets.<\/p>\t\t\t\t\t\t\t\t<\/div>\n\t\t\t\t<\/div>\n\t\t\t\t<section class=\"elementor-section elementor-inner-section elementor-element elementor-element-0ce23f0 elementor-section-boxed elementor-section-height-default elementor-section-height-default\" data-id=\"0ce23f0\" data-element_type=\"section\" data-e-type=\"section\">\n\t\t\t\t\t\t<div class=\"elementor-container elementor-column-gap-default\">\n\t\t\t\t\t<div class=\"elementor-column elementor-col-50 elementor-inner-column elementor-element elementor-element-b04b425\" data-id=\"b04b425\" data-element_type=\"column\" data-e-type=\"column\">\n\t\t\t<div class=\"elementor-widget-wrap elementor-element-populated\">\n\t\t\t\t\t\t<div class=\"elementor-element elementor-element-651bf10 elementor-widget elementor-widget-text-editor\" data-id=\"651bf10\" data-element_type=\"widget\" data-e-type=\"widget\" data-widget_type=\"text-editor.default\">\n\t\t\t\t<div class=\"elementor-widget-container\">\n\t\t\t\t\t\t\t\t\t<p><span style=\"text-decoration: underline;\">Ce que nous faisons :<\/span><\/p><p>Notre service de consulting en g\u00e9ophysique est con\u00e7u pour r\u00e9pondre \u00e0 un large \u00e9ventail de besoins, de la recherche de ressources naturelles \u00e0 la caract\u00e9risation des sols pour des projets de construction, en passant par la gestion des ressources en eau et la g\u00e9ologie environnementale. Gr\u00e2ce \u00e0 notre exp\u00e9rience \u00e9tendue et \u00e0 notre ma\u00eetrise des derni\u00e8res technologies, nous sommes pr\u00eats \u00e0 relever les d\u00e9fis g\u00e9ophysiques les plus complexes.<\/p>\t\t\t\t\t\t\t\t<\/div>\n\t\t\t\t<\/div>\n\t\t\t\t<div class=\"elementor-element elementor-element-09eba57 elementor-widget__width-initial elementor-widget elementor-widget-image\" data-id=\"09eba57\" data-element_type=\"widget\" data-e-type=\"widget\" data-widget_type=\"image.default\">\n\t\t\t\t<div class=\"elementor-widget-container\">\n\t\t\t\t\t\t\t\t\t\t\t\t\t\t\t<img fetchpriority=\"high\" decoding=\"async\" width=\"1024\" height=\"683\" src=\"https:\/\/amatab.com\/wp-content\/uploads\/2023\/11\/concept-donnees-rapport-graphique-graphique-remue-meninges-1024x683.jpg\" class=\"attachment-large size-large wp-image-11209\" alt=\"\" srcset=\"https:\/\/amatab.com\/wp-content\/uploads\/2023\/11\/concept-donnees-rapport-graphique-graphique-remue-meninges-1024x683.jpg 1024w, https:\/\/amatab.com\/wp-content\/uploads\/2023\/11\/concept-donnees-rapport-graphique-graphique-remue-meninges-300x200.jpg 300w, https:\/\/amatab.com\/wp-content\/uploads\/2023\/11\/concept-donnees-rapport-graphique-graphique-remue-meninges-768x513.jpg 768w, https:\/\/amatab.com\/wp-content\/uploads\/2023\/11\/concept-donnees-rapport-graphique-graphique-remue-meninges-1536x1025.jpg 1536w, https:\/\/amatab.com\/wp-content\/uploads\/2023\/11\/concept-donnees-rapport-graphique-graphique-remue-meninges-2048x1367.jpg 2048w, https:\/\/amatab.com\/wp-content\/uploads\/2023\/11\/concept-donnees-rapport-graphique-graphique-remue-meninges-1320x881.jpg 1320w, https:\/\/amatab.com\/wp-content\/uploads\/2023\/11\/concept-donnees-rapport-graphique-graphique-remue-meninges-600x400.jpg 600w\" sizes=\"(max-width: 1024px) 100vw, 1024px\" \/>\t\t\t\t\t\t\t\t\t\t\t\t\t\t\t<\/div>\n\t\t\t\t<\/div>\n\t\t\t\t<div class=\"elementor-element elementor-element-458acf6 elementor-widget elementor-widget-text-editor\" data-id=\"458acf6\" data-element_type=\"widget\" data-e-type=\"widget\" data-widget_type=\"text-editor.default\">\n\t\t\t\t<div class=\"elementor-widget-container\">\n\t\t\t\t\t\t\t\t\t<p><span style=\"text-decoration: underline;\">Nos valeurs :<\/span><\/p><p>Nous nous engageons \u00e0 vous fournir des conseils avis\u00e9s et des recommandations strat\u00e9giques qui optimisent vos investissements. L&rsquo;int\u00e9grit\u00e9, la pr\u00e9cision et l&rsquo;engagement envers l&rsquo;excellence sont au c\u0153ur de tout ce que nous faisons.<br \/><br \/><br \/><br \/><\/p>\t\t\t\t\t\t\t\t<\/div>\n\t\t\t\t<\/div>\n\t\t\t\t<div class=\"elementor-element elementor-element-15e0d5e elementor-widget elementor-widget-spacer\" data-id=\"15e0d5e\" data-element_type=\"widget\" data-e-type=\"widget\" data-widget_type=\"spacer.default\">\n\t\t\t\t<div class=\"elementor-widget-container\">\n\t\t\t\t\t\t\t<div class=\"elementor-spacer\">\n\t\t\t<div class=\"elementor-spacer-inner\"><\/div>\n\t\t<\/div>\n\t\t\t\t\t\t<\/div>\n\t\t\t\t<\/div>\n\t\t\t\t<div class=\"elementor-element elementor-element-feba627 elementor-widget elementor-widget-image\" data-id=\"feba627\" data-element_type=\"widget\" data-e-type=\"widget\" data-widget_type=\"image.default\">\n\t\t\t\t<div class=\"elementor-widget-container\">\n\t\t\t\t\t\t\t\t\t\t\t\t\t\t\t<img decoding=\"async\" width=\"1024\" height=\"683\" src=\"https:\/\/amatab.com\/wp-content\/uploads\/2023\/11\/application-femme-blanc-solution-closeup-deux-1024x683.jpg\" class=\"attachment-large size-large wp-image-11200\" alt=\"\" srcset=\"https:\/\/amatab.com\/wp-content\/uploads\/2023\/11\/application-femme-blanc-solution-closeup-deux-1024x683.jpg 1024w, https:\/\/amatab.com\/wp-content\/uploads\/2023\/11\/application-femme-blanc-solution-closeup-deux-300x200.jpg 300w, https:\/\/amatab.com\/wp-content\/uploads\/2023\/11\/application-femme-blanc-solution-closeup-deux-768x512.jpg 768w, https:\/\/amatab.com\/wp-content\/uploads\/2023\/11\/application-femme-blanc-solution-closeup-deux-1536x1024.jpg 1536w, https:\/\/amatab.com\/wp-content\/uploads\/2023\/11\/application-femme-blanc-solution-closeup-deux-2048x1365.jpg 2048w, https:\/\/amatab.com\/wp-content\/uploads\/2023\/11\/application-femme-blanc-solution-closeup-deux-1320x880.jpg 1320w, https:\/\/amatab.com\/wp-content\/uploads\/2023\/11\/application-femme-blanc-solution-closeup-deux-600x400.jpg 600w\" sizes=\"(max-width: 1024px) 100vw, 1024px\" \/>\t\t\t\t\t\t\t\t\t\t\t\t\t\t\t<\/div>\n\t\t\t\t<\/div>\n\t\t\t\t\t<\/div>\n\t\t<\/div>\n\t\t\t\t<div class=\"elementor-column elementor-col-50 elementor-inner-column elementor-element elementor-element-cbfbe74\" data-id=\"cbfbe74\" data-element_type=\"column\" data-e-type=\"column\">\n\t\t\t<div class=\"elementor-widget-wrap elementor-element-populated\">\n\t\t\t\t\t\t<div class=\"elementor-element elementor-element-1e01b8f elementor-widget elementor-widget-text-editor\" data-id=\"1e01b8f\" data-element_type=\"widget\" data-e-type=\"widget\" data-widget_type=\"text-editor.default\">\n\t\t\t\t<div class=\"elementor-widget-container\">\n\t\t\t\t\t\t\t\t\t<p><span style=\"text-decoration: underline;\">Comment nous le faisons :<\/span><\/p><p>Lorsque vous faites \u00e9quipe avec AMATAB &amp; CO, nous travaillons main dans la main avec vous pour comprendre vos objectifs et les contraintes de votre projet. Notre processus de consultation commence par une \u00e9valuation approfondie de vos besoins et de vos attentes. Ensuite, nous utilisons notre expertise pour vous aider \u00e0 interpr\u00e9ter les donn\u00e9es g\u00e9ophysiques, \u00e9valuer les risques et identifier les opportunit\u00e9s qui se pr\u00e9sentent \u00e0 vous.<\/p>\t\t\t\t\t\t\t\t<\/div>\n\t\t\t\t<\/div>\n\t\t\t\t<div class=\"elementor-element elementor-element-3639e69 elementor-widget__width-initial elementor-widget elementor-widget-image\" data-id=\"3639e69\" data-element_type=\"widget\" data-e-type=\"widget\" data-widget_type=\"image.default\">\n\t\t\t\t<div class=\"elementor-widget-container\">\n\t\t\t\t\t\t\t\t\t\t\t\t\t\t\t<img decoding=\"async\" width=\"1024\" height=\"683\" src=\"https:\/\/amatab.com\/wp-content\/uploads\/2023\/11\/gens-affaires-se-serrant-main-1024x683.jpg\" class=\"attachment-large size-large wp-image-11201\" alt=\"\" srcset=\"https:\/\/amatab.com\/wp-content\/uploads\/2023\/11\/gens-affaires-se-serrant-main-1024x683.jpg 1024w, https:\/\/amatab.com\/wp-content\/uploads\/2023\/11\/gens-affaires-se-serrant-main-300x200.jpg 300w, https:\/\/amatab.com\/wp-content\/uploads\/2023\/11\/gens-affaires-se-serrant-main-768x512.jpg 768w, https:\/\/amatab.com\/wp-content\/uploads\/2023\/11\/gens-affaires-se-serrant-main-1536x1024.jpg 1536w, https:\/\/amatab.com\/wp-content\/uploads\/2023\/11\/gens-affaires-se-serrant-main-2048x1365.jpg 2048w, https:\/\/amatab.com\/wp-content\/uploads\/2023\/11\/gens-affaires-se-serrant-main-1320x880.jpg 1320w, https:\/\/amatab.com\/wp-content\/uploads\/2023\/11\/gens-affaires-se-serrant-main-600x400.jpg 600w\" sizes=\"(max-width: 1024px) 100vw, 1024px\" \/>\t\t\t\t\t\t\t\t\t\t\t\t\t\t\t<\/div>\n\t\t\t\t<\/div>\n\t\t\t\t<div class=\"elementor-element elementor-element-822a3c2 elementor-widget elementor-widget-text-editor\" data-id=\"822a3c2\" data-element_type=\"widget\" data-e-type=\"widget\" data-widget_type=\"text-editor.default\">\n\t\t\t\t<div class=\"elementor-widget-container\">\n\t\t\t\t\t\t\t\t\t<p><span style=\"text-decoration: underline;\">Pourquoi choisir AMATAB &amp; CO :<\/span><\/p><p>Lorsque vous choisissez AMATAB &amp; CO, vous choisissez l&rsquo;expertise, l&rsquo;engagement et la fiabilit\u00e9. Nos consultants sont des professionnels chevronn\u00e9s qui poss\u00e8dent une connaissance approfondie du domaine g\u00e9ophysique et une exp\u00e9rience prouv\u00e9e dans la r\u00e9solution de probl\u00e8mes complexes. Vous pouvez avoir confiance en notre capacit\u00e9 \u00e0 vous guider vers des choix strat\u00e9giques \u00e9clair\u00e9s qui favorisent la r\u00e9ussite de vos projets.<\/p>\t\t\t\t\t\t\t\t<\/div>\n\t\t\t\t<\/div>\n\t\t\t\t<div class=\"elementor-element elementor-element-8484ae7 elementor-widget elementor-widget-image\" data-id=\"8484ae7\" data-element_type=\"widget\" data-e-type=\"widget\" data-widget_type=\"image.default\">\n\t\t\t\t<div class=\"elementor-widget-container\">\n\t\t\t\t\t\t\t\t\t\t\t\t\t\t\t<img loading=\"lazy\" decoding=\"async\" width=\"1024\" height=\"683\" src=\"https:\/\/amatab.com\/wp-content\/uploads\/2023\/11\/close-up-tablette-clavier-dans-bureau-1024x683.jpg\" class=\"attachment-large size-large wp-image-11202\" alt=\"\" srcset=\"https:\/\/amatab.com\/wp-content\/uploads\/2023\/11\/close-up-tablette-clavier-dans-bureau-1024x683.jpg 1024w, https:\/\/amatab.com\/wp-content\/uploads\/2023\/11\/close-up-tablette-clavier-dans-bureau-300x200.jpg 300w, https:\/\/amatab.com\/wp-content\/uploads\/2023\/11\/close-up-tablette-clavier-dans-bureau-768x512.jpg 768w, https:\/\/amatab.com\/wp-content\/uploads\/2023\/11\/close-up-tablette-clavier-dans-bureau-1536x1024.jpg 1536w, https:\/\/amatab.com\/wp-content\/uploads\/2023\/11\/close-up-tablette-clavier-dans-bureau-2048x1365.jpg 2048w, https:\/\/amatab.com\/wp-content\/uploads\/2023\/11\/close-up-tablette-clavier-dans-bureau-1320x880.jpg 1320w, https:\/\/amatab.com\/wp-content\/uploads\/2023\/11\/close-up-tablette-clavier-dans-bureau-600x400.jpg 600w\" sizes=\"(max-width: 1024px) 100vw, 1024px\" \/>\t\t\t\t\t\t\t\t\t\t\t\t\t\t\t<\/div>\n\t\t\t\t<\/div>\n\t\t\t\t\t<\/div>\n\t\t<\/div>\n\t\t\t\t\t<\/div>\n\t\t<\/section>\n\t\t\t\t\t<\/div>\n\t\t<\/div>\n\t\t\t\t<div class=\"elementor-column elementor-col-50 elementor-top-column elementor-element elementor-element-c1bef91\" data-id=\"c1bef91\" data-element_type=\"column\" data-e-type=\"column\">\n\t\t\t<div class=\"elementor-widget-wrap elementor-element-populated\">\n\t\t\t\t\t\t<div class=\"elementor-element elementor-element-ae09b1b elementor-widget elementor-widget-html\" data-id=\"ae09b1b\" data-element_type=\"widget\" data-e-type=\"widget\" data-widget_type=\"html.default\">\n\t\t\t\t<div class=\"elementor-widget-container\">\n\t\t\t\t\t<div class=\"transx_contact-trigger transx_contact-trigger--style-2\">\n\n\n\t<h4 class=\"transx_contact-trigger__title\">Besoin d'une estimation de prix ?<\/h4>\n\n\t<p class=\"transx_contact-trigger__text\">Nous sommes l\u00e0 pour vous fournir rapidement des informations d\u00e9taill\u00e9es sur nos tarifs !<\/p>\n\n\t<a class=\"transx_button\" href=\"https:\/\/amatab.com\/fr\/services-geophysiques\/consulting\/obtenir-un-devis\/\">\n\t\t<span>OBTENIR UN DEVIS<\/span>\n\t\t<svg class=\"icon\">\n\t\t\t<svg viewbox=\"0 0 150 78.6\" xmlns=\"http:\/\/www.w3.org\/2000\/svg\"><path d=\"M0 31.5h150v12.7H0V31.5zM112.8-.1l30.9 31.5-8.8 9L104 8.9l8.8-9zm18.1 51l-18.4 18.8 8.9 9 18.4-18.8-8.9-9z\"\/><\/svg>\n\t\t<\/svg>\n\t<\/a>\n<\/div>\t\t\t\t<\/div>\n\t\t\t\t<\/div>\n\t\t\t\t\t<\/div>\n\t\t<\/div>\n\t\t\t\t\t<\/div>\n\t\t<\/section>\n\t\t\t\t<\/div>\n\t\t","protected":false},"excerpt":{"rendered":"<p>Notre \u00e9quipe qualifi\u00e9e est d\u00e9termin\u00e9e \u00e0 vous donner les bons conseils et \u00e0 vous accompagner tout au long de votre parcours vers la r\u00e9ussite de vos projets. Ce que nous faisons : Notre service de consulting en g\u00e9ophysique est con\u00e7u pour r\u00e9pondre \u00e0 un large \u00e9ventail de besoins, de la recherche de ressources naturelles \u00e0 [&hellip;]<\/p>\n","protected":false},"author":5,"featured_media":1275,"parent":2998,"menu_order":10,"comment_status":"closed","ping_status":"closed","template":"","meta":{"om_disable_all_campaigns":false,"_uf_show_specific_survey":0,"_uf_disable_surveys":false,"footnotes":""},"folder":[],"class_list":["post-6854","page","type-page","status-publish","has-post-thumbnail","hentry"],"aioseo_notices":[],"_links":{"self":[{"href":"https:\/\/amatab.com\/fr\/wp-json\/wp\/v2\/pages\/6854","targetHints":{"allow":["GET"]}}],"collection":[{"href":"https:\/\/amatab.com\/fr\/wp-json\/wp\/v2\/pages"}],"about":[{"href":"https:\/\/amatab.com\/fr\/wp-json\/wp\/v2\/types\/page"}],"author":[{"embeddable":true,"href":"https:\/\/amatab.com\/fr\/wp-json\/wp\/v2\/users\/5"}],"replies":[{"embeddable":true,"href":"https:\/\/amatab.com\/fr\/wp-json\/wp\/v2\/comments?post=6854"}],"version-history":[{"count":57,"href":"https:\/\/amatab.com\/fr\/wp-json\/wp\/v2\/pages\/6854\/revisions"}],"predecessor-version":[{"id":16314,"href":"https:\/\/amatab.com\/fr\/wp-json\/wp\/v2\/pages\/6854\/revisions\/16314"}],"up":[{"embeddable":true,"href":"https:\/\/amatab.com\/fr\/wp-json\/wp\/v2\/pages\/2998"}],"wp:featuredmedia":[{"embeddable":true,"href":"https:\/\/amatab.com\/fr\/wp-json\/wp\/v2\/media\/1275"}],"wp:attachment":[{"href":"https:\/\/amatab.com\/fr\/wp-json\/wp\/v2\/media?parent=6854"}],"wp:term":[{"taxonomy":"folder","embeddable":true,"href":"https:\/\/amatab.com\/fr\/wp-json\/wp\/v2\/folder?post=6854"}],"curies":[{"name":"wp","href":"https:\/\/api.w.org\/{rel}","templated":true}]}}