{"id":6913,"date":"2023-11-01T16:45:22","date_gmt":"2023-11-01T15:45:22","guid":{"rendered":"https:\/\/amatab.com\/?page_id=6913"},"modified":"2024-02-08T15:49:18","modified_gmt":"2024-02-08T14:49:18","slug":"visualisation-en-3d","status":"publish","type":"page","link":"https:\/\/amatab.com\/fr\/services-geophysiques\/visualisation-en-3d\/","title":{"rendered":"Visualisation en 3D"},"content":{"rendered":"\t\t<div data-elementor-type=\"wp-page\" data-elementor-id=\"6913\" class=\"elementor elementor-6913\" data-elementor-post-type=\"page\">\n\t\t\t\t\t\t<section class=\"elementor-section elementor-top-section elementor-element elementor-element-675045b elementor-section-boxed elementor-section-height-default elementor-section-height-default\" data-id=\"675045b\" data-element_type=\"section\" data-e-type=\"section\">\n\t\t\t\t\t\t<div class=\"elementor-container elementor-column-gap-default\">\n\t\t\t\t\t<div class=\"elementor-column elementor-col-33 elementor-top-column elementor-element elementor-element-83a7640\" data-id=\"83a7640\" data-element_type=\"column\" data-e-type=\"column\">\n\t\t\t<div class=\"elementor-widget-wrap elementor-element-populated\">\n\t\t\t\t\t\t<div class=\"elementor-element elementor-element-8cdae42 elementor-widget elementor-widget-text-editor\" data-id=\"8cdae42\" data-element_type=\"widget\" data-e-type=\"widget\" data-widget_type=\"text-editor.default\">\n\t\t\t\t<div class=\"elementor-widget-container\">\n\t\t\t\t\t\t\t\t\t<p>La visualisation en 3D constitue une avanc\u00e9e majeure dans la mani\u00e8re dont nous appr\u00e9hendons et utilisons les donn\u00e9es li\u00e9es au sous-sol. En transformant des donn\u00e9es brutes en mod\u00e8les tridimensionnels, cette technologie offre bien plus qu&rsquo;une simple repr\u00e9sentation visuelle ; elle cr\u00e9e une exp\u00e9rience immersive qui permet aux professionnels de divers domaines de gagner en compr\u00e9hension et en efficacit\u00e9.<\/p>\t\t\t\t\t\t\t\t<\/div>\n\t\t\t\t<\/div>\n\t\t\t\t<div class=\"elementor-element elementor-element-f5b49fe elementor-widget__width-initial elementor-hidden-desktop elementor-hidden-tablet elementor-widget elementor-widget-image\" data-id=\"f5b49fe\" data-element_type=\"widget\" data-e-type=\"widget\" data-widget_type=\"image.default\">\n\t\t\t\t<div class=\"elementor-widget-container\">\n\t\t\t\t\t\t\t\t\t\t\t\t\t\t\t<img fetchpriority=\"high\" decoding=\"async\" width=\"683\" height=\"1024\" src=\"https:\/\/amatab.com\/wp-content\/uploads\/2023\/11\/gros-plan-artiste-numerique-travaillant-modele-3d-pour-ameliorer-geometrie-optimiser-projet-personne-industrie-graphique-hautes-competences-modelisation-travaillant-technologie-logicielle-avancee-683x1024.jpg\" class=\"attachment-large size-large wp-image-11240\" alt=\"\" srcset=\"https:\/\/amatab.com\/wp-content\/uploads\/2023\/11\/gros-plan-artiste-numerique-travaillant-modele-3d-pour-ameliorer-geometrie-optimiser-projet-personne-industrie-graphique-hautes-competences-modelisation-travaillant-technologie-logicielle-avancee-683x1024.jpg 683w, https:\/\/amatab.com\/wp-content\/uploads\/2023\/11\/gros-plan-artiste-numerique-travaillant-modele-3d-pour-ameliorer-geometrie-optimiser-projet-personne-industrie-graphique-hautes-competences-modelisation-travaillant-technologie-logicielle-avancee-200x300.jpg 200w, https:\/\/amatab.com\/wp-content\/uploads\/2023\/11\/gros-plan-artiste-numerique-travaillant-modele-3d-pour-ameliorer-geometrie-optimiser-projet-personne-industrie-graphique-hautes-competences-modelisation-travaillant-technologie-logicielle-avancee-768x1152.jpg 768w, https:\/\/amatab.com\/wp-content\/uploads\/2023\/11\/gros-plan-artiste-numerique-travaillant-modele-3d-pour-ameliorer-geometrie-optimiser-projet-personne-industrie-graphique-hautes-competences-modelisation-travaillant-technologie-logicielle-avancee-1024x1536.jpg 1024w, https:\/\/amatab.com\/wp-content\/uploads\/2023\/11\/gros-plan-artiste-numerique-travaillant-modele-3d-pour-ameliorer-geometrie-optimiser-projet-personne-industrie-graphique-hautes-competences-modelisation-travaillant-technologie-logicielle-avancee-1365x2048.jpg 1365w, https:\/\/amatab.com\/wp-content\/uploads\/2023\/11\/gros-plan-artiste-numerique-travaillant-modele-3d-pour-ameliorer-geometrie-optimiser-projet-personne-industrie-graphique-hautes-competences-modelisation-travaillant-technologie-logicielle-avancee-1320x1980.jpg 1320w, https:\/\/amatab.com\/wp-content\/uploads\/2023\/11\/gros-plan-artiste-numerique-travaillant-modele-3d-pour-ameliorer-geometrie-optimiser-projet-personne-industrie-graphique-hautes-competences-modelisation-travaillant-technologie-logicielle-avancee-600x900.jpg 600w, https:\/\/amatab.com\/wp-content\/uploads\/2023\/11\/gros-plan-artiste-numerique-travaillant-modele-3d-pour-ameliorer-geometrie-optimiser-projet-personne-industrie-graphique-hautes-competences-modelisation-travaillant-technologie-logicielle-avancee-scaled.jpg 1707w\" sizes=\"(max-width: 683px) 100vw, 683px\" \/>\t\t\t\t\t\t\t\t\t\t\t\t\t\t\t<\/div>\n\t\t\t\t<\/div>\n\t\t\t\t<div class=\"elementor-element elementor-element-86508d0 elementor-widget__width-initial elementor-widget elementor-widget-text-editor\" data-id=\"86508d0\" data-element_type=\"widget\" data-e-type=\"widget\" data-widget_type=\"text-editor.default\">\n\t\t\t\t<div class=\"elementor-widget-container\">\n\t\t\t\t\t\t\t\t\t<p>Dans le domaine de l&rsquo;exploration, la visualisation en 3D offre une perspective in\u00e9dite sur les ressources souterraines, facilitant l&rsquo;identification de gisements min\u00e9raux, la planification d&rsquo;itin\u00e9raires d&rsquo;exploration, et m\u00eame la simulation de processus g\u00e9ologiques complexes.\u00a0<\/p><p>Les entreprises tirent \u00e9galement parti de cette technologie pour anticiper les d\u00e9fis potentiels li\u00e9s \u00e0 la topographie et optimiser la conception de structures en fonction des caract\u00e9ristiques du sol.<\/p>\t\t\t\t\t\t\t\t<\/div>\n\t\t\t\t<\/div>\n\t\t\t\t\t<\/div>\n\t\t<\/div>\n\t\t\t\t<div class=\"elementor-column elementor-col-33 elementor-top-column elementor-element elementor-element-7770c25\" data-id=\"7770c25\" data-element_type=\"column\" data-e-type=\"column\">\n\t\t\t<div class=\"elementor-widget-wrap elementor-element-populated\">\n\t\t\t\t\t\t<div class=\"elementor-element elementor-element-e30e6eb elementor-widget__width-initial elementor-hidden-mobile elementor-widget elementor-widget-image\" data-id=\"e30e6eb\" data-element_type=\"widget\" data-e-type=\"widget\" data-widget_type=\"image.default\">\n\t\t\t\t<div class=\"elementor-widget-container\">\n\t\t\t\t\t\t\t\t\t\t\t\t\t\t\t<img fetchpriority=\"high\" decoding=\"async\" width=\"683\" height=\"1024\" src=\"https:\/\/amatab.com\/wp-content\/uploads\/2023\/11\/gros-plan-artiste-numerique-travaillant-modele-3d-pour-ameliorer-geometrie-optimiser-projet-personne-industrie-graphique-hautes-competences-modelisation-travaillant-technologie-logicielle-avancee-683x1024.jpg\" class=\"attachment-large size-large wp-image-11240\" alt=\"\" srcset=\"https:\/\/amatab.com\/wp-content\/uploads\/2023\/11\/gros-plan-artiste-numerique-travaillant-modele-3d-pour-ameliorer-geometrie-optimiser-projet-personne-industrie-graphique-hautes-competences-modelisation-travaillant-technologie-logicielle-avancee-683x1024.jpg 683w, https:\/\/amatab.com\/wp-content\/uploads\/2023\/11\/gros-plan-artiste-numerique-travaillant-modele-3d-pour-ameliorer-geometrie-optimiser-projet-personne-industrie-graphique-hautes-competences-modelisation-travaillant-technologie-logicielle-avancee-200x300.jpg 200w, https:\/\/amatab.com\/wp-content\/uploads\/2023\/11\/gros-plan-artiste-numerique-travaillant-modele-3d-pour-ameliorer-geometrie-optimiser-projet-personne-industrie-graphique-hautes-competences-modelisation-travaillant-technologie-logicielle-avancee-768x1152.jpg 768w, https:\/\/amatab.com\/wp-content\/uploads\/2023\/11\/gros-plan-artiste-numerique-travaillant-modele-3d-pour-ameliorer-geometrie-optimiser-projet-personne-industrie-graphique-hautes-competences-modelisation-travaillant-technologie-logicielle-avancee-1024x1536.jpg 1024w, https:\/\/amatab.com\/wp-content\/uploads\/2023\/11\/gros-plan-artiste-numerique-travaillant-modele-3d-pour-ameliorer-geometrie-optimiser-projet-personne-industrie-graphique-hautes-competences-modelisation-travaillant-technologie-logicielle-avancee-1365x2048.jpg 1365w, https:\/\/amatab.com\/wp-content\/uploads\/2023\/11\/gros-plan-artiste-numerique-travaillant-modele-3d-pour-ameliorer-geometrie-optimiser-projet-personne-industrie-graphique-hautes-competences-modelisation-travaillant-technologie-logicielle-avancee-1320x1980.jpg 1320w, https:\/\/amatab.com\/wp-content\/uploads\/2023\/11\/gros-plan-artiste-numerique-travaillant-modele-3d-pour-ameliorer-geometrie-optimiser-projet-personne-industrie-graphique-hautes-competences-modelisation-travaillant-technologie-logicielle-avancee-600x900.jpg 600w, https:\/\/amatab.com\/wp-content\/uploads\/2023\/11\/gros-plan-artiste-numerique-travaillant-modele-3d-pour-ameliorer-geometrie-optimiser-projet-personne-industrie-graphique-hautes-competences-modelisation-travaillant-technologie-logicielle-avancee-scaled.jpg 1707w\" sizes=\"(max-width: 683px) 100vw, 683px\" \/>\t\t\t\t\t\t\t\t\t\t\t\t\t\t\t<\/div>\n\t\t\t\t<\/div>\n\t\t\t\t\t<\/div>\n\t\t<\/div>\n\t\t\t\t<div class=\"elementor-column elementor-col-33 elementor-top-column elementor-element elementor-element-07d3db9\" data-id=\"07d3db9\" data-element_type=\"column\" data-e-type=\"column\">\n\t\t\t<div class=\"elementor-widget-wrap elementor-element-populated\">\n\t\t\t\t\t\t<div class=\"elementor-element elementor-element-4445918 elementor-widget elementor-widget-transx_links_list\" data-id=\"4445918\" data-element_type=\"widget\" data-e-type=\"widget\" data-widget_type=\"transx_links_list.default\">\n\t\t\t\t<div class=\"elementor-widget-container\">\n\t\t\t\t\t\n        <div class=\"transx_links_list_widget\">\n            <div class=\"transx_links_list_wrapper transx_view_type_2\">\n                <h5 class=\"transx_links_list_title\">Autres services<\/h5>\n\n                                            <a class=\"transx_links_list_item\" href=\"https:\/\/amatab.com\/fr\/services-geophysiques\/visualisation-en-2d\/\" >\n                                <img decoding=\"async\" class=\"transx_img--bg\" src=\"http:\/\/amatab.com\/wp-content\/uploads\/2023\/11\/image-recadree-jeune-femme-designer-scaled.jpg\" alt=\"Background Image\" \/>\n                                <h6>Visualisation en 2D<\/h6>\n                                <span class=\"transx_links_list_counter\">01<\/span>\n                            <\/a>\n                                                        <a class=\"transx_links_list_item\" href=\"https:\/\/amatab.com\/fr\/services-geophysiques\/imagerie\/\" >\n                                <img decoding=\"async\" class=\"transx_img--bg\" src=\"http:\/\/amatab.com\/wp-content\/uploads\/2023\/11\/photographe-masculin-explorant-environnement-urbain-esthetique-grunge-scaled.jpg\" alt=\"Background Image\" \/>\n                                <h6>Imagerie<\/h6>\n                                <span class=\"transx_links_list_counter\">02<\/span>\n                            <\/a>\n                                                        <a class=\"transx_links_list_item\" href=\"https:\/\/amatab.com\/fr\/services-geophysiques\/cartographie\/\" >\n                                <img decoding=\"async\" class=\"transx_img--bg\" src=\"http:\/\/amatab.com\/wp-content\/uploads\/2023\/11\/vue-carte-voyage-du-monde-boussole-loupe-scaled.jpg\" alt=\"Background Image\" \/>\n                                <h6>Cartographie<\/h6>\n                                <span class=\"transx_links_list_counter\">03<\/span>\n                            <\/a>\n                                                            <\/div>\n        <\/div>\n\n        \t\t\t\t<\/div>\n\t\t\t\t<\/div>\n\t\t\t\t<div class=\"elementor-element elementor-element-22e822c elementor-widget elementor-widget-html\" data-id=\"22e822c\" data-element_type=\"widget\" data-e-type=\"widget\" data-widget_type=\"html.default\">\n\t\t\t\t<div class=\"elementor-widget-container\">\n\t\t\t\t\t<div class=\"transx_contact-trigger transx_contact-trigger--style-2\">\n\n\t<h4 class=\"transx_contact-trigger__title\">Besoin d'une estimation de prix ?<\/h4>\n\n\t<p class=\"transx_contact-trigger__text\">Nous sommes l\u00e0 pour vous fournir rapidement des informations d\u00e9taill\u00e9es sur nos tarifs !<\/p>\n\n\t<a class=\"transx_button\" href=\"https:\/\/amatab.com\/fr\/services-geophysiques\/visualisation-en-3d\/obtenir-un-devis\/\">\n\t\t<span>OBTENIR UN DEVIS<\/span>\n\t\t<svg class=\"icon\">\n\t\t\t<svg viewbox=\"0 0 150 78.6\" xmlns=\"http:\/\/www.w3.org\/2000\/svg\"><path d=\"M0 31.5h150v12.7H0V31.5zM112.8-.1l30.9 31.5-8.8 9L104 8.9l8.8-9zm18.1 51l-18.4 18.8 8.9 9 18.4-18.8-8.9-9z\"\/><\/svg>\n\t\t<\/svg>\n\t<\/a>\n<\/div>\t\t\t\t<\/div>\n\t\t\t\t<\/div>\n\t\t\t\t\t<\/div>\n\t\t<\/div>\n\t\t\t\t\t<\/div>\n\t\t<\/section>\n\t\t\t\t<\/div>\n\t\t","protected":false},"excerpt":{"rendered":"<p>La visualisation en 3D constitue une avanc\u00e9e majeure dans la mani\u00e8re dont nous appr\u00e9hendons et utilisons les donn\u00e9es li\u00e9es au sous-sol. En transformant des donn\u00e9es brutes en mod\u00e8les tridimensionnels, cette technologie offre bien plus qu&rsquo;une simple repr\u00e9sentation visuelle ; elle cr\u00e9e une exp\u00e9rience immersive qui permet aux professionnels de divers domaines de gagner en compr\u00e9hension [&hellip;]<\/p>\n","protected":false},"author":5,"featured_media":1275,"parent":2998,"menu_order":6,"comment_status":"closed","ping_status":"closed","template":"","meta":{"om_disable_all_campaigns":false,"_uf_show_specific_survey":0,"_uf_disable_surveys":false,"footnotes":""},"folder":[],"class_list":["post-6913","page","type-page","status-publish","has-post-thumbnail","hentry"],"aioseo_notices":[],"_links":{"self":[{"href":"https:\/\/amatab.com\/fr\/wp-json\/wp\/v2\/pages\/6913","targetHints":{"allow":["GET"]}}],"collection":[{"href":"https:\/\/amatab.com\/fr\/wp-json\/wp\/v2\/pages"}],"about":[{"href":"https:\/\/amatab.com\/fr\/wp-json\/wp\/v2\/types\/page"}],"author":[{"embeddable":true,"href":"https:\/\/amatab.com\/fr\/wp-json\/wp\/v2\/users\/5"}],"replies":[{"embeddable":true,"href":"https:\/\/amatab.com\/fr\/wp-json\/wp\/v2\/comments?post=6913"}],"version-history":[{"count":34,"href":"https:\/\/amatab.com\/fr\/wp-json\/wp\/v2\/pages\/6913\/revisions"}],"predecessor-version":[{"id":16189,"href":"https:\/\/amatab.com\/fr\/wp-json\/wp\/v2\/pages\/6913\/revisions\/16189"}],"up":[{"embeddable":true,"href":"https:\/\/amatab.com\/fr\/wp-json\/wp\/v2\/pages\/2998"}],"wp:featuredmedia":[{"embeddable":true,"href":"https:\/\/amatab.com\/fr\/wp-json\/wp\/v2\/media\/1275"}],"wp:attachment":[{"href":"https:\/\/amatab.com\/fr\/wp-json\/wp\/v2\/media?parent=6913"}],"wp:term":[{"taxonomy":"folder","embeddable":true,"href":"https:\/\/amatab.com\/fr\/wp-json\/wp\/v2\/folder?post=6913"}],"curies":[{"name":"wp","href":"https:\/\/api.w.org\/{rel}","templated":true}]}}