{"id":7307,"date":"2023-11-03T11:28:40","date_gmt":"2023-11-03T10:28:40","guid":{"rendered":"https:\/\/amatab.com\/?page_id=7307"},"modified":"2024-02-03T10:31:26","modified_gmt":"2024-02-03T09:31:26","slug":"transport-de-gaz-et-petrole","status":"publish","type":"page","link":"https:\/\/amatab.com\/fr\/services-petroliers\/transport-de-gaz-et-petrole\/","title":{"rendered":"Transport de Gaz et p\u00e9trole"},"content":{"rendered":"\t\t<div data-elementor-type=\"wp-page\" data-elementor-id=\"7307\" class=\"elementor elementor-7307\" data-elementor-post-type=\"page\">\n\t\t\t\t\t\t<section class=\"elementor-section elementor-top-section elementor-element elementor-element-46a7786 elementor-section-boxed elementor-section-height-default elementor-section-height-default\" data-id=\"46a7786\" data-element_type=\"section\" data-e-type=\"section\">\n\t\t\t\t\t\t<div class=\"elementor-container elementor-column-gap-default\">\n\t\t\t\t\t<div class=\"elementor-column elementor-col-33 elementor-top-column elementor-element elementor-element-a8055d3\" data-id=\"a8055d3\" data-element_type=\"column\" data-e-type=\"column\">\n\t\t\t<div class=\"elementor-widget-wrap elementor-element-populated\">\n\t\t\t\t\t\t<div class=\"elementor-element elementor-element-d9bc2cb elementor-widget elementor-widget-text-editor\" data-id=\"d9bc2cb\" data-element_type=\"widget\" data-e-type=\"widget\" data-widget_type=\"text-editor.default\">\n\t\t\t\t<div class=\"elementor-widget-container\">\n\t\t\t\t\t\t\t\t\t<p>Le transport de gaz et de p\u00e9trole requiert une attention particuli\u00e8re en raison de leur nature inflammable et potentiellement dangereuse.<\/p><p>C&rsquo;est pourquoi nous mettons en place des mesures de s\u00e9curit\u00e9 rigoureuses pour garantir des op\u00e9rations de transport s\u00fbres et fiables.<\/p>\t\t\t\t\t\t\t\t<\/div>\n\t\t\t\t<\/div>\n\t\t\t\t<div class=\"elementor-element elementor-element-743b0cc elementor-widget__width-initial elementor-hidden-desktop elementor-hidden-tablet elementor-widget elementor-widget-image\" data-id=\"743b0cc\" data-element_type=\"widget\" data-e-type=\"widget\" data-widget_type=\"image.default\">\n\t\t\t\t<div class=\"elementor-widget-container\">\n\t\t\t\t\t\t\t\t\t\t\t\t\t\t\t<img fetchpriority=\"high\" decoding=\"async\" width=\"1024\" height=\"683\" src=\"https:\/\/amatab.com\/wp-content\/uploads\/2023\/11\/istockphoto-1182213468-2048x2048-transformed-1024x683.jpeg\" class=\"attachment-large size-large wp-image-11610\" alt=\"\" srcset=\"https:\/\/amatab.com\/wp-content\/uploads\/2023\/11\/istockphoto-1182213468-2048x2048-transformed-1024x683.jpeg 1024w, https:\/\/amatab.com\/wp-content\/uploads\/2023\/11\/istockphoto-1182213468-2048x2048-transformed-300x200.jpeg 300w, https:\/\/amatab.com\/wp-content\/uploads\/2023\/11\/istockphoto-1182213468-2048x2048-transformed-768x512.jpeg 768w, https:\/\/amatab.com\/wp-content\/uploads\/2023\/11\/istockphoto-1182213468-2048x2048-transformed-1536x1024.jpeg 1536w, https:\/\/amatab.com\/wp-content\/uploads\/2023\/11\/istockphoto-1182213468-2048x2048-transformed-1320x880.jpeg 1320w, https:\/\/amatab.com\/wp-content\/uploads\/2023\/11\/istockphoto-1182213468-2048x2048-transformed-600x400.jpeg 600w, https:\/\/amatab.com\/wp-content\/uploads\/2023\/11\/istockphoto-1182213468-2048x2048-transformed.jpeg 2048w\" sizes=\"(max-width: 1024px) 100vw, 1024px\" \/>\t\t\t\t\t\t\t\t\t\t\t\t\t\t\t<\/div>\n\t\t\t\t<\/div>\n\t\t\t\t<div class=\"elementor-element elementor-element-4f4fd0a elementor-widget elementor-widget-text-editor\" data-id=\"4f4fd0a\" data-element_type=\"widget\" data-e-type=\"widget\" data-widget_type=\"text-editor.default\">\n\t\t\t\t<div class=\"elementor-widget-container\">\n\t\t\t\t\t\t\t\t\t<p>Nos services de transport de p\u00e9trole et de gaz sont con\u00e7us pour assurer la protection de ces pr\u00e9cieuses ressources tout en minimisant les risques pour l&rsquo;environnement et la s\u00e9curit\u00e9 du personnel.\u00a0<\/p><p>Nous travaillons en \u00e9troite collaboration avec les organismes de r\u00e9glementation et les autorit\u00e9s pour nous assurer que toutes les normes de s\u00e9curit\u00e9 et de conformit\u00e9 sont respect\u00e9es.<\/p>\t\t\t\t\t\t\t\t<\/div>\n\t\t\t\t<\/div>\n\t\t\t\t<div class=\"elementor-element elementor-element-c89443a elementor-widget__width-initial elementor-hidden-mobile elementor-widget elementor-widget-image\" data-id=\"c89443a\" data-element_type=\"widget\" data-e-type=\"widget\" data-widget_type=\"image.default\">\n\t\t\t\t<div class=\"elementor-widget-container\">\n\t\t\t\t\t\t\t\t\t\t\t\t\t\t\t<img fetchpriority=\"high\" decoding=\"async\" width=\"1024\" height=\"683\" src=\"https:\/\/amatab.com\/wp-content\/uploads\/2023\/11\/istockphoto-1182213468-2048x2048-transformed-1024x683.jpeg\" class=\"attachment-large size-large wp-image-11610\" alt=\"\" srcset=\"https:\/\/amatab.com\/wp-content\/uploads\/2023\/11\/istockphoto-1182213468-2048x2048-transformed-1024x683.jpeg 1024w, https:\/\/amatab.com\/wp-content\/uploads\/2023\/11\/istockphoto-1182213468-2048x2048-transformed-300x200.jpeg 300w, https:\/\/amatab.com\/wp-content\/uploads\/2023\/11\/istockphoto-1182213468-2048x2048-transformed-768x512.jpeg 768w, https:\/\/amatab.com\/wp-content\/uploads\/2023\/11\/istockphoto-1182213468-2048x2048-transformed-1536x1024.jpeg 1536w, https:\/\/amatab.com\/wp-content\/uploads\/2023\/11\/istockphoto-1182213468-2048x2048-transformed-1320x880.jpeg 1320w, https:\/\/amatab.com\/wp-content\/uploads\/2023\/11\/istockphoto-1182213468-2048x2048-transformed-600x400.jpeg 600w, https:\/\/amatab.com\/wp-content\/uploads\/2023\/11\/istockphoto-1182213468-2048x2048-transformed.jpeg 2048w\" sizes=\"(max-width: 1024px) 100vw, 1024px\" \/>\t\t\t\t\t\t\t\t\t\t\t\t\t\t\t<\/div>\n\t\t\t\t<\/div>\n\t\t\t\t\t<\/div>\n\t\t<\/div>\n\t\t\t\t<div class=\"elementor-column elementor-col-33 elementor-top-column elementor-element elementor-element-7ab92db\" data-id=\"7ab92db\" data-element_type=\"column\" data-e-type=\"column\">\n\t\t\t<div class=\"elementor-widget-wrap elementor-element-populated\">\n\t\t\t\t\t\t<div class=\"elementor-element elementor-element-5d43d12 elementor-widget__width-initial elementor-widget elementor-widget-image\" data-id=\"5d43d12\" data-element_type=\"widget\" data-e-type=\"widget\" data-widget_type=\"image.default\">\n\t\t\t\t<div class=\"elementor-widget-container\">\n\t\t\t\t\t\t\t\t\t\t\t\t\t\t\t<img decoding=\"async\" width=\"1024\" height=\"647\" src=\"https:\/\/amatab.com\/wp-content\/uploads\/2023\/11\/istockphoto-1488142909-2048x2048-transformed-1024x647.jpeg\" class=\"attachment-large size-large wp-image-11611\" alt=\"\" srcset=\"https:\/\/amatab.com\/wp-content\/uploads\/2023\/11\/istockphoto-1488142909-2048x2048-transformed-1024x647.jpeg 1024w, https:\/\/amatab.com\/wp-content\/uploads\/2023\/11\/istockphoto-1488142909-2048x2048-transformed-300x189.jpeg 300w, https:\/\/amatab.com\/wp-content\/uploads\/2023\/11\/istockphoto-1488142909-2048x2048-transformed-768x485.jpeg 768w, https:\/\/amatab.com\/wp-content\/uploads\/2023\/11\/istockphoto-1488142909-2048x2048-transformed-1536x970.jpeg 1536w, https:\/\/amatab.com\/wp-content\/uploads\/2023\/11\/istockphoto-1488142909-2048x2048-transformed-1320x833.jpeg 1320w, https:\/\/amatab.com\/wp-content\/uploads\/2023\/11\/istockphoto-1488142909-2048x2048-transformed-600x379.jpeg 600w, https:\/\/amatab.com\/wp-content\/uploads\/2023\/11\/istockphoto-1488142909-2048x2048-transformed.jpeg 2048w\" sizes=\"(max-width: 1024px) 100vw, 1024px\" \/>\t\t\t\t\t\t\t\t\t\t\t\t\t\t\t<\/div>\n\t\t\t\t<\/div>\n\t\t\t\t<div class=\"elementor-element elementor-element-f6c895c elementor-widget elementor-widget-text-editor\" data-id=\"f6c895c\" data-element_type=\"widget\" data-e-type=\"widget\" data-widget_type=\"text-editor.default\">\n\t\t\t\t<div class=\"elementor-widget-container\">\n\t\t\t\t\t\t\t\t\t<p>Nos mesures de s\u00e9curit\u00e9 incluent l&rsquo;utilisation de conteneurs sp\u00e9ciaux r\u00e9sistants aux fuites, des proc\u00e9dures de chargement et de d\u00e9chargement strictes, ainsi que des \u00e9quipements de surveillance en temps r\u00e9el pour d\u00e9tecter toute anomalie.<\/p><p>De plus, notre personnel est sp\u00e9cialement form\u00e9 pour g\u00e9rer les situations et appliquer les protocoles de s\u00e9curit\u00e9 les plus stricts.<\/p>\t\t\t\t\t\t\t\t<\/div>\n\t\t\t\t<\/div>\n\t\t\t\t<div class=\"elementor-element elementor-element-89cd80c elementor-widget elementor-widget-text-editor\" data-id=\"89cd80c\" data-element_type=\"widget\" data-e-type=\"widget\" data-widget_type=\"text-editor.default\">\n\t\t\t\t<div class=\"elementor-widget-container\">\n\t\t\t\t\t\t\t\t\t<p>Nous croyons fermement que la s\u00e9curit\u00e9 et la protection de l&rsquo;environnement sont essentielles dans l&rsquo;industrie p\u00e9troli\u00e8re, et nos services de transport de p\u00e9trole et de gaz refl\u00e8tent cet engagement.&nbsp;<\/p>\n<p>Vous pouvez compter sur AMATAB &amp; CO pour des op\u00e9rations de transport fiables, s\u00e9curitaires et conformes aux r\u00e9glementations.<\/p>\t\t\t\t\t\t\t\t<\/div>\n\t\t\t\t<\/div>\n\t\t\t\t\t<\/div>\n\t\t<\/div>\n\t\t\t\t<div class=\"elementor-column elementor-col-33 elementor-top-column elementor-element elementor-element-2630636\" data-id=\"2630636\" data-element_type=\"column\" data-e-type=\"column\">\n\t\t\t<div class=\"elementor-widget-wrap elementor-element-populated\">\n\t\t\t\t\t\t<div class=\"elementor-element elementor-element-0bb3526 elementor-widget__width-initial elementor-widget elementor-widget-transx_links_list\" data-id=\"0bb3526\" data-element_type=\"widget\" data-e-type=\"widget\" data-widget_type=\"transx_links_list.default\">\n\t\t\t\t<div class=\"elementor-widget-container\">\n\t\t\t\t\t\n        <div class=\"transx_links_list_widget\">\n            <div class=\"transx_links_list_wrapper transx_view_type_2\">\n                <h5 class=\"transx_links_list_title\">Autres Services<\/h5>\n\n                                            <a class=\"transx_links_list_item\" href=\"https:\/\/amatab.com\/fr\/services-petroliers\/transport-durgence\/\" >\n                                <img decoding=\"async\" class=\"transx_img--bg\" src=\"http:\/\/amatab.com\/wp-content\/uploads\/2023\/11\/ambulanciers-paramedicaux-tir-moyen-prets-aider-scaled.jpg\" alt=\"Background Image\" \/>\n                                <h6>Transport d&#039;urgence<\/h6>\n                                <span class=\"transx_links_list_counter\">01<\/span>\n                            <\/a>\n                                                            <\/div>\n        <\/div>\n\n        \t\t\t\t<\/div>\n\t\t\t\t<\/div>\n\t\t\t\t<div class=\"elementor-element elementor-element-8218695 elementor-widget elementor-widget-html\" data-id=\"8218695\" data-element_type=\"widget\" data-e-type=\"widget\" data-widget_type=\"html.default\">\n\t\t\t\t<div class=\"elementor-widget-container\">\n\t\t\t\t\t<div class=\"transx_contact-trigger transx_contact-trigger--style-2\">\n\t\n\n\t<h4 class=\"transx_contact-trigger__title\">Besoin d'une estimation de prix ?<\/h4>\n\n\t<p class=\"transx_contact-trigger__text\">Nous sommes l\u00e0 pour vous fournir rapidement des informations d\u00e9taill\u00e9es sur nos tarifs !<\/p>\n\n\t<a class=\"transx_button\" href=\"https:\/\/amatab.com\/fr\/services-petroliers\/transport-de-gaz-et-petrole\/obtenir-un-devis\/\">\n\t\t<span>OBTENIR UN DEVIS<\/span>\n\t\t<svg class=\"icon\">\n\t\t\t<svg viewbox=\"0 0 150 78.6\" xmlns=\"http:\/\/www.w3.org\/2000\/svg\"><path d=\"M0 31.5h150v12.7H0V31.5zM112.8-.1l30.9 31.5-8.8 9L104 8.9l8.8-9zm18.1 51l-18.4 18.8 8.9 9 18.4-18.8-8.9-9z\"\/><\/svg>\n\t\t<\/svg>\n\t<\/a>\n<\/div>\t\t\t\t<\/div>\n\t\t\t\t<\/div>\n\t\t\t\t\t<\/div>\n\t\t<\/div>\n\t\t\t\t\t<\/div>\n\t\t<\/section>\n\t\t\t\t<\/div>\n\t\t","protected":false},"excerpt":{"rendered":"<p>Le transport de gaz et de p\u00e9trole requiert une attention particuli\u00e8re en raison de leur nature inflammable et potentiellement dangereuse. C&rsquo;est pourquoi nous mettons en place des mesures de s\u00e9curit\u00e9 rigoureuses pour garantir des op\u00e9rations de transport s\u00fbres et fiables. Nos services de transport de p\u00e9trole et de gaz sont con\u00e7us pour assurer la protection [&hellip;]<\/p>\n","protected":false},"author":5,"featured_media":1275,"parent":3429,"menu_order":35,"comment_status":"closed","ping_status":"closed","template":"","meta":{"om_disable_all_campaigns":false,"_uf_show_specific_survey":0,"_uf_disable_surveys":false,"footnotes":""},"folder":[],"class_list":["post-7307","page","type-page","status-publish","has-post-thumbnail","hentry"],"aioseo_notices":[],"_links":{"self":[{"href":"https:\/\/amatab.com\/fr\/wp-json\/wp\/v2\/pages\/7307","targetHints":{"allow":["GET"]}}],"collection":[{"href":"https:\/\/amatab.com\/fr\/wp-json\/wp\/v2\/pages"}],"about":[{"href":"https:\/\/amatab.com\/fr\/wp-json\/wp\/v2\/types\/page"}],"author":[{"embeddable":true,"href":"https:\/\/amatab.com\/fr\/wp-json\/wp\/v2\/users\/5"}],"replies":[{"embeddable":true,"href":"https:\/\/amatab.com\/fr\/wp-json\/wp\/v2\/comments?post=7307"}],"version-history":[{"count":55,"href":"https:\/\/amatab.com\/fr\/wp-json\/wp\/v2\/pages\/7307\/revisions"}],"predecessor-version":[{"id":16723,"href":"https:\/\/amatab.com\/fr\/wp-json\/wp\/v2\/pages\/7307\/revisions\/16723"}],"up":[{"embeddable":true,"href":"https:\/\/amatab.com\/fr\/wp-json\/wp\/v2\/pages\/3429"}],"wp:featuredmedia":[{"embeddable":true,"href":"https:\/\/amatab.com\/fr\/wp-json\/wp\/v2\/media\/1275"}],"wp:attachment":[{"href":"https:\/\/amatab.com\/fr\/wp-json\/wp\/v2\/media?parent=7307"}],"wp:term":[{"taxonomy":"folder","embeddable":true,"href":"https:\/\/amatab.com\/fr\/wp-json\/wp\/v2\/folder?post=7307"}],"curies":[{"name":"wp","href":"https:\/\/api.w.org\/{rel}","templated":true}]}}