{"id":8569,"date":"2023-11-10T16:06:21","date_gmt":"2023-11-10T15:06:21","guid":{"rendered":"https:\/\/amatab.com\/?page_id=8569"},"modified":"2024-02-06T09:11:21","modified_gmt":"2024-02-06T08:11:21","slug":"equipements","status":"publish","type":"page","link":"https:\/\/amatab.com\/fr\/entreprises-petrolieres\/equipements\/","title":{"rendered":"Equipements"},"content":{"rendered":"\t\t<div data-elementor-type=\"wp-page\" data-elementor-id=\"8569\" class=\"elementor elementor-8569\" data-elementor-post-type=\"page\">\n\t\t\t\t\t\t<section class=\"elementor-section elementor-top-section elementor-element elementor-element-b70b233 elementor-section-boxed elementor-section-height-default elementor-section-height-default\" data-id=\"b70b233\" data-element_type=\"section\" data-e-type=\"section\">\n\t\t\t\t\t\t<div class=\"elementor-container elementor-column-gap-default\">\n\t\t\t\t\t<div class=\"elementor-column elementor-col-33 elementor-top-column elementor-element elementor-element-108d2f0\" data-id=\"108d2f0\" data-element_type=\"column\" data-e-type=\"column\">\n\t\t\t<div class=\"elementor-widget-wrap elementor-element-populated\">\n\t\t\t\t\t\t<div class=\"elementor-element elementor-element-cbc4ca2 elementor-widget elementor-widget-text-editor\" data-id=\"cbc4ca2\" data-element_type=\"widget\" data-e-type=\"widget\" data-widget_type=\"text-editor.default\">\n\t\t\t\t<div class=\"elementor-widget-container\">\n\t\t\t\t\t\t\t\t\t<p>La cr\u00e9ation des locaux pour une entreprise p\u00e9troli\u00e8re exige une attention minutieuse aux moindres d\u00e9tails. Nous offrons des solutions sur mesure pour \u00e9quiper vos bureaux administratifs, salles de r\u00e9union et espaces de travail en fonction de vos besoins sp\u00e9cifiques.<\/p><p>\u00a0<\/p>\t\t\t\t\t\t\t\t<\/div>\n\t\t\t\t<\/div>\n\t\t\t\t<div class=\"elementor-element elementor-element-57f0d5d elementor-widget__width-initial elementor-hidden-desktop elementor-hidden-tablet elementor-widget elementor-widget-image\" data-id=\"57f0d5d\" data-element_type=\"widget\" data-e-type=\"widget\" data-widget_type=\"image.default\">\n\t\t\t\t<div class=\"elementor-widget-container\">\n\t\t\t\t\t\t\t\t\t\t\t\t\t\t\t<img fetchpriority=\"high\" decoding=\"async\" width=\"683\" height=\"1024\" src=\"https:\/\/amatab.com\/wp-content\/uploads\/2023\/11\/amenagement-bureau-ordinateur-portable-683x1024.jpg\" class=\"attachment-large size-large wp-image-9105\" alt=\"\" srcset=\"https:\/\/amatab.com\/wp-content\/uploads\/2023\/11\/amenagement-bureau-ordinateur-portable-683x1024.jpg 683w, https:\/\/amatab.com\/wp-content\/uploads\/2023\/11\/amenagement-bureau-ordinateur-portable-200x300.jpg 200w, https:\/\/amatab.com\/wp-content\/uploads\/2023\/11\/amenagement-bureau-ordinateur-portable-768x1152.jpg 768w, https:\/\/amatab.com\/wp-content\/uploads\/2023\/11\/amenagement-bureau-ordinateur-portable-1024x1536.jpg 1024w, https:\/\/amatab.com\/wp-content\/uploads\/2023\/11\/amenagement-bureau-ordinateur-portable-1365x2048.jpg 1365w, https:\/\/amatab.com\/wp-content\/uploads\/2023\/11\/amenagement-bureau-ordinateur-portable-1320x1980.jpg 1320w, https:\/\/amatab.com\/wp-content\/uploads\/2023\/11\/amenagement-bureau-ordinateur-portable-600x900.jpg 600w, https:\/\/amatab.com\/wp-content\/uploads\/2023\/11\/amenagement-bureau-ordinateur-portable-scaled.jpg 1707w\" sizes=\"(max-width: 683px) 100vw, 683px\" \/>\t\t\t\t\t\t\t\t\t\t\t\t\t\t\t<\/div>\n\t\t\t\t<\/div>\n\t\t\t\t<div class=\"elementor-element elementor-element-5c33c55 elementor-widget elementor-widget-text-editor\" data-id=\"5c33c55\" data-element_type=\"widget\" data-e-type=\"widget\" data-widget_type=\"text-editor.default\">\n\t\t\t\t<div class=\"elementor-widget-container\">\n\t\t\t\t\t\t\t\t\t<p>Que ce soit des ordinateurs de pointe, des \u00e9quipements de communication ou du mobilier de bureau ergonomique, nous nous assurons que votre entreprise dispose de tous les outils n\u00e9cessaires pour fonctionner de mani\u00e8re optimale.<\/p><p>Notre approche consiste \u00e0 personnaliser l&rsquo;\u00e9quipement en fonction de vos exigences op\u00e9rationnelles. Nous vous guidons dans le choix des meilleurs ordinateurs, logiciels et mat\u00e9riels pour am\u00e9liorer l&rsquo;efficacit\u00e9 de vos processus.<\/p><p>De plus, notre \u00e9quipe d\u00e9di\u00e9e au support technique est pr\u00eate \u00e0 intervenir en cas de probl\u00e8me, garantissant ainsi une utilisation fluide et sans accroc de vos \u00e9quipements bureautiques.<\/p>\t\t\t\t\t\t\t\t<\/div>\n\t\t\t\t<\/div>\n\t\t\t\t\t<\/div>\n\t\t<\/div>\n\t\t\t\t<div class=\"elementor-column elementor-col-33 elementor-top-column elementor-element elementor-element-54090d4\" data-id=\"54090d4\" data-element_type=\"column\" data-e-type=\"column\">\n\t\t\t<div class=\"elementor-widget-wrap elementor-element-populated\">\n\t\t\t\t\t\t<div class=\"elementor-element elementor-element-96227d8 elementor-widget__width-initial elementor-hidden-mobile elementor-widget elementor-widget-image\" data-id=\"96227d8\" data-element_type=\"widget\" data-e-type=\"widget\" data-widget_type=\"image.default\">\n\t\t\t\t<div class=\"elementor-widget-container\">\n\t\t\t\t\t\t\t\t\t\t\t\t\t\t\t<img fetchpriority=\"high\" decoding=\"async\" width=\"683\" height=\"1024\" src=\"https:\/\/amatab.com\/wp-content\/uploads\/2023\/11\/amenagement-bureau-ordinateur-portable-683x1024.jpg\" class=\"attachment-large size-large wp-image-9105\" alt=\"\" srcset=\"https:\/\/amatab.com\/wp-content\/uploads\/2023\/11\/amenagement-bureau-ordinateur-portable-683x1024.jpg 683w, https:\/\/amatab.com\/wp-content\/uploads\/2023\/11\/amenagement-bureau-ordinateur-portable-200x300.jpg 200w, https:\/\/amatab.com\/wp-content\/uploads\/2023\/11\/amenagement-bureau-ordinateur-portable-768x1152.jpg 768w, https:\/\/amatab.com\/wp-content\/uploads\/2023\/11\/amenagement-bureau-ordinateur-portable-1024x1536.jpg 1024w, https:\/\/amatab.com\/wp-content\/uploads\/2023\/11\/amenagement-bureau-ordinateur-portable-1365x2048.jpg 1365w, https:\/\/amatab.com\/wp-content\/uploads\/2023\/11\/amenagement-bureau-ordinateur-portable-1320x1980.jpg 1320w, https:\/\/amatab.com\/wp-content\/uploads\/2023\/11\/amenagement-bureau-ordinateur-portable-600x900.jpg 600w, https:\/\/amatab.com\/wp-content\/uploads\/2023\/11\/amenagement-bureau-ordinateur-portable-scaled.jpg 1707w\" sizes=\"(max-width: 683px) 100vw, 683px\" \/>\t\t\t\t\t\t\t\t\t\t\t\t\t\t\t<\/div>\n\t\t\t\t<\/div>\n\t\t\t\t\t<\/div>\n\t\t<\/div>\n\t\t\t\t<div class=\"elementor-column elementor-col-33 elementor-top-column elementor-element elementor-element-ec1eaf5\" data-id=\"ec1eaf5\" data-element_type=\"column\" data-e-type=\"column\">\n\t\t\t<div class=\"elementor-widget-wrap elementor-element-populated\">\n\t\t\t\t\t\t<div class=\"elementor-element elementor-element-9ff6782 elementor-widget elementor-widget-transx_links_list\" data-id=\"9ff6782\" data-element_type=\"widget\" data-e-type=\"widget\" data-widget_type=\"transx_links_list.default\">\n\t\t\t\t<div class=\"elementor-widget-container\">\n\t\t\t\t\t\n        <div class=\"transx_links_list_widget\">\n            <div class=\"transx_links_list_wrapper transx_view_type_2\">\n                <h5 class=\"transx_links_list_title\">Autres services<\/h5>\n\n                                            <a class=\"transx_links_list_item\" href=\"https:\/\/amatab.com\/fr\/entreprises-petrolieres\/construction-des-locaux-sur-mesure\/\" >\n                                <img decoding=\"async\" class=\"transx_img--bg\" src=\"http:\/\/amatab.com\/wp-content\/uploads\/2023\/11\/groupe-dirigeants-entreprises-travaillant-ensemble-scaled.jpg\" alt=\"Background Image\" \/>\n                                <h6>Construction des locaux sur-mesure<\/h6>\n                                <span class=\"transx_links_list_counter\">01<\/span>\n                            <\/a>\n                                                        <a class=\"transx_links_list_item\" href=\"https:\/\/amatab.com\/fr\/entreprises-petrolieres\/entretien-des-locaux-et-equipements\/\" >\n                                <img decoding=\"async\" class=\"transx_img--bg\" src=\"http:\/\/amatab.com\/wp-content\/uploads\/2023\/11\/personnes-qui-s-occupent-du-nettoyage-bureaux-scaled.jpg\" alt=\"Background Image\" \/>\n                                <h6>Entretien des locaux et \u00e9quipements<\/h6>\n                                <span class=\"transx_links_list_counter\">02<\/span>\n                            <\/a>\n                                                            <\/div>\n        <\/div>\n\n        \t\t\t\t<\/div>\n\t\t\t\t<\/div>\n\t\t\t\t<div class=\"elementor-element elementor-element-ce38c57 elementor-widget elementor-widget-html\" data-id=\"ce38c57\" data-element_type=\"widget\" data-e-type=\"widget\" data-widget_type=\"html.default\">\n\t\t\t\t<div class=\"elementor-widget-container\">\n\t\t\t\t\t<div class=\"transx_contact-trigger transx_contact-trigger--style-2\">\n\t\n\t<h4 class=\"transx_contact-trigger__title\">Besoin d'une estimation de prix ?<\/h4>\n\n\t<p class=\"transx_contact-trigger__text\">Nous sommes l\u00e0 pour vous fournir rapidement des informations d\u00e9taill\u00e9es sur nos tarifs !<\/p>\n\n\t<a class=\"transx_button\" href=\"https:\/\/amatab.com\/fr\/entreprises-petrolieres\/equipements\/obtenir-un-devis\/\">\n\t\t<span>OBTENIR UN DEVIS<\/span>\n\t\t<svg class=\"icon\">\n\t\t\t<svg viewbox=\"0 0 150 78.6\" xmlns=\"http:\/\/www.w3.org\/2000\/svg\"><path d=\"M0 31.5h150v12.7H0V31.5zM112.8-.1l30.9 31.5-8.8 9L104 8.9l8.8-9zm18.1 51l-18.4 18.8 8.9 9 18.4-18.8-8.9-9z\"\/><\/svg>\n\t\t<\/svg>\n\t<\/a>\n<\/div>\t\t\t\t<\/div>\n\t\t\t\t<\/div>\n\t\t\t\t\t<\/div>\n\t\t<\/div>\n\t\t\t\t\t<\/div>\n\t\t<\/section>\n\t\t\t\t<\/div>\n\t\t","protected":false},"excerpt":{"rendered":"<p>La cr\u00e9ation des locaux pour une entreprise p\u00e9troli\u00e8re exige une attention minutieuse aux moindres d\u00e9tails. Nous offrons des solutions sur mesure pour \u00e9quiper vos bureaux administratifs, salles de r\u00e9union et espaces de travail en fonction de vos besoins sp\u00e9cifiques. \u00a0 Que ce soit des ordinateurs de pointe, des \u00e9quipements de communication ou du mobilier de [&hellip;]<\/p>\n","protected":false},"author":5,"featured_media":1275,"parent":3833,"menu_order":29,"comment_status":"closed","ping_status":"closed","template":"","meta":{"om_disable_all_campaigns":false,"_uf_show_specific_survey":0,"_uf_disable_surveys":false,"footnotes":""},"folder":[],"class_list":["post-8569","page","type-page","status-publish","has-post-thumbnail","hentry"],"aioseo_notices":[],"_links":{"self":[{"href":"https:\/\/amatab.com\/fr\/wp-json\/wp\/v2\/pages\/8569","targetHints":{"allow":["GET"]}}],"collection":[{"href":"https:\/\/amatab.com\/fr\/wp-json\/wp\/v2\/pages"}],"about":[{"href":"https:\/\/amatab.com\/fr\/wp-json\/wp\/v2\/types\/page"}],"author":[{"embeddable":true,"href":"https:\/\/amatab.com\/fr\/wp-json\/wp\/v2\/users\/5"}],"replies":[{"embeddable":true,"href":"https:\/\/amatab.com\/fr\/wp-json\/wp\/v2\/comments?post=8569"}],"version-history":[{"count":53,"href":"https:\/\/amatab.com\/fr\/wp-json\/wp\/v2\/pages\/8569\/revisions"}],"predecessor-version":[{"id":16741,"href":"https:\/\/amatab.com\/fr\/wp-json\/wp\/v2\/pages\/8569\/revisions\/16741"}],"up":[{"embeddable":true,"href":"https:\/\/amatab.com\/fr\/wp-json\/wp\/v2\/pages\/3833"}],"wp:featuredmedia":[{"embeddable":true,"href":"https:\/\/amatab.com\/fr\/wp-json\/wp\/v2\/media\/1275"}],"wp:attachment":[{"href":"https:\/\/amatab.com\/fr\/wp-json\/wp\/v2\/media?parent=8569"}],"wp:term":[{"taxonomy":"folder","embeddable":true,"href":"https:\/\/amatab.com\/fr\/wp-json\/wp\/v2\/folder?post=8569"}],"curies":[{"name":"wp","href":"https:\/\/api.w.org\/{rel}","templated":true}]}}