{"id":8576,"date":"2023-11-10T16:09:43","date_gmt":"2023-11-10T15:09:43","guid":{"rendered":"https:\/\/amatab.com\/?page_id=8576"},"modified":"2024-02-06T10:09:04","modified_gmt":"2024-02-06T09:09:04","slug":"entretien-des-locaux-et-equipements","status":"publish","type":"page","link":"https:\/\/amatab.com\/fr\/entreprises-petrolieres\/entretien-des-locaux-et-equipements\/","title":{"rendered":"Entretien des locaux et \u00e9quipements"},"content":{"rendered":"\t\t<div data-elementor-type=\"wp-page\" data-elementor-id=\"8576\" class=\"elementor elementor-8576\" data-elementor-post-type=\"page\">\n\t\t\t\t\t\t<section class=\"elementor-section elementor-top-section elementor-element elementor-element-9ce6d39 elementor-section-boxed elementor-section-height-default elementor-section-height-default\" data-id=\"9ce6d39\" data-element_type=\"section\" data-e-type=\"section\">\n\t\t\t\t\t\t<div class=\"elementor-container elementor-column-gap-default\">\n\t\t\t\t\t<div class=\"elementor-column elementor-col-33 elementor-top-column elementor-element elementor-element-faa7b90\" data-id=\"faa7b90\" data-element_type=\"column\" data-e-type=\"column\">\n\t\t\t<div class=\"elementor-widget-wrap elementor-element-populated\">\n\t\t\t\t\t\t<div class=\"elementor-element elementor-element-558cb0b elementor-widget elementor-widget-text-editor\" data-id=\"558cb0b\" data-element_type=\"widget\" data-e-type=\"widget\" data-widget_type=\"text-editor.default\">\n\t\t\t\t<div class=\"elementor-widget-container\">\n\t\t\t\t\t\t\t\t\t<p>Pour assurer un environnement de travail efficace et s\u00fbr, l&rsquo;entretien est primordial. AMATAB &amp; CO prend en charge la propret\u00e9, la s\u00e9curit\u00e9 et la r\u00e9paration de vos installations.<\/p><p>Nos \u00e9quipes qualifi\u00e9es assurent la maintenance r\u00e9guli\u00e8re pour veiller \u00e0 ce que vos locaux restent en parfait \u00e9tat.<\/p>\t\t\t\t\t\t\t\t<\/div>\n\t\t\t\t<\/div>\n\t\t\t\t<div class=\"elementor-element elementor-element-381c5ae elementor-widget__width-initial elementor-hidden-desktop elementor-hidden-tablet elementor-widget elementor-widget-image\" data-id=\"381c5ae\" data-element_type=\"widget\" data-e-type=\"widget\" data-widget_type=\"image.default\">\n\t\t\t\t<div class=\"elementor-widget-container\">\n\t\t\t\t\t\t\t\t\t\t\t\t\t\t\t<img decoding=\"async\" src=\"https:\/\/amatab.com\/wp-content\/uploads\/2023\/11\/personnes-qui-s-occupent-du-nettoyage-bureaux-1320x1984.jpg\" title=\"personnes-qui-s-occupent-du-nettoyage-bureaux\" alt=\"personnes-qui-s-occupent-du-nettoyage-bureaux\" loading=\"lazy\" \/>\t\t\t\t\t\t\t\t\t\t\t\t\t\t\t<\/div>\n\t\t\t\t<\/div>\n\t\t\t\t<div class=\"elementor-element elementor-element-6041870 elementor-widget__width-initial elementor-widget elementor-widget-text-editor\" data-id=\"6041870\" data-element_type=\"widget\" data-e-type=\"widget\" data-widget_type=\"text-editor.default\">\n\t\t\t\t<div class=\"elementor-widget-container\">\n\t\t\t\t\t\t\t\t\t<p>Que ce soit pour la gestion des d\u00e9chets, l&rsquo;entretien des syst\u00e8mes de s\u00e9curit\u00e9 ou la r\u00e9paration des infrastructures, nous vous offrons une solution compl\u00e8te.<\/p><p>Nous effectuons \u00e9galement des v\u00e9rifications r\u00e9guli\u00e8res et des r\u00e9parations pr\u00e9ventives \u00e0 tous les outils de travail pour qu&rsquo;ils fonctionnent de mani\u00e8re optimale.\u00a0<\/p><p>Choisir AMATAB &amp; CO, c&rsquo;est opter pour une solution compl\u00e8te au-del\u00e0 des services standards. Nous sommes votre partenaire de confiance pour maintenir la qualit\u00e9, la s\u00e9curit\u00e9, et l&rsquo;efficacit\u00e9 de vos installations, favorisant ainsi la r\u00e9ussite de votre entreprise.<\/p>\t\t\t\t\t\t\t\t<\/div>\n\t\t\t\t<\/div>\n\t\t\t\t\t<\/div>\n\t\t<\/div>\n\t\t\t\t<div class=\"elementor-column elementor-col-33 elementor-top-column elementor-element elementor-element-748736d\" data-id=\"748736d\" data-element_type=\"column\" data-e-type=\"column\">\n\t\t\t<div class=\"elementor-widget-wrap elementor-element-populated\">\n\t\t\t\t\t\t<div class=\"elementor-element elementor-element-2089c0f elementor-widget__width-initial elementor-hidden-mobile elementor-widget elementor-widget-image\" data-id=\"2089c0f\" data-element_type=\"widget\" data-e-type=\"widget\" data-widget_type=\"image.default\">\n\t\t\t\t<div class=\"elementor-widget-container\">\n\t\t\t\t\t\t\t\t\t\t\t\t\t\t\t<img decoding=\"async\" src=\"https:\/\/amatab.com\/wp-content\/uploads\/2023\/11\/personnes-qui-s-occupent-du-nettoyage-bureaux-1320x1984.jpg\" title=\"personnes-qui-s-occupent-du-nettoyage-bureaux\" alt=\"personnes-qui-s-occupent-du-nettoyage-bureaux\" loading=\"lazy\" \/>\t\t\t\t\t\t\t\t\t\t\t\t\t\t\t<\/div>\n\t\t\t\t<\/div>\n\t\t\t\t\t<\/div>\n\t\t<\/div>\n\t\t\t\t<div class=\"elementor-column elementor-col-33 elementor-top-column elementor-element elementor-element-4010e47\" data-id=\"4010e47\" data-element_type=\"column\" data-e-type=\"column\">\n\t\t\t<div class=\"elementor-widget-wrap elementor-element-populated\">\n\t\t\t\t\t\t<div class=\"elementor-element elementor-element-706b432 elementor-widget elementor-widget-transx_links_list\" data-id=\"706b432\" data-element_type=\"widget\" data-e-type=\"widget\" data-widget_type=\"transx_links_list.default\">\n\t\t\t\t<div class=\"elementor-widget-container\">\n\t\t\t\t\t\n        <div class=\"transx_links_list_widget\">\n            <div class=\"transx_links_list_wrapper transx_view_type_2\">\n                <h5 class=\"transx_links_list_title\">Autres services<\/h5>\n\n                                            <a class=\"transx_links_list_item\" href=\"https:\/\/amatab.com\/fr\/entreprises-petrolieres\/construction-des-locaux-sur-mesure\/\" >\n                                <img decoding=\"async\" class=\"transx_img--bg\" src=\"http:\/\/amatab.com\/wp-content\/uploads\/2023\/11\/groupe-dirigeants-entreprises-travaillant-ensemble-scaled.jpg\" alt=\"Background Image\" \/>\n                                <h6>Construction des locaux sur-mesure<\/h6>\n                                <span class=\"transx_links_list_counter\">01<\/span>\n                            <\/a>\n                                                        <a class=\"transx_links_list_item\" href=\"https:\/\/amatab.com\/fr\/entreprises-petrolieres\/equipements\/\" >\n                                <img decoding=\"async\" class=\"transx_img--bg\" src=\"http:\/\/amatab.com\/wp-content\/uploads\/2023\/11\/amenagement-bureau-ordinateur-portable-scaled.jpg\" alt=\"Background Image\" \/>\n                                <h6>Equipements<\/h6>\n                                <span class=\"transx_links_list_counter\">02<\/span>\n                            <\/a>\n                                                            <\/div>\n        <\/div>\n\n        \t\t\t\t<\/div>\n\t\t\t\t<\/div>\n\t\t\t\t<div class=\"elementor-element elementor-element-1f63c65 elementor-widget elementor-widget-html\" data-id=\"1f63c65\" data-element_type=\"widget\" data-e-type=\"widget\" data-widget_type=\"html.default\">\n\t\t\t\t<div class=\"elementor-widget-container\">\n\t\t\t\t\t<div class=\"transx_contact-trigger transx_contact-trigger--style-2\">\n\t\n\n\t<h4 class=\"transx_contact-trigger__title\">Besoin d'une estimation de prix ?<\/h4>\n\n\t<p class=\"transx_contact-trigger__text\">Nous sommes l\u00e0 pour vous fournir rapidement des informations d\u00e9taill\u00e9es sur nos tarifs !<\/p>\n\n\t<a class=\"transx_button\" href=\"https:\/\/amatab.com\/fr\/entreprises-petrolieres\/entretien-des-locaux-et-equipements\/obtenir-un-devis\/\">\n\t\t<span>OBTENIR UN DEVIS<\/span>\n\t\t<svg class=\"icon\">\n\t\t\t<svg viewbox=\"0 0 150 78.6\" xmlns=\"http:\/\/www.w3.org\/2000\/svg\"><path d=\"M0 31.5h150v12.7H0V31.5zM112.8-.1l30.9 31.5-8.8 9L104 8.9l8.8-9zm18.1 51l-18.4 18.8 8.9 9 18.4-18.8-8.9-9z\"\/><\/svg>\n\t\t<\/svg>\n\t<\/a>\n<\/div>\t\t\t\t<\/div>\n\t\t\t\t<\/div>\n\t\t\t\t\t<\/div>\n\t\t<\/div>\n\t\t\t\t\t<\/div>\n\t\t<\/section>\n\t\t\t\t<\/div>\n\t\t","protected":false},"excerpt":{"rendered":"<p>Pour assurer un environnement de travail efficace et s\u00fbr, l&rsquo;entretien est primordial. AMATAB &amp; CO prend en charge la propret\u00e9, la s\u00e9curit\u00e9 et la r\u00e9paration de vos installations. Nos \u00e9quipes qualifi\u00e9es assurent la maintenance r\u00e9guli\u00e8re pour veiller \u00e0 ce que vos locaux restent en parfait \u00e9tat. Que ce soit pour la gestion des d\u00e9chets, l&rsquo;entretien [&hellip;]<\/p>\n","protected":false},"author":5,"featured_media":1275,"parent":3833,"menu_order":28,"comment_status":"closed","ping_status":"closed","template":"","meta":{"om_disable_all_campaigns":false,"_uf_show_specific_survey":0,"_uf_disable_surveys":false,"footnotes":""},"folder":[],"class_list":["post-8576","page","type-page","status-publish","has-post-thumbnail","hentry"],"aioseo_notices":[],"_links":{"self":[{"href":"https:\/\/amatab.com\/fr\/wp-json\/wp\/v2\/pages\/8576","targetHints":{"allow":["GET"]}}],"collection":[{"href":"https:\/\/amatab.com\/fr\/wp-json\/wp\/v2\/pages"}],"about":[{"href":"https:\/\/amatab.com\/fr\/wp-json\/wp\/v2\/types\/page"}],"author":[{"embeddable":true,"href":"https:\/\/amatab.com\/fr\/wp-json\/wp\/v2\/users\/5"}],"replies":[{"embeddable":true,"href":"https:\/\/amatab.com\/fr\/wp-json\/wp\/v2\/comments?post=8576"}],"version-history":[{"count":46,"href":"https:\/\/amatab.com\/fr\/wp-json\/wp\/v2\/pages\/8576\/revisions"}],"predecessor-version":[{"id":16166,"href":"https:\/\/amatab.com\/fr\/wp-json\/wp\/v2\/pages\/8576\/revisions\/16166"}],"up":[{"embeddable":true,"href":"https:\/\/amatab.com\/fr\/wp-json\/wp\/v2\/pages\/3833"}],"wp:featuredmedia":[{"embeddable":true,"href":"https:\/\/amatab.com\/fr\/wp-json\/wp\/v2\/media\/1275"}],"wp:attachment":[{"href":"https:\/\/amatab.com\/fr\/wp-json\/wp\/v2\/media?parent=8576"}],"wp:term":[{"taxonomy":"folder","embeddable":true,"href":"https:\/\/amatab.com\/fr\/wp-json\/wp\/v2\/folder?post=8576"}],"curies":[{"name":"wp","href":"https:\/\/api.w.org\/{rel}","templated":true}]}}