{"id":8824,"date":"2023-11-13T11:53:41","date_gmt":"2023-11-13T10:53:41","guid":{"rendered":"https:\/\/amatab.com\/?page_id=8824"},"modified":"2024-02-05T10:49:00","modified_gmt":"2024-02-05T09:49:00","slug":"creation-de-lentreprise","status":"publish","type":"page","link":"https:\/\/amatab.com\/fr\/entreprises-petrolieres\/creation-de-lentreprise\/","title":{"rendered":"Cr\u00e9ation de l\u2019entreprise"},"content":{"rendered":"\t\t<div data-elementor-type=\"wp-page\" data-elementor-id=\"8824\" class=\"elementor elementor-8824\" data-elementor-post-type=\"page\">\n\t\t\t\t\t\t<section class=\"elementor-section elementor-top-section elementor-element elementor-element-83a3016 elementor-section-boxed elementor-section-height-default elementor-section-height-default\" data-id=\"83a3016\" data-element_type=\"section\" data-e-type=\"section\">\n\t\t\t\t\t\t<div class=\"elementor-container elementor-column-gap-default\">\n\t\t\t\t\t<div class=\"elementor-column elementor-col-33 elementor-top-column elementor-element elementor-element-ea8d1c3\" data-id=\"ea8d1c3\" data-element_type=\"column\" data-e-type=\"column\">\n\t\t\t<div class=\"elementor-widget-wrap elementor-element-populated\">\n\t\t\t\t\t\t<div class=\"elementor-element elementor-element-4437a42 elementor-widget__width-initial elementor-widget elementor-widget-text-editor\" data-id=\"4437a42\" data-element_type=\"widget\" data-e-type=\"widget\" data-widget_type=\"text-editor.default\">\n\t\t\t\t<div class=\"elementor-widget-container\">\n\t\t\t\t\t\t\t\t\t<p>La cr\u00e9ation d&rsquo;une entreprise p\u00e9troli\u00e8re n\u00e9cessite une planification minutieuse et une expertise sp\u00e9cialis\u00e9e. Nous mettons \u00e0 votre disposition notre savoir-faire dans ce domaine et notre connaissance des r\u00e9glementations pour vous assurer la conformit\u00e9 de votre projet et son succ\u00e8s \u00e0 long terme.<\/p>\t\t\t\t\t\t\t\t<\/div>\n\t\t\t\t<\/div>\n\t\t\t\t<div class=\"elementor-element elementor-element-2d822a4 elementor-widget__width-initial elementor-hidden-desktop elementor-hidden-tablet elementor-widget elementor-widget-image\" data-id=\"2d822a4\" data-element_type=\"widget\" data-e-type=\"widget\" data-widget_type=\"image.default\">\n\t\t\t\t<div class=\"elementor-widget-container\">\n\t\t\t\t\t\t\t\t\t\t\t\t\t\t\t<img decoding=\"async\" src=\"https:\/\/amatab.com\/wp-content\/uploads\/2023\/11\/gratte-ciel-sous-angle-faible-1320x1977.jpg\" title=\"Skyscrapers from a low angle view\" alt=\"Skyscrapers from a low angle view in Shanghai,China.\" loading=\"lazy\" \/>\t\t\t\t\t\t\t\t\t\t\t\t\t\t\t<\/div>\n\t\t\t\t<\/div>\n\t\t\t\t<div class=\"elementor-element elementor-element-472b88a elementor-widget__width-initial elementor-widget elementor-widget-text-editor\" data-id=\"472b88a\" data-element_type=\"widget\" data-e-type=\"widget\" data-widget_type=\"text-editor.default\">\n\t\t\t\t<div class=\"elementor-widget-container\">\n\t\t\t\t\t\t\t\t\t<p>Nous commen\u00e7ons par une \u00e9valuation approfondie de vos objectifs et de votre vision pour votre entreprise. Ensuite, nous \u00e9laborons un plan strat\u00e9gique complet qui englobe la structure de l&rsquo;entreprise, les besoins en personnel, la s\u00e9lection des sites d&rsquo;exploitation, les aspects juridiques et r\u00e9glementaires, ainsi que les finances\u2026 Et pour une entr\u00e9e plus efficace sur le march\u00e9, nous vous offrons l&rsquo;acc\u00e8s \u00e0 notre vaste r\u00e9seau de contacts\u00a0!<\/p><p>Que vous envisagiez de lancer une nouvelle entreprise ou d&rsquo;\u00e9tendre vos activit\u00e9s actuelles, nous sommes l\u00e0 pour vous guider.<\/p>\t\t\t\t\t\t\t\t<\/div>\n\t\t\t\t<\/div>\n\t\t\t\t\t<\/div>\n\t\t<\/div>\n\t\t\t\t<div class=\"elementor-column elementor-col-33 elementor-top-column elementor-element elementor-element-20dc9a8\" data-id=\"20dc9a8\" data-element_type=\"column\" data-e-type=\"column\">\n\t\t\t<div class=\"elementor-widget-wrap elementor-element-populated\">\n\t\t\t\t\t\t<div class=\"elementor-element elementor-element-b25c5ea elementor-widget__width-initial elementor-hidden-mobile elementor-widget elementor-widget-image\" data-id=\"b25c5ea\" data-element_type=\"widget\" data-e-type=\"widget\" data-widget_type=\"image.default\">\n\t\t\t\t<div class=\"elementor-widget-container\">\n\t\t\t\t\t\t\t\t\t\t\t\t\t\t\t<img decoding=\"async\" src=\"https:\/\/amatab.com\/wp-content\/uploads\/2023\/11\/gratte-ciel-sous-angle-faible-1320x1977.jpg\" title=\"Skyscrapers from a low angle view\" alt=\"Skyscrapers from a low angle view in Shanghai,China.\" loading=\"lazy\" \/>\t\t\t\t\t\t\t\t\t\t\t\t\t\t\t<\/div>\n\t\t\t\t<\/div>\n\t\t\t\t\t<\/div>\n\t\t<\/div>\n\t\t\t\t<div class=\"elementor-column elementor-col-33 elementor-top-column elementor-element elementor-element-7682fe4\" data-id=\"7682fe4\" data-element_type=\"column\" data-e-type=\"column\">\n\t\t\t<div class=\"elementor-widget-wrap elementor-element-populated\">\n\t\t\t\t\t\t<div class=\"elementor-element elementor-element-77c30b9 elementor-widget elementor-widget-transx_links_list\" data-id=\"77c30b9\" data-element_type=\"widget\" data-e-type=\"widget\" data-widget_type=\"transx_links_list.default\">\n\t\t\t\t<div class=\"elementor-widget-container\">\n\t\t\t\t\t\n        <div class=\"transx_links_list_widget\">\n            <div class=\"transx_links_list_wrapper transx_view_type_2\">\n                <h5 class=\"transx_links_list_title\">Autres services<\/h5>\n\n                                            <a class=\"transx_links_list_item\" href=\"https:\/\/amatab.com\/fr\/entreprises-petrolieres\/documentation\/\" >\n                                <img decoding=\"async\" class=\"transx_img--bg\" src=\"http:\/\/amatab.com\/wp-content\/uploads\/2023\/11\/espace-travail-table-travail-bureau-scaled.jpg\" alt=\"Background Image\" \/>\n                                <h6>Documentation<\/h6>\n                                <span class=\"transx_links_list_counter\">01<\/span>\n                            <\/a>\n                                                        <a class=\"transx_links_list_item\" href=\"https:\/\/amatab.com\/fr\/entreprises-petrolieres\/conseils-financiers\/\" >\n                                <img decoding=\"async\" class=\"transx_img--bg\" src=\"http:\/\/amatab.com\/wp-content\/uploads\/2023\/11\/homme-affaires-calcul-nombres-finances-scaled.jpg\" alt=\"Background Image\" \/>\n                                <h6>Conseils financiers <\/h6>\n                                <span class=\"transx_links_list_counter\">02<\/span>\n                            <\/a>\n                                                            <\/div>\n        <\/div>\n\n        \t\t\t\t<\/div>\n\t\t\t\t<\/div>\n\t\t\t\t<div class=\"elementor-element elementor-element-97a7f08 elementor-widget elementor-widget-html\" data-id=\"97a7f08\" data-element_type=\"widget\" data-e-type=\"widget\" data-widget_type=\"html.default\">\n\t\t\t\t<div class=\"elementor-widget-container\">\n\t\t\t\t\t<div class=\"transx_contact-trigger transx_contact-trigger--style-2\">\n\n\n\t<h4 class=\"transx_contact-trigger__title\">Besoin d'une estimation de prix ?<\/h4>\n\n\t<p class=\"transx_contact-trigger__text\">Nous sommes l\u00e0 pour vous fournir rapidement des informations d\u00e9taill\u00e9es sur nos tarifs !<\/p>\n\n\t<a class=\"transx_button\" href=\"https:\/\/amatab.com\/fr\/entreprises-petrolieres\/creation-de-lentreprise\/obtenir-un-devis\/\">\n\t\t<span>OBTENIR UN DEVIS<\/span>\n\t\t<svg class=\"icon\">\n\t\t\t<svg viewbox=\"0 0 150 78.6\" xmlns=\"http:\/\/www.w3.org\/2000\/svg\"><path d=\"M0 31.5h150v12.7H0V31.5zM112.8-.1l30.9 31.5-8.8 9L104 8.9l8.8-9zm18.1 51l-18.4 18.8 8.9 9 18.4-18.8-8.9-9z\"\/><\/svg>\n\t\t<\/svg>\n\t<\/a>\n<\/div>\t\t\t\t<\/div>\n\t\t\t\t<\/div>\n\t\t\t\t\t<\/div>\n\t\t<\/div>\n\t\t\t\t\t<\/div>\n\t\t<\/section>\n\t\t\t\t<\/div>\n\t\t","protected":false},"excerpt":{"rendered":"<p>La cr\u00e9ation d&rsquo;une entreprise p\u00e9troli\u00e8re n\u00e9cessite une planification minutieuse et une expertise sp\u00e9cialis\u00e9e. Nous mettons \u00e0 votre disposition notre savoir-faire dans ce domaine et notre connaissance des r\u00e9glementations pour vous assurer la conformit\u00e9 de votre projet et son succ\u00e8s \u00e0 long terme. Nous commen\u00e7ons par une \u00e9valuation approfondie de vos objectifs et de votre vision [&hellip;]<\/p>\n","protected":false},"author":5,"featured_media":1275,"parent":3833,"menu_order":27,"comment_status":"closed","ping_status":"closed","template":"","meta":{"om_disable_all_campaigns":false,"_uf_show_specific_survey":0,"_uf_disable_surveys":false,"footnotes":""},"folder":[],"class_list":["post-8824","page","type-page","status-publish","has-post-thumbnail","hentry"],"aioseo_notices":[],"_links":{"self":[{"href":"https:\/\/amatab.com\/fr\/wp-json\/wp\/v2\/pages\/8824","targetHints":{"allow":["GET"]}}],"collection":[{"href":"https:\/\/amatab.com\/fr\/wp-json\/wp\/v2\/pages"}],"about":[{"href":"https:\/\/amatab.com\/fr\/wp-json\/wp\/v2\/types\/page"}],"author":[{"embeddable":true,"href":"https:\/\/amatab.com\/fr\/wp-json\/wp\/v2\/users\/5"}],"replies":[{"embeddable":true,"href":"https:\/\/amatab.com\/fr\/wp-json\/wp\/v2\/comments?post=8824"}],"version-history":[{"count":55,"href":"https:\/\/amatab.com\/fr\/wp-json\/wp\/v2\/pages\/8824\/revisions"}],"predecessor-version":[{"id":16151,"href":"https:\/\/amatab.com\/fr\/wp-json\/wp\/v2\/pages\/8824\/revisions\/16151"}],"up":[{"embeddable":true,"href":"https:\/\/amatab.com\/fr\/wp-json\/wp\/v2\/pages\/3833"}],"wp:featuredmedia":[{"embeddable":true,"href":"https:\/\/amatab.com\/fr\/wp-json\/wp\/v2\/media\/1275"}],"wp:attachment":[{"href":"https:\/\/amatab.com\/fr\/wp-json\/wp\/v2\/media?parent=8824"}],"wp:term":[{"taxonomy":"folder","embeddable":true,"href":"https:\/\/amatab.com\/fr\/wp-json\/wp\/v2\/folder?post=8824"}],"curies":[{"name":"wp","href":"https:\/\/api.w.org\/{rel}","templated":true}]}}