{"id":92,"date":"2021-06-16T16:02:38","date_gmt":"2021-06-16T14:02:38","guid":{"rendered":"https:\/\/demo.artureanec.com\/themes\/transx-new\/?page_id=92"},"modified":"2024-04-27T11:57:19","modified_gmt":"2024-04-27T09:57:19","slug":"fret-ferroviaire","status":"publish","type":"page","link":"https:\/\/amatab.com\/fr\/import-export\/fret-ferroviaire\/","title":{"rendered":"Fret ferroviaire"},"content":{"rendered":"\t\t<div data-elementor-type=\"wp-page\" data-elementor-id=\"92\" class=\"elementor elementor-92\" data-elementor-post-type=\"page\">\n\t\t\t\t\t\t<section class=\"elementor-section elementor-top-section elementor-element elementor-element-62ba7e0c elementor-section-boxed elementor-section-height-default elementor-section-height-default\" data-id=\"62ba7e0c\" data-element_type=\"section\" data-e-type=\"section\">\n\t\t\t\t\t\t<div class=\"elementor-container elementor-column-gap-default\">\n\t\t\t\t\t<div class=\"elementor-column elementor-col-50 elementor-top-column elementor-element elementor-element-4361b78\" data-id=\"4361b78\" data-element_type=\"column\" data-e-type=\"column\">\n\t\t\t<div class=\"elementor-widget-wrap elementor-element-populated\">\n\t\t\t\t\t\t<div class=\"elementor-element elementor-element-e857e02 elementor-widget elementor-widget-heading\" data-id=\"e857e02\" data-element_type=\"widget\" data-e-type=\"widget\" data-widget_type=\"heading.default\">\n\t\t\t\t<div class=\"elementor-widget-container\">\n\t\t\t\t\t<h4 class=\"elementor-heading-title elementor-size-default\">Transport Ferroviaire<\/h4>\t\t\t\t<\/div>\n\t\t\t\t<\/div>\n\t\t\t\t<section class=\"elementor-section elementor-inner-section elementor-element elementor-element-94c9458 elementor-section-boxed elementor-section-height-default elementor-section-height-default\" data-id=\"94c9458\" data-element_type=\"section\" data-e-type=\"section\">\n\t\t\t\t\t\t<div class=\"elementor-container elementor-column-gap-default\">\n\t\t\t\t\t<div class=\"elementor-column elementor-col-50 elementor-inner-column elementor-element elementor-element-acf1d5e\" data-id=\"acf1d5e\" data-element_type=\"column\" data-e-type=\"column\">\n\t\t\t<div class=\"elementor-widget-wrap elementor-element-populated\">\n\t\t\t\t\t\t<div class=\"elementor-element elementor-element-a65637b elementor-widget elementor-widget-image\" data-id=\"a65637b\" data-element_type=\"widget\" data-e-type=\"widget\" data-widget_type=\"image.default\">\n\t\t\t\t<div class=\"elementor-widget-container\">\n\t\t\t\t\t\t\t\t\t\t\t\t\t\t\t<img fetchpriority=\"high\" decoding=\"async\" width=\"683\" height=\"1024\" src=\"https:\/\/amatab.com\/wp-content\/uploads\/2023\/11\/train-transport-683x1024.jpg\" class=\"attachment-large size-large wp-image-7629\" alt=\"\" srcset=\"https:\/\/amatab.com\/wp-content\/uploads\/2023\/11\/train-transport-683x1024.jpg 683w, https:\/\/amatab.com\/wp-content\/uploads\/2023\/11\/train-transport-200x300.jpg 200w, https:\/\/amatab.com\/wp-content\/uploads\/2023\/11\/train-transport-768x1152.jpg 768w, https:\/\/amatab.com\/wp-content\/uploads\/2023\/11\/train-transport-1024x1536.jpg 1024w, https:\/\/amatab.com\/wp-content\/uploads\/2023\/11\/train-transport-1320x1980.jpg 1320w, https:\/\/amatab.com\/wp-content\/uploads\/2023\/11\/train-transport-600x900.jpg 600w, https:\/\/amatab.com\/wp-content\/uploads\/2023\/11\/train-transport.jpg 1365w\" sizes=\"(max-width: 683px) 100vw, 683px\" \/>\t\t\t\t\t\t\t\t\t\t\t\t\t\t\t<\/div>\n\t\t\t\t<\/div>\n\t\t\t\t\t<\/div>\n\t\t<\/div>\n\t\t\t\t<div class=\"elementor-column elementor-col-50 elementor-inner-column elementor-element elementor-element-3f231d8\" data-id=\"3f231d8\" data-element_type=\"column\" data-e-type=\"column\">\n\t\t\t<div class=\"elementor-widget-wrap elementor-element-populated\">\n\t\t\t\t\t\t<div class=\"elementor-element elementor-element-63860c6 elementor-widget elementor-widget-text-editor\" data-id=\"63860c6\" data-element_type=\"widget\" data-e-type=\"widget\" data-widget_type=\"text-editor.default\">\n\t\t\t\t<div class=\"elementor-widget-container\">\n\t\t\t\t\t\t\t\t\t<p><span style=\"font-size: medium; color: #374151; letter-spacing: 0px;\">Dans le monde contemporain, le transport ferroviaire rev\u00eat une importance d&rsquo;une grandeur ind\u00e9niable, jouant un r\u00f4le vital dans la connectivit\u00e9 globale et le d\u00e9veloppement \u00e9conomique. Bien plus qu&rsquo;un simple moyen de d\u00e9placer des biens et des personnes, le transport ferroviaire est une pierre angulaire de l&rsquo;infrastructure de nombreuses nations. Plusieurs raisons essentielles t\u00e9moignent de son r\u00f4le crucial \u00e0 l&rsquo;\u00e9chelle mondiale.<\/span><\/p>\t\t\t\t\t\t\t\t<\/div>\n\t\t\t\t<\/div>\n\t\t\t\t<div class=\"elementor-element elementor-element-991d324 elementor-widget elementor-widget-text-editor\" data-id=\"991d324\" data-element_type=\"widget\" data-e-type=\"widget\" data-widget_type=\"text-editor.default\">\n\t\t\t\t<div class=\"elementor-widget-container\">\n\t\t\t\t\t\t\t\t\t<p><span style=\"color: #374151;\"><span style=\"font-size: medium;\">Il repr\u00e9sente une alternative id\u00e9ale entre le transport maritime et le transport a\u00e9rien. Plus rapide que le transport par voie maritime et plus abordable que le transport a\u00e9rien, le transport ferroviaire offre des avantages consid\u00e9rables, notamment un service ind\u00e9pendant des conditions m\u00e9t\u00e9orologiques et des tarifs d&rsquo;une grande stabilit\u00e9. En outre, le transport ferroviaire conna\u00eet une croissance rapide en termes de durabilit\u00e9 et de pr\u00e9servation de l&rsquo;environnement. Les nombreux b\u00e9n\u00e9fices du transport transcontinental par rail sont exploit\u00e9s au maximum pour satisfaire les besoins de nos clients.<\/span><\/span><\/p>\t\t\t\t\t\t\t\t<\/div>\n\t\t\t\t<\/div>\n\t\t\t\t\t<\/div>\n\t\t<\/div>\n\t\t\t\t\t<\/div>\n\t\t<\/section>\n\t\t\t\t\t<\/div>\n\t\t<\/div>\n\t\t\t\t<div class=\"elementor-column elementor-col-50 elementor-top-column elementor-element elementor-element-90ffd3e\" data-id=\"90ffd3e\" data-element_type=\"column\" data-e-type=\"column\">\n\t\t\t<div class=\"elementor-widget-wrap elementor-element-populated\">\n\t\t\t\t\t\t<div class=\"elementor-element elementor-element-ebb5f7a elementor-hidden-mobile elementor-widget elementor-widget-transx_links_list\" data-id=\"ebb5f7a\" data-element_type=\"widget\" data-e-type=\"widget\" data-widget_type=\"transx_links_list.default\">\n\t\t\t\t<div class=\"elementor-widget-container\">\n\t\t\t\t\t\n        <div class=\"transx_links_list_widget\">\n            <div class=\"transx_links_list_wrapper transx_view_type_2\">\n                <h5 class=\"transx_links_list_title\">Autres Services<\/h5>\n\n                                            <a class=\"transx_links_list_item\" href=\"https:\/\/amatab.com\/fr\/import-export\/fret-routier\/\" >\n                                <img decoding=\"async\" class=\"transx_img--bg\" src=\"http:\/\/amatab.com\/wp-content\/uploads\/2021\/07\/services_new_1-e1698229498496.jpg\" alt=\"Background Image\" \/>\n                                <h6>Fret routier <\/h6>\n                                <span class=\"transx_links_list_counter\">01<\/span>\n                            <\/a>\n                                                        <a class=\"transx_links_list_item\" href=\"https:\/\/amatab.com\/fr\/import-export\/plane-freight\/\" >\n                                <img decoding=\"async\" class=\"transx_img--bg\" src=\"http:\/\/amatab.com\/wp-content\/uploads\/2023\/10\/plane-e1698238006573.jpg\" alt=\"Background Image\" \/>\n                                <h6>Fret a\u00e9rien<\/h6>\n                                <span class=\"transx_links_list_counter\">02<\/span>\n                            <\/a>\n                                                        <a class=\"transx_links_list_item\" href=\"https:\/\/amatab.com\/fr\/import-export\/fret-maritime\/\" >\n                                <img decoding=\"async\" class=\"transx_img--bg\" src=\"http:\/\/amatab.com\/wp-content\/uploads\/2021\/07\/slider_3.jpeg\" alt=\"Background Image\" \/>\n                                <h6>Fret maritime<\/h6>\n                                <span class=\"transx_links_list_counter\">03<\/span>\n                            <\/a>\n                                                            <\/div>\n        <\/div>\n\n        \t\t\t\t<\/div>\n\t\t\t\t<\/div>\n\t\t\t\t<div class=\"elementor-element elementor-element-841009e elementor-hidden-mobile elementor-widget elementor-widget-html\" data-id=\"841009e\" data-element_type=\"widget\" data-e-type=\"widget\" data-widget_type=\"html.default\">\n\t\t\t\t<div class=\"elementor-widget-container\">\n\t\t\t\t\t<div class=\"transx_contact-trigger transx_contact-trigger--style-2\">\n\t\n\n\t<h4 class=\"transx_contact-trigger__title\">Besoin d'une estimation de prix ?<\/h4>\n\n\t<p class=\"transx_contact-trigger__text\">Nous sommes l\u00e0 pour vous fournir rapidement des informations d\u00e9taill\u00e9es sur nos tarifs !<\/p>\n\n\t<a class=\"transx_button\" href=\"https:\/\/amatab.com\/fr\/import-export\/fret-ferroviaire\/obtenir-un-devis\/\">\n\t\t<span>OBTENIR UN DEVIS<\/span>\n\t\t<svg class=\"icon\">\n\t\t\t<svg viewbox=\"0 0 150 78.6\" xmlns=\"http:\/\/www.w3.org\/2000\/svg\"><path d=\"M0 31.5h150v12.7H0V31.5zM112.8-.1l30.9 31.5-8.8 9L104 8.9l8.8-9zm18.1 51l-18.4 18.8 8.9 9 18.4-18.8-8.9-9z\"\/><\/svg>\n\t\t<\/svg>\n\t<\/a>\n<\/div>\t\t\t\t<\/div>\n\t\t\t\t<\/div>\n\t\t\t\t\t<\/div>\n\t\t<\/div>\n\t\t\t\t\t<\/div>\n\t\t<\/section>\n\t\t\t\t<section class=\"elementor-section elementor-top-section elementor-element elementor-element-1d4f0fb elementor-section-boxed elementor-section-height-default elementor-section-height-default\" data-id=\"1d4f0fb\" data-element_type=\"section\" data-e-type=\"section\">\n\t\t\t\t\t\t<div class=\"elementor-container elementor-column-gap-default\">\n\t\t\t\t\t<div class=\"elementor-column elementor-col-100 elementor-top-column elementor-element elementor-element-1211cab\" data-id=\"1211cab\" data-element_type=\"column\" data-e-type=\"column\">\n\t\t\t<div class=\"elementor-widget-wrap elementor-element-populated\">\n\t\t\t\t\t\t<div class=\"elementor-element elementor-element-b4bac26 elementor-widget__width-initial elementor-widget elementor-widget-heading\" data-id=\"b4bac26\" data-element_type=\"widget\" data-e-type=\"widget\" data-widget_type=\"heading.default\">\n\t\t\t\t<div class=\"elementor-widget-container\">\n\t\t\t\t\t<h4 class=\"elementor-heading-title elementor-size-default\">Avantages<\/h4>\t\t\t\t<\/div>\n\t\t\t\t<\/div>\n\t\t\t\t\t<\/div>\n\t\t<\/div>\n\t\t\t\t\t<\/div>\n\t\t<\/section>\n\t\t\t\t<section class=\"elementor-section elementor-top-section elementor-element elementor-element-b068c65 elementor-section-boxed elementor-section-height-default elementor-section-height-default\" data-id=\"b068c65\" data-element_type=\"section\" data-e-type=\"section\">\n\t\t\t\t\t\t<div class=\"elementor-container elementor-column-gap-default\">\n\t\t\t\t\t<div class=\"elementor-column elementor-col-33 elementor-top-column elementor-element elementor-element-15118b6\" data-id=\"15118b6\" data-element_type=\"column\" data-e-type=\"column\">\n\t\t\t<div class=\"elementor-widget-wrap elementor-element-populated\">\n\t\t\t\t\t\t<div class=\"elementor-element elementor-element-95daa54 elementor-widget elementor-widget-text-editor\" data-id=\"95daa54\" data-element_type=\"widget\" data-e-type=\"widget\" data-widget_type=\"text-editor.default\">\n\t\t\t\t<div class=\"elementor-widget-container\">\n\t\t\t\t\t\t\t\t\t<p><span style=\"text-decoration: underline;\">Ecologique<\/span> : C\u2019est l\u2019un des moyens de transport qui produit le moins d\u2019\u00e9missions de CO2 et de gaz \u00e0 effet de serre. Il est donc efficace pour r\u00e9duire l\u2019empreinte carbone de nombreuses entreprises.\u00a0\u00a0<\/p>\t\t\t\t\t\t\t\t<\/div>\n\t\t\t\t<\/div>\n\t\t\t\t<div class=\"elementor-element elementor-element-56a4888 elementor-widget elementor-widget-image\" data-id=\"56a4888\" data-element_type=\"widget\" data-e-type=\"widget\" data-widget_type=\"image.default\">\n\t\t\t\t<div class=\"elementor-widget-container\">\n\t\t\t\t\t\t\t\t\t\t\t\t\t\t\t<img decoding=\"async\" width=\"1024\" height=\"1024\" src=\"https:\/\/amatab.com\/wp-content\/uploads\/2023\/11\/52445-1024x1024.jpg\" class=\"attachment-large size-large wp-image-7770\" alt=\"\" srcset=\"https:\/\/amatab.com\/wp-content\/uploads\/2023\/11\/52445-1024x1024.jpg 1024w, https:\/\/amatab.com\/wp-content\/uploads\/2023\/11\/52445-300x300.jpg 300w, https:\/\/amatab.com\/wp-content\/uploads\/2023\/11\/52445-150x150.jpg 150w, https:\/\/amatab.com\/wp-content\/uploads\/2023\/11\/52445-768x768.jpg 768w, https:\/\/amatab.com\/wp-content\/uploads\/2023\/11\/52445-1536x1536.jpg 1536w, https:\/\/amatab.com\/wp-content\/uploads\/2023\/11\/52445-2048x2048.jpg 2048w, https:\/\/amatab.com\/wp-content\/uploads\/2023\/11\/52445-1320x1320.jpg 1320w, https:\/\/amatab.com\/wp-content\/uploads\/2023\/11\/52445-600x600.jpg 600w, https:\/\/amatab.com\/wp-content\/uploads\/2023\/11\/52445-100x100.jpg 100w\" sizes=\"(max-width: 1024px) 100vw, 1024px\" \/>\t\t\t\t\t\t\t\t\t\t\t\t\t\t\t<\/div>\n\t\t\t\t<\/div>\n\t\t\t\t\t<\/div>\n\t\t<\/div>\n\t\t\t\t<div class=\"elementor-column elementor-col-33 elementor-top-column elementor-element elementor-element-404f7c7\" data-id=\"404f7c7\" data-element_type=\"column\" data-e-type=\"column\">\n\t\t\t<div class=\"elementor-widget-wrap elementor-element-populated\">\n\t\t\t\t\t\t<div class=\"elementor-element elementor-element-603ca32 elementor-widget elementor-widget-text-editor\" data-id=\"603ca32\" data-element_type=\"widget\" data-e-type=\"widget\" data-widget_type=\"text-editor.default\">\n\t\t\t\t<div class=\"elementor-widget-container\">\n\t\t\t\t\t\t\t\t\t<p><span style=\"text-decoration: underline;\">S\u00e9curit\u00e9<\/span> : Le transport ferroviaire est consid\u00e9r\u00e9 comme le mode de transport le plus s\u00fbr. Cela se traduit par le nombre r\u00e9duit d\u2019accidents, et des pertes financi\u00e8res qui peuvent en r\u00e9sulter.\u00a0<\/p>\t\t\t\t\t\t\t\t<\/div>\n\t\t\t\t<\/div>\n\t\t\t\t<div class=\"elementor-element elementor-element-46793ab elementor-widget elementor-widget-spacer\" data-id=\"46793ab\" data-element_type=\"widget\" data-e-type=\"widget\" data-widget_type=\"spacer.default\">\n\t\t\t\t<div class=\"elementor-widget-container\">\n\t\t\t\t\t\t\t<div class=\"elementor-spacer\">\n\t\t\t<div class=\"elementor-spacer-inner\"><\/div>\n\t\t<\/div>\n\t\t\t\t\t\t<\/div>\n\t\t\t\t<\/div>\n\t\t\t\t<div class=\"elementor-element elementor-element-7db5e7b elementor-widget__width-initial elementor-widget elementor-widget-image\" data-id=\"7db5e7b\" data-element_type=\"widget\" data-e-type=\"widget\" data-widget_type=\"image.default\">\n\t\t\t\t<div class=\"elementor-widget-container\">\n\t\t\t\t\t\t\t\t\t\t\t\t\t\t\t<img decoding=\"async\" width=\"1024\" height=\"755\" src=\"https:\/\/amatab.com\/wp-content\/uploads\/2023\/11\/nxtb_nq7u_170408-1024x755.jpg\" class=\"attachment-large size-large wp-image-7771\" alt=\"\" srcset=\"https:\/\/amatab.com\/wp-content\/uploads\/2023\/11\/nxtb_nq7u_170408-1024x755.jpg 1024w, https:\/\/amatab.com\/wp-content\/uploads\/2023\/11\/nxtb_nq7u_170408-300x221.jpg 300w, https:\/\/amatab.com\/wp-content\/uploads\/2023\/11\/nxtb_nq7u_170408-768x566.jpg 768w, https:\/\/amatab.com\/wp-content\/uploads\/2023\/11\/nxtb_nq7u_170408-1536x1133.jpg 1536w, https:\/\/amatab.com\/wp-content\/uploads\/2023\/11\/nxtb_nq7u_170408-2048x1511.jpg 2048w, https:\/\/amatab.com\/wp-content\/uploads\/2023\/11\/nxtb_nq7u_170408-1320x974.jpg 1320w, https:\/\/amatab.com\/wp-content\/uploads\/2023\/11\/nxtb_nq7u_170408-600x443.jpg 600w\" sizes=\"(max-width: 1024px) 100vw, 1024px\" \/>\t\t\t\t\t\t\t\t\t\t\t\t\t\t\t<\/div>\n\t\t\t\t<\/div>\n\t\t\t\t\t<\/div>\n\t\t<\/div>\n\t\t\t\t<div class=\"elementor-column elementor-col-33 elementor-top-column elementor-element elementor-element-c7a3d83\" data-id=\"c7a3d83\" data-element_type=\"column\" data-e-type=\"column\">\n\t\t\t<div class=\"elementor-widget-wrap elementor-element-populated\">\n\t\t\t\t\t\t<div class=\"elementor-element elementor-element-0bae23d elementor-widget elementor-widget-text-editor\" data-id=\"0bae23d\" data-element_type=\"widget\" data-e-type=\"widget\" data-widget_type=\"text-editor.default\">\n\t\t\t\t<div class=\"elementor-widget-container\">\n\t\t\t\t\t\t\t\t\t<p><span style=\"text-decoration: underline;\">Efficacit\u00e9<\/span> : En ce qui concerne les volumes de transport, les trains de marchandises peuvent transporter des marchandises plus importantes, plus grandes et plus lourdes que les camions.<\/p>\t\t\t\t\t\t\t\t<\/div>\n\t\t\t\t<\/div>\n\t\t\t\t<div class=\"elementor-element elementor-element-2ae9c61 elementor-widget elementor-widget-spacer\" data-id=\"2ae9c61\" data-element_type=\"widget\" data-e-type=\"widget\" data-widget_type=\"spacer.default\">\n\t\t\t\t<div class=\"elementor-widget-container\">\n\t\t\t\t\t\t\t<div class=\"elementor-spacer\">\n\t\t\t<div class=\"elementor-spacer-inner\"><\/div>\n\t\t<\/div>\n\t\t\t\t\t\t<\/div>\n\t\t\t\t<\/div>\n\t\t\t\t<div class=\"elementor-element elementor-element-bb02752 elementor-widget__width-initial elementor-widget elementor-widget-image\" data-id=\"bb02752\" data-element_type=\"widget\" data-e-type=\"widget\" data-widget_type=\"image.default\">\n\t\t\t\t<div class=\"elementor-widget-container\">\n\t\t\t\t\t\t\t\t\t\t\t\t\t\t\t<img loading=\"lazy\" decoding=\"async\" width=\"1024\" height=\"794\" src=\"https:\/\/amatab.com\/wp-content\/uploads\/2023\/11\/52464-1024x794.jpg\" class=\"attachment-large size-large wp-image-7772\" alt=\"\" srcset=\"https:\/\/amatab.com\/wp-content\/uploads\/2023\/11\/52464-1024x794.jpg 1024w, https:\/\/amatab.com\/wp-content\/uploads\/2023\/11\/52464-300x233.jpg 300w, https:\/\/amatab.com\/wp-content\/uploads\/2023\/11\/52464-768x596.jpg 768w, https:\/\/amatab.com\/wp-content\/uploads\/2023\/11\/52464-1536x1192.jpg 1536w, https:\/\/amatab.com\/wp-content\/uploads\/2023\/11\/52464-2048x1589.jpg 2048w, https:\/\/amatab.com\/wp-content\/uploads\/2023\/11\/52464-1320x1024.jpg 1320w, https:\/\/amatab.com\/wp-content\/uploads\/2023\/11\/52464-600x465.jpg 600w\" sizes=\"(max-width: 1024px) 100vw, 1024px\" \/>\t\t\t\t\t\t\t\t\t\t\t\t\t\t\t<\/div>\n\t\t\t\t<\/div>\n\t\t\t\t\t<\/div>\n\t\t<\/div>\n\t\t\t\t\t<\/div>\n\t\t<\/section>\n\t\t\t\t<section class=\"elementor-section elementor-top-section elementor-element elementor-element-77f493f elementor-hidden-desktop elementor-section-boxed elementor-section-height-default elementor-section-height-default\" data-id=\"77f493f\" data-element_type=\"section\" data-e-type=\"section\">\n\t\t\t\t\t\t<div class=\"elementor-container elementor-column-gap-default\">\n\t\t\t\t\t<div class=\"elementor-column elementor-col-100 elementor-top-column elementor-element elementor-element-2901a90\" data-id=\"2901a90\" data-element_type=\"column\" data-e-type=\"column\">\n\t\t\t<div class=\"elementor-widget-wrap elementor-element-populated\">\n\t\t\t\t\t\t<div class=\"elementor-element elementor-element-3f2fdc0 elementor-widget elementor-widget-transx_links_list\" data-id=\"3f2fdc0\" data-element_type=\"widget\" data-e-type=\"widget\" data-widget_type=\"transx_links_list.default\">\n\t\t\t\t<div class=\"elementor-widget-container\">\n\t\t\t\t\t\n        <div class=\"transx_links_list_widget\">\n            <div class=\"transx_links_list_wrapper transx_view_type_2\">\n                <h5 class=\"transx_links_list_title\">Autres Services<\/h5>\n\n                                            <a class=\"transx_links_list_item\" href=\"https:\/\/amatab.com\/fr\/import-export\/fret-routier\/\" >\n                                <img decoding=\"async\" class=\"transx_img--bg\" src=\"http:\/\/amatab.com\/wp-content\/uploads\/2021\/07\/services_new_1-e1698229498496.jpg\" alt=\"Background Image\" \/>\n                                <h6>Fret routier <\/h6>\n                                <span class=\"transx_links_list_counter\">01<\/span>\n                            <\/a>\n                                                        <a class=\"transx_links_list_item\" href=\"https:\/\/amatab.com\/fr\/import-export\/plane-freight\/\" >\n                                <img decoding=\"async\" class=\"transx_img--bg\" src=\"http:\/\/amatab.com\/wp-content\/uploads\/2023\/10\/plane-e1698238006573.jpg\" alt=\"Background Image\" \/>\n                                <h6>Fret a\u00e9rien<\/h6>\n                                <span class=\"transx_links_list_counter\">02<\/span>\n                            <\/a>\n                                                        <a class=\"transx_links_list_item\" href=\"https:\/\/amatab.com\/fr\/import-export\/fret-maritime\/\" >\n                                <img decoding=\"async\" class=\"transx_img--bg\" src=\"http:\/\/amatab.com\/wp-content\/uploads\/2021\/07\/slider_3.jpeg\" alt=\"Background Image\" \/>\n                                <h6>Fret maritime<\/h6>\n                                <span class=\"transx_links_list_counter\">03<\/span>\n                            <\/a>\n                                                            <\/div>\n        <\/div>\n\n        \t\t\t\t<\/div>\n\t\t\t\t<\/div>\n\t\t\t\t<div class=\"elementor-element elementor-element-f6750d4 elementor-widget elementor-widget-html\" data-id=\"f6750d4\" data-element_type=\"widget\" data-e-type=\"widget\" data-widget_type=\"html.default\">\n\t\t\t\t<div class=\"elementor-widget-container\">\n\t\t\t\t\t<div class=\"transx_contact-trigger transx_contact-trigger--style-2\">\n\t<img decoding=\"async\" class=\"transx_contact-trigger__img\" src=\"https:\/\/demo.artureanec.com\/themes\/transx\/wp-content\/uploads\/2021\/04\/contact_background.png\" alt=\"img\" \/>\n\n\t<h4 class=\"transx_contact-trigger__title\">Besoin d'une estimation de prix ?<\/h4>\n\n\t<p class=\"transx_contact-trigger__text\">Nous sommes l\u00e0 pour vous fournir rapidement des informations d\u00e9taill\u00e9es sur nos tarifs !<\/p>\n\n\t<a class=\"transx_button\" href=\"https:\/\/amatab.com\/fr\/import-export\/fret-ferroviaire\/obtenir-un-devis\/\">\n\t\t<span>OBTENIR UN DEVIS<\/span>\n\t\t<svg class=\"icon\">\n\t\t\t<svg viewbox=\"0 0 150 78.6\" xmlns=\"http:\/\/www.w3.org\/2000\/svg\"><path d=\"M0 31.5h150v12.7H0V31.5zM112.8-.1l30.9 31.5-8.8 9L104 8.9l8.8-9zm18.1 51l-18.4 18.8 8.9 9 18.4-18.8-8.9-9z\"\/><\/svg>\n\t\t<\/svg>\n\t<\/a>\n<\/div>\t\t\t\t<\/div>\n\t\t\t\t<\/div>\n\t\t\t\t\t<\/div>\n\t\t<\/div>\n\t\t\t\t\t<\/div>\n\t\t<\/section>\n\t\t\t\t<\/div>\n\t\t","protected":false},"excerpt":{"rendered":"<p>Transport Ferroviaire Dans le monde contemporain, le transport ferroviaire rev\u00eat une importance d&rsquo;une grandeur ind\u00e9niable, jouant un r\u00f4le vital dans la connectivit\u00e9 globale et le d\u00e9veloppement \u00e9conomique. Bien plus qu&rsquo;un simple moyen de d\u00e9placer des biens et des personnes, le transport ferroviaire est une pierre angulaire de l&rsquo;infrastructure de nombreuses nations. Plusieurs raisons essentielles t\u00e9moignent [&hellip;]<\/p>\n","protected":false},"author":5,"featured_media":1275,"parent":2476,"menu_order":153,"comment_status":"closed","ping_status":"closed","template":"","meta":{"om_disable_all_campaigns":false,"_uf_show_specific_survey":0,"_uf_disable_surveys":false,"footnotes":""},"folder":[],"class_list":["post-92","page","type-page","status-publish","has-post-thumbnail","hentry"],"aioseo_notices":[],"_links":{"self":[{"href":"https:\/\/amatab.com\/fr\/wp-json\/wp\/v2\/pages\/92","targetHints":{"allow":["GET"]}}],"collection":[{"href":"https:\/\/amatab.com\/fr\/wp-json\/wp\/v2\/pages"}],"about":[{"href":"https:\/\/amatab.com\/fr\/wp-json\/wp\/v2\/types\/page"}],"author":[{"embeddable":true,"href":"https:\/\/amatab.com\/fr\/wp-json\/wp\/v2\/users\/5"}],"replies":[{"embeddable":true,"href":"https:\/\/amatab.com\/fr\/wp-json\/wp\/v2\/comments?post=92"}],"version-history":[{"count":148,"href":"https:\/\/amatab.com\/fr\/wp-json\/wp\/v2\/pages\/92\/revisions"}],"predecessor-version":[{"id":17014,"href":"https:\/\/amatab.com\/fr\/wp-json\/wp\/v2\/pages\/92\/revisions\/17014"}],"up":[{"embeddable":true,"href":"https:\/\/amatab.com\/fr\/wp-json\/wp\/v2\/pages\/2476"}],"wp:featuredmedia":[{"embeddable":true,"href":"https:\/\/amatab.com\/fr\/wp-json\/wp\/v2\/media\/1275"}],"wp:attachment":[{"href":"https:\/\/amatab.com\/fr\/wp-json\/wp\/v2\/media?parent=92"}],"wp:term":[{"taxonomy":"folder","embeddable":true,"href":"https:\/\/amatab.com\/fr\/wp-json\/wp\/v2\/folder?post=92"}],"curies":[{"name":"wp","href":"https:\/\/api.w.org\/{rel}","templated":true}]}}