{"id":9926,"date":"2023-11-15T11:43:04","date_gmt":"2023-11-15T10:43:04","guid":{"rendered":"https:\/\/amatab.com\/?page_id=9926"},"modified":"2024-01-25T16:36:48","modified_gmt":"2024-01-25T15:36:48","slug":"industriel","status":"publish","type":"page","link":"https:\/\/amatab.com\/fr\/autres-services\/industriel\/","title":{"rendered":"Industriel"},"content":{"rendered":"\t\t<div data-elementor-type=\"wp-page\" data-elementor-id=\"9926\" class=\"elementor elementor-9926\" data-elementor-post-type=\"page\">\n\t\t\t\t\t\t<section class=\"elementor-section elementor-top-section elementor-element elementor-element-c838d13 elementor-section-boxed elementor-section-height-default elementor-section-height-default\" data-id=\"c838d13\" data-element_type=\"section\" data-e-type=\"section\">\n\t\t\t\t\t\t<div class=\"elementor-container elementor-column-gap-default\">\n\t\t\t\t\t<div class=\"elementor-column elementor-col-33 elementor-top-column elementor-element elementor-element-6ce7a78\" data-id=\"6ce7a78\" data-element_type=\"column\" data-e-type=\"column\">\n\t\t\t<div class=\"elementor-widget-wrap elementor-element-populated\">\n\t\t\t\t\t\t<div class=\"elementor-element elementor-element-7295fc6 elementor-widget elementor-widget-text-editor\" data-id=\"7295fc6\" data-element_type=\"widget\" data-e-type=\"widget\" data-widget_type=\"text-editor.default\">\n\t\t\t\t<div class=\"elementor-widget-container\">\n\t\t\t\t\t\t\t\t\t<p>AMATAB &amp; CO propose des solutions de transport personnalis\u00e9es pour tous les secteurs industriels. Que ce soient des produits sensibles, fragiles, ou volumineux, nous adaptons nos \u00e9quipements et itin\u00e9raires pour garantir l&rsquo;arriv\u00e9e de vos marchandises en parfait \u00e9tat \u00e0 leur destination.<\/p>\t\t\t\t\t\t\t\t<\/div>\n\t\t\t\t<\/div>\n\t\t\t\t<div class=\"elementor-element elementor-element-8abe7f7 elementor-widget__width-initial elementor-hidden-desktop elementor-hidden-tablet elementor-widget elementor-widget-image\" data-id=\"8abe7f7\" data-element_type=\"widget\" data-e-type=\"widget\" data-widget_type=\"image.default\">\n\t\t\t\t<div class=\"elementor-widget-container\">\n\t\t\t\t\t\t\t\t\t\t\t\t\t\t\t<img fetchpriority=\"high\" decoding=\"async\" width=\"763\" height=\"1024\" src=\"https:\/\/amatab.com\/wp-content\/uploads\/2023\/11\/homme-casque-transportant-boites-763x1024.jpg\" class=\"attachment-large size-large wp-image-9975\" alt=\"\" srcset=\"https:\/\/amatab.com\/wp-content\/uploads\/2023\/11\/homme-casque-transportant-boites-763x1024.jpg 763w, https:\/\/amatab.com\/wp-content\/uploads\/2023\/11\/homme-casque-transportant-boites-224x300.jpg 224w, https:\/\/amatab.com\/wp-content\/uploads\/2023\/11\/homme-casque-transportant-boites-768x1031.jpg 768w, https:\/\/amatab.com\/wp-content\/uploads\/2023\/11\/homme-casque-transportant-boites-1145x1536.jpg 1145w, https:\/\/amatab.com\/wp-content\/uploads\/2023\/11\/homme-casque-transportant-boites-1526x2048.jpg 1526w, https:\/\/amatab.com\/wp-content\/uploads\/2023\/11\/homme-casque-transportant-boites-1320x1771.jpg 1320w, https:\/\/amatab.com\/wp-content\/uploads\/2023\/11\/homme-casque-transportant-boites-600x805.jpg 600w, https:\/\/amatab.com\/wp-content\/uploads\/2023\/11\/homme-casque-transportant-boites-scaled.jpg 1908w\" sizes=\"(max-width: 763px) 100vw, 763px\" \/>\t\t\t\t\t\t\t\t\t\t\t\t\t\t\t<\/div>\n\t\t\t\t<\/div>\n\t\t\t\t<div class=\"elementor-element elementor-element-c2b405c elementor-widget elementor-widget-text-editor\" data-id=\"c2b405c\" data-element_type=\"widget\" data-e-type=\"widget\" data-widget_type=\"text-editor.default\">\n\t\t\t\t<div class=\"elementor-widget-container\">\n\t\t\t\t\t\t\t\t\t<p>Notre approche sur mesure s&rsquo;allie \u00e0 l&rsquo;utilisation d&rsquo;\u00e9quipements sp\u00e9cialis\u00e9s et \u00e0 la s\u00e9lection d&rsquo;itin\u00e9raires optimis\u00e9s pour pr\u00e9server l&rsquo;int\u00e9grit\u00e9 de vos cargaisons jusqu&rsquo;\u00e0 leur point d&rsquo;arriv\u00e9e.<\/p><p>Chaque envoi est trait\u00e9 avec l&rsquo;attention qu&rsquo;il m\u00e9rite, et notre \u00e9troite collaboration avec vous assure un acheminement s\u00e9curis\u00e9, m\u00eame pour les cargaisons les plus d\u00e9licates.<\/p><p>Faites confiance \u00e0 AMATAB &amp; CO pour un transport industriel fiable et s\u00e9curis\u00e9 !<\/p>\t\t\t\t\t\t\t\t<\/div>\n\t\t\t\t<\/div>\n\t\t\t\t\t<\/div>\n\t\t<\/div>\n\t\t\t\t<div class=\"elementor-column elementor-col-33 elementor-top-column elementor-element elementor-element-074cd4b\" data-id=\"074cd4b\" data-element_type=\"column\" data-e-type=\"column\">\n\t\t\t<div class=\"elementor-widget-wrap elementor-element-populated\">\n\t\t\t\t\t\t<div class=\"elementor-element elementor-element-26df4fb elementor-widget__width-initial elementor-hidden-mobile elementor-widget elementor-widget-image\" data-id=\"26df4fb\" data-element_type=\"widget\" data-e-type=\"widget\" data-widget_type=\"image.default\">\n\t\t\t\t<div class=\"elementor-widget-container\">\n\t\t\t\t\t\t\t\t\t\t\t\t\t\t\t<img fetchpriority=\"high\" decoding=\"async\" width=\"763\" height=\"1024\" src=\"https:\/\/amatab.com\/wp-content\/uploads\/2023\/11\/homme-casque-transportant-boites-763x1024.jpg\" class=\"attachment-large size-large wp-image-9975\" alt=\"\" srcset=\"https:\/\/amatab.com\/wp-content\/uploads\/2023\/11\/homme-casque-transportant-boites-763x1024.jpg 763w, https:\/\/amatab.com\/wp-content\/uploads\/2023\/11\/homme-casque-transportant-boites-224x300.jpg 224w, https:\/\/amatab.com\/wp-content\/uploads\/2023\/11\/homme-casque-transportant-boites-768x1031.jpg 768w, https:\/\/amatab.com\/wp-content\/uploads\/2023\/11\/homme-casque-transportant-boites-1145x1536.jpg 1145w, https:\/\/amatab.com\/wp-content\/uploads\/2023\/11\/homme-casque-transportant-boites-1526x2048.jpg 1526w, https:\/\/amatab.com\/wp-content\/uploads\/2023\/11\/homme-casque-transportant-boites-1320x1771.jpg 1320w, https:\/\/amatab.com\/wp-content\/uploads\/2023\/11\/homme-casque-transportant-boites-600x805.jpg 600w, https:\/\/amatab.com\/wp-content\/uploads\/2023\/11\/homme-casque-transportant-boites-scaled.jpg 1908w\" sizes=\"(max-width: 763px) 100vw, 763px\" \/>\t\t\t\t\t\t\t\t\t\t\t\t\t\t\t<\/div>\n\t\t\t\t<\/div>\n\t\t\t\t\t<\/div>\n\t\t<\/div>\n\t\t\t\t<div class=\"elementor-column elementor-col-33 elementor-top-column elementor-element elementor-element-97c4d9b\" data-id=\"97c4d9b\" data-element_type=\"column\" data-e-type=\"column\">\n\t\t\t<div class=\"elementor-widget-wrap elementor-element-populated\">\n\t\t\t\t\t\t<div class=\"elementor-element elementor-element-88e6bb3 elementor-widget elementor-widget-transx_links_list\" data-id=\"88e6bb3\" data-element_type=\"widget\" data-e-type=\"widget\" data-widget_type=\"transx_links_list.default\">\n\t\t\t\t<div class=\"elementor-widget-container\">\n\t\t\t\t\t\n        <div class=\"transx_links_list_widget\">\n            <div class=\"transx_links_list_wrapper transx_view_type_2\">\n                <h5 class=\"transx_links_list_title\">Autres Services<\/h5>\n\n                                            <a class=\"transx_links_list_item\" href=\"https:\/\/amatab.com\/fr\/autres-services\/energie-renouvelable\/\" >\n                                <img decoding=\"async\" class=\"transx_img--bg\" src=\"http:\/\/amatab.com\/wp-content\/uploads\/2023\/11\/ciel-du-coucher-du-soleil-alimente-energie-eolienne-solaire-generee-par-ia-scaled.jpg\" alt=\"Background Image\" \/>\n                                <h6>Energie renouvelable<\/h6>\n                                <span class=\"transx_links_list_counter\">01<\/span>\n                            <\/a>\n                                                        <a class=\"transx_links_list_item\" href=\"https:\/\/amatab.com\/fr\/autres-services\/cargaison-speciale\/\" >\n                                <img decoding=\"async\" class=\"transx_img--bg\" src=\"http:\/\/amatab.com\/wp-content\/uploads\/2023\/11\/grue-fret-enorme-port-chargeant-conteneur-jaune-ai-generative-scaled.jpg\" alt=\"Background Image\" \/>\n                                <h6>Cargaison sp\u00e9ciale<\/h6>\n                                <span class=\"transx_links_list_counter\">02<\/span>\n                            <\/a>\n                                                            <\/div>\n        <\/div>\n\n        \t\t\t\t<\/div>\n\t\t\t\t<\/div>\n\t\t\t\t<div class=\"elementor-element elementor-element-dc0af47 elementor-widget elementor-widget-html\" data-id=\"dc0af47\" data-element_type=\"widget\" data-e-type=\"widget\" data-widget_type=\"html.default\">\n\t\t\t\t<div class=\"elementor-widget-container\">\n\t\t\t\t\t<div class=\"transx_contact-trigger transx_contact-trigger--style-2\">\n\n\n\t<h4 class=\"transx_contact-trigger__title\">Besoin d'une estimation de prix ?<\/h4>\n\n\t<p class=\"transx_contact-trigger__text\">Nous sommes l\u00e0 pour vous fournir rapidement des informations d\u00e9taill\u00e9es sur nos tarifs !<\/p>\n\n\t<a class=\"transx_button\" href=\"https:\/\/amatab.com\/fr\/autres-services\/industriel\/obtenir-un-devis\/\">\n\t\t<span id=\"obtenirDevis\">OBTENIR UN DEVIS<\/span>\n\t\t<svg class=\"icon\">\n\t\t\t<svg viewbox=\"0 0 150 78.6\" xmlns=\"http:\/\/www.w3.org\/2000\/svg\"><path d=\"M0 31.5h150v12.7H0V31.5zM112.8-.1l30.9 31.5-8.8 9L104 8.9l8.8-9zm18.1 51l-18.4 18.8 8.9 9 18.4-18.8-8.9-9z\"\/><\/svg>\n\t\t<\/svg>\n\t<\/a>\n<\/div>\n\n\t\t\t\t<\/div>\n\t\t\t\t<\/div>\n\t\t\t\t\t<\/div>\n\t\t<\/div>\n\t\t\t\t\t<\/div>\n\t\t<\/section>\n\t\t\t\t<\/div>\n\t\t","protected":false},"excerpt":{"rendered":"<p>AMATAB &amp; CO propose des solutions de transport personnalis\u00e9es pour tous les secteurs industriels. Que ce soient des produits sensibles, fragiles, ou volumineux, nous adaptons nos \u00e9quipements et itin\u00e9raires pour garantir l&rsquo;arriv\u00e9e de vos marchandises en parfait \u00e9tat \u00e0 leur destination. Notre approche sur mesure s&rsquo;allie \u00e0 l&rsquo;utilisation d&rsquo;\u00e9quipements sp\u00e9cialis\u00e9s et \u00e0 la s\u00e9lection d&rsquo;itin\u00e9raires [&hellip;]<\/p>\n","protected":false},"author":5,"featured_media":1275,"parent":3286,"menu_order":25,"comment_status":"closed","ping_status":"closed","template":"","meta":{"om_disable_all_campaigns":false,"_uf_show_specific_survey":0,"_uf_disable_surveys":false,"footnotes":""},"folder":[],"class_list":["post-9926","page","type-page","status-publish","has-post-thumbnail","hentry"],"aioseo_notices":[],"_links":{"self":[{"href":"https:\/\/amatab.com\/fr\/wp-json\/wp\/v2\/pages\/9926","targetHints":{"allow":["GET"]}}],"collection":[{"href":"https:\/\/amatab.com\/fr\/wp-json\/wp\/v2\/pages"}],"about":[{"href":"https:\/\/amatab.com\/fr\/wp-json\/wp\/v2\/types\/page"}],"author":[{"embeddable":true,"href":"https:\/\/amatab.com\/fr\/wp-json\/wp\/v2\/users\/5"}],"replies":[{"embeddable":true,"href":"https:\/\/amatab.com\/fr\/wp-json\/wp\/v2\/comments?post=9926"}],"version-history":[{"count":73,"href":"https:\/\/amatab.com\/fr\/wp-json\/wp\/v2\/pages\/9926\/revisions"}],"predecessor-version":[{"id":16214,"href":"https:\/\/amatab.com\/fr\/wp-json\/wp\/v2\/pages\/9926\/revisions\/16214"}],"up":[{"embeddable":true,"href":"https:\/\/amatab.com\/fr\/wp-json\/wp\/v2\/pages\/3286"}],"wp:featuredmedia":[{"embeddable":true,"href":"https:\/\/amatab.com\/fr\/wp-json\/wp\/v2\/media\/1275"}],"wp:attachment":[{"href":"https:\/\/amatab.com\/fr\/wp-json\/wp\/v2\/media?parent=9926"}],"wp:term":[{"taxonomy":"folder","embeddable":true,"href":"https:\/\/amatab.com\/fr\/wp-json\/wp\/v2\/folder?post=9926"}],"curies":[{"name":"wp","href":"https:\/\/api.w.org\/{rel}","templated":true}]}}